{"id":135,"date":"2021-03-23T22:57:26","date_gmt":"2021-03-23T21:57:26","guid":{"rendered":"https:\/\/blogs.ugr.es\/kanyamakan\/?page_id=135"},"modified":"2023-01-05T17:39:01","modified_gmt":"2023-01-05T16:39:01","slug":"el_proyecto","status":"publish","type":"page","link":"https:\/\/blogs.ugr.es\/kanyamakan\/el_proyecto\/","title":{"rendered":"El Proyecto"},"content":{"rendered":"<p><strong>Kan yamakan<\/strong> es un proyecto de innovaci\u00f3n docente destinado a la ense\u00f1anza de la literatura \u00e1rabe en el Grado de Estudios \u00c1rabes e Isl\u00e1micos de la Universidad de Granada.<\/p>\n<ul>\n<li>Mediante la creaci\u00f3n conjunta de <strong>podcasts de literatura \u00e1rabe<\/strong> (biling\u00fces), a partir de la lectura de textos\/obras literarias, tanto cl\u00e1sicas como contempor\u00e1neas, el alumnado se convierte en el principal protagonista de esta nueva experiencia did\u00e1ctica.<\/li>\n<li>Con un <strong>enfoque integrado<\/strong>, que a\u00fana las cuestiones ling\u00fc\u00edsticas con el estudio de la literatura \u00e1rabe, el proyecto aspira a mejorar las competencias comunicativas, desarrollando la comprensi\u00f3n auditiva y lectora, as\u00ed como la expresi\u00f3n oral y escrita.<\/li>\n<li>Con estos objetivos se persigue la <strong>implicaci\u00f3n activa del alumnado<\/strong> en su proceso de aprendizaje, fomentando el trabajo colaborativo, la motivaci\u00f3n y el esp\u00edritu cr\u00edtico.<\/li>\n<li>Como atractivo adicional del proyecto, los estudiantes adquieren una completa <strong>formaci\u00f3n t\u00e9cnica<\/strong> y las herramientas necesarias para poder crear, grabar y producir sus propios podcasts, un formato en auge en la actualidad.<\/li>\n<li>As\u00ed mismo, el proyecto <strong>Kan Yamakan<\/strong> promueve la divulgaci\u00f3n de sus resultados, poniendo los podcasts elaborados a disposici\u00f3n del resto del alumnado, docentes y p\u00fablico en general con la idea de crear una <strong>colecci\u00f3n de podcasts<\/strong> que puedan ser utilizados como recurso did\u00e1ctico o como medio de transferencia de conocimientos vinculados a literatura \u00e1rabe. Los primeros productos elaborados por los estudiantes ya se pueden escuchar en la plataforma Ivoox, <a href=\"https:\/\/bit.ly\/3em708i\" target=\"_blank\" rel=\"noopener\">https:\/\/bit.ly\/3em708i<\/a>, y est\u00e1 prevista su posterior difusi\u00f3n a mayor escala.<\/li>\n<\/ul>\n<p>En definitiva, se trata de un proyecto piloto que aspira a convertirse en un referente de la ense\u00f1anza de la literatura \u00e1rabe que pueda ser aplicable a otros grados de Lengua y Literatura, as\u00ed como a otras materias que puedan beneficiarse de la transversalidad del podcast como herramienta docente.<\/p>\n<p>&nbsp;<\/p>\n<p><strong>COORDINADORA<\/strong><\/p>\n<p>Nadia Hindi Mediavilla<\/p>\n<p><strong>EQUIPO<\/strong><\/p>\n<p>Elena Arigita Maza<\/p>\n<p>Laura Gali\u00e1n Hern\u00e1ndez<\/p>\n<div class=\"page\" title=\"Page 2\">\n<div class=\"section\">\n<div class=\"layoutArea\">\n<div class=\"column\">\n<p>Jes\u00fas Andr\u00e9s Garc\u00eda Serrano<\/p>\n<\/div>\n<\/div>\n<\/div>\n<\/div>\n<p>Carmen Garrat\u00f3n Mateu<\/p>\n<p>Nadia Hindi Mediavilla<\/p>\n<p>Desir\u00e9e L\u00f3pez Bernal<\/p>\n<div class=\"page\" title=\"Page 2\">\n<div class=\"section\">\n<div class=\"layoutArea\">\n<div class=\"column\">\n<p>Duna Oltra Granero<\/p>\n<\/div>\n<\/div>\n<\/div>\n<\/div>\n<div class=\"page\" title=\"Page 2\">\n<div class=\"section\">\n<div class=\"layoutArea\">\n<div class=\"column\">\n<p>Rafael Ortega Rodrigo<\/p>\n<\/div>\n<\/div>\n<\/div>\n<\/div>\n<p>Antonio Pel\u00e1ez Rovira<\/p>\n<p>\u00c1lvaro Ramos Ruiz<\/p>\n<p>Eduardo Ruiz Baena<\/p>\n<div class=\"page\" title=\"Page 1\">\n<div class=\"section\">\n<div class=\"layoutArea\">\n<div class=\"column\">\n<p>Rosa Salgado Su\u00e1rez<\/p>\n<\/div>\n<\/div>\n<\/div>\n<\/div>\n<p><strong>CONTACTO<\/strong>: &#107;&#x61;n&#x79;a&#109;&#x61;&#107;&#x61;n&#64;&#x75;&#103;&#x72;&#46;&#x65;&#x73;<\/p>\n<p>&nbsp;<\/p>\n<p><strong>T\u00cdTULO DEL PROYECTO<\/strong>: \u201cKan yamakan\/\u00c9rase una vez: el podcast como herramienta docente\u201d.<\/p>\n<p><strong>ORGANISMO DE CONCESI\u00d3N Y CONVOCATORIA<\/strong>: Unidad de Calidad, Innovaci\u00f3n Docente y Prospectiva de la Universidad de Granada. Proyectos de Innovaci\u00f3n y Buenas Pr\u00e1cticas Docentes\u00a0(Convocatoria PIBD 2022-2024 Avanzados y Coordinados)<\/p>\n<p><strong>ENTIDAD Y CENTRO<\/strong>: Universidad de Granada, Facultad de Filosof\u00eda y Letras.<\/p>\n<p>&nbsp;<\/p>\n","protected":false},"excerpt":{"rendered":"<p>Kan yamakan es un proyecto de innovaci\u00f3n docente destinado a la ense\u00f1anza de la literatura \u00e1rabe en el Grado de Estudios \u00c1rabes e Isl\u00e1micos de la Universidad de Granada. Mediante la creaci\u00f3n conjunta de podcasts de literatura \u00e1rabe (biling\u00fces), a partir de la lectura de textos\/obras literarias, tanto cl\u00e1sicas como contempor\u00e1neas, el alumnado se convierte [&hellip;]<\/p>\n","protected":false},"author":573,"featured_media":0,"parent":0,"menu_order":0,"comment_status":"closed","ping_status":"closed","template":"","meta":{"_genesis_hide_title":false,"_genesis_hide_breadcrumbs":false,"_genesis_hide_singular_image":false,"_genesis_hide_footer_widgets":false,"_genesis_custom_body_class":"","_genesis_custom_post_class":"","_genesis_layout":"","footnotes":""},"categories":[],"tags":[],"class_list":{"0":"post-135","1":"page","2":"type-page","3":"status-publish","5":"entry"},"_links":{"self":[{"href":"https:\/\/blogs.ugr.es\/kanyamakan\/wp-json\/wp\/v2\/pages\/135","targetHints":{"allow":["GET"]}}],"collection":[{"href":"https:\/\/blogs.ugr.es\/kanyamakan\/wp-json\/wp\/v2\/pages"}],"about":[{"href":"https:\/\/blogs.ugr.es\/kanyamakan\/wp-json\/wp\/v2\/types\/page"}],"author":[{"embeddable":true,"href":"https:\/\/blogs.ugr.es\/kanyamakan\/wp-json\/wp\/v2\/users\/573"}],"replies":[{"embeddable":true,"href":"https:\/\/blogs.ugr.es\/kanyamakan\/wp-json\/wp\/v2\/comments?post=135"}],"version-history":[{"count":3,"href":"https:\/\/blogs.ugr.es\/kanyamakan\/wp-json\/wp\/v2\/pages\/135\/revisions"}],"predecessor-version":[{"id":287,"href":"https:\/\/blogs.ugr.es\/kanyamakan\/wp-json\/wp\/v2\/pages\/135\/revisions\/287"}],"wp:attachment":[{"href":"https:\/\/blogs.ugr.es\/kanyamakan\/wp-json\/wp\/v2\/media?parent=135"}],"wp:term":[{"taxonomy":"category","embeddable":true,"href":"https:\/\/blogs.ugr.es\/kanyamakan\/wp-json\/wp\/v2\/categories?post=135"},{"taxonomy":"post_tag","embeddable":true,"href":"https:\/\/blogs.ugr.es\/kanyamakan\/wp-json\/wp\/v2\/tags?post=135"}],"curies":[{"name":"wp","href":"https:\/\/api.w.org\/{rel}","templated":true}]}}