{"id":119,"date":"2018-01-22T09:22:43","date_gmt":"2018-01-22T08:22:43","guid":{"rendered":"https:\/\/blogs.ugr.es\/makeredu\/?page_id=119"},"modified":"2024-07-08T13:08:13","modified_gmt":"2024-07-08T11:08:13","slug":"inicio","status":"publish","type":"page","link":"https:\/\/blogs.ugr.es\/makeredu\/","title":{"rendered":"Inicio"},"content":{"rendered":"<p><iframe loading=\"lazy\" title=\"BIBLIOMAKER EDUCACI\u00d3N UGR-Presentaci\u00f3n\" width=\"500\" height=\"281\" src=\"https:\/\/www.youtube.com\/embed\/XhbGofqOOw4?feature=oembed\" frameborder=\"0\" allow=\"accelerometer; autoplay; clipboard-write; encrypted-media; gyroscope; picture-in-picture; web-share\" referrerpolicy=\"strict-origin-when-cross-origin\" allowfullscreen><\/iframe><\/p>\n<p>&nbsp;<\/p>\n<p>Bibliomaker Educaci\u00f3n UGR es una instalaci\u00f3n ubicada en la Biblioteca de la Facultad de Ciencias de la Educaci\u00f3n en colaboraci\u00f3n con el Departamento de Did\u00e1ctica y Organizaci\u00f3n Escolar. Su objetivo es impulsar la fabricaci\u00f3n digital en el entorno educativo, introduciendo estos procesos tanto en la formaci\u00f3n como en la investigaci\u00f3n.<\/p>\n<p>Los fines del Bibliomaker son: (i) introducir a la cultura maker y promover el desarrollo de las competencias STEM; (ii) permitir que estudiantes y profesores de educaci\u00f3n conozcan las potencialidades de la impresi\u00f3n 3D y su uso en las distintas etapas educativas; (iii) crear materiales de impresi\u00f3n 3D con aplicabilidad en educaci\u00f3n y vinculados a diferentes asignaturas.<\/p>\n<p>El espacio Maker funciona como un servicio de formaci\u00f3n e investigaci\u00f3n, siendo un lugar para intercambiar conocimientos, ideas y recursos ligados a las tendencias actuales de creaci\u00f3n, fabricaci\u00f3n digital y prototipado que se est\u00e1 instalando en las bibliotecas de todo el mundo. Est\u00e1 abierto a profesores, estudiantes, empresas y miembros de la comunidad universitaria que deseen introducirse en la cultura maker y en el \u00e1mbito STEM.<\/p>\n<h5><a href=\"https:\/\/drive.google.com\/file\/d\/1Vicl68JAYBYxWd3e7PG3DUqiOpl6plVh\/view?usp=sharing\">Normativa<\/a><\/h5>\n<p><img loading=\"lazy\" decoding=\"async\" class=\"size-large wp-image-338 aligncenter\" src=\"https:\/\/blogs.ugr.es\/makeredu\/wp-content\/uploads\/sites\/135\/2023\/02\/Logotipos-institucionales-1-700x108.png\" alt=\"\" width=\"700\" height=\"108\" srcset=\"https:\/\/blogs.ugr.es\/makeredu\/wp-content\/uploads\/sites\/135\/2023\/02\/Logotipos-institucionales-1-700x108.png 700w, https:\/\/blogs.ugr.es\/makeredu\/wp-content\/uploads\/sites\/135\/2023\/02\/Logotipos-institucionales-1-300x46.png 300w, https:\/\/blogs.ugr.es\/makeredu\/wp-content\/uploads\/sites\/135\/2023\/02\/Logotipos-institucionales-1.png 800w\" sizes=\"auto, (max-width: 700px) 100vw, 700px\" \/><\/p>\n<p>&nbsp;<\/p>\n<p><img loading=\"lazy\" decoding=\"async\" class=\"alignleft wp-image-438\" src=\"https:\/\/blogs.ugr.es\/makeredu\/wp-content\/uploads\/sites\/135\/2023\/06\/logo.jpg\" alt=\"\" width=\"110\" height=\"110\" srcset=\"https:\/\/blogs.ugr.es\/makeredu\/wp-content\/uploads\/sites\/135\/2023\/06\/logo.jpg 300w, https:\/\/blogs.ugr.es\/makeredu\/wp-content\/uploads\/sites\/135\/2023\/06\/logo-150x150.jpg 150w, https:\/\/blogs.ugr.es\/makeredu\/wp-content\/uploads\/sites\/135\/2023\/06\/logo-75x75.jpg 75w\" sizes=\"auto, (max-width: 110px) 100vw, 110px\" \/>Bibliomaker Educaci\u00f3n UGR forma parte desde el a\u00f1o 2023 de la red internacional FABLab Fabrikation Laboratory, red que recibe el apoyo y se integra en el Proyecto Europa Creativa, programa marco de la Comisi\u00f3n Europea para apoyar los sectores cultural y audiovisual (<a href=\"https:\/\/www.fablabs.io\/labs\/bibliomaker\">https:\/\/www.fablabs.io\/labs\/bibliomaker)<\/a><\/p>\n<p>&nbsp;<\/p>\n<p>Colaboran:<\/p>\n<p><img loading=\"lazy\" decoding=\"async\" class=\"alignnone size-large wp-image-362\" src=\"https:\/\/blogs.ugr.es\/makeredu\/wp-content\/uploads\/sites\/135\/2023\/02\/logos-grupos-700x172.jpeg\" alt=\"\" width=\"700\" height=\"172\" srcset=\"https:\/\/blogs.ugr.es\/makeredu\/wp-content\/uploads\/sites\/135\/2023\/02\/logos-grupos-700x172.jpeg 700w, https:\/\/blogs.ugr.es\/makeredu\/wp-content\/uploads\/sites\/135\/2023\/02\/logos-grupos-300x74.jpeg 300w, https:\/\/blogs.ugr.es\/makeredu\/wp-content\/uploads\/sites\/135\/2023\/02\/logos-grupos.jpeg 800w\" sizes=\"auto, (max-width: 700px) 100vw, 700px\" \/><\/p>\n","protected":false},"excerpt":{"rendered":"<p>&nbsp; Bibliomaker Educaci\u00f3n UGR es una instalaci\u00f3n ubicada en la Biblioteca de la Facultad de Ciencias de la Educaci\u00f3n en colaboraci\u00f3n con el Departamento de Did\u00e1ctica y Organizaci\u00f3n Escolar. Su objetivo es impulsar la fabricaci\u00f3n digital en el entorno educativo, introduciendo estos procesos tanto en la formaci\u00f3n como en la investigaci\u00f3n. Los fines del Bibliomaker [&hellip;]<\/p>\n","protected":false},"author":2,"featured_media":0,"parent":0,"menu_order":0,"comment_status":"closed","ping_status":"closed","template":"","meta":{"_genesis_hide_title":false,"_genesis_hide_breadcrumbs":false,"_genesis_hide_singular_image":false,"_genesis_hide_footer_widgets":false,"_genesis_custom_body_class":"","_genesis_custom_post_class":"","_genesis_layout":"","footnotes":""},"categories":[],"tags":[],"class_list":{"0":"post-119","1":"page","2":"type-page","3":"status-publish","5":"entry"},"_links":{"self":[{"href":"https:\/\/blogs.ugr.es\/makeredu\/wp-json\/wp\/v2\/pages\/119","targetHints":{"allow":["GET"]}}],"collection":[{"href":"https:\/\/blogs.ugr.es\/makeredu\/wp-json\/wp\/v2\/pages"}],"about":[{"href":"https:\/\/blogs.ugr.es\/makeredu\/wp-json\/wp\/v2\/types\/page"}],"author":[{"embeddable":true,"href":"https:\/\/blogs.ugr.es\/makeredu\/wp-json\/wp\/v2\/users\/2"}],"replies":[{"embeddable":true,"href":"https:\/\/blogs.ugr.es\/makeredu\/wp-json\/wp\/v2\/comments?post=119"}],"version-history":[{"count":4,"href":"https:\/\/blogs.ugr.es\/makeredu\/wp-json\/wp\/v2\/pages\/119\/revisions"}],"predecessor-version":[{"id":449,"href":"https:\/\/blogs.ugr.es\/makeredu\/wp-json\/wp\/v2\/pages\/119\/revisions\/449"}],"wp:attachment":[{"href":"https:\/\/blogs.ugr.es\/makeredu\/wp-json\/wp\/v2\/media?parent=119"}],"wp:term":[{"taxonomy":"category","embeddable":true,"href":"https:\/\/blogs.ugr.es\/makeredu\/wp-json\/wp\/v2\/categories?post=119"},{"taxonomy":"post_tag","embeddable":true,"href":"https:\/\/blogs.ugr.es\/makeredu\/wp-json\/wp\/v2\/tags?post=119"}],"curies":[{"name":"wp","href":"https:\/\/api.w.org\/{rel}","templated":true}]}}