{"id":203,"date":"2023-02-22T13:30:25","date_gmt":"2023-02-22T12:30:25","guid":{"rendered":"https:\/\/blogs.ugr.es\/makeredu\/?page_id=203"},"modified":"2023-09-05T19:47:20","modified_gmt":"2023-09-05T17:47:20","slug":"impresion-3d","status":"publish","type":"page","link":"https:\/\/blogs.ugr.es\/makeredu\/impresion-3d\/","title":{"rendered":"Impresi\u00f3n 3D"},"content":{"rendered":"<p>La impresi\u00f3n 3D es un proceso de fabricaci\u00f3n en el cual se crea un objeto tridimensional a partir de un modelo digital utilizando una impresora 3D. El proceso implica depositar material capa por capa para construir el objeto deseado.<\/p>\n<p>Bibliomaker Educaci\u00f3n UGR cuenta con un total de tres impresoras 3D del modelo Creality Ender-3 PRo. El material de fabricaci\u00f3n utilizado es el poli\u00e1cido l\u00e1ctico (PLA) o copoli\u00e9ster de polietilentereftalato glicol de extrusi\u00f3n (PETG).<\/p>\n<p>Los dise\u00f1os impresos en el Bibliomaker podr\u00e1n ser publicados y compartidos en el Repositorio Institucional de la Universidad de Granada DIGIBUG.<\/p>\n<p>Para realizar un buen uso y garantizar el correcto funcionamiento de las impresoras y la sala, te rogamos que antes consultes la <strong><a href=\"https:\/\/drive.google.com\/file\/d\/1Vicl68JAYBYxWd3e7PG3DUqiOpl6plVh\/view?usp=sharing\">normativa<\/a>. <\/strong><\/p>\n<p><img loading=\"lazy\" decoding=\"async\" class=\"alignleft wp-image-394\" src=\"https:\/\/blogs.ugr.es\/makeredu\/wp-content\/uploads\/sites\/135\/2023\/03\/WhatsApp-Image-2023-03-14-at-12.17.34-300x225.jpeg\" alt=\"\" width=\"333\" height=\"250\" srcset=\"https:\/\/blogs.ugr.es\/makeredu\/wp-content\/uploads\/sites\/135\/2023\/03\/WhatsApp-Image-2023-03-14-at-12.17.34-300x225.jpeg 300w, https:\/\/blogs.ugr.es\/makeredu\/wp-content\/uploads\/sites\/135\/2023\/03\/WhatsApp-Image-2023-03-14-at-12.17.34-700x525.jpeg 700w, https:\/\/blogs.ugr.es\/makeredu\/wp-content\/uploads\/sites\/135\/2023\/03\/WhatsApp-Image-2023-03-14-at-12.17.34.jpeg 800w\" sizes=\"auto, (max-width: 333px) 100vw, 333px\" \/><\/p>\n<p>&nbsp;<\/p>\n<p>&nbsp;<\/p>\n<p>&nbsp;<\/p>\n<p>&nbsp;<\/p>\n<p>&nbsp;<\/p>\n<p>&nbsp;<\/p>\n<p>&nbsp;<\/p>\n<p>Taller de impresi\u00f3n 3D gratuito: <a href=\"https:\/\/blogs.ugr.es\/bibliomaker\/cursos-de-formacion-en-abierto\/\">https:\/\/blogs.ugr.es\/bibliomaker\/cursos-de-formacion-en-abierto\/<\/a><\/p>\n<p>Repositorio de modelos de impresi\u00f3n 3D: <a href=\"https:\/\/www.thingiverse.com\/\">https:\/\/www.thingiverse.com\/<\/a><\/p>\n<p>Formulario para solicitud de impresi\u00f3n: <a href=\"https:\/\/forms.gle\/5qdWf7CbsJntMtKFA\">https:\/\/forms.gle\/5qdWf7CbsJntMtKFA<\/a><\/p>\n","protected":false},"excerpt":{"rendered":"<p>La impresi\u00f3n 3D es un proceso de fabricaci\u00f3n en el cual se crea un objeto tridimensional a partir de un modelo digital utilizando una impresora 3D. El proceso implica depositar material capa por capa para construir el objeto deseado. Bibliomaker Educaci\u00f3n UGR cuenta con un total de tres impresoras 3D del modelo Creality Ender-3 PRo. [&hellip;]<\/p>\n","protected":false},"author":625,"featured_media":0,"parent":0,"menu_order":0,"comment_status":"closed","ping_status":"closed","template":"","meta":{"_genesis_hide_title":false,"_genesis_hide_breadcrumbs":false,"_genesis_hide_singular_image":false,"_genesis_hide_footer_widgets":false,"_genesis_custom_body_class":"","_genesis_custom_post_class":"","_genesis_layout":"","footnotes":""},"categories":[],"tags":[],"class_list":{"0":"post-203","1":"page","2":"type-page","3":"status-publish","5":"entry"},"_links":{"self":[{"href":"https:\/\/blogs.ugr.es\/makeredu\/wp-json\/wp\/v2\/pages\/203","targetHints":{"allow":["GET"]}}],"collection":[{"href":"https:\/\/blogs.ugr.es\/makeredu\/wp-json\/wp\/v2\/pages"}],"about":[{"href":"https:\/\/blogs.ugr.es\/makeredu\/wp-json\/wp\/v2\/types\/page"}],"author":[{"embeddable":true,"href":"https:\/\/blogs.ugr.es\/makeredu\/wp-json\/wp\/v2\/users\/625"}],"replies":[{"embeddable":true,"href":"https:\/\/blogs.ugr.es\/makeredu\/wp-json\/wp\/v2\/comments?post=203"}],"version-history":[{"count":4,"href":"https:\/\/blogs.ugr.es\/makeredu\/wp-json\/wp\/v2\/pages\/203\/revisions"}],"predecessor-version":[{"id":314,"href":"https:\/\/blogs.ugr.es\/makeredu\/wp-json\/wp\/v2\/pages\/203\/revisions\/314"}],"wp:attachment":[{"href":"https:\/\/blogs.ugr.es\/makeredu\/wp-json\/wp\/v2\/media?parent=203"}],"wp:term":[{"taxonomy":"category","embeddable":true,"href":"https:\/\/blogs.ugr.es\/makeredu\/wp-json\/wp\/v2\/categories?post=203"},{"taxonomy":"post_tag","embeddable":true,"href":"https:\/\/blogs.ugr.es\/makeredu\/wp-json\/wp\/v2\/tags?post=203"}],"curies":[{"name":"wp","href":"https:\/\/api.w.org\/{rel}","templated":true}]}}