{"id":211,"date":"2023-02-22T13:59:13","date_gmt":"2023-02-22T12:59:13","guid":{"rendered":"https:\/\/blogs.ugr.es\/makeredu\/?page_id=211"},"modified":"2025-11-27T11:24:32","modified_gmt":"2025-11-27T10:24:32","slug":"equipo","status":"publish","type":"page","link":"https:\/\/blogs.ugr.es\/makeredu\/equipo\/","title":{"rendered":"Equipo"},"content":{"rendered":"<p><strong>Coordinaci\u00f3n<\/strong><\/p>\n<p>Jos\u00e9 Mar\u00eda Romero Rodr\u00edguez, Profesor Titular de Universidad. Universidad de Granada<\/p>\n<p>Margarita Ram\u00edrez Reyes, Jefa del Servicio de Biblioteca de la Facultad de Ciencias de la Educaci\u00f3n. Universidad de Granada<\/p>\n<p>&nbsp;<\/p>\n<p><strong>Personal<\/strong><\/p>\n<p>Juan Jos\u00e9 Victoria Maldonado, T\u00e9cnico especialista. Universidad de Granada<\/p>\n<p>&nbsp;<\/p>\n<p>&nbsp;<\/p>\n<p>&nbsp;<\/p>\n<p>&nbsp;<\/p>\n<p>&nbsp;<\/p>\n<p>&nbsp;<\/p>\n","protected":false},"excerpt":{"rendered":"<p>Coordinaci\u00f3n Jos\u00e9 Mar\u00eda Romero Rodr\u00edguez, Profesor Titular de Universidad. Universidad de Granada Margarita Ram\u00edrez Reyes, Jefa del Servicio de Biblioteca de la Facultad de Ciencias de la Educaci\u00f3n. Universidad de Granada &nbsp; Personal Juan Jos\u00e9 Victoria Maldonado, T\u00e9cnico especialista. Universidad de Granada &nbsp; &nbsp; &nbsp; &nbsp; &nbsp; &nbsp;<\/p>\n","protected":false},"author":625,"featured_media":0,"parent":0,"menu_order":0,"comment_status":"closed","ping_status":"closed","template":"","meta":{"_genesis_hide_title":false,"_genesis_hide_breadcrumbs":false,"_genesis_hide_singular_image":false,"_genesis_hide_footer_widgets":false,"_genesis_custom_body_class":"","_genesis_custom_post_class":"","_genesis_layout":"","footnotes":""},"categories":[],"tags":[],"class_list":{"0":"post-211","1":"page","2":"type-page","3":"status-publish","5":"entry"},"_links":{"self":[{"href":"https:\/\/blogs.ugr.es\/makeredu\/wp-json\/wp\/v2\/pages\/211","targetHints":{"allow":["GET"]}}],"collection":[{"href":"https:\/\/blogs.ugr.es\/makeredu\/wp-json\/wp\/v2\/pages"}],"about":[{"href":"https:\/\/blogs.ugr.es\/makeredu\/wp-json\/wp\/v2\/types\/page"}],"author":[{"embeddable":true,"href":"https:\/\/blogs.ugr.es\/makeredu\/wp-json\/wp\/v2\/users\/625"}],"replies":[{"embeddable":true,"href":"https:\/\/blogs.ugr.es\/makeredu\/wp-json\/wp\/v2\/comments?post=211"}],"version-history":[{"count":4,"href":"https:\/\/blogs.ugr.es\/makeredu\/wp-json\/wp\/v2\/pages\/211\/revisions"}],"predecessor-version":[{"id":465,"href":"https:\/\/blogs.ugr.es\/makeredu\/wp-json\/wp\/v2\/pages\/211\/revisions\/465"}],"wp:attachment":[{"href":"https:\/\/blogs.ugr.es\/makeredu\/wp-json\/wp\/v2\/media?parent=211"}],"wp:term":[{"taxonomy":"category","embeddable":true,"href":"https:\/\/blogs.ugr.es\/makeredu\/wp-json\/wp\/v2\/categories?post=211"},{"taxonomy":"post_tag","embeddable":true,"href":"https:\/\/blogs.ugr.es\/makeredu\/wp-json\/wp\/v2\/tags?post=211"}],"curies":[{"name":"wp","href":"https:\/\/api.w.org\/{rel}","templated":true}]}}