{"id":215,"date":"2023-02-22T14:00:08","date_gmt":"2023-02-22T13:00:08","guid":{"rendered":"https:\/\/blogs.ugr.es\/makeredu\/?page_id=215"},"modified":"2023-09-07T12:41:06","modified_gmt":"2023-09-07T10:41:06","slug":"contacto","status":"publish","type":"page","link":"https:\/\/blogs.ugr.es\/makeredu\/contacto\/","title":{"rendered":"Contacto"},"content":{"rendered":"<p><strong>Direcci\u00f3n<\/strong><\/p>\n<p>Bibliomaker Educaci\u00f3n UGR<br \/>\nFacultad de Ciencias de la Educaci\u00f3n, Biblioteca 1\u00ba planta<br \/>\nUniversidad de Granada<br \/>\nCampus Universitario Cartuja s\/n<br \/>\n18071 Granada (Espa\u00f1a)<\/p>\n<p>&nbsp;<\/p>\n<p><strong>Horario<\/strong><\/p>\n<p>De 8:30 a 14:30, preguntar en el mostrador de la Biblioteca por Guillermo<\/p>\n<p>Antes de la visita se recomienda consultar la <a href=\"https:\/\/drive.google.com\/file\/d\/1Vicl68JAYBYxWd3e7PG3DUqiOpl6plVh\/view?usp=sharing\"><strong><u>normativa<\/u><\/strong><\/a><\/p>\n<p>&nbsp;<\/p>\n<p><strong>Tel\u00e9fono<\/strong><\/p>\n<p>Biblioteca de Ciencias de la Educaci\u00f3n: 958 24 39 95<\/p>\n<p>&nbsp;<\/p>\n<p><strong>Correo electr\u00f3nico<\/strong><\/p>\n<p><a href=\"&#x6d;&#97;i&#x6c;&#116;o&#x3a;&#109;a&#x6b;&#x65;&#114;&#x65;&#x64;&#117;&#46;&#x75;&#103;r&#x40;&#103;m&#x61;&#x69;&#108;&#x2e;&#x63;&#111;m\">&#109;a&#x6b;e&#x72;e&#x64;u&#x2e;u&#x67;r&#x40;&#103;&#x6d;&#97;&#x69;&#108;&#x2e;&#99;&#x6f;&#109;<\/a><\/p>\n","protected":false},"excerpt":{"rendered":"<p>Direcci\u00f3n Bibliomaker Educaci\u00f3n UGR Facultad de Ciencias de la Educaci\u00f3n, Biblioteca 1\u00ba planta Universidad de Granada Campus Universitario Cartuja s\/n 18071 Granada (Espa\u00f1a) &nbsp; Horario De 8:30 a 14:30, preguntar en el mostrador de la Biblioteca por Guillermo Antes de la visita se recomienda consultar la normativa &nbsp; Tel\u00e9fono Biblioteca de Ciencias de la Educaci\u00f3n: [&hellip;]<\/p>\n","protected":false},"author":625,"featured_media":0,"parent":0,"menu_order":0,"comment_status":"closed","ping_status":"closed","template":"","meta":{"_genesis_hide_title":false,"_genesis_hide_breadcrumbs":false,"_genesis_hide_singular_image":false,"_genesis_hide_footer_widgets":false,"_genesis_custom_body_class":"","_genesis_custom_post_class":"","_genesis_layout":"","footnotes":""},"categories":[],"tags":[],"class_list":{"0":"post-215","1":"page","2":"type-page","3":"status-publish","5":"entry"},"_links":{"self":[{"href":"https:\/\/blogs.ugr.es\/makeredu\/wp-json\/wp\/v2\/pages\/215","targetHints":{"allow":["GET"]}}],"collection":[{"href":"https:\/\/blogs.ugr.es\/makeredu\/wp-json\/wp\/v2\/pages"}],"about":[{"href":"https:\/\/blogs.ugr.es\/makeredu\/wp-json\/wp\/v2\/types\/page"}],"author":[{"embeddable":true,"href":"https:\/\/blogs.ugr.es\/makeredu\/wp-json\/wp\/v2\/users\/625"}],"replies":[{"embeddable":true,"href":"https:\/\/blogs.ugr.es\/makeredu\/wp-json\/wp\/v2\/comments?post=215"}],"version-history":[{"count":4,"href":"https:\/\/blogs.ugr.es\/makeredu\/wp-json\/wp\/v2\/pages\/215\/revisions"}],"predecessor-version":[{"id":444,"href":"https:\/\/blogs.ugr.es\/makeredu\/wp-json\/wp\/v2\/pages\/215\/revisions\/444"}],"wp:attachment":[{"href":"https:\/\/blogs.ugr.es\/makeredu\/wp-json\/wp\/v2\/media?parent=215"}],"wp:term":[{"taxonomy":"category","embeddable":true,"href":"https:\/\/blogs.ugr.es\/makeredu\/wp-json\/wp\/v2\/categories?post=215"},{"taxonomy":"post_tag","embeddable":true,"href":"https:\/\/blogs.ugr.es\/makeredu\/wp-json\/wp\/v2\/tags?post=215"}],"curies":[{"name":"wp","href":"https:\/\/api.w.org\/{rel}","templated":true}]}}