{"id":1364,"date":"2023-07-13T15:50:44","date_gmt":"2023-07-13T13:50:44","guid":{"rendered":"https:\/\/blogs.ugr.es\/memolab\/?page_id=1364"},"modified":"2023-07-13T15:58:23","modified_gmt":"2023-07-13T13:58:23","slug":"castillo-de-dolar-dolar-granada","status":"publish","type":"page","link":"https:\/\/blogs.ugr.es\/memolab\/castillo-de-dolar-dolar-granada\/","title":{"rendered":"CASTILLO DE D\u00d3LAR (D\u00d3LAR, GRANADA)"},"content":{"rendered":"<p><span style=\"font-weight: 400\">El castillo de D\u00f3lar se alza como una importante fortificaci\u00f3n en mitad del cerro ubicado justo en el n\u00facleo urbano del municipio de D\u00f3lar. Se trata de una peque\u00f1a fortificaci\u00f3n del siglo XII que ha formado parte de la vida de todos los habitantes del pueblo.\u00a0<\/span><\/p>\n<p><!--more--><\/p>\n<p><span style=\"font-weight: 400\">Gracias a las subvenciones de la Diputaci\u00f3n de Granada, se ha permitido realizar una primera campa\u00f1a de intervenci\u00f3n arqueol\u00f3gica en el Cerro del Castillo de D\u00f3lar, con el objetivo de evaluar el estado de conservaci\u00f3n de las estructuras emergentes del mismo, as\u00ed como de conocer la morfolog\u00eda de los espacios internos de este. De esta manera, entre diciembre de 2022 y enero de 2023, el MEMOLab llev\u00f3 a cabo una intervenci\u00f3n en la que participaron estudiantes de Grado y M\u00e1ster de Arqueolog\u00eda de la Universidad de Granada con objetivo de contar la historia de D\u00f3lar y acercarla a sus habitantes.\u00a0<\/span><\/p>\n<p><span style=\"font-weight: 400\">El equipo dirigido por Jos\u00e9 Mar\u00eda Mart\u00edn Civantos ha realizado dos sondeos, que preve\u00edan una intervenci\u00f3n en la parte m\u00e1s alta del cerro (el espacio interno del castillo), as\u00ed como una intervenci\u00f3n o sondeo en la parte occidental del mismo, pegada a la muralla y a las torres que conformar\u00edan su recinto defensivo. La constante intervenci\u00f3n antr\u00f3pica en el castillo de D\u00f3lar, incluso despu\u00e9s de su abandono como fortificaci\u00f3n, han hecho que la intervenci\u00f3n cobrase a\u00fan m\u00e1s importancia para caracterizar las estructuras emergentes y para documentar la afecci\u00f3n de construcciones contempor\u00e1neas en el entorno del castillo, como el dep\u00f3sito de agua.\u00a0<\/span><\/p>\n<p><span style=\"font-weight: 400\">El sondeo, realizado en la parte m\u00e1s alta del castillo, en lo que ser\u00eda el patio de armas, ha aportado una interesante informaci\u00f3n acerca de c\u00f3mo este lugar habr\u00eda sido pavimentado en diversas ocasiones. De la misma manera, lasGr estructuras m\u00e1s inferiores, detectadas en algunos rotos fruto del expolio contempor\u00e1neo, han sacado a la luz algunas estructuras que podr\u00edan pertenecer a los momentos originales de construcci\u00f3n del castillo. A su vez, se ha realizado una excavaci\u00f3n dentro del aljibe de este y se ha documentado como conserva su pavimento realizado en mortero de cal en un estado de conservaci\u00f3n muy bueno.<\/span><\/p>\n<figure id=\"attachment_1327\" aria-describedby=\"caption-attachment-1327\" style=\"width: 445px\" class=\"wp-caption aligncenter\"><img loading=\"lazy\" decoding=\"async\" class=\"wp-image-1327\" src=\"https:\/\/blogs.ugr.es\/memolab\/wp-content\/uploads\/sites\/41\/2023\/06\/dolar-2-300x200.jpg\" alt=\"\" width=\"445\" height=\"296\" srcset=\"https:\/\/blogs.ugr.es\/memolab\/wp-content\/uploads\/sites\/41\/2023\/06\/dolar-2-300x200.jpg 300w, https:\/\/blogs.ugr.es\/memolab\/wp-content\/uploads\/sites\/41\/2023\/06\/dolar-2.jpg 512w\" sizes=\"auto, (max-width: 445px) 100vw, 445px\" \/><figcaption id=\"caption-attachment-1327\" class=\"wp-caption-text\">Vista a\u00e9rea del aljibe y estructuras internas del castillo.<\/figcaption><\/figure>\n<p><span style=\"font-weight: 400\">Por otra parte, la intervenci\u00f3n realizada en la parte occidental del castillo, cerca del dep\u00f3sito de agua contempor\u00e1neo, ha aportado una valiosa informaci\u00f3n acerca de la morfolog\u00eda y distribuci\u00f3n de las estructuras internas del castillo. As\u00ed, este sondeo ha documentado la presencia de numerosas estructuras que forman peque\u00f1as habitaciones que, por su pavimento en tierra apisonada y por el abundante material cer\u00e1mico encontrado dentro; parecen estar destinadas al almacenaje.<\/span><\/p>\n<figure id=\"attachment_1328\" aria-describedby=\"caption-attachment-1328\" style=\"width: 473px\" class=\"wp-caption aligncenter\"><img loading=\"lazy\" decoding=\"async\" class=\"wp-image-1328\" src=\"https:\/\/blogs.ugr.es\/memolab\/wp-content\/uploads\/sites\/41\/2023\/06\/dolar-3-300x142.jpg\" alt=\"\" width=\"473\" height=\"224\" srcset=\"https:\/\/blogs.ugr.es\/memolab\/wp-content\/uploads\/sites\/41\/2023\/06\/dolar-3-300x142.jpg 300w, https:\/\/blogs.ugr.es\/memolab\/wp-content\/uploads\/sites\/41\/2023\/06\/dolar-3.jpg 512w\" sizes=\"auto, (max-width: 473px) 100vw, 473px\" \/><figcaption id=\"caption-attachment-1328\" class=\"wp-caption-text\">Recinto de almacenaje en la zona oeste junto al deposito.<\/figcaption><\/figure>\n<p><span style=\"font-weight: 400\">Esta excavaci\u00f3n arqueol\u00f3gica supone la primera interv<\/span><span style=\"font-weight: 400\">enci\u00f3n realizada en el Cerro del Castillo de D\u00f3lar y ha supuesto un primer acercamiento en campo para contrastar la informaci\u00f3n de estudios previos que se hab\u00edan realizado sobre las estructuras emergentes. De la misma manera, esta intervenci\u00f3n ha permitido caracterizar los diferentes grados de afecci\u00f3n que poseen dichas estructuras y ayudar\u00e1 en buena medida a planificar el futuro de las intervenciones que conserven un lugar tan importante para la historia y el legado de d\u00f3lar y sus habitantes.<\/span><\/p>\n<figure id=\"attachment_1326\" aria-describedby=\"caption-attachment-1326\" style=\"width: 456px\" class=\"wp-caption aligncenter\"><img loading=\"lazy\" decoding=\"async\" class=\"wp-image-1326\" src=\"https:\/\/blogs.ugr.es\/memolab\/wp-content\/uploads\/sites\/41\/2023\/06\/dolar-1-300x142.jpg\" alt=\"\" width=\"456\" height=\"216\" srcset=\"https:\/\/blogs.ugr.es\/memolab\/wp-content\/uploads\/sites\/41\/2023\/06\/dolar-1-300x142.jpg 300w, https:\/\/blogs.ugr.es\/memolab\/wp-content\/uploads\/sites\/41\/2023\/06\/dolar-1.jpg 512w\" sizes=\"auto, (max-width: 456px) 100vw, 456px\" \/><figcaption id=\"caption-attachment-1326\" class=\"wp-caption-text\">Equipo del MEMOLab interviniendo en el castillo.<\/figcaption><\/figure>\n<p>El trabajo de campo ha venido acompa\u00f1ado de una serie de visitas guiadas por parte del personal de la excavaci\u00f3n y un trabajo de arqueolog\u00eda comunitaria realizado junto con los habitantes del pueblo de Aldeire. Dicho trabajo ha consistido en la realizaci\u00f3n de talleres de cer\u00e1mica obtenida directamente de la excavaci\u00f3n y que los propios habitantes han podido limpiar, manipular y comprender cuestiones como su forma de fabricaci\u00f3n o su estado de conservaci\u00f3n. Finalmente, como parte de esta pol\u00edtica de arqueolog\u00eda p\u00fablica o arqueolog\u00eda comunitaria, se ha realizado una jornada de presentaci\u00f3n de los resultados en la que los asistentes pudieron comprender la importancia hist\u00f3rica y arqueol\u00f3gica del castillo, interactuar con piezas ya limpias y consolidadas y comprender la importancia hist\u00f3rica de un bien de inter\u00e9s cultural de tal magnitud como es el castillo en torno al que habitan.<\/p>\n<figure id=\"attachment_1324\" aria-describedby=\"caption-attachment-1324\" style=\"width: 454px\" class=\"wp-caption aligncenter\"><img loading=\"lazy\" decoding=\"async\" class=\"wp-image-1324\" src=\"https:\/\/blogs.ugr.es\/memolab\/wp-content\/uploads\/sites\/41\/2023\/06\/aldeire-1-300x142.jpg\" alt=\"\" width=\"454\" height=\"215\" srcset=\"https:\/\/blogs.ugr.es\/memolab\/wp-content\/uploads\/sites\/41\/2023\/06\/aldeire-1-300x142.jpg 300w, https:\/\/blogs.ugr.es\/memolab\/wp-content\/uploads\/sites\/41\/2023\/06\/aldeire-1.jpg 512w\" sizes=\"auto, (max-width: 454px) 100vw, 454px\" \/><figcaption id=\"caption-attachment-1324\" class=\"wp-caption-text\">Equipo del MEMOLab excavando en el castillo.<\/figcaption><\/figure>\n","protected":false},"excerpt":{"rendered":"<p>El castillo de D\u00f3lar se alza como una importante fortificaci\u00f3n en mitad del cerro ubicado justo en el n\u00facleo urbano del municipio de D\u00f3lar. Se trata de una peque\u00f1a fortificaci\u00f3n del siglo XII que ha formado parte de la vida de todos los habitantes del pueblo.\u00a0<\/p>\n","protected":false},"author":55,"featured_media":0,"parent":0,"menu_order":0,"comment_status":"closed","ping_status":"closed","template":"","meta":{"_genesis_hide_title":false,"_genesis_hide_breadcrumbs":false,"_genesis_hide_singular_image":false,"_genesis_hide_footer_widgets":false,"_genesis_custom_body_class":"","_genesis_custom_post_class":"","_genesis_layout":"","footnotes":""},"categories":[17,16],"tags":[20],"class_list":{"0":"post-1364","1":"page","2":"type-page","3":"status-publish","5":"category-excavacion","6":"category-intervenciones-arqueologicas","7":"tag-granada","8":"entry"},"_links":{"self":[{"href":"https:\/\/blogs.ugr.es\/memolab\/wp-json\/wp\/v2\/pages\/1364","targetHints":{"allow":["GET"]}}],"collection":[{"href":"https:\/\/blogs.ugr.es\/memolab\/wp-json\/wp\/v2\/pages"}],"about":[{"href":"https:\/\/blogs.ugr.es\/memolab\/wp-json\/wp\/v2\/types\/page"}],"author":[{"embeddable":true,"href":"https:\/\/blogs.ugr.es\/memolab\/wp-json\/wp\/v2\/users\/55"}],"replies":[{"embeddable":true,"href":"https:\/\/blogs.ugr.es\/memolab\/wp-json\/wp\/v2\/comments?post=1364"}],"version-history":[{"count":3,"href":"https:\/\/blogs.ugr.es\/memolab\/wp-json\/wp\/v2\/pages\/1364\/revisions"}],"predecessor-version":[{"id":1368,"href":"https:\/\/blogs.ugr.es\/memolab\/wp-json\/wp\/v2\/pages\/1364\/revisions\/1368"}],"wp:attachment":[{"href":"https:\/\/blogs.ugr.es\/memolab\/wp-json\/wp\/v2\/media?parent=1364"}],"wp:term":[{"taxonomy":"category","embeddable":true,"href":"https:\/\/blogs.ugr.es\/memolab\/wp-json\/wp\/v2\/categories?post=1364"},{"taxonomy":"post_tag","embeddable":true,"href":"https:\/\/blogs.ugr.es\/memolab\/wp-json\/wp\/v2\/tags?post=1364"}],"curies":[{"name":"wp","href":"https:\/\/api.w.org\/{rel}","templated":true}]}}