{"id":140,"date":"2018-05-25T12:27:47","date_gmt":"2018-05-25T10:27:47","guid":{"rendered":"https:\/\/blogs.ugr.es\/memolab\/?page_id=140"},"modified":"2024-06-09T09:38:44","modified_gmt":"2024-06-09T07:38:44","slug":"proyectos","status":"publish","type":"page","link":"https:\/\/blogs.ugr.es\/memolab\/investigacion\/proyectos\/","title":{"rendered":"Proyectos"},"content":{"rendered":"<ul>\n<li><a href=\"https:\/\/incultum.eu\/\"><strong>Visiting the Margins. INnovative CULtural ToUrisM in European peripheries (INCULTUM)<\/strong><\/a>. Programa H2020 ref. 101004552 (01\/05\/2021-30\/04\/2024). Cantidad concedida: 3.487.411,25\u20ac<\/li>\n<li><strong><a href=\"https:\/\/iris-jpi.eu\/\">Inspiring rural heritage: sustainable practices to protect and conserve upland landscapes and memories (IRIS)<\/a>. <\/strong>JPICH programme &#8211; PCI2020 (01\/05\/2021-31\/12\/2023). Cantidad concedida: 100.000\u20ac.<\/li>\n<li><a href=\"https:\/\/obsnev.es\"><strong>Thematic Center on Mountain Ecosystem &amp; Remote sensing, Deep learning-AI e-Services University of Granada-Sierra Nevada<\/strong><\/a>. LifeWatch-ERIC (2020-2024) Cantidad concedida: 6.052.480,84 \u20ac.<\/li>\n<li><strong>Sistemas hist\u00f3ricos de manejo de agua y servicios ambientales de regulaci\u00f3n h\u00eddrica. Eficiencia y multifuncionalidad en el contexto de cambio global y cambio clim\u00e1tico.<\/strong> ID proyecto: P18-RT-3836 (01\/01\/2020-31\/12\/2023). Cantidad concedida: 99.507 \u20ac.<\/li>\n<li><strong>An\u00e1lisis de sistemas hist\u00f3ricos de manejo del agua como herramienta de adaptaci\u00f3n al cambio clim\u00e1tico.<\/strong> ID proyecto: B-HUM-436-UGR18. Cantidad concedida: 30.150\u20ac.<\/li>\n<li><b><a href=\"http:\/\/reach-culture.eu\/\">REACH Project. RE-designing Access to Cultural Heritage for a wider participation in preservation, (re-)use and management of European culture<\/a><\/b>. Project ID: 769827 (01-11-2017 &#8211; 31\/12\/2020). Cantidad concedida: 1.499.981,88 \u20ac.<\/li>\n<li><b>Documentaci\u00f3n tridimensional del patrimonio arqueol\u00f3gico mediante el uso de veh\u00edculos a\u00e9reos no tripulados (PPJI_B-13)<\/b>. Proyectos de Investigaci\u00f3n Precompetitivos para J\u00f3venes Investigadores. 2017. Universidad de Granada. \u00a0Cantidad concedida: 1000 \u20ac.<\/li>\n<li><b><a href=\"https:\/\/memolaproject.eu\/es\">MEMOLA FP7 Project: Mediterranean Mountainous Landscapes: an historical approach to cultural heritage based on traditional agrosystems.<\/a><\/b>(01-01-2014 al 31-12-2018). Project ID: 613265. Cantidad concedida: 2.499.000 \u20ac.<\/li>\n<li><b>Did\u00e1ctica de la arqueolog\u00eda. Innovaci\u00f3n social y pedag\u00f3gica a trav\u00e9s del uso del arque\u00f3dromo<\/b>. Proyecto de Innovaci\u00f3n y Buenas Pr\u00e1cticas Docentes del Plan FIDO UGR 2016-2018. Cantidad concedida: 1000 \u20ac.<\/li>\n<li><b><a href=\"https:\/\/www.researchgate.net\/project\/De-Acci-a-Guadix-reinterpretando-el-pasado-de-una-ciudad-historica-para-protegar-su-patrimonio-y-contribuir-a-su-desarrollo-Granada-HAR2013-48423-P?_sg=o1evG2MuXDH8Z2MgVMwYWd0SoYnJ2JGzG2DC33XMG88netBAy14M75Yj08rnvfOheDmAjPPvMVSZT1nhHEhGC6NdSCRCOgvEs8f6\">De Acci a Guadix: reinterpretando el pasado de una ciudad hist\u00f3rica para proteger su patrimonio y contribuir a su desarrollo (Granada) (HAR2013-48423-P)<\/a>. <\/b>Cantidad concedida: 45.980\u20ac<\/li>\n<li><b>Acequias. Programa de ciencia participativa basado en el estudio de los valores culturales y ambientales de los sistemas hist\u00f3ricos de regad\u00edo de Granada y Almer\u00eda (<\/b>FCT-15-9814) (01\/01\/2016-31\/12\/2016). Convocatoria de ayudas para el Fomento de la Cultura Cient\u00edfica, Tecnol\u00f3gica y de la Innovaci\u00f3n. Fundaci\u00f3n Espa\u00f1ola para la Ciencia y la Tecnolog\u00eda. Ministerio de Econom\u00eda y Competitividad. Cantidad concedida: 24.000 \u20ac.<\/li>\n<li><b>Acequias. Recuperaci\u00f3n del camino tradicional de C\u00e1\u00f1ar, dentro de un paisaje de gran valor natural y patrimonial<\/b> (2017\/GR01\/B221.7\/188). Ayudas destinadas a la ejecuci\u00f3n de intervenciones del Plan Actuaci\u00f3n Global. Grupo de Desarrollo Rural de la Alpujarra-Sierra Nevada de Granada.<\/li>\n<li><b>Arqueolog\u00eda del Paisaje en Trapani V <\/b>(Junio 2015-junio 2016). Instituto de Patrimonio Cultural de Espa\u00f1a. Ministerio de Cultura. Cantidad concedida: 11.000 \u20ac<\/li>\n<li><b>Estudio de los sistemas hist\u00f3ricos de riego de Sierra Nevada: un paisaje singular de monta\u00f1a <\/b>(2010-2013). Organismo Aut\u00f3nomo de Parques Nacionales, Ministerio de Medio Ambiente, Medio Rural y Medio Marino. Cantidad concedida: 120.000 \u20ac.<\/li>\n<li><a href=\"https:\/\/www.academia.edu\/1991287\/Rotolo_A._Mart%C3%ADn_Civantos_J._M._Il_territorio_dei_Monti_di_Trapani_in_epoca_islamica._Primi_risultati_dall_Idrisi_Project_-ARPATRA_in_VI_Congresso_Nazionale_di_Archeologia_Medievale_Atti_del_Congresso_della_Societ%C3%25A\"><b>ARPATRA. Archeologia del Paesaggio nei Monti di Trapani<\/b><\/a><b>. <\/b>Cantidad concedida: 11.000 \u20ac<\/li>\n<li><b>Investigaci\u00f3n Hist\u00f3rica, Inventario y Atlas Patrimonial de los paisajes agrarios periurbanos nazar\u00edes de Granada y Norte de Marruecos<\/b>. Integrado en el marco del proyecto <a href=\"http:\/\/www.poctefexgranada.com\/proyectos.php?proy=agropaisajes-objetivos\">AGROPAISAJES<\/a>, del Programa Operativo de Cooperaci\u00f3n Transfronteriza Espa\u00f1a-Fronteras Exteriores (POCTEFEX), de la Diputaci\u00f3n de Granada y Almer\u00eda.<\/li>\n<\/ul>\n","protected":false},"excerpt":{"rendered":"<p>Visiting the Margins. INnovative CULtural ToUrisM in European peripheries (INCULTUM). Programa H2020 ref. 101004552 (01\/05\/2021-30\/04\/2024). Cantidad concedida: 3.487.411,25\u20ac Inspiring rural heritage: sustainable practices to protect and conserve upland landscapes and memories (IRIS). JPICH programme &#8211; PCI2020 (01\/05\/2021-31\/12\/2023). Cantidad concedida: 100.000\u20ac. Thematic Center on Mountain Ecosystem &amp; Remote sensing, Deep learning-AI e-Services University of Granada-Sierra Nevada. [&hellip;]<\/p>\n","protected":false},"author":55,"featured_media":0,"parent":138,"menu_order":1,"comment_status":"closed","ping_status":"closed","template":"","meta":{"_genesis_hide_title":false,"_genesis_hide_breadcrumbs":false,"_genesis_hide_singular_image":false,"_genesis_hide_footer_widgets":false,"_genesis_custom_body_class":"","_genesis_custom_post_class":"","_genesis_layout":"","footnotes":""},"categories":[36],"tags":[],"class_list":{"0":"post-140","1":"page","2":"type-page","3":"status-publish","5":"category-proyectos","6":"entry"},"_links":{"self":[{"href":"https:\/\/blogs.ugr.es\/memolab\/wp-json\/wp\/v2\/pages\/140","targetHints":{"allow":["GET"]}}],"collection":[{"href":"https:\/\/blogs.ugr.es\/memolab\/wp-json\/wp\/v2\/pages"}],"about":[{"href":"https:\/\/blogs.ugr.es\/memolab\/wp-json\/wp\/v2\/types\/page"}],"author":[{"embeddable":true,"href":"https:\/\/blogs.ugr.es\/memolab\/wp-json\/wp\/v2\/users\/55"}],"replies":[{"embeddable":true,"href":"https:\/\/blogs.ugr.es\/memolab\/wp-json\/wp\/v2\/comments?post=140"}],"version-history":[{"count":4,"href":"https:\/\/blogs.ugr.es\/memolab\/wp-json\/wp\/v2\/pages\/140\/revisions"}],"predecessor-version":[{"id":1032,"href":"https:\/\/blogs.ugr.es\/memolab\/wp-json\/wp\/v2\/pages\/140\/revisions\/1032"}],"up":[{"embeddable":true,"href":"https:\/\/blogs.ugr.es\/memolab\/wp-json\/wp\/v2\/pages\/138"}],"wp:attachment":[{"href":"https:\/\/blogs.ugr.es\/memolab\/wp-json\/wp\/v2\/media?parent=140"}],"wp:term":[{"taxonomy":"category","embeddable":true,"href":"https:\/\/blogs.ugr.es\/memolab\/wp-json\/wp\/v2\/categories?post=140"},{"taxonomy":"post_tag","embeddable":true,"href":"https:\/\/blogs.ugr.es\/memolab\/wp-json\/wp\/v2\/tags?post=140"}],"curies":[{"name":"wp","href":"https:\/\/api.w.org\/{rel}","templated":true}]}}