{"id":1411,"date":"2023-07-15T10:25:10","date_gmt":"2023-07-15T08:25:10","guid":{"rendered":"https:\/\/blogs.ugr.es\/memolab\/?page_id=1411"},"modified":"2023-07-15T10:26:09","modified_gmt":"2023-07-15T08:26:09","slug":"alcazaba-de-almeria","status":"publish","type":"page","link":"https:\/\/blogs.ugr.es\/memolab\/alcazaba-de-almeria\/","title":{"rendered":"ALCAZABA DE ALMER\u00cdA"},"content":{"rendered":"<h6><\/h6>\n<h6><em>ESTUDIO DE PARAMENTOS DEL FRENTE NORTE DEL SEGUNDO RECINTO DE LA ALCAZABA DE ALMER\u00cdA (2020_PU_15).<\/em><\/h6>\n<p>La Alcazaba de Almer\u00eda representa un hito en el paisaje y en la cultura almeriense. Se encuentra ubicada en la parte m\u00e1s alta de la ciudad, en su zona occidental, asegurando una posici\u00f3n estrat\u00e9gica de control y visibilidad de la ciudad y los accesos a la misma.<\/p>\n<p><!--more--><br \/>\nEsta intervenci\u00f3n se focaliz\u00f3 en la muralla norte del segundo recinto de la alcazaba, denominado Sondeo 20000. Se documentaron alrededor de 145 m de muralla en su zona exterior por 90 m en su zona interior (esta diferencia responde a las construcciones adosadas al interior del recinto).<\/p>\n<figure id=\"attachment_1412\" aria-describedby=\"caption-attachment-1412\" style=\"width: 371px\" class=\"wp-caption aligncenter\"><img loading=\"lazy\" decoding=\"async\" class=\"wp-image-1412\" src=\"https:\/\/blogs.ugr.es\/memolab\/wp-content\/uploads\/sites\/41\/2023\/07\/WhatsApp-Image-2023-07-15-at-10.16.31-300x200.jpeg\" alt=\"\" width=\"371\" height=\"247\" srcset=\"https:\/\/blogs.ugr.es\/memolab\/wp-content\/uploads\/sites\/41\/2023\/07\/WhatsApp-Image-2023-07-15-at-10.16.31-300x200.jpeg 300w, https:\/\/blogs.ugr.es\/memolab\/wp-content\/uploads\/sites\/41\/2023\/07\/WhatsApp-Image-2023-07-15-at-10.16.31-700x467.jpeg 700w, https:\/\/blogs.ugr.es\/memolab\/wp-content\/uploads\/sites\/41\/2023\/07\/WhatsApp-Image-2023-07-15-at-10.16.31.jpeg 800w\" sizes=\"auto, (max-width: 371px) 100vw, 371px\" \/><figcaption id=\"caption-attachment-1412\" class=\"wp-caption-text\">Muralla norte del segundo recinto de la Alcazaba de Almer\u00eda.<\/figcaption><\/figure>\n<p>La intervenci\u00f3n arqueol\u00f3gica se desarroll\u00f3 durante la segunda quincena del mes de Julio de 2020, bajo la direcci\u00f3n de Pablo Romero Pellitero. Esta intervenci\u00f3n se fundamentaba en la recogida de informaci\u00f3n, el conocimiento de la estratigraf\u00eda muraria y la valoraci\u00f3n del estado de conservaci\u00f3n de los elementos arquitect\u00f3nicos del sondeo 20000 de la Alcazaba de Almer\u00eda de cara a la elaboraci\u00f3n de un proyecto de restauraci\u00f3n.<\/p>\n<p>El exhaustivo an\u00e1lisis de paramentos permiti\u00f3 identificar hasta siete fases constructivas. Se han documentado un total de 557 unidades estratigr\u00e1ficas (UEs) repartidas entre un total de 27 estructuras, agrupadas a su vez en 5 complejos estructurales (CEs). De esta manera se han registrado 14 f\u00e1bricas diferentes que se encuentran presentes en la muralla norte de la alcazaba, desde restos que parecen adscribirse a un recinto de \u00e9poca califal hasta las grandes reformas y restauraciones de \u00e9poca contempor\u00e1nea (hasta el 43% de las UEs), especialmente en el siglo XX. Destacar que muchas de estas restauraciones son funcionales (roturas, refuerzos o canalizaciones). Sin embargo, otras actuaciones se relacionan con el embellecimiento de los espacios y est\u00e1n caracterizadas por la primac\u00eda de lo est\u00e9tico sobre lo funcional y lo t\u00e9cnico. Un ejemplo se observa en la posici\u00f3n de las aspilleras de la merlatura de la pr\u00e1ctica totalidad de las estructuras. El abocinamiento de estas aspilleras se encuentra en la cara externa de las mismas, lo que har\u00eda imposible que tuviesen una funci\u00f3n defensiva.<\/p>\n<hr \/>\n<h6><em>EXCAVACI\u00d3N ARQUEOL\u00d3GICA MEDIANTE SONDEOS EN LA ALCAZABA DE ALMER\u00cdA (2020_PP_16).<\/em><\/h6>\n<p>La excavaci\u00f3n se plante\u00f3 ante la presencia de distintas estructuras emergentes que requer\u00edan de una interpretaci\u00f3n arqueol\u00f3gica que sirviera de apoyo a la redacci\u00f3n del proyecto de restauraci\u00f3n. La intervenci\u00f3n arqueol\u00f3gica se desarroll\u00f3 durante la segunda quincena del mes de Julio de 2020, bajo la direcci\u00f3n de Jos\u00e9 Mar\u00eda Mart\u00edn Civantos.<\/p>\n<p>El \u00e1rea qued\u00f3 delimitada por las propias caracter\u00edsticas de las estructuras presentes, limit\u00e1ndonos al \u00e1rea existente entre la Odalisca y el camino que desciende al foso y el portillo de la muralla norte. Su forma es irregular, con unas dimensiones m\u00e1ximas de 10 metros de longitud por 8 metros de anchura, con una superficie total excavada de aproximadamente 30 m2. Destaca el fuerte desnivel existente entre la parte oriental, junto a la Odalisca, y la occidental, en el denominado foso, con unos seis metros aproximadamente de diferencia.<\/p>\n<figure id=\"attachment_1414\" aria-describedby=\"caption-attachment-1414\" style=\"width: 347px\" class=\"wp-caption alignright\"><img loading=\"lazy\" decoding=\"async\" class=\"wp-image-1414 \" src=\"https:\/\/blogs.ugr.es\/memolab\/wp-content\/uploads\/sites\/41\/2023\/07\/WhatsApp-Image-2023-07-15-at-10.21.47-e1689409460922-300x199.jpeg\" alt=\"\" width=\"347\" height=\"230\" srcset=\"https:\/\/blogs.ugr.es\/memolab\/wp-content\/uploads\/sites\/41\/2023\/07\/WhatsApp-Image-2023-07-15-at-10.21.47-e1689409460922-300x200.jpeg 300w, https:\/\/blogs.ugr.es\/memolab\/wp-content\/uploads\/sites\/41\/2023\/07\/WhatsApp-Image-2023-07-15-at-10.21.47-e1689409460922-700x463.jpeg 700w, https:\/\/blogs.ugr.es\/memolab\/wp-content\/uploads\/sites\/41\/2023\/07\/WhatsApp-Image-2023-07-15-at-10.21.47-e1689409460922.jpeg 796w\" sizes=\"auto, (max-width: 347px) 100vw, 347px\" \/><figcaption id=\"caption-attachment-1414\" class=\"wp-caption-text\">Vista a\u00e9rea de las estructuras emergentes fruto de la intervenci\u00f3n arqueol\u00f3gica realizada.<\/figcaption><\/figure>\n<p>La variedad de t\u00e9cnicas constructivas halladas, as\u00ed como la abundante cantidad de restos murales adscritos a periodos de tiempo distintos, pone de manifiesto la diacron\u00eda y la riqueza constructiva del conjunto de la Alcazaba. En el caso del sondeo 21000, resulta una evidencia directa de la presencia de elementos fechables en momentos distantes, con una acumulaci\u00f3n de estructuras sucesiva en el tiempo, que podr\u00edamos retrotraer a los primeros momentos de Al-\u00c1ndalus y al origen mismo de la Alcazaba como recinto fortificado.<\/p>\n<p>El grueso de las estructuras presentes en el sondeo parece corresponderse con momentos posteriores, al menos de cronolog\u00eda almohade o nazar\u00ed, con el uso del tapial calicostrado como elemento principal. Se document\u00f3 tambi\u00e9n una importante fase de reforma castellana que pudo estar en uso durante varios siglos en la Edad Moderna y que se encuentra directamente sobre niveles de ocupaci\u00f3n nazar\u00edes y almohades<\/p>\n<p>Los niveles de abandono \u00faltimos, formados por estratos de etapa contempor\u00e1nea, nos demuestran la continuidad de usos de la Alcazaba hasta la actualidad. Esto no deja de ser una propuesta y excavaci\u00f3n inicial que debe ser apoyada y continuada para comprender realmente las caracter\u00edsticas, relaciones y dataciones de las unidades estratigr\u00e1ficas comprendidas.<\/p>\n","protected":false},"excerpt":{"rendered":"<p>ESTUDIO DE PARAMENTOS DEL FRENTE NORTE DEL SEGUNDO RECINTO DE LA ALCAZABA DE ALMER\u00cdA (2020_PU_15). La Alcazaba de Almer\u00eda representa un hito en el paisaje y en la cultura almeriense. Se encuentra ubicada en la parte m\u00e1s alta de la ciudad, en su zona occidental, asegurando una posici\u00f3n estrat\u00e9gica de control y visibilidad de la [&hellip;]<\/p>\n","protected":false},"author":55,"featured_media":0,"parent":0,"menu_order":0,"comment_status":"closed","ping_status":"closed","template":"","meta":{"_genesis_hide_title":false,"_genesis_hide_breadcrumbs":false,"_genesis_hide_singular_image":false,"_genesis_hide_footer_widgets":false,"_genesis_custom_body_class":"","_genesis_custom_post_class":"","_genesis_layout":"","footnotes":""},"categories":[17,16],"tags":[],"class_list":{"0":"post-1411","1":"page","2":"type-page","3":"status-publish","5":"category-excavacion","6":"category-intervenciones-arqueologicas","7":"entry"},"_links":{"self":[{"href":"https:\/\/blogs.ugr.es\/memolab\/wp-json\/wp\/v2\/pages\/1411","targetHints":{"allow":["GET"]}}],"collection":[{"href":"https:\/\/blogs.ugr.es\/memolab\/wp-json\/wp\/v2\/pages"}],"about":[{"href":"https:\/\/blogs.ugr.es\/memolab\/wp-json\/wp\/v2\/types\/page"}],"author":[{"embeddable":true,"href":"https:\/\/blogs.ugr.es\/memolab\/wp-json\/wp\/v2\/users\/55"}],"replies":[{"embeddable":true,"href":"https:\/\/blogs.ugr.es\/memolab\/wp-json\/wp\/v2\/comments?post=1411"}],"version-history":[{"count":3,"href":"https:\/\/blogs.ugr.es\/memolab\/wp-json\/wp\/v2\/pages\/1411\/revisions"}],"predecessor-version":[{"id":1416,"href":"https:\/\/blogs.ugr.es\/memolab\/wp-json\/wp\/v2\/pages\/1411\/revisions\/1416"}],"wp:attachment":[{"href":"https:\/\/blogs.ugr.es\/memolab\/wp-json\/wp\/v2\/media?parent=1411"}],"wp:term":[{"taxonomy":"category","embeddable":true,"href":"https:\/\/blogs.ugr.es\/memolab\/wp-json\/wp\/v2\/categories?post=1411"},{"taxonomy":"post_tag","embeddable":true,"href":"https:\/\/blogs.ugr.es\/memolab\/wp-json\/wp\/v2\/tags?post=1411"}],"curies":[{"name":"wp","href":"https:\/\/api.w.org\/{rel}","templated":true}]}}