{"id":142,"date":"2018-05-25T12:28:22","date_gmt":"2018-05-25T10:28:22","guid":{"rendered":"https:\/\/blogs.ugr.es\/memolab\/?page_id=142"},"modified":"2022-03-01T19:08:39","modified_gmt":"2022-03-01T18:08:39","slug":"contratos","status":"publish","type":"page","link":"https:\/\/blogs.ugr.es\/memolab\/investigacion\/contratos\/","title":{"rendered":"Contratos"},"content":{"rendered":"<ul>\n<li><strong>PGI Investigaciones arqueol\u00f3gicas en la alcazaba de Almer\u00eda I. 2021-2024<\/strong>. Entidad contrante: Consejer\u00eda de Cultura de la Junta de Andaluc\u00eda. 07\/2021-08\/2024. 160.000 \u20ac.<\/li>\n<li><strong>Intervenci\u00f3n arqueol\u00f3gica de apoyo a la restauraci\u00f3n del Castillo de Tabernas (Almer\u00eda)<\/strong>. Entidad contratante: Excmo. Ayuntamiento de Tabernas. 01\/10\/2020-30\/06\/2021. Cuant\u00eda: 43.000\u20ac<\/li>\n<li><strong>An\u00e1lisis de paramentos de la muralla norte del segundo recinto de la Alcazaba de Almer\u00eda<\/strong>. Entidad contratante: Delegaci\u00f3n de Cultura de Almer\u00eda de la Junta de Andaluc\u00eda. 23\/07\/2020-22\/11\/2020. Cuant\u00eda: 9908,56\u20ac<\/li>\n<li><strong>Intervenci\u00f3n arqueol\u00f3gica puntual en el segundo recinto de la Alcazaba de Almer\u00eda<\/strong>. Entidad contratante: Delegaci\u00f3n de Cultura de Almer\u00eda de la Junta de Andaluc\u00eda. 01\/07\/2020-31\/12\/2020. Cuant\u00eda: 17.961,77\u20ac<\/li>\n<li><strong>Intervenci\u00f3n arqueol\u00f3gica de apoyo a la restauraci\u00f3n de la Alcazaba de Guadix (Granada)<\/strong>. Entidad contratante: Excmo. Ayuntamiento de Guadix. 01\/05\/2019-30\/06\/2021. Cuant\u00eda: 45.000\u20ac<\/li>\n<li><strong>Convenio para la intervenci\u00f3n arqueol\u00f3gica en el yacimiento de Moj\u00e1car la Vieja (Moj\u00e1car, Almer\u00eda). <\/strong>Entidad Contratante: Excmo. Ayuntamiento de Moj\u00e1car. 23\/05\/2018-23\/05\/2021. Cuant\u00eda: 149.990\u20ac<\/li>\n<li><strong>Intervenci\u00f3n para la recuperaci\u00f3n y limpieza de la Acequia de Romayla o Acequia de Santa Ana (Granada). <\/strong>Entidad contratante: Patronato de La Alhambra y el Generalife. 02\/05\/2018-30\/04\/2019. Cuant\u00eda: 3.300\u20ac<\/li>\n<li>Ayuda del Programa \u201c<strong>Intensificaci\u00f3n de la Investigaci\u00f3n<\/strong>\u201d del Plan Propio de Investigaci\u00f3n correspondiente al a\u00f1o 2017, a Jos\u00e9 Mar\u00eda Mart\u00edn Civantos. Cantidad concedida: 19.500 \u20ac.<\/li>\n<li>Ficha Diagn\u00f3stico y Propuesta de Intervenci\u00f3n \u201c<strong>Torre Puerta, y su entorno, en la Alcazaba de Guadix<\/strong>\u201d. Contrato adjudicado a Jos\u00e9 Mar\u00eda Mart\u00edn Civantos, y financiado por la Direcci\u00f3n General de Vivienda, Rehabilitaci\u00f3n y Arquitectura, de la Consejer\u00eda de Fomento y Vivienda de la Junta de Andaluc\u00eda. Cantidad concedida: 18.000 \u20ac. Diciembre de 2017.<\/li>\n<li>Intervenci\u00f3n arqueol\u00f3gica de <strong>apoyo a la restauraci\u00f3n del castillo de \u00cdllora<\/strong>, Ministerio de Fomento y Ayto. de \u00cdllora. Investigador Principal: Jos\u00e9 M\u00aa Mart\u00edn Civantos. Cantidad concedida: 123.000\u20ac. 01\/10\/2012 \u2013 30\/12\/2014.<\/li>\n<li>Servicio de asistencia t\u00e9cnica de investigaci\u00f3n hist\u00f3rica, inventario y atlas patrimonial de los paisajes agrarios periurbanos nazar\u00edes de Granada y norte de Marruecos en el marco del <strong>proyecto Agropaisajes<\/strong>, aprobado en la 2\u00aa convocatoria de ayudas del programa operativo de cooperaci\u00f3n transfronteriza Espa\u00f1a-fronteras exteriores (POCTEFEX), en la zona de cooperaci\u00f3n del Estrecho\u201d. Investigadores responsables: Jos\u00e9 M\u00aa Mart\u00edn Civantos, M\u00aa Teresa Bonet Garc\u00eda y Juan Requejo Liberal. Cantidad concedida: 60.399,99 \u20ac. 01\/02\/2013 \u2013 30\/03\/2014<\/li>\n<\/ul>\n","protected":false},"excerpt":{"rendered":"<p>PGI Investigaciones arqueol\u00f3gicas en la alcazaba de Almer\u00eda I. 2021-2024. Entidad contrante: Consejer\u00eda de Cultura de la Junta de Andaluc\u00eda. 07\/2021-08\/2024. 160.000 \u20ac. Intervenci\u00f3n arqueol\u00f3gica de apoyo a la restauraci\u00f3n del Castillo de Tabernas (Almer\u00eda). Entidad contratante: Excmo. Ayuntamiento de Tabernas. 01\/10\/2020-30\/06\/2021. Cuant\u00eda: 43.000\u20ac An\u00e1lisis de paramentos de la muralla norte del segundo recinto de [&hellip;]<\/p>\n","protected":false},"author":55,"featured_media":0,"parent":138,"menu_order":2,"comment_status":"closed","ping_status":"closed","template":"","meta":{"_genesis_hide_title":false,"_genesis_hide_breadcrumbs":false,"_genesis_hide_singular_image":false,"_genesis_hide_footer_widgets":false,"_genesis_custom_body_class":"","_genesis_custom_post_class":"","_genesis_layout":"","footnotes":""},"categories":[],"tags":[],"class_list":{"0":"post-142","1":"page","2":"type-page","3":"status-publish","5":"entry"},"_links":{"self":[{"href":"https:\/\/blogs.ugr.es\/memolab\/wp-json\/wp\/v2\/pages\/142","targetHints":{"allow":["GET"]}}],"collection":[{"href":"https:\/\/blogs.ugr.es\/memolab\/wp-json\/wp\/v2\/pages"}],"about":[{"href":"https:\/\/blogs.ugr.es\/memolab\/wp-json\/wp\/v2\/types\/page"}],"author":[{"embeddable":true,"href":"https:\/\/blogs.ugr.es\/memolab\/wp-json\/wp\/v2\/users\/55"}],"replies":[{"embeddable":true,"href":"https:\/\/blogs.ugr.es\/memolab\/wp-json\/wp\/v2\/comments?post=142"}],"version-history":[{"count":3,"href":"https:\/\/blogs.ugr.es\/memolab\/wp-json\/wp\/v2\/pages\/142\/revisions"}],"predecessor-version":[{"id":900,"href":"https:\/\/blogs.ugr.es\/memolab\/wp-json\/wp\/v2\/pages\/142\/revisions\/900"}],"up":[{"embeddable":true,"href":"https:\/\/blogs.ugr.es\/memolab\/wp-json\/wp\/v2\/pages\/138"}],"wp:attachment":[{"href":"https:\/\/blogs.ugr.es\/memolab\/wp-json\/wp\/v2\/media?parent=142"}],"wp:term":[{"taxonomy":"category","embeddable":true,"href":"https:\/\/blogs.ugr.es\/memolab\/wp-json\/wp\/v2\/categories?post=142"},{"taxonomy":"post_tag","embeddable":true,"href":"https:\/\/blogs.ugr.es\/memolab\/wp-json\/wp\/v2\/tags?post=142"}],"curies":[{"name":"wp","href":"https:\/\/api.w.org\/{rel}","templated":true}]}}