{"id":1420,"date":"2023-07-22T12:26:55","date_gmt":"2023-07-22T10:26:55","guid":{"rendered":"https:\/\/blogs.ugr.es\/memolab\/?page_id=1420"},"modified":"2023-07-22T12:26:55","modified_gmt":"2023-07-22T10:26:55","slug":"castillo-de-tabernas","status":"publish","type":"page","link":"https:\/\/blogs.ugr.es\/memolab\/castillo-de-tabernas\/","title":{"rendered":"CASTILLO DE TABERNAS"},"content":{"rendered":"<p>El conocido como Castillo de Tabernas acoge los restos de una villa fortificada de origen isl\u00e1mico, con una importante alcazaba en su parte superior. La fortaleza domina la actual poblaci\u00f3n de Tabernas, su desierto y las sierras que lo enmarcan. Su posici\u00f3n no es balad\u00ed, pues durante su ocupaci\u00f3n ejerci\u00f3 el control del territorio circundante y de las v\u00edas naturales que unen Almer\u00eda y Granada con el levante peninsular, que hist\u00f3ricamente han desempe\u00f1ado un papel fundamental en las comunicaciones desde la capital almeriense hacia el interior y viceversa.<\/p>\n<p><!--more--><\/p>\n<figure id=\"attachment_1422\" aria-describedby=\"caption-attachment-1422\" style=\"width: 396px\" class=\"wp-caption aligncenter\"><img loading=\"lazy\" decoding=\"async\" class=\"wp-image-1422 \" src=\"https:\/\/blogs.ugr.es\/memolab\/wp-content\/uploads\/sites\/41\/2023\/07\/WhatsApp-Image-2023-07-22-at-12.18.24-e1690021342555-300x197.jpeg\" alt=\"\" width=\"396\" height=\"260\" srcset=\"https:\/\/blogs.ugr.es\/memolab\/wp-content\/uploads\/sites\/41\/2023\/07\/WhatsApp-Image-2023-07-22-at-12.18.24-e1690021342555-300x197.jpeg 300w, https:\/\/blogs.ugr.es\/memolab\/wp-content\/uploads\/sites\/41\/2023\/07\/WhatsApp-Image-2023-07-22-at-12.18.24-e1690021342555-700x459.jpeg 700w, https:\/\/blogs.ugr.es\/memolab\/wp-content\/uploads\/sites\/41\/2023\/07\/WhatsApp-Image-2023-07-22-at-12.18.24-e1690021342555.jpeg 794w\" sizes=\"auto, (max-width: 396px) 100vw, 396px\" \/><figcaption id=\"caption-attachment-1422\" class=\"wp-caption-text\">Vista general de la alcazaba en obras.<\/figcaption><\/figure>\n<p>Seg\u00fan los resultados de dos intervenciones arqueol\u00f3gicas de apoyo a la restauraci\u00f3n de la fortaleza, realizadas en 2020-2021 y 2022-2023, es posible datar el origen de la fortaleza a mediados del siglo XII, en una \u00e9poca convulsa entre los poderes almor\u00e1vides y almohades en al-\u00c1ndalus. El recinto se construy\u00f3 de una sola vez y de forma relativamente r\u00e1pida, empleando el tapial calicostrado. En una primera fase, se erigieron la muralla y once torres, mientras que otras tres se adosan al recinto original poco despu\u00e9s, ya en plena \u00e9poca almohade. En la parte oriental se encuentra la puerta, desfigurada por las restauraciones contempor\u00e1neas. Dos aljibes situados en la parte noroeste del recinto se asocian tambi\u00e9n a esta fase.<\/p>\n<figure id=\"attachment_1421\" aria-describedby=\"caption-attachment-1421\" style=\"width: 404px\" class=\"wp-caption aligncenter\"><img loading=\"lazy\" decoding=\"async\" class=\"wp-image-1421\" src=\"https:\/\/blogs.ugr.es\/memolab\/wp-content\/uploads\/sites\/41\/2023\/07\/WhatsApp-Image-2023-07-22-at-12.20.24-300x205.jpeg\" alt=\"\" width=\"404\" height=\"276\" srcset=\"https:\/\/blogs.ugr.es\/memolab\/wp-content\/uploads\/sites\/41\/2023\/07\/WhatsApp-Image-2023-07-22-at-12.20.24-300x205.jpeg 300w, https:\/\/blogs.ugr.es\/memolab\/wp-content\/uploads\/sites\/41\/2023\/07\/WhatsApp-Image-2023-07-22-at-12.20.24-700x478.jpeg 700w, https:\/\/blogs.ugr.es\/memolab\/wp-content\/uploads\/sites\/41\/2023\/07\/WhatsApp-Image-2023-07-22-at-12.20.24.jpeg 800w\" sizes=\"auto, (max-width: 404px) 100vw, 404px\" \/><figcaption id=\"caption-attachment-1421\" class=\"wp-caption-text\">Interior de uno de los aljibes.<\/figcaption><\/figure>\n<p>El asentamiento sigue ocupado durante el periodo nazar\u00ed, es decir, entre los siglos XIII y XV. Durante esta fase se producen toda una serie de reparaciones a lo largo del recinto original, constituidas principalmente por obras de refuerzo y mantenimiento realizadas con diversas mamposter\u00edas. En este momento es cuando se construyen peque\u00f1as estancias adosadas a la muralla, bordeando su interior, en los que se podr\u00edan reconocer espacios dedicados al almacenamiento, al establecimiento de una peque\u00f1a guardia, a cocinas, transformaci\u00f3n artesanal, etc. Tambi\u00e9n en la fase nazar\u00ed se construye una poterna ubicada en la parte suroeste del recinto, protegida por una nueva antemuralla que anula el flanqueo de dos torres.<\/p>\n<p>La modificaci\u00f3n sustancial de la fortaleza, que deja de funcionar como alcazaba, es decir, como fortificaci\u00f3n urbana, para convertirse en un castillo con car\u00e1cter puramente militar, tiene lugar durante la \u00e9poca castellana, tras la conquista del territorio en 1489. En esta fase se ejecuta una transformaci\u00f3n importante, que implica la reducci\u00f3n del espacio defensivo mediante un muro-diafragma y su torre artillera que parte la fortificaci\u00f3n andalus\u00ed por la mitad. Las diversas reparaciones documentadas en la mitad este del recinto tambi\u00e9n est\u00e1n asociadas a este mismo momento. La t\u00e9cnica constructiva empleada es la mamposter\u00eda concertada, utilizada tanto en las construcciones <em>ex<\/em> <em>novo<\/em> como en las reparaciones.<\/p>\n<p>La poblaci\u00f3n fue entonces obligada a salir fuera de las murallas de la antigua villa, para ocupar la zona m\u00e1s llana, donde se levantar\u00e1 el nuevo pueblo de Tabernas.<\/p>\n<p>Los restos de la poblaci\u00f3n andalus\u00ed son a\u00fan visibles a pesar de su estado ruinoso. Puede seguirse pr\u00e1cticamente todo el circuito de murallas, que en algunos puntos sigue a\u00fan levantando varios metros de altura. Est\u00e1 construido en tapial calicostrado, particularmente visible en el extremo occidental, el que mira hacia Almer\u00eda. A lo largo de las laderas, en los cortes realizados por el camino de acceso y el que rodea el cerro por la parte que da al pueblo, son visibles parte de las estructuras de viviendas: muros y pavimentos construidos con mamposter\u00edas y morteros de yeso y varios silos para el almacenamiento de alimentos. Tambi\u00e9n son visibles los restos del cementerio en el actual camino de subida al castillo. Durante la segunda fase de excavaci\u00f3n de apoyo a la restauraci\u00f3n han sido excavadas dos grandes viviendas ubicadas junto a la puerta principal del recinto amurallado. Hasta el momento \u00fanicamente se ha podido excavar una parte de las mismas, sin embargo, ya se puede observar que las diferentes habitaciones y estancias mantienen una distribuci\u00f3n t\u00edpica de las casas andalus\u00edes: accedi\u00e9ndose desde el nivel de calle mediante un zagu\u00e1n que nos dirige hacia el patio interior al que se le adosa el resto de estancias (dormitorio y cocina).<\/p>\n<p>A pesar de los esfuerzos fortificadores de los castellanos y de la presencia de un alcaide y un teniente en su nombre, en 1522 la fortificaci\u00f3n es descrita como una ruina parcial. Los efectos del terremoto de Almer\u00eda se hicieron sentir en el castillo seg\u00fan diversos testigos y se reclama una reparaci\u00f3n urgente que parece que nunca se llev\u00f3 a cabo a pesar de la importancia de la plaza para controlar el territorio y a la poblaci\u00f3n morisca y para defenderlo de los ataques de piratas o de los turcos.<\/p>\n<p>Con toda seguridad, despu\u00e9s de la rebeli\u00f3n y expulsi\u00f3n de los moriscos el lugar fue definitivamente abandonado y su ruina continu\u00f3 acentu\u00e1ndose por efecto de la erosi\u00f3n y el expolio.<\/p>\n","protected":false},"excerpt":{"rendered":"<p>El conocido como Castillo de Tabernas acoge los restos de una villa fortificada de origen isl\u00e1mico, con una importante alcazaba en su parte superior. La fortaleza domina la actual poblaci\u00f3n de Tabernas, su desierto y las sierras que lo enmarcan. Su posici\u00f3n no es balad\u00ed, pues durante su ocupaci\u00f3n ejerci\u00f3 el control del territorio circundante [&hellip;]<\/p>\n","protected":false},"author":55,"featured_media":0,"parent":0,"menu_order":0,"comment_status":"closed","ping_status":"closed","template":"","meta":{"_genesis_hide_title":false,"_genesis_hide_breadcrumbs":false,"_genesis_hide_singular_image":false,"_genesis_hide_footer_widgets":false,"_genesis_custom_body_class":"","_genesis_custom_post_class":"","_genesis_layout":"","footnotes":""},"categories":[17,16],"tags":[],"class_list":{"0":"post-1420","1":"page","2":"type-page","3":"status-publish","5":"category-excavacion","6":"category-intervenciones-arqueologicas","7":"entry"},"_links":{"self":[{"href":"https:\/\/blogs.ugr.es\/memolab\/wp-json\/wp\/v2\/pages\/1420","targetHints":{"allow":["GET"]}}],"collection":[{"href":"https:\/\/blogs.ugr.es\/memolab\/wp-json\/wp\/v2\/pages"}],"about":[{"href":"https:\/\/blogs.ugr.es\/memolab\/wp-json\/wp\/v2\/types\/page"}],"author":[{"embeddable":true,"href":"https:\/\/blogs.ugr.es\/memolab\/wp-json\/wp\/v2\/users\/55"}],"replies":[{"embeddable":true,"href":"https:\/\/blogs.ugr.es\/memolab\/wp-json\/wp\/v2\/comments?post=1420"}],"version-history":[{"count":2,"href":"https:\/\/blogs.ugr.es\/memolab\/wp-json\/wp\/v2\/pages\/1420\/revisions"}],"predecessor-version":[{"id":1424,"href":"https:\/\/blogs.ugr.es\/memolab\/wp-json\/wp\/v2\/pages\/1420\/revisions\/1424"}],"wp:attachment":[{"href":"https:\/\/blogs.ugr.es\/memolab\/wp-json\/wp\/v2\/media?parent=1420"}],"wp:term":[{"taxonomy":"category","embeddable":true,"href":"https:\/\/blogs.ugr.es\/memolab\/wp-json\/wp\/v2\/categories?post=1420"},{"taxonomy":"post_tag","embeddable":true,"href":"https:\/\/blogs.ugr.es\/memolab\/wp-json\/wp\/v2\/tags?post=1420"}],"curies":[{"name":"wp","href":"https:\/\/api.w.org\/{rel}","templated":true}]}}