{"id":152,"date":"2018-05-25T12:45:32","date_gmt":"2018-05-25T10:45:32","guid":{"rendered":"https:\/\/blogs.ugr.es\/memolab\/?page_id=152"},"modified":"2026-01-10T22:18:34","modified_gmt":"2026-01-10T21:18:34","slug":"formacion","status":"publish","type":"page","link":"https:\/\/blogs.ugr.es\/memolab\/formacion\/","title":{"rendered":"Formaci\u00f3n"},"content":{"rendered":"<p>Desde el <em>Laboratorio de Arqueolog\u00eda Biocultural<\/em> &#8211; MEMOLab se ofrecen oportunidades de formaci\u00f3n en Arqueolog\u00eda, Historia, Etnolog\u00eda y otras disciplinas afines.<\/p>\n<hr \/>\n<h3>Excavaciones arqueol\u00f3gicas<img loading=\"lazy\" decoding=\"async\" class=\"size-medium wp-image-2456 aligncenter\" src=\"https:\/\/blogs.ugr.es\/memolab\/wp-content\/uploads\/sites\/41\/2026\/01\/IMG-20240917-WA0015-300x296.jpg\" alt=\"\" width=\"300\" height=\"296\" srcset=\"https:\/\/blogs.ugr.es\/memolab\/wp-content\/uploads\/sites\/41\/2026\/01\/IMG-20240917-WA0015-300x296.jpg 300w, https:\/\/blogs.ugr.es\/memolab\/wp-content\/uploads\/sites\/41\/2026\/01\/IMG-20240917-WA0015-700x691.jpg 700w, https:\/\/blogs.ugr.es\/memolab\/wp-content\/uploads\/sites\/41\/2026\/01\/IMG-20240917-WA0015-75x75.jpg 75w, https:\/\/blogs.ugr.es\/memolab\/wp-content\/uploads\/sites\/41\/2026\/01\/IMG-20240917-WA0015.jpg 800w\" sizes=\"auto, (max-width: 300px) 100vw, 300px\" \/><\/h3>\n<p style=\"text-align: left\">A lo largo del a\u00f1o se ofrecen diversas oportunidades de participaci\u00f3n en excavaciones arqueol\u00f3gicas, con duraci\u00f3n de entre dos semanas y un mes.<\/p>\n<p style=\"text-align: left\">En las excavaciones arqueol\u00f3gicas llevadas a cabo, se intervienen yacimientos de distintas cronolog\u00edas, cada uno de los cuales presenta problem\u00e1ticas y desaf\u00edos particulares. En todos los casos, se ofrecen diversas plazas de voluntariado, con cobertura completa para gastos de manutenci\u00f3n, alojamiento y seguro de accidentes.<\/p>\n<p style=\"text-align: left\">El objetivo principal de este programa es complementar las competencias adquiridas por los estudiantes en sus respectivas carreras universitarias, ofreci\u00e9ndoles la oportunidad de adquirir experiencia pr\u00e1ctica que contribuya a su formaci\u00f3n acad\u00e9mica y los prepare para el \u00e1mbito laboral.<\/p>\n<hr \/>\n<h3><b>Taller de cer\u00e1mica <img loading=\"lazy\" decoding=\"async\" class=\"size-medium wp-image-2457 aligncenter\" src=\"https:\/\/blogs.ugr.es\/memolab\/wp-content\/uploads\/sites\/41\/2026\/01\/WhatsApp-Image-2026-01-10-at-22.10.52-1-300x153.jpeg\" alt=\"\" width=\"300\" height=\"153\" srcset=\"https:\/\/blogs.ugr.es\/memolab\/wp-content\/uploads\/sites\/41\/2026\/01\/WhatsApp-Image-2026-01-10-at-22.10.52-1-300x153.jpeg 300w, https:\/\/blogs.ugr.es\/memolab\/wp-content\/uploads\/sites\/41\/2026\/01\/WhatsApp-Image-2026-01-10-at-22.10.52-1-700x356.jpeg 700w, https:\/\/blogs.ugr.es\/memolab\/wp-content\/uploads\/sites\/41\/2026\/01\/WhatsApp-Image-2026-01-10-at-22.10.52-1.jpeg 800w\" sizes=\"auto, (max-width: 300px) 100vw, 300px\" \/><\/b><\/h3>\n<p style=\"text-align: left\">En las instalaciones del <em>Laboratorio de Arqueolog\u00eda Biocultural<\/em> &#8211; MEMOLab (Edificio I+D+i Josefina Castro Vizoso de la Universidad de Granada)ubicado en el Edificio I+D+i Josefina Castro Vizoso de la Universidad de Granada, se ofrece anualmente un taller de tratamiento de materiales arqueol\u00f3gicos destinado al alumnado de la Universidad de Granada.<\/p>\n<p style=\"text-align: left\">El objetivo principal del Taller de Cer\u00e1mica es proporcionar a los estudiantes una introducci\u00f3n a la cer\u00e1mica arqueol\u00f3gica, con un enfoque particular en la \u00e9poca medieval, y capacitarlos en las t\u00e9cnicas adecuadas de manipulaci\u00f3n y gesti\u00f3n.<\/p>\n<p style=\"text-align: left\">Se facilitar\u00e1n las herramientas b\u00e1sicas requeridas para abordar el estudio de los materiales cer\u00e1micos, tanto desde una perspectiva morfol\u00f3gico-tipol\u00f3gica como tecnol\u00f3gica. El objetivo final del taller es dotar a los participantes de las competencias necesarias para interpretar contextos arqueol\u00f3gicos y construir secuencias culturales que faciliten la comprensi\u00f3n de los procesos hist\u00f3ricos que las generaron.<\/p>\n<p style=\"text-align: left\">Se ofrece un taller anual, con una duraci\u00f3n de diez meses, que tendr\u00e1 lugar entre los meses de octubre y mayo. El taller est\u00e1 dirigido a estudiantes de Arqueolog\u00eda, Historia, Restauraci\u00f3n y otros grados universitarios relacionados.<\/p>\n<hr \/>\n<h3>Trabajos con Comunidades de Regantes<img loading=\"lazy\" decoding=\"async\" class=\"size-medium wp-image-1215 aligncenter\" src=\"https:\/\/blogs.ugr.es\/memolab\/wp-content\/uploads\/sites\/41\/2023\/04\/WhatsApp-Image-2023-04-20-at-11.29.37-225x300.jpeg\" alt=\"\" width=\"225\" height=\"300\" srcset=\"https:\/\/blogs.ugr.es\/memolab\/wp-content\/uploads\/sites\/41\/2023\/04\/WhatsApp-Image-2023-04-20-at-11.29.37-225x300.jpeg 225w, https:\/\/blogs.ugr.es\/memolab\/wp-content\/uploads\/sites\/41\/2023\/04\/WhatsApp-Image-2023-04-20-at-11.29.37-525x700.jpeg 525w, https:\/\/blogs.ugr.es\/memolab\/wp-content\/uploads\/sites\/41\/2023\/04\/WhatsApp-Image-2023-04-20-at-11.29.37.jpeg 600w\" sizes=\"auto, (max-width: 225px) 100vw, 225px\" \/><\/h3>\n<p>Colaborar con comunidades de regantes, proteger el medio ambiente y reconocer las realidades y desaf\u00edos actuales son aspectos fundamentales para desarrollar soluciones sostenibles que vinculen el conocimiento hist\u00f3rico y arqueol\u00f3gico con los retos del mundo contempor\u00e1neo.<\/p>\n<p>Por ello, se llevan a cabo a lo largo del a\u00f1o diversas actividades de voluntariado y cooperaci\u00f3n con comunidades de regantes actuales, ofreciendo un tipo de formaci\u00f3n distintiva y adaptada a los nuevos retos.<\/p>\n<hr \/>\n<h4>Para m\u00e1s informaci\u00f3n contactar con <a href=\"&#x6d;a&#x69;&#108;&#x74;&#111;:&#x6d;&#101;&#x6d;&#111;l&#x61;&#98;&#x40;&#103;o&#x2e;u&#x67;&#114;&#x2e;&#x65;s\">&#x6d;&#x65;&#109;&#111;l&#x61;&#x62;&#x40;&#103;o&#46;&#x75;&#x67;&#114;&#46;e&#x73;<\/a><\/h4>\n","protected":false},"excerpt":{"rendered":"<p>Desde el Laboratorio de Arqueolog\u00eda Biocultural &#8211; MEMOLab se ofrecen oportunidades de formaci\u00f3n en Arqueolog\u00eda, Historia, Etnolog\u00eda y otras disciplinas afines. Excavaciones arqueol\u00f3gicas A lo largo del a\u00f1o se ofrecen diversas oportunidades de participaci\u00f3n en excavaciones arqueol\u00f3gicas, con duraci\u00f3n de entre dos semanas y un mes. En las excavaciones arqueol\u00f3gicas llevadas a cabo, se intervienen [&hellip;]<\/p>\n","protected":false},"author":55,"featured_media":0,"parent":0,"menu_order":3,"comment_status":"closed","ping_status":"closed","template":"","meta":{"_genesis_hide_title":false,"_genesis_hide_breadcrumbs":false,"_genesis_hide_singular_image":false,"_genesis_hide_footer_widgets":false,"_genesis_custom_body_class":"","_genesis_custom_post_class":"","_genesis_layout":"","footnotes":""},"categories":[],"tags":[],"class_list":{"0":"post-152","1":"page","2":"type-page","3":"status-publish","5":"entry"},"_links":{"self":[{"href":"https:\/\/blogs.ugr.es\/memolab\/wp-json\/wp\/v2\/pages\/152","targetHints":{"allow":["GET"]}}],"collection":[{"href":"https:\/\/blogs.ugr.es\/memolab\/wp-json\/wp\/v2\/pages"}],"about":[{"href":"https:\/\/blogs.ugr.es\/memolab\/wp-json\/wp\/v2\/types\/page"}],"author":[{"embeddable":true,"href":"https:\/\/blogs.ugr.es\/memolab\/wp-json\/wp\/v2\/users\/55"}],"replies":[{"embeddable":true,"href":"https:\/\/blogs.ugr.es\/memolab\/wp-json\/wp\/v2\/comments?post=152"}],"version-history":[{"count":4,"href":"https:\/\/blogs.ugr.es\/memolab\/wp-json\/wp\/v2\/pages\/152\/revisions"}],"predecessor-version":[{"id":2462,"href":"https:\/\/blogs.ugr.es\/memolab\/wp-json\/wp\/v2\/pages\/152\/revisions\/2462"}],"wp:attachment":[{"href":"https:\/\/blogs.ugr.es\/memolab\/wp-json\/wp\/v2\/media?parent=152"}],"wp:term":[{"taxonomy":"category","embeddable":true,"href":"https:\/\/blogs.ugr.es\/memolab\/wp-json\/wp\/v2\/categories?post=152"},{"taxonomy":"post_tag","embeddable":true,"href":"https:\/\/blogs.ugr.es\/memolab\/wp-json\/wp\/v2\/tags?post=152"}],"curies":[{"name":"wp","href":"https:\/\/api.w.org\/{rel}","templated":true}]}}