{"id":156,"date":"2018-05-25T12:49:24","date_gmt":"2018-05-25T10:49:24","guid":{"rendered":"https:\/\/blogs.ugr.es\/memolab\/?page_id=156"},"modified":"2022-03-01T18:56:13","modified_gmt":"2022-03-01T17:56:13","slug":"recursos","status":"publish","type":"page","link":"https:\/\/blogs.ugr.es\/memolab\/recursos\/","title":{"rendered":"Recursos"},"content":{"rendered":"<p>Patrimonio de Guadix<br \/>\n<a href=\"http:\/\/patrimonioguadix.es\/\">http:\/\/patrimonioguadix.es\/<\/a><\/p>\n<p>Mapa colaborativo de regad\u00edos hist\u00f3ricos de Granada y Almer\u00eda<br \/>\n<a href=\"http:\/\/regadiohistorico.es\/\">http:\/\/regadiohistorico.es\/<\/a><\/p>\n<p>Proyecto MEMOLA<br \/>\n<a href=\"http:\/\/memolaproject.eu\/\">http:\/\/memolaproject.eu\/<\/a><\/p>\n<p>Canal YouTube de MEMOLab<br \/>\n<a href=\"https:\/\/www.youtube.com\/channel\/UCJOlpDYtqL59zRtW88-q9uA\">https:\/\/www.youtube.com\/channel\/UCJOlpDYtqL59zRtW88-q9uA<\/a><\/p>\n<p>Canal Sketchfab del MEMOLab<br \/>\n<a href=\"https:\/\/sketchfab.com\/memolaproject\">https:\/\/sketchfab.com\/memolaproject<\/a><\/p>\n<p>Observatorio Cambio Global en Sierra Nevada<br \/>\n<a href=\"https:\/\/obsnev.es\">https:\/\/obsnev.es<\/a><\/p>\n<p>e-book interactivo sobre el paisaje cultural de la Alpujarra<br \/>\n<a href=\"https:\/\/itunes.apple.com\/gt\/book\/la-alpujarra-paisaje-cultural\/id1110321739?mt=11\">https:\/\/itunes.apple.com\/gt\/book\/la-alpujarra-paisaje-cultural\/id1110321739?mt=11<\/a><\/p>\n<p>PDF sobre el paisaje cultural de la Alpujarra<br \/>\n<a href=\"http:\/\/memolaproject.eu\/file\/1113\/download?token=nxkcs1Ae\">http:\/\/memolaproject.eu\/file\/1113\/download?token=nxkcs1Ae<\/a><\/p>\n","protected":false},"excerpt":{"rendered":"<p>Patrimonio de Guadix http:\/\/patrimonioguadix.es\/ Mapa colaborativo de regad\u00edos hist\u00f3ricos de Granada y Almer\u00eda http:\/\/regadiohistorico.es\/ Proyecto MEMOLA http:\/\/memolaproject.eu\/ Canal YouTube de MEMOLab https:\/\/www.youtube.com\/channel\/UCJOlpDYtqL59zRtW88-q9uA Canal Sketchfab del MEMOLab https:\/\/sketchfab.com\/memolaproject Observatorio Cambio Global en Sierra Nevada https:\/\/obsnev.es e-book interactivo sobre el paisaje cultural de la Alpujarra https:\/\/itunes.apple.com\/gt\/book\/la-alpujarra-paisaje-cultural\/id1110321739?mt=11 PDF sobre el paisaje cultural de la Alpujarra http:\/\/memolaproject.eu\/file\/1113\/download?token=nxkcs1Ae<\/p>\n","protected":false},"author":55,"featured_media":0,"parent":0,"menu_order":6,"comment_status":"closed","ping_status":"closed","template":"","meta":{"_genesis_hide_title":false,"_genesis_hide_breadcrumbs":false,"_genesis_hide_singular_image":false,"_genesis_hide_footer_widgets":false,"_genesis_custom_body_class":"","_genesis_custom_post_class":"","_genesis_layout":"","footnotes":""},"categories":[],"tags":[],"class_list":{"0":"post-156","1":"page","2":"type-page","3":"status-publish","5":"entry"},"_links":{"self":[{"href":"https:\/\/blogs.ugr.es\/memolab\/wp-json\/wp\/v2\/pages\/156","targetHints":{"allow":["GET"]}}],"collection":[{"href":"https:\/\/blogs.ugr.es\/memolab\/wp-json\/wp\/v2\/pages"}],"about":[{"href":"https:\/\/blogs.ugr.es\/memolab\/wp-json\/wp\/v2\/types\/page"}],"author":[{"embeddable":true,"href":"https:\/\/blogs.ugr.es\/memolab\/wp-json\/wp\/v2\/users\/55"}],"replies":[{"embeddable":true,"href":"https:\/\/blogs.ugr.es\/memolab\/wp-json\/wp\/v2\/comments?post=156"}],"version-history":[{"count":3,"href":"https:\/\/blogs.ugr.es\/memolab\/wp-json\/wp\/v2\/pages\/156\/revisions"}],"predecessor-version":[{"id":897,"href":"https:\/\/blogs.ugr.es\/memolab\/wp-json\/wp\/v2\/pages\/156\/revisions\/897"}],"wp:attachment":[{"href":"https:\/\/blogs.ugr.es\/memolab\/wp-json\/wp\/v2\/media?parent=156"}],"wp:term":[{"taxonomy":"category","embeddable":true,"href":"https:\/\/blogs.ugr.es\/memolab\/wp-json\/wp\/v2\/categories?post=156"},{"taxonomy":"post_tag","embeddable":true,"href":"https:\/\/blogs.ugr.es\/memolab\/wp-json\/wp\/v2\/tags?post=156"}],"curies":[{"name":"wp","href":"https:\/\/api.w.org\/{rel}","templated":true}]}}