{"id":1703,"date":"2024-06-02T18:47:25","date_gmt":"2024-06-02T16:47:25","guid":{"rendered":"https:\/\/blogs.ugr.es\/memolab\/?page_id=1703"},"modified":"2024-06-02T19:23:51","modified_gmt":"2024-06-02T17:23:51","slug":"hehehe","status":"publish","type":"page","link":"https:\/\/blogs.ugr.es\/memolab\/hehehe\/","title":{"rendered":"SECreTour: Sustainable, Engaging and Creative Tourism as a driver for a better future in rural and remote areas"},"content":{"rendered":"<p><!--more--><\/p>\n<table>\n<tbody>\n<tr>\n<td style=\"text-align: center\"><b>DURACI\u00d3N<\/b><\/td>\n<td style=\"text-align: center\"><b>T\u00cdTULO<\/b><\/td>\n<td style=\"text-align: center\"><b>FINANCIACI\u00d3N<\/b><\/td>\n<td style=\"text-align: center\"><b>CONVOCATORIA<\/b><\/td>\n<td style=\"text-align: center\"><b>ROL<\/b><\/td>\n<\/tr>\n<tr>\n<td><span style=\"font-weight: 400\">01\/03\/2024<\/span><\/p>\n<p><span style=\"font-weight: 400\">28\/02\/2027<\/span><\/td>\n<td><b>SECreTour<\/b><span style=\"font-weight: 400\">: Sustainable, Engaging and Creative Tourism as a driver for a better future in rural and remote areas<\/span><\/td>\n<td><span style=\"font-weight: 400\">2.999.988,75 \u20ac<\/span><\/td>\n<td><span style=\"font-weight: 400\">HORIZON-CL2-2023-HERITAGE-01-05<\/span> <span style=\"font-weight: 400\">(HORIZON)<\/span><\/td>\n<td><span style=\"font-weight: 400\">Coordinador<\/span><\/td>\n<\/tr>\n<\/tbody>\n<\/table>\n<p style=\"text-align: center\">\n<p><b>Resumen:<\/b><\/p>\n<p><span style=\"font-weight: 400\">El proyecto SECreTour impulsa el turismo cultural sostenible empoderando a las comunidades locales, dando forma a un enfoque de Turismo Justo, Creativo y Sostenible, y probando diversos casos piloto europeos para fomentar el desarrollo justo, el compromiso de la<\/span> <span style=\"font-weight: 400\">comunidad y las ideas pol\u00edticas. SECreTour es un proyecto transformador centrado en aprovechar el turismo cultural para el desarrollo sostenible. La iniciativa, que da prioridad a las comunidades locales, considera el turismo como una herramienta para diversificar los ingresos, reconocer las zonas rurales y promover servicios m\u00e1s all\u00e1 de la oferta cultural. A trav\u00e9s del enfoque de Turismo Justo, Creativo y Sostenible (FaCS-Tourism) desarrollado con las Comunidades Patrimoniales, SECreTour pretende evitar la turistificaci\u00f3n, implicar a los ciudadanos en la gobernanza y poner a prueba ideas en diversos casos piloto europeos, que abarcan desde paisajes rurales a lugares de importancia hist\u00f3rica. El proyecto imagina un futuro en el que el turismo cultural no s\u00f3lo impulse un desarrollo justo y sostenible, sino que tambi\u00e9n fomente la resiliencia y la apropiaci\u00f3n por parte de las comunidades, aportando valiosas ideas y recomendaciones pol\u00edticas para el panorama m\u00e1s amplio del patrimonio cultural y el turismo.<\/span><\/p>\n<p><b>Abstract:<\/b><\/p>\n<p><span style=\"font-weight: 400\">The SECreTour project drives sustainable cultural tourism by empowering local communities, shaping a Fair, Creative, and Sustainable Tourism approach, and testing diverse European pilot cases in order to encourage fair development, community engagement, and policy convictions. SECreTour is a transformative project focused on harnessing cultural tourism for sustainable development. Prioritizing local communities, the initiative considers tourism as a tool to diversify income, recognize rural areas, and promote services beyond cultural offerings. Through the Fair, Creative, and Sustainable Tourism (FaCS-Tourism) developed with the<\/span> <span style=\"font-weight: 400\">Heritage Communities, SECreTour aims to avoid touristification, engage citizens in governance, and test ideas in diverse European pilot cases, spanning from rural landscapes to places of historical significance. The project envisions a future where cultural tourism not only drives fair and sustainable development but also fosters community resilience and ownership, providing valuable insight and policy recommendations for the broader cultural heritage and tourism landscape.<\/span><\/p>\n","protected":false},"excerpt":{"rendered":"","protected":false},"author":55,"featured_media":0,"parent":0,"menu_order":0,"comment_status":"closed","ping_status":"closed","template":"","meta":{"_genesis_hide_title":false,"_genesis_hide_breadcrumbs":false,"_genesis_hide_singular_image":false,"_genesis_hide_footer_widgets":false,"_genesis_custom_body_class":"","_genesis_custom_post_class":"","_genesis_layout":"","footnotes":""},"categories":[36],"tags":[],"class_list":{"0":"post-1703","1":"page","2":"type-page","3":"status-publish","5":"category-proyectos","6":"entry"},"_links":{"self":[{"href":"https:\/\/blogs.ugr.es\/memolab\/wp-json\/wp\/v2\/pages\/1703","targetHints":{"allow":["GET"]}}],"collection":[{"href":"https:\/\/blogs.ugr.es\/memolab\/wp-json\/wp\/v2\/pages"}],"about":[{"href":"https:\/\/blogs.ugr.es\/memolab\/wp-json\/wp\/v2\/types\/page"}],"author":[{"embeddable":true,"href":"https:\/\/blogs.ugr.es\/memolab\/wp-json\/wp\/v2\/users\/55"}],"replies":[{"embeddable":true,"href":"https:\/\/blogs.ugr.es\/memolab\/wp-json\/wp\/v2\/comments?post=1703"}],"version-history":[{"count":3,"href":"https:\/\/blogs.ugr.es\/memolab\/wp-json\/wp\/v2\/pages\/1703\/revisions"}],"predecessor-version":[{"id":1736,"href":"https:\/\/blogs.ugr.es\/memolab\/wp-json\/wp\/v2\/pages\/1703\/revisions\/1736"}],"wp:attachment":[{"href":"https:\/\/blogs.ugr.es\/memolab\/wp-json\/wp\/v2\/media?parent=1703"}],"wp:term":[{"taxonomy":"category","embeddable":true,"href":"https:\/\/blogs.ugr.es\/memolab\/wp-json\/wp\/v2\/categories?post=1703"},{"taxonomy":"post_tag","embeddable":true,"href":"https:\/\/blogs.ugr.es\/memolab\/wp-json\/wp\/v2\/tags?post=1703"}],"curies":[{"name":"wp","href":"https:\/\/api.w.org\/{rel}","templated":true}]}}