{"id":154,"date":"2021-04-20T11:05:48","date_gmt":"2021-04-20T09:05:48","guid":{"rendered":"https:\/\/blogs.ugr.es\/miberenguer\/?page_id=154"},"modified":"2024-04-04T18:15:08","modified_gmt":"2024-04-04T16:15:08","slug":"teaching","status":"publish","type":"page","link":"https:\/\/blogs.ugr.es\/miberenguer\/en\/teaching\/","title":{"rendered":"Teaching"},"content":{"rendered":"<h2><span style=\"color: #000080\">Teaching experience\u00a0<\/span><\/h2>\n<p>In the academic year 2023-2024 I teach the following subjects:<\/p>\n<ul>\n<li><a href=\"https:\/\/grados.ugr.es\/ramas\/ingenieria-arquitectura\/grado-edificacion\/matematicas-i\"><em>Matem\u00e1ticas<\/em> 1.<\/a><\/li>\n<li><em><a href=\"https:\/\/www.ugr.es\/estudiantes\/grados\/grado-ingenieria-civil-plan-2023\/algebra-lineal-geometria\">\u00c1lgebra Lineal y Geometr\u00eda<\/a><\/em><\/li>\n<li><a href=\"https:\/\/masteres.ugr.es\/mara\/docencia\/plan-estudios\/guia-docente\/M97\/56\/2\/11\"><em>An\u00e1lisis Num\u00e9rico Aplicado a la Ingenier\u00eda<\/em><\/a> in <a href=\"https:\/\/masteres.ugr.es\/mara\/\">Master Universitario en Rehabilitaci\u00f3n Arquitect\u00f3nica<\/a>.<\/li>\n<\/ul>\n<p>The developed previously teaching has been linked to the \u00ab<a href=\"https:\/\/etsie.ugr.es\/en\/\">ETSI de Edificaci\u00f3n<\/a>\u00ab, \u00ab<a href=\"https:\/\/etsag.ugr.es\/\">ETS de Arquitectura\u00bb<\/a>\u00a0 and\u00a0 \u00ab<a href=\"https:\/\/etsiccp.ugr.es\/\">ETSI de Caminos Canales y Puertos\u00bb<\/a> of the University of Granada. In the past, I taught the following subjects:<\/p>\n<p>&nbsp;<\/p>\n<table class=\"MsoTable15Grid4Accent1\" style=\"border-collapse: collapse;border: none;height: 953px\" border=\"1\" width=\"1278\" cellspacing=\"0\" cellpadding=\"0\">\n<tbody>\n<tr>\n<td style=\"width: 212.35pt;border: solid #4472C4 1.0pt;border-right: none;background: #4472C4;padding: 0cm 5.4pt 0cm 5.4pt\" valign=\"top\" width=\"283\">\n<p class=\"MsoNormal\" style=\"text-align: center\" align=\"center\"><b><span lang=\"EN-US\" style=\"font-size: 12.0pt;color: white\">TITULACI\u00d3N<\/span><\/b><\/p>\n<\/td>\n<td style=\"width: 212.35pt;border: solid #4472C4 1.0pt;border-left: none;background: #4472C4;padding: 0cm 5.4pt 0cm 5.4pt\" valign=\"top\" width=\"283\">\n<p class=\"MsoNormal\" style=\"text-align: center\" align=\"center\"><b><span lang=\"EN-US\" style=\"font-size: 12.0pt;color: white\">ASIGNATURA<\/span><\/b><\/p>\n<\/td>\n<\/tr>\n<tr>\n<td style=\"width: 212.35pt;border: solid #8EAADB 1.0pt;border-top: none;background: #D9E2F3;padding: 0cm 5.4pt 0cm 5.4pt\" width=\"283\">\n<p class=\"TableParagraph\"><b><span style=\"color: #4472c4\">ARQUITECTURA TECNICA Y <\/span><\/b><b><span style=\"color: #4472c4\">GRADUADO\/A EN EDIFICACI\u00d3N<\/span><\/b><\/p>\n<\/td>\n<td style=\"width: 212.35pt;border-top: none;border-left: none;border-bottom: solid #8EAADB 1.0pt;border-right: solid #8EAADB 1.0pt;background: #D9E2F3;padding: 0cm 5.4pt 0cm 5.4pt\" width=\"283\">\n<p class=\"TableParagraph\" style=\"margin-left: 6.3pt\"><span style=\"color: #4472c4\">ALGEBRA LINEAL<\/span><\/p>\n<p class=\"TableParagraph\" style=\"margin-left: 6.3pt\"><span style=\"color: #4472c4\">AMPLIACI\u00d3N DE MATEM\u00c1TICAS<\/span><\/p>\n<p class=\"TableParagraph\" style=\"margin-left: 6.3pt\"><span style=\"color: #4472c4\">CALCULO MATEMATICO<\/span><\/p>\n<p class=\"TableParagraph\" style=\"margin-left: 6.3pt\"><span style=\"color: #4472c4\">MATEM\u00c1TICAS I<\/span><\/p>\n<p class=\"MsoNormal\"><span style=\"color: #4472c4\">\u00a0\u00a0MATEM\u00c1TICAS II<\/span><\/p>\n<\/td>\n<\/tr>\n<tr>\n<td style=\"width: 212.35pt;border: solid #8EAADB 1.0pt;border-top: none;padding: 0cm 5.4pt 0cm 5.4pt\" width=\"283\">\n<p class=\"TableParagraph\"><b><span style=\"color: #4472c4\">ARQUITECTO Y <\/span><\/b><b style=\"font-family: inherit;font-size: inherit\"><span style=\"color: #4472c4\">GRADUADO\/A EN ARQUITECTURA<\/span><\/b><\/p>\n<\/td>\n<td style=\"width: 212.35pt;border-top: none;border-left: none;border-bottom: solid #8EAADB 1.0pt;border-right: solid #8EAADB 1.0pt;padding: 0cm 5.4pt 0cm 5.4pt\" width=\"283\">\n<p class=\"TableParagraph\" style=\"margin-left: 6.3pt\"><span style=\"color: #4472c4\">C\u00c1LCULO NUMERICO<\/span><\/p>\n<p class=\"TableParagraph\" style=\"margin-left: 6.3pt\"><span style=\"color: #4472c4\">ECUACIONES DIFERENCIALES EN DERIVADAS PARCIALES Y ELEMENTOS FINITOS\u00a0\u00a0\u00a0 <\/span><\/p>\n<p class=\"TableParagraph\" style=\"margin-left: 6.3pt\"><span style=\"color: #4472c4\">FUNDAMENTOS MATEM\u00c1TICOS EN LA ARQUITECTURA 1<\/span><\/p>\n<p class=\"TableParagraph\" style=\"margin-left: 6.3pt\"><span style=\"color: #4472c4\">FUNDAMENTOS MATEM\u00c1TICOS EN LA ARQUITECTURA 2<\/span><\/p>\n<p class=\"TableParagraph\" style=\"margin-left: 6.3pt\"><span style=\"color: #4472c4\">MATEMATICAS I<\/span><\/p>\n<p class=\"MsoNormal\"><span style=\"color: #4472c4\">\u00a0\u00a0MATEMATICAS II<\/span><\/p>\n<\/td>\n<\/tr>\n<tr>\n<td style=\"width: 212.35pt;border: solid #8EAADB 1.0pt;border-top: none;background: #D9E2F3;padding: 0cm 5.4pt 0cm 5.4pt\" width=\"283\">\n<p class=\"MsoNormal\"><b><span style=\"color: #4472c4\">GRADUADO\/A EN INGENIER\u00cdA CIVIL\u00a0\u00a0 <\/span><\/b><\/p>\n<\/td>\n<td style=\"width: 212.35pt;border-top: none;border-left: none;border-bottom: solid #8EAADB 1.0pt;border-right: solid #8EAADB 1.0pt;background: #D9E2F3;padding: 0cm 5.4pt 0cm 5.4pt\" width=\"283\">\n<p class=\"TableParagraph\" style=\"margin-left: 6.3pt\"><span style=\"color: #4472c4\">AMPLIACI\u00d3N DE MATEM\u00c1TICAS<\/span><\/p>\n<p class=\"MsoNormal\"><span style=\"color: #4472c4\">\u00a0 MATEM\u00c1TICA APLICADA<\/span><\/p>\n<\/td>\n<\/tr>\n<tr>\n<td style=\"width: 212.35pt;border: solid #8EAADB 1.0pt;border-top: none;padding: 0cm 5.4pt 0cm 5.4pt\" width=\"283\">\n<p class=\"MsoNormal\"><b><span lang=\"EN-US\" style=\"color: #4472c4\">GRADUADO\/A EN QU\u00cdMICA<\/span><\/b><\/p>\n<\/td>\n<td style=\"width: 212.35pt;border-top: none;border-left: none;border-bottom: solid #8EAADB 1.0pt;border-right: solid #8EAADB 1.0pt;padding: 0cm 5.4pt 0cm 5.4pt\" width=\"283\">\n<p class=\"TableParagraph\" style=\"margin-left: 6.3pt\"><span style=\"color: #4472c4\">MATEM\u00c1TICAS II<\/span><\/p>\n<\/td>\n<\/tr>\n<tr>\n<td style=\"width: 212.35pt;border: solid #8EAADB 1.0pt;border-top: none;background: #D9E2F3;padding: 0cm 5.4pt 0cm 5.4pt\" width=\"283\">\n<p class=\"MsoNormal\"><b><span style=\"color: #4472c4\">M\u00c1STER UNIVERSITARIO EN REHABILITACI\u00d3N ARQUITECT\u00d3NICA <\/span><\/b><\/p>\n<\/td>\n<td style=\"width: 212.35pt;border-top: none;border-left: none;border-bottom: solid #8EAADB 1.0pt;border-right: solid #8EAADB 1.0pt;background: #D9E2F3;padding: 0cm 5.4pt 0cm 5.4pt\" width=\"283\">\n<p class=\"TableParagraph\" style=\"margin-left: 6.3pt\"><span style=\"color: #4472c4\">AN\u00c1LISIS NUM\u00c9RICO APLICADO A LA INGENIER\u00cdA<\/span><\/p>\n<\/td>\n<\/tr>\n<tr>\n<td style=\"width: 212.35pt;border: solid #8EAADB 1.0pt;border-top: none;padding: 0cm 5.4pt 0cm 5.4pt\" width=\"283\">\n<p class=\"MsoNormal\"><b><span style=\"color: #4472c4\">M\u00c1STER UNIVERSITARIO EN INGENIER\u00cdA DE CAMINOS, CANALES Y PUERTOS <\/span><\/b><\/p>\n<\/td>\n<td style=\"width: 212.35pt;border-top: none;border-left: none;border-bottom: solid #8EAADB 1.0pt;border-right: solid #8EAADB 1.0pt;padding: 0cm 5.4pt 0cm 5.4pt\" width=\"283\">\n<p class=\"TableParagraph\" style=\"margin-left: 6.3pt\"><span style=\"color: #4472c4\">AN\u00c1LISIS NUM\u00c9RICO<\/span><\/p>\n<\/td>\n<\/tr>\n<\/tbody>\n<\/table>\n<h2><span style=\"color: #000080\">Teaching Innovation Projects\u00a0\u00a0<\/span><\/h2>\n<p>I have participated in the following Teaching Innovation Projects at the UGR:<\/p>\n<ul>\n<li>00-17: FUNDAMENTOS MATEM\u00c1TICOS EN LA ARQUITECTURA T\u00c9CNICA Y SUPERIOR<\/li>\n<li>08-137: ADAPTACI\u00d3N AL ESPACIO EUROPEO DE EDUCACI\u00d3N SUPERIOR DE LA DOCENCIA EN LAS ASIGNATURAS DE \u00c1LGEBRA LINEAL Y C\u00c1LCULO MATEM\u00c1TICO DE ARQUITECTURA T\u00c9CNICA ANTE LA IMPLANTACI\u00d3N DEL T\u00cdTULO DE GRADO EN INGENIER\u00cdA DE EDIFICACI\u00d3N<\/li>\n<li>10-46: ORIENTACI\u00d3N Y AYUDA AL ESTUDIANTE DE PRIMER CURSO EN LA ETSI DE EDIFICACI\u00d3N: PLAN PROA y PROGRAMA PAEC.<\/li>\n<li>10-219: INTRODUCCI\u00d3N DE GEOGEBRA EN LA ENSE\u00d1ANZA DE LAS MATEM\u00c1TICAS EN ARQUITECTURA<\/li>\n<li>11-337: ORIENTACI\u00d3N Y AYUDA AL ESTUDIANTE EN LA ETSI DE INGENIER\u00cdA DE EDIFICACI\u00d3N: PLAN PROA Y PROGRAMA PAEC.<\/li>\n<li>12-114: ORIENTACI\u00d3N Y AYUDA AL ESTUDIANTE EN LA ETS I DE EDIFICACI\u00d3N: PROGRAMA PAEC Y PLAN ORIENTA<\/li>\n<li>13-165: HERRAMIENTA ON-LINE PARA LAS MATEM\u00c1TICAS EN INGENIER\u00cdA DE EDIFICACI\u00d3N.<\/li>\n<li>16-35: TRABAJO COLABORATIVO ENTRE DOCENTES Y ENTRE ESTUDIANTES EN LA ASIGNATURA AN\u00c1LISIS NUM\u00c9RICO DEL MASTER EN INGENIER\u00cdA DE CAMINOS, CANALES Y PUERTOS<\/li>\n<\/ul>\n","protected":false},"excerpt":{"rendered":"<p>Teaching experience\u00a0 In the academic year 2023-2024 I teach the following subjects: Matem\u00e1ticas 1. \u00c1lgebra Lineal y Geometr\u00eda An\u00e1lisis Num\u00e9rico Aplicado a la Ingenier\u00eda in Master Universitario en Rehabilitaci\u00f3n Arquitect\u00f3nica. The developed previously teaching has been linked to the \u00abETSI de Edificaci\u00f3n\u00ab, \u00abETS de Arquitectura\u00bb\u00a0 and\u00a0 \u00abETSI de Caminos Canales y Puertos\u00bb of the University [&hellip;]<\/p>\n","protected":false},"author":576,"featured_media":0,"parent":0,"menu_order":0,"comment_status":"closed","ping_status":"closed","template":"","meta":{"_genesis_hide_title":false,"_genesis_hide_breadcrumbs":false,"_genesis_hide_singular_image":false,"_genesis_hide_footer_widgets":false,"_genesis_custom_body_class":"","_genesis_custom_post_class":"","_genesis_layout":"full-width-content","footnotes":""},"categories":[],"tags":[],"class_list":{"0":"post-154","1":"page","2":"type-page","3":"status-publish","5":"entry"},"_links":{"self":[{"href":"https:\/\/blogs.ugr.es\/miberenguer\/wp-json\/wp\/v2\/pages\/154","targetHints":{"allow":["GET"]}}],"collection":[{"href":"https:\/\/blogs.ugr.es\/miberenguer\/wp-json\/wp\/v2\/pages"}],"about":[{"href":"https:\/\/blogs.ugr.es\/miberenguer\/wp-json\/wp\/v2\/types\/page"}],"author":[{"embeddable":true,"href":"https:\/\/blogs.ugr.es\/miberenguer\/wp-json\/wp\/v2\/users\/576"}],"replies":[{"embeddable":true,"href":"https:\/\/blogs.ugr.es\/miberenguer\/wp-json\/wp\/v2\/comments?post=154"}],"version-history":[{"count":4,"href":"https:\/\/blogs.ugr.es\/miberenguer\/wp-json\/wp\/v2\/pages\/154\/revisions"}],"predecessor-version":[{"id":414,"href":"https:\/\/blogs.ugr.es\/miberenguer\/wp-json\/wp\/v2\/pages\/154\/revisions\/414"}],"wp:attachment":[{"href":"https:\/\/blogs.ugr.es\/miberenguer\/wp-json\/wp\/v2\/media?parent=154"}],"wp:term":[{"taxonomy":"category","embeddable":true,"href":"https:\/\/blogs.ugr.es\/miberenguer\/wp-json\/wp\/v2\/categories?post=154"},{"taxonomy":"post_tag","embeddable":true,"href":"https:\/\/blogs.ugr.es\/miberenguer\/wp-json\/wp\/v2\/tags?post=154"}],"curies":[{"name":"wp","href":"https:\/\/api.w.org\/{rel}","templated":true}]}}