{"id":119,"date":"2018-01-22T09:22:43","date_gmt":"2018-01-22T08:22:43","guid":{"rendered":"https:\/\/blogs.ugr.es\/migra-cin-es\/?page_id=119"},"modified":"2022-10-18T21:24:45","modified_gmt":"2022-10-18T19:24:45","slug":"inicio","status":"publish","type":"page","link":"https:\/\/blogs.ugr.es\/migra-cin-es\/inicio\/","title":{"rendered":"Equipo"},"content":{"rendered":"<h3 style=\"text-align: left\"><\/h3>\n<p>&nbsp;<\/p>\n<p><img loading=\"lazy\" decoding=\"async\" class=\"wp-image-403 alignleft\" src=\"https:\/\/blogs.ugr.es\/migra-cin-es\/wp-content\/uploads\/sites\/128\/2022\/10\/AndresBlancoGalan-262x300.png\" alt=\"\" width=\"321\" height=\"368\" srcset=\"https:\/\/blogs.ugr.es\/migra-cin-es\/wp-content\/uploads\/sites\/128\/2022\/10\/AndresBlancoGalan-262x300.png 262w, https:\/\/blogs.ugr.es\/migra-cin-es\/wp-content\/uploads\/sites\/128\/2022\/10\/AndresBlancoGalan-612x700.png 612w, https:\/\/blogs.ugr.es\/migra-cin-es\/wp-content\/uploads\/sites\/128\/2022\/10\/AndresBlancoGalan.png 699w\" sizes=\"auto, (max-width: 321px) 100vw, 321px\" \/><strong>Andr\u00e9s Blanco Gal\u00e1n<\/strong>.\u00a0Graduado en periodismo por la Universidad de Sevilla, posee un M\u00e1ster en Cultura de Paz, Conflictos, Educaci\u00f3n y Derechos Humanos por la C\u00e1tedra UNESCO de Resoluci\u00f3n de Conflictos de la Universidad de C\u00f3rdoba. Ha realizado estancias acad\u00e9micas en la Universidad Par\u00eds V Descartes y Universidad del Pa\u00eds Vasco. Posee cursos en migraciones, cooperaci\u00f3n al desarrollo, igualdad y comunicaci\u00f3n por la Universidad Humboldt de Berl\u00edn, Cruz Roja, Instituto de Estudios sobre Conflictos y Acci\u00f3n Humanitaria, Escuela de Periodismo de <em>El Pa\u00eds,<\/em> Centro de Iniciativas de Cooperaci\u00f3n al Desarrollo de la Universidad de Granada y el Vicerrectorado de Igualdad, Inclusi\u00f3n y Sostenibilidad de esta \u00faltima instituci\u00f3n. Ha trabajado y colaborado en varios proyectos culturales, de cooperaci\u00f3n al desarrollo y acci\u00f3n humanitaria en Francia, Israel, Bosnia y Herzegovina y Espa\u00f1a, as\u00ed como en distintos medios de comunicaci\u00f3n. Actualmente realiza su tesis doctoral en el Instituto de Migraciones de la Universidad de Granada donde investiga sobre la presencia del fen\u00f3meno del refugio en el cine europeo de migraciones.<\/p>\n<ul>\n<li>Contacto: <a href=\"&#x6d;&#x61;&#x69;&#x6c;&#x74;&#x6f;&#x3a;&#97;&#98;&#108;&#97;&#110;coga&#x6c;&#x61;&#x6e;&#x40;&#x63;&#x6f;&#x72;&#x72;&#101;&#111;&#46;&#117;&#103;r&#46;es\">&#x61;b&#x6c;&#97;n&#x63;&#111;&#x67;&#x61;l&#x61;&#110;&#64;&#x63;&#111;&#x72;&#114;e&#x6f;&#46;u&#x67;&#114;&#x2e;&#101;s<\/a><\/li>\n<li>ORCID: https:\/\/orcid.org\/0000-0001-9229-3979<\/li>\n<\/ul>\n<p>&nbsp;<\/p>\n<p><img loading=\"lazy\" decoding=\"async\" class=\" wp-image-465 alignright\" src=\"https:\/\/blogs.ugr.es\/migra-cin-es\/wp-content\/uploads\/sites\/128\/2022\/10\/SalvatoreDenaro-300x297.png\" alt=\"\" width=\"334\" height=\"331\" srcset=\"https:\/\/blogs.ugr.es\/migra-cin-es\/wp-content\/uploads\/sites\/128\/2022\/10\/SalvatoreDenaro-300x297.png 300w, https:\/\/blogs.ugr.es\/migra-cin-es\/wp-content\/uploads\/sites\/128\/2022\/10\/SalvatoreDenaro-150x150.png 150w, https:\/\/blogs.ugr.es\/migra-cin-es\/wp-content\/uploads\/sites\/128\/2022\/10\/SalvatoreDenaro.png 586w\" sizes=\"auto, (max-width: 334px) 100vw, 334px\" \/><\/p>\n<p>&nbsp;<\/p>\n<p><strong>Salvatore Denaro<\/strong>. Licenciado en Literatura Moderna por la Universidad de Catania (Sicilia, Italia) con una tesis sobre el cine de Ingmar Bergman. Su tesis, centrada en la pel\u00edcula Luces de invierno (1961), exploraba temas como el \u00absilencio de Dios\u00bb, el ate\u00edsmo religioso contempor\u00e1neo, la filosof\u00eda de Kierkegaard y, finalmente, una comparaci\u00f3n con \u00abDiario de un cura rural\u00bb de Robert Bresson, de 1952. Tras especializarse en la ense\u00f1anza de personas discapacitadas en la Universidad de Siena (Italia), trabaja como profesora en un centro de secundaria en Italia.\u00a0Recientemente ha indicado su investigaci\u00f3n doctoral sobre la representaci\u00f3n de la inmigraci\u00f3n en el cine italiano dentro del Programa de Doctorado Interuniversitario en Estudios Migratorios de la Universidad de Granada, Universidad de Ja\u00e9n y Universidad Pablo de Olavide.<\/p>\n<ul>\n<li>Contacto: <a href=\"&#x6d;&#97;i&#x6c;&#116;o&#x3a;&#100;e&#x6e;&#97;r&#x6f;&#115;a&#x6c;&#x76;a&#x74;&#x6f;&#114;&#x65;&#x31;&#48;&#x40;&#x67;&#109;a&#x69;&#108;&#46;&#x63;&#111;m\">&#x64;&#101;n&#x61;&#114;o&#x73;&#97;l&#x76;&#x61;&#116;&#x6f;&#x72;&#101;1&#x30;&#64;g&#x6d;&#97;i&#x6c;&#x2e;&#99;&#x6f;&#x6d;<\/a><\/li>\n<\/ul>\n<p>&nbsp;<\/p>\n<p>&nbsp;<\/p>\n<p><strong><img loading=\"lazy\" decoding=\"async\" class=\"wp-image-404 alignleft\" src=\"https:\/\/blogs.ugr.es\/migra-cin-es\/wp-content\/uploads\/sites\/128\/2022\/10\/FJavierGarciaCastano-259x300.png\" alt=\"\" width=\"336\" height=\"389\" srcset=\"https:\/\/blogs.ugr.es\/migra-cin-es\/wp-content\/uploads\/sites\/128\/2022\/10\/FJavierGarciaCastano-259x300.png 259w, https:\/\/blogs.ugr.es\/migra-cin-es\/wp-content\/uploads\/sites\/128\/2022\/10\/FJavierGarciaCastano-605x700.png 605w, https:\/\/blogs.ugr.es\/migra-cin-es\/wp-content\/uploads\/sites\/128\/2022\/10\/FJavierGarciaCastano.png 691w\" sizes=\"auto, (max-width: 336px) 100vw, 336px\" \/>F. Javier Garc\u00eda Casta\u00f1o.<\/strong> Catedr\u00e1tico\u00a0de Antropolog\u00eda Social en el Departamento de Antropolog\u00eda Social y director del Instituto de Migraciones de la Universidad de Granada. Sus investigaciones se han centrado en los procesos de construcci\u00f3n de la diferencia como formas de gesti\u00f3n de la diversidad (en especial en contextos migratorios). En los \u00faltimos tiempos han ampliado esta l\u00ednea de estudio al cine de migraciones y la ha desarrollado gracias a un proyecto de investigaci\u00f3n concedi\u00f3 por el Ministerio de Educaci\u00f3n del Gobierno de Espa\u00f1a para desarrollar una estancia en la Harvard University (julio-septiembre de 2022). Tambi\u00e9n se inserta esta l\u00ednea de investigaci\u00f3n en el proyecto <em>Agenciamientos pol\u00edticos, interculturalismos y (anti)racismos en Andaluc\u00eda<\/em> (APIARA) con referencia B-SEJ-440-UGR20 y financiado dentro de la convocatoria de proyectos de I+D+i en el marco del Programa Operativo FEDER de la Junta de Andaluc\u00eda. Ha publicado, junto con Antonia Olmos, Raquel Mart\u00ednez y Mar\u00eda Rubio el libro <em>Cine y Migraciones<\/em> (Bellaterra, 2022)<\/p>\n<ul>\n<li>Contacto: <a href=\"mail&#116;&#111;&#58;&#102;&#106;&#x67;&#x61;&#x72;&#x63;&#x69;&#x61;&#x40;ugr&#46;&#101;&#115;\">fjg&#97;&#114;&#99;&#105;&#x61;&#x40;&#x75;&#x67;&#x72;&#x2e;&#x65;s<\/a><\/li>\n<li>ORCI: https:\/\/orcid.org\/0000-0001-6833-9527<\/li>\n<\/ul>\n<p><img loading=\"lazy\" decoding=\"async\" class=\"wp-image-405 alignright\" src=\"https:\/\/blogs.ugr.es\/migra-cin-es\/wp-content\/uploads\/sites\/128\/2022\/10\/LuciaLermaParra-279x300.png\" alt=\"\" width=\"345\" height=\"370\" srcset=\"https:\/\/blogs.ugr.es\/migra-cin-es\/wp-content\/uploads\/sites\/128\/2022\/10\/LuciaLermaParra-279x300.png 279w, https:\/\/blogs.ugr.es\/migra-cin-es\/wp-content\/uploads\/sites\/128\/2022\/10\/LuciaLermaParra-651x700.png 651w, https:\/\/blogs.ugr.es\/migra-cin-es\/wp-content\/uploads\/sites\/128\/2022\/10\/LuciaLermaParra.png 744w\" sizes=\"auto, (max-width: 345px) 100vw, 345px\" \/><\/p>\n<p>&nbsp;<\/p>\n<p>&nbsp;<\/p>\n<p>&nbsp;<\/p>\n<p><strong>Luc\u00eda Lerma Parra<\/strong> es una investigadora en formaci\u00f3n miembro del Instituto de Migraciones de la Universidad de Granada. Ha estudiado Sociolog\u00eda en esta universidad, y ha realizado su trabajo fin de carrera sobre la literatura acad\u00e9mica existente sobre el cine y las migraciones en el contexto espa\u00f1ol. Actualmente cursa el M\u00e1ster en Cinematograf\u00eda en la Universidad de C\u00f3rdoba<\/p>\n<ul>\n<li>Contacto: <a href=\"ma&#105;&#108;&#116;&#x6f;&#x3a;&#x6c;&#x75;&#x63;ia&#108;&#101;&#114;&#x6d;&#x61;&#x40;&#x63;&#x6f;rr&#101;&#111;&#46;&#x75;&#x67;&#x72;&#x2e;&#x65;s\">lucialer&#109;&#97;&#64;&#99;&#111;&#114;&#114;&#101;&#111;&#46;&#x75;&#x67;&#x72;&#x2e;&#x65;&#x73;<\/a><\/li>\n<\/ul>\n<p>&nbsp;<\/p>\n<p>&nbsp;<\/p>\n<p>&nbsp;<\/p>\n<p><img loading=\"lazy\" decoding=\"async\" class=\"wp-image-406 alignleft\" src=\"https:\/\/blogs.ugr.es\/migra-cin-es\/wp-content\/uploads\/sites\/128\/2022\/10\/PilarMontanerPastor-282x300.png\" alt=\"\" width=\"319\" height=\"339\" srcset=\"https:\/\/blogs.ugr.es\/migra-cin-es\/wp-content\/uploads\/sites\/128\/2022\/10\/PilarMontanerPastor-282x300.png 282w, https:\/\/blogs.ugr.es\/migra-cin-es\/wp-content\/uploads\/sites\/128\/2022\/10\/PilarMontanerPastor-657x700.png 657w, https:\/\/blogs.ugr.es\/migra-cin-es\/wp-content\/uploads\/sites\/128\/2022\/10\/PilarMontanerPastor.png 751w\" sizes=\"auto, (max-width: 319px) 100vw, 319px\" \/><\/p>\n<p>&nbsp;<\/p>\n<p>&nbsp;<\/p>\n<p><strong>Pilar Montaner Pastor.<\/strong> Estudiante de Ciencias Pol\u00edticas y de la Administraci\u00f3n P\u00fablica en la Universidad de Valencia y de Filosof\u00eda y Derecho en la UNED. Curs\u00f3 su tercer a\u00f1o universitario en Roma, participando en el programa Erasmus, y su cuarto a\u00f1o en Madrid, con la beca SICUE.\u00a0Actualmente realiza sus pr\u00e1cticas en el Instituto de Migraciones de la Universidad de Granada.<\/p>\n<ul>\n<li>Contacto: <a href=\"&#109;&#x61;&#105;&#x6c;&#116;&#x6f;:&#x70;i&#108;&#x61;&#114;&#x6d;&#111;&#x6e;t&#x61;n&#101;&#x72;&#112;&#x61;&#115;&#x74;&#111;&#x72;7&#x40;g&#109;&#x61;&#105;&#x6c;&#46;&#x63;o&#x6d;\">&#112;&#x69;&#108;&#x61;&#114;&#x6d;&#111;&#x6e;&#116;&#x61;&#110;&#x65;&#114;&#x70;&#97;&#x73;&#116;&#x6f;&#114;&#x37;&#64;&#x67;&#109;&#x61;&#105;&#x6c;&#46;&#x63;o&#x6d;<\/a><\/li>\n<\/ul>\n<p>&nbsp;<\/p>\n<p>&nbsp;<\/p>\n<p><img loading=\"lazy\" decoding=\"async\" class=\"wp-image-407 alignright\" src=\"https:\/\/blogs.ugr.es\/migra-cin-es\/wp-content\/uploads\/sites\/128\/2022\/10\/RadiaDakhchoune-286x300.png\" alt=\"\" width=\"348\" height=\"365\" srcset=\"https:\/\/blogs.ugr.es\/migra-cin-es\/wp-content\/uploads\/sites\/128\/2022\/10\/RadiaDakhchoune-286x300.png 286w, https:\/\/blogs.ugr.es\/migra-cin-es\/wp-content\/uploads\/sites\/128\/2022\/10\/RadiaDakhchoune-668x700.png 668w, https:\/\/blogs.ugr.es\/migra-cin-es\/wp-content\/uploads\/sites\/128\/2022\/10\/RadiaDakhchoune.png 762w\" sizes=\"auto, (max-width: 348px) 100vw, 348px\" \/><\/p>\n<p>&nbsp;<\/p>\n<p>&nbsp;<\/p>\n<p><strong>Radia Dakhchoune Boumjimar.\u00a0<\/strong>Graduada en Estudios \u00c1rabes e Isl\u00e1micos de la Universidad de Granada y m\u00e1ster en Cultura \u00c1rabe y Hebrea: al-\u00c1ndalus y el Mundo \u00c1rabe Contempor\u00e1neo en la Universidad de Granada, actualmente en el segundo a\u00f1o del m\u00e1ster en Ciencias de las Religiones: Historia y Sociedades en la Universidad de Pablo de Olavide de Sevilla y el segundo a\u00f1o en el programa de doctorado en Estudios Migratorios de la Universidad de Granada e investigadora en el Instituto de Migraciones de la Universidad de Granada. Ha completado estudios en Mediaci\u00f3n y Ciencias Pol\u00edticas en International Career Institute de EEUU. Trabaja desde hace siete a\u00f1os como profesora y traductora de lengua \u00e1rabe y espa\u00f1ola. Reside desde hace tres a\u00f1os en B\u00e9lgica donde completa su programa de Erasmus. Actualmente est\u00e1 trabajando su tesis doctoral sobre \u201cLa representaci\u00f3n de lo musulm\u00e1n en el cine espa\u00f1ol de inmigraci\u00f3n\u201d.<\/p>\n<ul>\n<li><span style=\"font-weight: 400\">Contacto: <a href=\"&#x6d;&#x61;&#x69;&#x6c;&#x74;&#x6f;&#x3a;&#x65;&#x2e;&#x72;&#x61;&#x64;&#x69;&#x61;&#x73;&#x61;&#x6d;&#x61;&#x40;&#x63;&#x6f;&#x72;&#x72;&#x65;&#x6f;&#x2e;&#x75;&#x67;&#x72;&#x2e;&#x65;&#x73;\">&#101;&#x2e;&#114;&#x61;&#100;&#x69;a&#x73;a&#109;&#x61;&#64;&#x63;&#111;&#x72;r&#x65;o&#46;&#x75;&#103;&#x72;&#46;&#x65;&#115;<\/a><\/span><\/li>\n<li>ORCID: https:\/\/orcid.org\/0000-0001-9199-2997<\/li>\n<\/ul>\n<p>&nbsp;<\/p>\n<p><img loading=\"lazy\" decoding=\"async\" class=\"wp-image-408 alignleft\" src=\"https:\/\/blogs.ugr.es\/migra-cin-es\/wp-content\/uploads\/sites\/128\/2022\/10\/YuchenJiang-279x300.png\" alt=\"\" width=\"346\" height=\"372\" srcset=\"https:\/\/blogs.ugr.es\/migra-cin-es\/wp-content\/uploads\/sites\/128\/2022\/10\/YuchenJiang-279x300.png 279w, https:\/\/blogs.ugr.es\/migra-cin-es\/wp-content\/uploads\/sites\/128\/2022\/10\/YuchenJiang-651x700.png 651w, https:\/\/blogs.ugr.es\/migra-cin-es\/wp-content\/uploads\/sites\/128\/2022\/10\/YuchenJiang.png 685w\" sizes=\"auto, (max-width: 346px) 100vw, 346px\" \/><\/p>\n<p>&nbsp;<\/p>\n<p><strong>Yuchen Jiang<\/strong>. Graduada en Filolog\u00eda Hispana de la Universidad de Lenguas Extranjeras de Dalian de China y M\u00e1ster en Investigaci\u00f3n Aplicada a la Comunicaci\u00f3n en la Universidad Rey Juan Carlos. En la actualidad se encuentra realizado su investigaci\u00f3n doctoral sobre la presencia de personajes chinos en el cine espa\u00f1ol de inmigraci\u00f3n en el Programa de Doctorado Interuniversitario en Estudios Migratorios de la Universidad de Granada, Universidad de Ja\u00e9n y Universidad Pablo de Olavide siendo investigadora en el Instituto de Migraciones de la Universidad de Granada. Ha completado estudios en la interculturalidad hispana-china, la poblaci\u00f3n china en Espa\u00f1a y la influencia de la Era de <em>Big Data<\/em>. Trabaja como traductora, profesora de espa\u00f1ol e ingl\u00e9s en China y posee las experiencias profesionales en las instituciones gubernamentales.<\/p>\n<ul>\n<li>Contacto: <a href=\"&#109;&#x61;&#105;&#x6c;&#116;&#x6f;:&#x6a;i&#x61;n&#103;&#x79;&#117;&#x63;&#104;&#x65;&#110;&#x40;c&#x6f;r&#x72;e&#111;&#x2e;&#117;&#x67;&#114;&#x2e;&#101;&#x73;\">&#x6a;&#105;a&#x6e;&#103;&#121;&#x75;&#x63;&#104;e&#x6e;&#64;c&#x6f;&#x72;&#114;e&#x6f;&#46;u&#x67;&#x72;&#46;e&#x73;<\/a><\/li>\n<\/ul>\n","protected":false},"excerpt":{"rendered":"<p>&nbsp; Andr\u00e9s Blanco Gal\u00e1n.\u00a0Graduado en periodismo por la Universidad de Sevilla, posee un M\u00e1ster en Cultura de Paz, Conflictos, Educaci\u00f3n y Derechos Humanos por la C\u00e1tedra UNESCO de Resoluci\u00f3n de Conflictos de la Universidad de C\u00f3rdoba. Ha realizado estancias acad\u00e9micas en la Universidad Par\u00eds V Descartes y Universidad del Pa\u00eds Vasco. Posee cursos en migraciones,&hellip; <a href=\"https:\/\/blogs.ugr.es\/migra-cin-es\/inicio\/\" class=\"more-link\">Leer m\u00e1s <span class=\"screen-reader-text\">acerca de Equipo<\/span><\/a><\/p>\n","protected":false},"author":2,"featured_media":0,"parent":0,"menu_order":0,"comment_status":"closed","ping_status":"closed","template":"","meta":{"_genesis_hide_title":false,"_genesis_hide_breadcrumbs":false,"_genesis_hide_singular_image":false,"_genesis_hide_footer_widgets":false,"_genesis_custom_body_class":"","_genesis_custom_post_class":"","_genesis_layout":"","footnotes":""},"categories":[],"tags":[],"class_list":{"0":"post-119","1":"page","2":"type-page","3":"status-publish","5":"entry","6":"has-post-thumbnail"},"_links":{"self":[{"href":"https:\/\/blogs.ugr.es\/migra-cin-es\/wp-json\/wp\/v2\/pages\/119","targetHints":{"allow":["GET"]}}],"collection":[{"href":"https:\/\/blogs.ugr.es\/migra-cin-es\/wp-json\/wp\/v2\/pages"}],"about":[{"href":"https:\/\/blogs.ugr.es\/migra-cin-es\/wp-json\/wp\/v2\/types\/page"}],"author":[{"embeddable":true,"href":"https:\/\/blogs.ugr.es\/migra-cin-es\/wp-json\/wp\/v2\/users\/2"}],"replies":[{"embeddable":true,"href":"https:\/\/blogs.ugr.es\/migra-cin-es\/wp-json\/wp\/v2\/comments?post=119"}],"version-history":[{"count":3,"href":"https:\/\/blogs.ugr.es\/migra-cin-es\/wp-json\/wp\/v2\/pages\/119\/revisions"}],"predecessor-version":[{"id":471,"href":"https:\/\/blogs.ugr.es\/migra-cin-es\/wp-json\/wp\/v2\/pages\/119\/revisions\/471"}],"wp:attachment":[{"href":"https:\/\/blogs.ugr.es\/migra-cin-es\/wp-json\/wp\/v2\/media?parent=119"}],"wp:term":[{"taxonomy":"category","embeddable":true,"href":"https:\/\/blogs.ugr.es\/migra-cin-es\/wp-json\/wp\/v2\/categories?post=119"},{"taxonomy":"post_tag","embeddable":true,"href":"https:\/\/blogs.ugr.es\/migra-cin-es\/wp-json\/wp\/v2\/tags?post=119"}],"curies":[{"name":"wp","href":"https:\/\/api.w.org\/{rel}","templated":true}]}}