{"id":211,"date":"2022-07-11T21:22:07","date_gmt":"2022-07-11T19:22:07","guid":{"rendered":"https:\/\/blogs.ugr.es\/migra-cin-es\/?page_id=211"},"modified":"2024-02-02T13:07:33","modified_gmt":"2024-02-02T12:07:33","slug":"capitulos","status":"publish","type":"page","link":"https:\/\/blogs.ugr.es\/migra-cin-es\/capitulos\/","title":{"rendered":"Cap\u00edtulos"},"content":{"rendered":"<h3 style=\"text-align: center\">Cap\u00edtulos de libros publicados por miembros del equipo de investigaci\u00f3n sobre la tem\u00e1tica de cine y migraciones<\/h3>\n<p>&nbsp;<\/p>\n<ul>\n<li>Garc\u00eda Casta\u00f1o, F.J., A. Olmos Alcaraz. R. Mart\u00ednez Chic\u00f3n y M. Rubio G\u00f3mez (2022). A modo de presentaci\u00f3n: la representaci\u00f3n de las migraciones en el cine en Espa\u00f1a. En A.\u00a0Olmos Alcaraz. R. Mart\u00ednez Chic\u00f3n, M. Rubio G\u00f3mez y F.J. Garc\u00eda Casta\u00f1o (Eds.) <em>Cine y migraciones<\/em> (5-24)<em>.<\/em> Bellaterra<\/li>\n<\/ul>\n","protected":false},"excerpt":{"rendered":"<p>Cap\u00edtulos de libros publicados por miembros del equipo de investigaci\u00f3n sobre la tem\u00e1tica de cine y migraciones &nbsp; Garc\u00eda Casta\u00f1o, F.J., A. Olmos Alcaraz. R. Mart\u00ednez Chic\u00f3n y M. Rubio G\u00f3mez (2022). A modo de presentaci\u00f3n: la representaci\u00f3n de las migraciones en el cine en Espa\u00f1a. En A.\u00a0Olmos Alcaraz. R. Mart\u00ednez Chic\u00f3n, M. Rubio G\u00f3mez&hellip; <a href=\"https:\/\/blogs.ugr.es\/migra-cin-es\/capitulos\/\" class=\"more-link\">Leer m\u00e1s <span class=\"screen-reader-text\">acerca de Cap\u00edtulos<\/span><\/a><\/p>\n","protected":false},"author":20,"featured_media":0,"parent":0,"menu_order":0,"comment_status":"closed","ping_status":"closed","template":"","meta":{"_genesis_hide_title":false,"_genesis_hide_breadcrumbs":false,"_genesis_hide_singular_image":false,"_genesis_hide_footer_widgets":false,"_genesis_custom_body_class":"","_genesis_custom_post_class":"","_genesis_layout":"","footnotes":""},"categories":[],"tags":[],"class_list":{"0":"post-211","1":"page","2":"type-page","3":"status-publish","5":"entry"},"_links":{"self":[{"href":"https:\/\/blogs.ugr.es\/migra-cin-es\/wp-json\/wp\/v2\/pages\/211","targetHints":{"allow":["GET"]}}],"collection":[{"href":"https:\/\/blogs.ugr.es\/migra-cin-es\/wp-json\/wp\/v2\/pages"}],"about":[{"href":"https:\/\/blogs.ugr.es\/migra-cin-es\/wp-json\/wp\/v2\/types\/page"}],"author":[{"embeddable":true,"href":"https:\/\/blogs.ugr.es\/migra-cin-es\/wp-json\/wp\/v2\/users\/20"}],"replies":[{"embeddable":true,"href":"https:\/\/blogs.ugr.es\/migra-cin-es\/wp-json\/wp\/v2\/comments?post=211"}],"version-history":[{"count":3,"href":"https:\/\/blogs.ugr.es\/migra-cin-es\/wp-json\/wp\/v2\/pages\/211\/revisions"}],"predecessor-version":[{"id":950,"href":"https:\/\/blogs.ugr.es\/migra-cin-es\/wp-json\/wp\/v2\/pages\/211\/revisions\/950"}],"wp:attachment":[{"href":"https:\/\/blogs.ugr.es\/migra-cin-es\/wp-json\/wp\/v2\/media?parent=211"}],"wp:term":[{"taxonomy":"category","embeddable":true,"href":"https:\/\/blogs.ugr.es\/migra-cin-es\/wp-json\/wp\/v2\/categories?post=211"},{"taxonomy":"post_tag","embeddable":true,"href":"https:\/\/blogs.ugr.es\/migra-cin-es\/wp-json\/wp\/v2\/tags?post=211"}],"curies":[{"name":"wp","href":"https:\/\/api.w.org\/{rel}","templated":true}]}}