{"id":212,"date":"2022-07-11T21:22:07","date_gmt":"2022-07-11T19:22:07","guid":{"rendered":"https:\/\/blogs.ugr.es\/migra-cin-es\/?page_id=212"},"modified":"2024-02-02T13:07:59","modified_gmt":"2024-02-02T12:07:59","slug":"libros","status":"publish","type":"page","link":"https:\/\/blogs.ugr.es\/migra-cin-es\/libros\/","title":{"rendered":"Libros"},"content":{"rendered":"<h3 style=\"text-align: center\">Libros publicados por miembros del equipo de investigaci\u00f3n sobre la tem\u00e1tica de cine y migraciones<\/h3>\n<p>&nbsp;<\/p>\n<ul>\n<li>\n<div>\n<p class=\"02Autores\">Olmos Alcaraz, A; R. Mart\u00ednez Chic\u00f3n; M. Rubio G\u00f3mez y F.J. Garc\u00eda Casta\u00f1o (Eds.) (2022). <em>Cine y migraciones.<\/em> Bellaterra<\/p>\n<\/div>\n<\/li>\n<\/ul>\n","protected":false},"excerpt":{"rendered":"<p>Libros publicados por miembros del equipo de investigaci\u00f3n sobre la tem\u00e1tica de cine y migraciones &nbsp; Olmos Alcaraz, A; R. Mart\u00ednez Chic\u00f3n; M. Rubio G\u00f3mez y F.J. Garc\u00eda Casta\u00f1o (Eds.) (2022). Cine y migraciones. Bellaterra<\/p>\n","protected":false},"author":20,"featured_media":0,"parent":0,"menu_order":0,"comment_status":"closed","ping_status":"closed","template":"","meta":{"_genesis_hide_title":false,"_genesis_hide_breadcrumbs":false,"_genesis_hide_singular_image":false,"_genesis_hide_footer_widgets":false,"_genesis_custom_body_class":"","_genesis_custom_post_class":"","_genesis_layout":"","footnotes":""},"categories":[],"tags":[],"class_list":{"0":"post-212","1":"page","2":"type-page","3":"status-publish","5":"entry"},"_links":{"self":[{"href":"https:\/\/blogs.ugr.es\/migra-cin-es\/wp-json\/wp\/v2\/pages\/212","targetHints":{"allow":["GET"]}}],"collection":[{"href":"https:\/\/blogs.ugr.es\/migra-cin-es\/wp-json\/wp\/v2\/pages"}],"about":[{"href":"https:\/\/blogs.ugr.es\/migra-cin-es\/wp-json\/wp\/v2\/types\/page"}],"author":[{"embeddable":true,"href":"https:\/\/blogs.ugr.es\/migra-cin-es\/wp-json\/wp\/v2\/users\/20"}],"replies":[{"embeddable":true,"href":"https:\/\/blogs.ugr.es\/migra-cin-es\/wp-json\/wp\/v2\/comments?post=212"}],"version-history":[{"count":3,"href":"https:\/\/blogs.ugr.es\/migra-cin-es\/wp-json\/wp\/v2\/pages\/212\/revisions"}],"predecessor-version":[{"id":951,"href":"https:\/\/blogs.ugr.es\/migra-cin-es\/wp-json\/wp\/v2\/pages\/212\/revisions\/951"}],"wp:attachment":[{"href":"https:\/\/blogs.ugr.es\/migra-cin-es\/wp-json\/wp\/v2\/media?parent=212"}],"wp:term":[{"taxonomy":"category","embeddable":true,"href":"https:\/\/blogs.ugr.es\/migra-cin-es\/wp-json\/wp\/v2\/categories?post=212"},{"taxonomy":"post_tag","embeddable":true,"href":"https:\/\/blogs.ugr.es\/migra-cin-es\/wp-json\/wp\/v2\/tags?post=212"}],"curies":[{"name":"wp","href":"https:\/\/api.w.org\/{rel}","templated":true}]}}