{"id":240,"date":"2022-07-11T21:28:23","date_gmt":"2022-07-11T19:28:23","guid":{"rendered":"https:\/\/blogs.ugr.es\/migra-cin-es\/?page_id=240"},"modified":"2024-02-08T13:26:50","modified_gmt":"2024-02-08T12:26:50","slug":"filmoteca","status":"publish","type":"page","link":"https:\/\/blogs.ugr.es\/migra-cin-es\/filmoteca\/","title":{"rendered":"Filmoteca"},"content":{"rendered":"<p><span style=\"color: #cc2c30\"><a style=\"color: #cc2c30\" href=\"https:\/\/blogs.ugr.es\/migra-cin-es\/segun-duracion\/\">Seg\u00fan su duraci\u00f3n<\/a><\/span><\/p>\n<p><span style=\"color: #cc2c30\"><a style=\"color: #cc2c30\" href=\"https:\/\/blogs.ugr.es\/migra-cin-es\/segun-tipologia\/\">Seg\u00fan su tipolog\u00eda<\/a><\/span><\/p>\n","protected":false},"excerpt":{"rendered":"<p>Seg\u00fan su duraci\u00f3n Seg\u00fan su tipolog\u00eda<\/p>\n","protected":false},"author":20,"featured_media":0,"parent":0,"menu_order":0,"comment_status":"closed","ping_status":"closed","template":"","meta":{"_genesis_hide_title":false,"_genesis_hide_breadcrumbs":false,"_genesis_hide_singular_image":false,"_genesis_hide_footer_widgets":false,"_genesis_custom_body_class":"","_genesis_custom_post_class":"","_genesis_layout":"","footnotes":""},"categories":[],"tags":[],"class_list":{"0":"post-240","1":"page","2":"type-page","3":"status-publish","5":"entry"},"_links":{"self":[{"href":"https:\/\/blogs.ugr.es\/migra-cin-es\/wp-json\/wp\/v2\/pages\/240","targetHints":{"allow":["GET"]}}],"collection":[{"href":"https:\/\/blogs.ugr.es\/migra-cin-es\/wp-json\/wp\/v2\/pages"}],"about":[{"href":"https:\/\/blogs.ugr.es\/migra-cin-es\/wp-json\/wp\/v2\/types\/page"}],"author":[{"embeddable":true,"href":"https:\/\/blogs.ugr.es\/migra-cin-es\/wp-json\/wp\/v2\/users\/20"}],"replies":[{"embeddable":true,"href":"https:\/\/blogs.ugr.es\/migra-cin-es\/wp-json\/wp\/v2\/comments?post=240"}],"version-history":[{"count":2,"href":"https:\/\/blogs.ugr.es\/migra-cin-es\/wp-json\/wp\/v2\/pages\/240\/revisions"}],"predecessor-version":[{"id":960,"href":"https:\/\/blogs.ugr.es\/migra-cin-es\/wp-json\/wp\/v2\/pages\/240\/revisions\/960"}],"wp:attachment":[{"href":"https:\/\/blogs.ugr.es\/migra-cin-es\/wp-json\/wp\/v2\/media?parent=240"}],"wp:term":[{"taxonomy":"category","embeddable":true,"href":"https:\/\/blogs.ugr.es\/migra-cin-es\/wp-json\/wp\/v2\/categories?post=240"},{"taxonomy":"post_tag","embeddable":true,"href":"https:\/\/blogs.ugr.es\/migra-cin-es\/wp-json\/wp\/v2\/tags?post=240"}],"curies":[{"name":"wp","href":"https:\/\/api.w.org\/{rel}","templated":true}]}}