{"id":246,"date":"2022-07-11T21:28:23","date_gmt":"2022-07-11T19:28:23","guid":{"rendered":"https:\/\/blogs.ugr.es\/migra-cin-es\/?page_id=246"},"modified":"2024-02-02T12:33:21","modified_gmt":"2024-02-02T11:33:21","slug":"documental","status":"publish","type":"page","link":"https:\/\/blogs.ugr.es\/migra-cin-es\/documental\/","title":{"rendered":"Documentales"},"content":{"rendered":"<h3 style=\"text-align: center\">Documentales \u00abespa\u00f1oles\u00bb de registrados en la base de datos de <span style=\"color: #cc2c30\"><a style=\"color: #cc2c30\" href=\"https:\/\/www.filmaffinity.com\/es\/main.html\">Filmaffinity<\/a>\u00a0<\/span>(y otras bases) que tratan el fen\u00f3meno de las migraciones (1990-2022)<\/h3>\n<p>&nbsp;<\/p>\n<table width=\"1353\">\n<tbody>\n<tr>\n<td width=\"306\">\n<h4><strong>T\u00edtulo original<\/strong><\/h4>\n<\/td>\n<td width=\"62\">\n<h4><strong>A\u00f1o<\/strong><\/h4>\n<\/td>\n<td width=\"428\">\n<h4><strong>Direcci\u00f3n<\/strong><\/h4>\n<\/td>\n<td width=\"556\">\n<h4><strong>Productora<\/strong><\/h4>\n<\/td>\n<\/tr>\n<tr>\n<td width=\"306\">El viaje de Ibrahima<\/td>\n<td width=\"62\">2000<\/td>\n<td width=\"428\">Carles Caparr\u00f3s, Daniel Hern\u00e1ndez<\/td>\n<td width=\"556\">Alea Docs &amp; Films<\/td>\n<\/tr>\n<tr>\n<td width=\"306\">Balseros<\/td>\n<td width=\"62\">2002<\/td>\n<td width=\"428\">Carles Bosch, Josep Maria Dom\u00e9nech<\/td>\n<td width=\"556\">Bausan Films, Buenavida producciones, Televisi\u00f3n de Galicia (TVG)<\/td>\n<\/tr>\n<tr>\n<td width=\"306\">Cuatro puntos cardinales<\/td>\n<td width=\"62\">2002<\/td>\n<td width=\"428\">Manuel Mart\u00edn Cuenca, Jos\u00e9 Manuel Campos, Pilar Garc\u00eda Elegido, Natalia D\u00edaz<\/td>\n<td width=\"556\">Morena Films<\/td>\n<\/tr>\n<tr>\n<td width=\"306\">El tren de la memoria<\/td>\n<td width=\"62\">2005<\/td>\n<td width=\"428\">Marta Arribas, Ana P\u00e9rez<\/td>\n<td width=\"556\">Producciones La Iguana S.L, Oasis P.C<\/td>\n<\/tr>\n<tr>\n<td width=\"306\">Inshallah Europa (La \u00daltima Frontera)<\/td>\n<td width=\"62\">2005<\/td>\n<td width=\"428\">David Fontseca<\/td>\n<td width=\"556\">Produccions RODA VISUAL<\/td>\n<\/tr>\n<tr>\n<td width=\"306\">Ojos negros<\/td>\n<td width=\"62\">2005<\/td>\n<td width=\"428\">Massimiliano Vana<\/td>\n<td width=\"556\">Coproducci\u00f3n Espa\u00f1a-Bulgaria; Ladafilm<\/td>\n<\/tr>\n<tr>\n<td width=\"306\">Bienvenido mister Kaita (Bienvenido Mr. Kaita)<\/td>\n<td width=\"62\">2006<\/td>\n<td width=\"428\">Albert Albacete<\/td>\n<td width=\"556\">ALEA TV, RTVE<\/td>\n<\/tr>\n<tr>\n<td width=\"306\">Catalunya negra<\/td>\n<td width=\"62\">2006<\/td>\n<td width=\"428\">Gilbert-Ndunga Nsangata<\/td>\n<td width=\"556\">Alea Docs &amp; Films<\/td>\n<\/tr>\n<tr>\n<td width=\"306\">El norte (entre el infinito y la nada)<\/td>\n<td width=\"62\">2006<\/td>\n<td width=\"428\">Lino Varela<\/td>\n<td width=\"556\"><\/td>\n<\/tr>\n<tr>\n<td width=\"306\">Nuevos espa\u00f1oles<\/td>\n<td width=\"62\">2007<\/td>\n<td width=\"428\">Fernando Ampuero<\/td>\n<td width=\"556\">Co.Eficiente.\u00a0 Distribuidora: RTVE<\/td>\n<\/tr>\n<tr>\n<td width=\"306\">Into the Shadows<\/td>\n<td width=\"62\">2013<\/td>\n<td width=\"428\">Pep Bonet<\/td>\n<td width=\"556\"><\/td>\n<\/tr>\n<tr>\n<td width=\"306\">Los caminos de Aissa<\/td>\n<td width=\"62\">2013<\/td>\n<td width=\"428\">Rolando D\u00edaz<\/td>\n<td width=\"556\">Luna Llena Producciones SL, Ventura Films<\/td>\n<\/tr>\n<tr>\n<td width=\"306\">Manzanas, pollos y quimeras<\/td>\n<td width=\"62\">2013<\/td>\n<td width=\"428\">In\u00e9s Par\u00eds<\/td>\n<td width=\"556\">Fundaci\u00f3n Mujeres por \u00c1frica<\/td>\n<\/tr>\n<tr>\n<td width=\"306\">Pettring<\/td>\n<td width=\"62\">2013<\/td>\n<td width=\"428\">Eloy Dom\u00ednguez Ser\u00e9n<\/td>\n<td width=\"556\"><\/td>\n<\/tr>\n<tr>\n<td width=\"306\">A Legacy of Smoke<\/td>\n<td width=\"62\">2014<\/td>\n<td width=\"428\">Luis Argeo, James D. Fern\u00e1ndez<\/td>\n<td width=\"556\">White Stone Ridge Productions<\/td>\n<\/tr>\n<tr>\n<td width=\"306\">El llanto de la gacela<\/td>\n<td width=\"62\">2014<\/td>\n<td width=\"428\">Maritza Garc\u00eda, Marius Wehrli<\/td>\n<td width=\"556\">TV3<\/td>\n<\/tr>\n<tr>\n<td width=\"306\">En tierra extra\u00f1a<\/td>\n<td width=\"62\">2014<\/td>\n<td width=\"428\">Ic\u00edar Bolla\u00edn<\/td>\n<td width=\"556\">Tormenta Films<\/td>\n<\/tr>\n<tr>\n<td width=\"306\">La puerta azul<\/td>\n<td width=\"62\">2015<\/td>\n<td width=\"428\">Alicia Medina<\/td>\n<td width=\"556\">Diodo Media<\/td>\n<\/tr>\n<tr>\n<td width=\"306\">Las l\u00e1grimas de \u00c1frica<\/td>\n<td width=\"62\">2015<\/td>\n<td width=\"428\">Amparo Climent<\/td>\n<td width=\"556\"><\/td>\n<\/tr>\n<tr>\n<td width=\"306\">Muros<\/td>\n<td width=\"62\">2015<\/td>\n<td width=\"428\">Pablo Iraburu, Migueltxo Molina<\/td>\n<td width=\"556\">Arena Comunicaci\u00f3n, Txalap.Art<\/td>\n<\/tr>\n<tr>\n<td width=\"306\">Sole\u00e1, els n\u00e9ts dels altres catalans<\/td>\n<td width=\"62\">2015<\/td>\n<td width=\"428\">Marc Hern\u00e1ndez, Maria Llin\u00e1s, Natalia Morales, Marta Vivet<\/td>\n<td width=\"556\"><\/td>\n<\/tr>\n<tr>\n<td width=\"306\">Astral<\/td>\n<td width=\"62\">2016<\/td>\n<td width=\"428\">Jordi \u00c9vole, Ram\u00f3n Lara<\/td>\n<td width=\"556\">Atresmedia Televisi\u00f3n, Salvados, Producciones del Barrio<\/td>\n<\/tr>\n<tr>\n<td width=\"306\">Contramarea<\/td>\n<td width=\"62\">2016<\/td>\n<td width=\"428\">Carlos Esca\u00f1o<\/td>\n<td width=\"556\"><\/td>\n<\/tr>\n<tr>\n<td width=\"306\">Dresden refuge<\/td>\n<td width=\"62\">2016<\/td>\n<td width=\"428\">Xuban Intxausti<\/td>\n<td width=\"556\">Coproducci\u00f3n Espa\u00f1a-Alemania; Mediapro Studios<\/td>\n<\/tr>\n<tr>\n<td width=\"306\">Messages at the Border<\/td>\n<td width=\"62\">2016<\/td>\n<td width=\"428\">Xuban Intxausti<\/td>\n<td width=\"556\">Mediapro Studios<\/td>\n<\/tr>\n<tr>\n<td width=\"306\">Tarajal: Desmontando la impunidad en la frontera sur<\/td>\n<td width=\"62\">2016<\/td>\n<td width=\"428\">Xavier Artigas, Xapo Ortega<\/td>\n<td width=\"556\">Metromuster, Observatori DESC<\/td>\n<\/tr>\n<tr>\n<td width=\"306\">To Kyma. Rescat al mar Egeu<\/td>\n<td width=\"62\">2016<\/td>\n<td width=\"428\">Arantza Diez, David Fontseca<\/td>\n<td width=\"556\">La Kaseta, Televisi\u00f3n de Galicia (TVG)<\/td>\n<\/tr>\n<tr>\n<td width=\"306\">Argentina<\/td>\n<td width=\"62\">2017<\/td>\n<td width=\"428\">Joaqu\u00edn Hermo<\/td>\n<td width=\"556\">ECAM<\/td>\n<\/tr>\n<tr>\n<td width=\"306\">Atenas. Meeting point<\/td>\n<td width=\"62\">2017<\/td>\n<td width=\"428\">Carmen PG Granxeiro<\/td>\n<td width=\"556\"><\/td>\n<\/tr>\n<tr>\n<td width=\"306\">Espa\u00f1oles en el exilio<\/td>\n<td width=\"62\">2017<\/td>\n<td width=\"428\">Rub\u00e9n Hornillo<\/td>\n<td width=\"556\">Yo Creo Content<\/td>\n<\/tr>\n<tr>\n<td width=\"306\">Invierno en Europa<\/td>\n<td width=\"62\">2017<\/td>\n<td width=\"428\">Polo Men\u00e1rguez<\/td>\n<td width=\"556\">Mordisco Films<\/td>\n<\/tr>\n<tr>\n<td width=\"306\">La plomada (The Weight of Remembering)<\/td>\n<td width=\"62\">2017<\/td>\n<td width=\"428\">Luis Argeo, James D. Fern\u00e1ndez<\/td>\n<td width=\"556\">Coproducci\u00f3n Espa\u00f1a-Estados Unidos; White Stone Ridge Productions, Centro Espa\u00f1ol de Tampa<\/td>\n<\/tr>\n<tr>\n<td width=\"306\">No puedo volver a casa<\/td>\n<td width=\"62\">2017<\/td>\n<td width=\"428\">Jordi Vilar<\/td>\n<td width=\"556\"><\/td>\n<\/tr>\n<tr>\n<td width=\"306\">Samba, un nombre borrado<\/td>\n<td width=\"62\">2017<\/td>\n<td width=\"428\">Mariano Agudo<\/td>\n<td width=\"556\">Coproducci\u00f3n Espa\u00f1a-Marruecos-Senegal; Intermedia Producciones<\/td>\n<\/tr>\n<tr>\n<td width=\"306\">Ahir\/Dem\u00e1<\/td>\n<td width=\"62\">2018<\/td>\n<td width=\"428\">Ra\u00fal Riebenbauer<\/td>\n<td width=\"556\">Waterdrop Films<\/td>\n<\/tr>\n<tr>\n<td width=\"306\">Hu\u00e9rfanos del olvido<\/td>\n<td width=\"62\">2018<\/td>\n<td width=\"428\">Lino Varela<\/td>\n<td width=\"556\"><\/td>\n<\/tr>\n<tr>\n<td width=\"306\">Idrissa, cr\u00f3nica de una muerte cualquiera<\/td>\n<td width=\"62\">2018<\/td>\n<td width=\"428\">Xavier Artigas, Xapo Ortega<\/td>\n<td width=\"556\">Metromuster, Polar Star Films<\/td>\n<\/tr>\n<tr>\n<td width=\"306\">Nuestra vida como ni\u00f1os refugiados en Europa<\/td>\n<td width=\"62\">2018<\/td>\n<td width=\"428\">Silvia Venegas Venegas<\/td>\n<td width=\"556\">Making DOC Producciones<\/td>\n<\/tr>\n<tr>\n<td width=\"306\">Barzakh<\/td>\n<td width=\"62\">2019<\/td>\n<td width=\"428\">Alejandro G. Salgado<\/td>\n<td width=\"556\">La Maleta Creacion Cultural<\/td>\n<\/tr>\n<tr>\n<td width=\"306\">El sue\u00f1o europeo: Serbia<\/td>\n<td width=\"62\">2019<\/td>\n<td width=\"428\">Jaime Alekos<\/td>\n<td width=\"556\"><\/td>\n<\/tr>\n<tr>\n<td width=\"306\">Entre dos tierras<\/td>\n<td width=\"62\">2019<\/td>\n<td width=\"428\">Javier Moreno Caballero<\/td>\n<td width=\"556\"><\/td>\n<\/tr>\n<tr>\n<td width=\"306\">No nacimos refugiados<\/td>\n<td width=\"62\">2019<\/td>\n<td width=\"428\">Claudio Zulian<\/td>\n<td width=\"556\">Acteon SCCL, TV3<\/td>\n<\/tr>\n<tr>\n<td width=\"306\">Paseko txoriak<\/td>\n<td width=\"62\">2019<\/td>\n<td width=\"428\">Juanmi Guti\u00e9rrez<\/td>\n<td width=\"556\">Zazpi T&#8217;erdi<\/td>\n<\/tr>\n<tr>\n<td width=\"306\">Varados<\/td>\n<td width=\"62\">2019<\/td>\n<td width=\"428\">Helena Taberna<\/td>\n<td width=\"556\">Lamia Producciones<\/td>\n<\/tr>\n<tr>\n<td width=\"306\">#boza<\/td>\n<td width=\"62\">2020<\/td>\n<td width=\"428\">Anna Surinyach, S\u00e9verine Sajous<\/td>\n<td width=\"556\">Colectivo 5w<\/td>\n<\/tr>\n<tr>\n<td width=\"306\">Cartas mojadas<\/td>\n<td width=\"62\">2020<\/td>\n<td width=\"428\">Paula Palacios<\/td>\n<td width=\"556\">Morada Films. Productor: Isabel Coixet<\/td>\n<\/tr>\n<tr>\n<td width=\"306\">El Camino<\/td>\n<td width=\"62\">2020<\/td>\n<td width=\"428\">Jos\u00e9 Manuel Col\u00f3n<\/td>\n<td width=\"556\">Alquimistas Producciones<\/td>\n<\/tr>\n<tr>\n<td width=\"306\">Fent les Am\u00e8riques<\/td>\n<td width=\"62\">2020<\/td>\n<td width=\"428\">Pedro Salom Cald\u00e9s<\/td>\n<td width=\"556\"><\/td>\n<\/tr>\n<tr>\n<td width=\"306\">Para\u00edso<\/td>\n<td width=\"62\">2020<\/td>\n<td width=\"428\">Mateo Cabeza<\/td>\n<td width=\"556\"><\/td>\n<\/tr>\n<tr>\n<td width=\"306\">Vidas menores<\/td>\n<td width=\"62\">2020<\/td>\n<td width=\"428\">Alfredo Torrescalles<\/td>\n<td width=\"556\">Fascina Producciones<\/td>\n<\/tr>\n<tr>\n<td width=\"306\">Aita Mari<\/td>\n<td width=\"62\">2021<\/td>\n<td width=\"428\">Javi Julio<\/td>\n<td width=\"556\">Nervio Film &amp; Foto<\/td>\n<\/tr>\n<tr>\n<td width=\"306\">Bienvenidos a Espa\u00f1a<\/td>\n<td width=\"62\">2021<\/td>\n<td width=\"428\">Juan Antonio Moreno Amador<\/td>\n<td width=\"556\">Making DOC Producciones<\/td>\n<\/tr>\n<tr>\n<td width=\"306\">Burned Souls<\/td>\n<td width=\"62\">2021<\/td>\n<td width=\"428\">Adri Salido, Gian Marco Benedetto<\/td>\n<td width=\"556\"><\/td>\n<\/tr>\n<tr>\n<td width=\"306\">LA QueenCia\u00f1era<\/td>\n<td width=\"62\">2021<\/td>\n<td width=\"428\">Pedro Peira<\/td>\n<td width=\"556\"><\/td>\n<\/tr>\n<tr>\n<td width=\"306\">Las nadie<\/td>\n<td width=\"62\">2021<\/td>\n<td width=\"428\">Elisa Mart\u00edn Gomez<\/td>\n<td width=\"556\"><\/td>\n<\/tr>\n<\/tbody>\n<\/table>\n","protected":false},"excerpt":{"rendered":"<p>Documentales \u00abespa\u00f1oles\u00bb de registrados en la base de datos de Filmaffinity\u00a0(y otras bases) que tratan el fen\u00f3meno de las migraciones (1990-2022) &nbsp; T\u00edtulo original A\u00f1o Direcci\u00f3n Productora El viaje de Ibrahima 2000 Carles Caparr\u00f3s, Daniel Hern\u00e1ndez Alea Docs &amp; Films Balseros 2002 Carles Bosch, Josep Maria Dom\u00e9nech Bausan Films, Buenavida producciones, Televisi\u00f3n de Galicia (TVG)&hellip; <a href=\"https:\/\/blogs.ugr.es\/migra-cin-es\/documental\/\" class=\"more-link\">Leer m\u00e1s <span class=\"screen-reader-text\">acerca de Documentales<\/span><\/a><\/p>\n","protected":false},"author":20,"featured_media":0,"parent":0,"menu_order":0,"comment_status":"closed","ping_status":"closed","template":"","meta":{"_genesis_hide_title":false,"_genesis_hide_breadcrumbs":false,"_genesis_hide_singular_image":false,"_genesis_hide_footer_widgets":false,"_genesis_custom_body_class":"","_genesis_custom_post_class":"","_genesis_layout":"","footnotes":""},"categories":[],"tags":[],"class_list":{"0":"post-246","1":"page","2":"type-page","3":"status-publish","5":"entry"},"_links":{"self":[{"href":"https:\/\/blogs.ugr.es\/migra-cin-es\/wp-json\/wp\/v2\/pages\/246","targetHints":{"allow":["GET"]}}],"collection":[{"href":"https:\/\/blogs.ugr.es\/migra-cin-es\/wp-json\/wp\/v2\/pages"}],"about":[{"href":"https:\/\/blogs.ugr.es\/migra-cin-es\/wp-json\/wp\/v2\/types\/page"}],"author":[{"embeddable":true,"href":"https:\/\/blogs.ugr.es\/migra-cin-es\/wp-json\/wp\/v2\/users\/20"}],"replies":[{"embeddable":true,"href":"https:\/\/blogs.ugr.es\/migra-cin-es\/wp-json\/wp\/v2\/comments?post=246"}],"version-history":[{"count":4,"href":"https:\/\/blogs.ugr.es\/migra-cin-es\/wp-json\/wp\/v2\/pages\/246\/revisions"}],"predecessor-version":[{"id":941,"href":"https:\/\/blogs.ugr.es\/migra-cin-es\/wp-json\/wp\/v2\/pages\/246\/revisions\/941"}],"wp:attachment":[{"href":"https:\/\/blogs.ugr.es\/migra-cin-es\/wp-json\/wp\/v2\/media?parent=246"}],"wp:term":[{"taxonomy":"category","embeddable":true,"href":"https:\/\/blogs.ugr.es\/migra-cin-es\/wp-json\/wp\/v2\/categories?post=246"},{"taxonomy":"post_tag","embeddable":true,"href":"https:\/\/blogs.ugr.es\/migra-cin-es\/wp-json\/wp\/v2\/tags?post=246"}],"curies":[{"name":"wp","href":"https:\/\/api.w.org\/{rel}","templated":true}]}}