{"id":249,"date":"2022-07-11T21:28:24","date_gmt":"2022-07-11T19:28:24","guid":{"rendered":"https:\/\/blogs.ugr.es\/migra-cin-es\/?page_id=249"},"modified":"2024-02-02T12:51:21","modified_gmt":"2024-02-02T11:51:21","slug":"series-tv","status":"publish","type":"page","link":"https:\/\/blogs.ugr.es\/migra-cin-es\/series-tv\/","title":{"rendered":"Series TV"},"content":{"rendered":"<h3 style=\"text-align: center\">Series de TV \u00abespa\u00f1olas\u00bb registradas en la base de datos de <span style=\"color: #cc2c30\"><a style=\"color: #cc2c30\" href=\"https:\/\/www.filmaffinity.com\/es\/main.html\">FilmAffinity<\/a> <\/span>(y otras bases) que tratan el fen\u00f3meno de las migraciones (1990-2022)<\/h3>\n<p>&nbsp;<\/p>\n<table border=\"0\" width=\"1136\" cellspacing=\"0\" cellpadding=\"0\">\n<colgroup>\n<col width=\"195\" \/>\n<col width=\"57\" \/>\n<col width=\"523\" \/>\n<col width=\"361\" \/><\/colgroup>\n<tbody>\n<tr>\n<td class=\"xl65\" width=\"195\" height=\"23\">\n<h4>T\u00edtulo original<\/h4>\n<\/td>\n<td class=\"xl65\" width=\"57\">\n<h4>A\u00f1o<\/h4>\n<\/td>\n<td class=\"xl65\" width=\"523\">\n<h4>Direcci\u00f3n<\/h4>\n<\/td>\n<td class=\"xl65\" width=\"361\">\n<h4>Productora<\/h4>\n<\/td>\n<\/tr>\n<tr>\n<td class=\"xl65\" width=\"195\" height=\"23\">La Mari<\/td>\n<td class=\"xl65\" width=\"57\">2002<\/td>\n<td class=\"xl65\" width=\"523\">Jes\u00fas Garay<\/td>\n<td class=\"xl65\" width=\"361\">Canal Sur, In Vitro Films, Televisi\u00f3n de Galicia (TVG)<\/td>\n<\/tr>\n<tr>\n<td class=\"xl65\" width=\"195\" height=\"45\">London Street<\/td>\n<td class=\"xl65\" width=\"57\">2003<\/td>\n<td class=\"xl65\" width=\"523\">Fernando Eiras (Creador), Javier Olivares (Creador), Pablo Olivares (Creador), Rafael de la Cueva, Jos\u00e9 Miguel Ganga<\/td>\n<td class=\"xl65\" width=\"361\">Emitida por: Antena 3 Televisi\u00f3n, Cartel<\/td>\n<\/tr>\n<tr>\n<td class=\"xl65\" width=\"195\" height=\"23\">Mar de pl\u00e1stico (TV Series)<\/td>\n<td class=\"xl65\" width=\"57\">2015<\/td>\n<td class=\"xl65\" width=\"523\">Norberto L\u00f3pez Amado, Alejandro Bazzano<\/td>\n<td class=\"xl65\" width=\"361\">Boomerang TV. <span class=\"font6\">Emitida por:<\/span><span class=\"font5\"> Antena 3 Televisi\u00f3n<\/span><\/td>\n<\/tr>\n<tr>\n<td class=\"xl65\" width=\"195\" height=\"45\">The Refugees (Refugiados)<\/td>\n<td class=\"xl65\" width=\"57\">2015<\/td>\n<td class=\"xl65\" width=\"523\">Ram\u00f3n Campos <span class=\"font6\">(Creador)<\/span><span class=\"font5\">, Gema R. Neira <\/span><span class=\"font6\">(Creador)<\/span><span class=\"font5\">, Crist\u00f3bal Garrido <\/span><span class=\"font6\">(Creador)<\/span><span class=\"font5\">, Adolfo Valor <\/span><span class=\"font6\">(Creador)<\/span><span class=\"font5\">, David Pinillos, Le\u00f3n Siminiani<\/span><\/td>\n<td class=\"xl65\" width=\"361\">Coproducci\u00f3n Espa\u00f1a-Reino Unido;<\/td>\n<\/tr>\n<tr>\n<td class=\"xl65\" width=\"195\" height=\"45\">Buscando el norte (TV Series)<\/td>\n<td class=\"xl65\" width=\"57\">2016<\/td>\n<td class=\"xl65\" width=\"523\">Nacho G. Velilla (Creador), Oriol Capel (Creador), Antonio S\u00e1nchez (Creador), David S. Olivas (Creador), Antonio S\u00e1nchez, Oriol Ferrer, Javi Luna<\/td>\n<td class=\"xl65\" width=\"361\">Producciones Aparte. Emitida por: Antena 3 Televisi\u00f3n<\/td>\n<\/tr>\n<\/tbody>\n<\/table>\n","protected":false},"excerpt":{"rendered":"<p>Series de TV \u00abespa\u00f1olas\u00bb registradas en la base de datos de FilmAffinity (y otras bases) que tratan el fen\u00f3meno de las migraciones (1990-2022) &nbsp; T\u00edtulo original A\u00f1o Direcci\u00f3n Productora La Mari 2002 Jes\u00fas Garay Canal Sur, In Vitro Films, Televisi\u00f3n de Galicia (TVG) London Street 2003 Fernando Eiras (Creador), Javier Olivares (Creador), Pablo Olivares (Creador),&hellip; <a href=\"https:\/\/blogs.ugr.es\/migra-cin-es\/series-tv\/\" class=\"more-link\">Leer m\u00e1s <span class=\"screen-reader-text\">acerca de Series TV<\/span><\/a><\/p>\n","protected":false},"author":20,"featured_media":0,"parent":0,"menu_order":0,"comment_status":"closed","ping_status":"closed","template":"","meta":{"_genesis_hide_title":false,"_genesis_hide_breadcrumbs":false,"_genesis_hide_singular_image":false,"_genesis_hide_footer_widgets":false,"_genesis_custom_body_class":"","_genesis_custom_post_class":"","_genesis_layout":"","footnotes":""},"categories":[],"tags":[],"class_list":{"0":"post-249","1":"page","2":"type-page","3":"status-publish","5":"entry"},"_links":{"self":[{"href":"https:\/\/blogs.ugr.es\/migra-cin-es\/wp-json\/wp\/v2\/pages\/249","targetHints":{"allow":["GET"]}}],"collection":[{"href":"https:\/\/blogs.ugr.es\/migra-cin-es\/wp-json\/wp\/v2\/pages"}],"about":[{"href":"https:\/\/blogs.ugr.es\/migra-cin-es\/wp-json\/wp\/v2\/types\/page"}],"author":[{"embeddable":true,"href":"https:\/\/blogs.ugr.es\/migra-cin-es\/wp-json\/wp\/v2\/users\/20"}],"replies":[{"embeddable":true,"href":"https:\/\/blogs.ugr.es\/migra-cin-es\/wp-json\/wp\/v2\/comments?post=249"}],"version-history":[{"count":3,"href":"https:\/\/blogs.ugr.es\/migra-cin-es\/wp-json\/wp\/v2\/pages\/249\/revisions"}],"predecessor-version":[{"id":943,"href":"https:\/\/blogs.ugr.es\/migra-cin-es\/wp-json\/wp\/v2\/pages\/249\/revisions\/943"}],"wp:attachment":[{"href":"https:\/\/blogs.ugr.es\/migra-cin-es\/wp-json\/wp\/v2\/media?parent=249"}],"wp:term":[{"taxonomy":"category","embeddable":true,"href":"https:\/\/blogs.ugr.es\/migra-cin-es\/wp-json\/wp\/v2\/categories?post=249"},{"taxonomy":"post_tag","embeddable":true,"href":"https:\/\/blogs.ugr.es\/migra-cin-es\/wp-json\/wp\/v2\/tags?post=249"}],"curies":[{"name":"wp","href":"https:\/\/api.w.org\/{rel}","templated":true}]}}