{"id":370,"date":"2022-10-07T22:10:04","date_gmt":"2022-10-07T20:10:04","guid":{"rendered":"https:\/\/blogs.ugr.es\/migra-cin-es\/?page_id=370"},"modified":"2024-02-02T13:06:34","modified_gmt":"2024-02-02T12:06:34","slug":"reuniones-academicas","status":"publish","type":"page","link":"https:\/\/blogs.ugr.es\/migra-cin-es\/reuniones-academicas\/","title":{"rendered":"Reuniones acad\u00e9micas"},"content":{"rendered":"<div>\n<div>\n<h3 style=\"text-align: center\">Publicaciones en formato \u00abcomunicaciones\/ponencias en reuniones acad\u00e9micas\u00bb (citaci\u00f3n APA7) sobre cine espa\u00f1ol de migraciones<\/h3>\n<p>&nbsp;<\/p>\n<\/div>\n<p><span style=\"font-size: 16px\">Abuladze, T., Esteban Bretones, D., &amp; Garc\u00eda Casta\u00f1o, F. J. (2012). \u00bfC\u00f3mo es representado el fen\u00f3meno de las migraciones por las personas que ven cine? An\u00e1lisis de discursos del espectador sobre un conjunto de pel\u00edculas espa\u00f1olas sobre emigraci\u00f3n, inmigraci\u00f3n o con personas migrantes. <\/span><i style=\"font-size: 16px\">Actas del VII Congreso Migraciones Internacionales en Espa\u00f1a: movilidad humana y diversidad social (Bilbao, 11-13 de abril)<\/i><span style=\"font-size: 16px\">, 3107-3118.<\/span><\/p>\n<\/div>\n<div>\n<p>Asi\u00f3n Su\u00f1er, A. (2017). La situaci\u00f3n de las sirvientas en Francia durante el tardofranquismo. Comentario comparativo de espa\u00f1olas en Par\u00eds (1971) y Las chicas de la sexta planta (2010). En G. Camarero G\u00f3mez &amp; F. S\u00e1nchez Barba (Eds.), <i>Actas del V Congreso Internacional de Historia y Cine: Escenarios del Cine Hist\u00f3rico<\/i> (pp. 315-326). Universidad Carlos III.<\/p>\n<\/div>\n<div>\n<p>Blanco Alvite, M., &amp; De las Heras de Zanini Matos, M. A. (2008). La imagen de la mujer espa\u00f1ola a trav\u00e9s del cine espa\u00f1ol. <i>Actas del V Simposio Internacional Jos\u00e9 Carlos Lisboa de Did\u00e1ctica del Espa\u00f1ol como Lengua Extranjera del Instituto Cervantes (R\u00edo de Janeiro, 2008)<\/i>, 341-349.<\/p>\n<\/div>\n<div>\n<p>Checa Olmos, F., &amp; Fern\u00e1ndez Soto, C. (2015). Migrantes (esposas, madres, trabajadoras) \u00bfciudadanas? Escorzos discursivos en algunos cortometrajes espa\u00f1oles del siglo XXI. En F. J. Garc\u00eda Casta\u00f1o, A. Meg\u00edas Meg\u00edas, &amp; J. Ortega Torres (Eds.), <i>Actas del VIII Congreso sobre Migraciones Internacionales en Espa\u00f1a (Granada, 16-18 de septiembre de 2015)<\/i> (p. S03\/106-S03\/114). Instituto de Migraciones.<\/p>\n<\/div>\n<div>\n<p>Costa Mas, J. (2008). Los colectivos latinoamericanos y africanos en Espa\u00f1a. Perspectiva desde las fuentes audiovisuales. <i>Anais V Simp\u00f3sio Internacional do Centro de Estudos do Caribe no Brasil<\/i>, 1-26.<\/p>\n<\/div>\n<div>\n<p>Costa Mas, J. (2009). Corolario de las migraciones: la mezcla \u00e9tnica en la \u00ednter city neoyorquina, seg\u00fan Auster y Wang. En J. Hern\u00e1ndez Borge &amp; D. L. Gonz\u00e1lez lopo (Eds.), <i>Actas del Coloquio Internacional: La emigraci\u00f3n en el cine: diversos enfoques (Santiago de Compostela, 22-23 de noviembre de 2007)<\/i> (pp. 108-122). Universidade de Santiago de Compostela.<\/p>\n<\/div>\n<div><\/div>\n<div>\n<p>Garc\u00eda-Barrero, J. A. (2019). Birds of passage\u202f: Literatura y cine para la ense\u00f1anza de la historia econ\u00f3mica del turismo y las migraciones. <i>Actas del XIV Encuentro de Did\u00e1ctica de la Historia Econ\u00f3mica<\/i>.<\/p>\n<\/div>\n<div>\n<p>Garz\u00f3n Guill\u00e9n, L. (2015). Entre el \u00abbuen salvaje\u00bb y el \u00abadversario\u00bb: im\u00e1genes del inmigrante en el cine espa\u00f1ol e italiano. En F. J. Garc\u00eda Casta\u00f1o, A. Meg\u00edas Meg\u00edas, &amp; J. Ortega Torres (Eds.), <i>Actas del VIII Congreso sobre Migraciones Internacionales en Espa\u00f1a (Granada, 16-18 de septiembre de 2015)<\/i> (p. S03\/58-S03\/69). Instituto de Migraciones.<\/p>\n<\/div>\n<div>\n<p>Hern\u00e1ndez Borge, J., &amp; Gonz\u00e1lez Lopo, D. L. (2009). La emigraci\u00f3n y el cine. En J. Hern\u00e1ndez Borge &amp; D. L. Gonz\u00e1lez Lopo (Eds.), <i>Actas del Coloquio Internacional: La emigraci\u00f3n en el cine: diversos enfoques (Santiago de Compostela, 22-23 de noviembre de 2007)<\/i>(pp. 9-16). Universidade de Santiago de Compostela.<\/p>\n<\/div>\n<div>\n<p>Hueso Mont\u00f3n, A. L. (2009). Grandes corrientes migratorias y su reflejo cinematogr\u00e1fico. En J. Hern\u00e1ndez Borge &amp; D. L. Gonz\u00e1lez Lopo (Eds.), <i>Actas del Coloquio Internacional: La emigraci\u00f3n en el cine: diversos enfoques (Santiago de Compostela, 22-23 de noviembre de 2007)<\/i> (pp. 95-107). Universidade de Santiago de Compostela.<\/p>\n<\/div>\n<div>\n<p>Igartua Perosanz, J. J., Frutos, J. F., Lozano, J. C., &amp; Mu\u00f1iz, C. (2008). Estudio transcultural sobre la recepci\u00f3n e impacto de la pel\u00edcula \u201cun d\u00eda sin mexicanos\u201d en las actitudes y creencias sobre la inmigraci\u00f3n. <i>Actas y memoria final: Congreso Internacional Fundacional AE-IC<\/i>, 1-15.<\/p>\n<\/div>\n<div>\n<p>Iglesias, C., &amp; Garc\u00eda S\u00e1nchez, J. L. (2015). La identidad cultural a trav\u00e9s del cine (mesa redonda). <i>Actas de las V Jornada de Celebraci\u00f3n del D\u00eda Mundial del Patrimonio Audiovisual. La identidad cultural a trav\u00e9s de las colecciones de registros sonoros y audiovisuales<\/i>, 18-33.<\/p>\n<\/div>\n<div>\n<p>Mar\u00edn Escudero, P. (2009). Kin\u00e9sica y prox\u00e9mica en la representaci\u00f3n de la otredad inmigrante del \u00faltimo cine espa\u00f1ol. En M. C. de la Pe\u00f1a Velasco, M. P\u00e9rez S\u00e1nchez, M. del M. Albero Mu\u00f1oz, M. T. Mar\u00edn Torres, &amp; J. M. Gonz\u00e1lez Mart\u00ednez (Eds.), <i>Actas del Congreso Internacional Imagen Apariencia<\/i> (p. 11). Universidad de Murcia.<\/p>\n<\/div>\n<div>\n<p>Mar\u00edn Escudero, P. (2012). La dif\u00edcil emergencia del sujeto inmigrante en el documental espa\u00f1ol reciente. <i><span lang=\"EN-US\">Proceedings 10th World Congress of the International Association for Semiotic Studies<\/span><\/i><span lang=\"EN-US\">, 2175-2183.<\/span><\/p>\n<\/div>\n<div>\n<p>Mar\u00edn Escudero, P. (2015). El documental reciente sobre inmigraci\u00f3n en Espa\u00f1a. En F. J. Garc\u00eda Casta\u00f1o, A. Meg\u00edas Meg\u00edas, &amp; J. Ortega Torres (Eds.), <i>Actas del VIII Congreso sobre Migraciones Internacionales en Espa\u00f1a (Granada, 16-18 de septiembre de 2015)<\/i>(p. S03\/49-S03\/57). Instituto de Migraciones.<\/p>\n<\/div>\n<div>\n<p>Mar\u00edn Molina, C. (2017). T\u00f3picos y mistificaciones orientalistas del cine colonial espa\u00f1ol en el escenario de Marruecos. En G. Camarero G\u00f3mez &amp; F. S\u00e1nchez Barba (Eds.), <i>Actas del V Congreso Internacional de Historia y Cine: Escenarios del Cine Hist\u00f3rico<\/i>. Universidad Carlos III de Madrid.<\/p>\n<\/div>\n<div>\n<p>Mart\u00edn S\u00e1nchez, R. (2009). Im\u00e1genes de la emigraci\u00f3n en el cine espa\u00f1ol. En J. Hern\u00e1ndez Borge &amp; D. L. Gonz\u00e1lez Lopo (Eds.), <i>Actas del Coloquio Internacional: La emigraci\u00f3n en el cine: diversos enfoques (Santiago de Compostela, 22-23 de noviembre de 2007)<\/i>(pp. 85-94). Universidade de Santiago de Compostela.<\/p>\n<\/div>\n<div>\n<p>Mart\u00ednez Garc\u00eda, M. \u00c1. (2005). El cine como medio para la comunicaci\u00f3n intercultural: La paradoja de un aparente intercambio entre culturas. <i>Actas del Congreso Internacional Desaf\u00edos Actuales de la Comunicaci\u00f3n Intercultural<\/i>, 1-10.<\/p>\n<\/div>\n<div>\n<p>Mart\u00ednez-Salanova S\u00e1nchez, E. (2005). Cine y migraciones en Espa\u00f1a. <i>Actas del IX Congreso de Inmigraci\u00f3n<\/i>, 1-20.<\/p>\n<\/div>\n<div>\n<p>Mongu\u00ed Monsalve, M. M., &amp; Chicangana Bayona, M. F. (2015). El discurso visual del inmigrante colombiano en el cine espa\u00f1ol contempor\u00e1neo. En F. J. Garc\u00eda Casta\u00f1o, A. Meg\u00edas Meg\u00edas, &amp; J. Ortega Torres (Eds.), <i>Actas del VIII Congreso sobre Migraciones Internacionales en Espa\u00f1a (Granada, 16-18 de septiembre de 2015)<\/i> (p. S03\/39-S03\/48). Instituto de Migraciones.<\/p>\n<\/div>\n<div>\n<p>Oliver, A. D. (2007). Locutorios y arroz tres delicias llegan a la pantalla espa\u00f1ol: el estudio del inmigrante en el cine espa\u00f1ol contempor\u00e1neo. <i>Actas del V Congreso sobre la Inmigraci\u00f3n en Espa\u00f1a: Migraciones y desarrollo humano (Valencia, marzo de 2007)<\/i>, 1-11.<\/p>\n<\/div>\n<div>\n<p>Pereira Dom\u00ednguez, C. (2007). Aportes desde el cine a la educaci\u00f3n social para la comprensi\u00f3n y la sensibilizaci\u00f3n hacia los olvidados. <i>Actas II Escola de Primavera. Educaci\u00f3n Social e Servicios Sociais<\/i>, 99-120.<\/p>\n<\/div>\n<div>\n<p>Puertas Valdeiglesias, S., &amp; Gonz\u00e1lez Fern\u00e1ndez, A. M. (2015). Del prejuicio religioso a la identidad personal. Estereotipos en torno al cortometraje \u201cHiyab\u201d de Xavi Salas. En F. J. Garc\u00eda Casta\u00f1o, A. Meg\u00edas Meg\u00edas, &amp; J. Ortega Torres (Eds.), <i>Actas del VIII Congreso sobre Migraciones Internacionales en Espa\u00f1a (Granada, 16-18 de septiembre de 2015)<\/i> (p. S23\/21-S23\/33). Instituto de Migraciones.<\/p>\n<\/div>\n<div>\n<p>Ram\u00edrez Almansa, I. (2019). Cine, cultura y traducci\u00f3n: los referentes culturales del espa\u00f1ol en lengua alemana desde los ojos del inmigrante del r\u00e9gimen franquista. En P. P\u00e9rez Ca\u00f1izares (Ed.), <i>Actas de las II Jornadas de Espa\u00f1ol para Fines Espec\u00edficos de Viena<\/i> (pp. 141-157).<\/p>\n<\/div>\n<div>\n<p>R\u00edos Reyes, M. (2003). La migraci\u00f3n en el cine. <i>Actas del I Coloquio Internacional: Migraci\u00f3n y Desarrollo: Transnacionalismo y Nuevas Perspectivas de Integraci\u00f3n<\/i>, 1-10.<\/p>\n<\/div>\n<div>\n<p>Rodr\u00edguez Rosell, M. del M. (2002). El lenguaje intercultural del S\u00e9ptimo Arte. <i>Actas del Congreso Internacional Desaf\u00edos Actuales de la Comunicaci\u00f3n Intercultural<\/i>, 13.<\/p>\n<\/div>\n<div>\n<p>Rodr\u00edguez Tranche, R. (2009). Imaginarios de la emigraci\u00f3n espa\u00f1ola en los a\u00f1os sesenta: NO-DO, presencias y ausencias. <i>Actas del Coloquio Internacional: La emigraci\u00f3n en el cine: diversos enfoques (Santiago de Compostela, 22-23 de noviembre de 2007)<\/i>, <i>196<\/i>, 159.<\/p>\n<\/div>\n<div>\n<p>Ruiz Estramil, I. B. (2015). \u201c1 franco 14 pesetas\u201d\u2013\u201c10.000 Kil\u00f3metros\u201d: emigraci\u00f3n cincuenta a\u00f1os despu\u00e9s. En F. J. Garc\u00eda Casta\u00f1o, A. Meg\u00edas Meg\u00edas, &amp; J. Ortega Torres (Eds.), <i>Actas del VIII Congreso sobre Migraciones Internacionales en Espa\u00f1a (Granada, 16-18 de septiembre de 2015)<\/i> (p. S03\/135-S03\/146). Instituto de Migraciones.<\/p>\n<\/div>\n<div>\n<p>S\u00e1nchez Cota, A. (2015). \u00abDo It Yourself\u00bb: Representaciones de las migraciones a trav\u00e9s de la creaci\u00f3n audiovisual. En F. J. Garc\u00eda Casta\u00f1o, A. Meg\u00edas Meg\u00edas, &amp; J. Ortega Torres (Eds.), <i>Actas del VIII Congreso sobre Migraciones Internacionales en Espa\u00f1a (Granada, 16-18 de septiembre de 2015)<\/i> (p. S03\/16-S03\/26). Instituto de Migraciones.<\/p>\n<\/div>\n<div>\n<p>S\u00e1nchez Dom\u00ednguez, R. (2015). A trav\u00e9s del espejo: re-presentaci\u00f3n e identidad de los emigrados espa\u00f1oles en Am\u00e9rica a trav\u00e9s de su cine documental. En F. J. Garc\u00eda Casta\u00f1o, A. Meg\u00edas Meg\u00edas, &amp; J. Ortega Torres (Eds.), <i>Actas del VIII Congreso sobre Migraciones Internacionales en Espa\u00f1a (Granada, 16-18 de septiembre de 2015)<\/i> (p. S03\/3-S03\/15). Instituto de Migraciones.<\/p>\n<\/div>\n<div>\n<p>Santaolalla Ram\u00f3n, I. (2002). Inmigraci\u00f3n, \u201craza\u201d y g\u00e9nero en el cine espa\u00f1ol actual. En F. J. Garc\u00eda Casta\u00f1o &amp; C. Muriel L\u00f3pez (Eds.), <i>Actas del III Congreso sobre la Inmigraci\u00f3n en Espa\u00f1a: Contextos y Alternativas<\/i> (pp. 55-62). Laboratorio de estudios Interculturales.<\/p>\n<\/div>\n<div>\n<p>Seijas Costa, R., &amp; Gonz\u00e1lez Cort\u00e9s, M. E. (2015). Inmigraci\u00f3n y cine en la ficci\u00f3n cinematogr\u00e1fica espa\u00f1ola (2011-2015). En F. J. Garc\u00eda Casta\u00f1o, A. Meg\u00edas Meg\u00edas, &amp; J. Ortega Torres (Eds.), <i>Actas del VIII Congreso sobre Migraciones Internacionales en Espa\u00f1a (Granada, 16-18 de septiembre de 2015)<\/i> (p. S03\/70-S03\/78). Instituto de Migraciones.<\/p>\n<\/div>\n<div>\n<p>Sergi, G., Depetris, S., &amp; Sergi, V. (2017). Inmigraci\u00f3n y cine: un abordaje para promover el pensamiento cr\u00edtico del estudiante de ingles (UNRC). <i>Actas del II Congreso Internacional. Lenguas-Migraciones-Culturas (CILMIC). Migraci\u00f3n y Frontera: debates socioculturales y ling\u00fcisticos en espacios geogr\u00e1ficos y virtuales.<\/i>, 59-65.<\/p>\n<\/div>\n<div>\n<p>Soscia, D. (2015). La nobilt\u00e0 eversiva. Alterit\u00e0 migrantee feticismo in Princesas di Fernando Le\u00f3n de Aranoa. En F. J. Garc\u00eda Casta\u00f1o, A. Meg\u00edas Meg\u00edas, &amp; J. Ortega Torres (Eds.), <i>Actas del VIII Congreso sobre Migraciones Internacionales en Espa\u00f1a (Granada, 16-18 de septiembre de 2015)<\/i> (p. S03\/100-S03\/105). Instituto de Migraciones.<\/p>\n<\/div>\n<div>\n<p>V\u00e9lez Garc\u00eda, V. L. (2017). G\u00e9nero y cultura en el cine: Espa\u00f1a en India, Banglad\u00e9s en Espa\u00f1a. En J. C. Su\u00e1rez Villegas, L. A. Guadarrama Rico, J. VAlero Vilchis, &amp; P. Panarese (Eds.), <i>Aportaciones al III Congreso Internacional de Comunicaci\u00f3n y G\u00e9nero. La desigualdad de g\u00e9nero invisibilizada en la comunicaci\u00f3n<\/i>. Dykinson.<\/p>\n<\/div>\n<div>\n<p>Villar Hern\u00e1ndez, P. (2002). El otro: conflictos de identidad en el cine espa\u00f1ol contempor\u00e1neo. <i><span lang=\"EN-US\">Proceedings VIII Annual Graduate Romanic Association Colloquium: \u201cConflict in Crisis: Literature and Film in Troubled Times\u00bb<\/span><\/i><span lang=\"EN-US\">, 21.<\/span><\/p>\n<\/div>\n<div>\n<p>Yulieth, A., &amp; Montenegro, C. (2020). Encuadres coloniales. Una cr\u00edtica antirracista a las representaciones sexualizadas y racializadas en el cine. <i>Actas Seminario Virtual Contranarrativas<\/i>.<\/p>\n<\/div>\n","protected":false},"excerpt":{"rendered":"<p>Publicaciones en formato \u00abcomunicaciones\/ponencias en reuniones acad\u00e9micas\u00bb (citaci\u00f3n APA7) sobre cine espa\u00f1ol de migraciones &nbsp; Abuladze, T., Esteban Bretones, D., &amp; Garc\u00eda Casta\u00f1o, F. J. (2012). \u00bfC\u00f3mo es representado el fen\u00f3meno de las migraciones por las personas que ven cine? An\u00e1lisis de discursos del espectador sobre un conjunto de pel\u00edculas espa\u00f1olas sobre emigraci\u00f3n, inmigraci\u00f3n o&hellip; <a href=\"https:\/\/blogs.ugr.es\/migra-cin-es\/reuniones-academicas\/\" class=\"more-link\">Leer m\u00e1s <span class=\"screen-reader-text\">acerca de Reuniones acad\u00e9micas<\/span><\/a><\/p>\n","protected":false},"author":20,"featured_media":0,"parent":0,"menu_order":0,"comment_status":"closed","ping_status":"closed","template":"","meta":{"_genesis_hide_title":false,"_genesis_hide_breadcrumbs":false,"_genesis_hide_singular_image":false,"_genesis_hide_footer_widgets":false,"_genesis_custom_body_class":"","_genesis_custom_post_class":"","_genesis_layout":"","footnotes":""},"categories":[],"tags":[],"class_list":{"0":"post-370","1":"page","2":"type-page","3":"status-publish","5":"entry"},"_links":{"self":[{"href":"https:\/\/blogs.ugr.es\/migra-cin-es\/wp-json\/wp\/v2\/pages\/370","targetHints":{"allow":["GET"]}}],"collection":[{"href":"https:\/\/blogs.ugr.es\/migra-cin-es\/wp-json\/wp\/v2\/pages"}],"about":[{"href":"https:\/\/blogs.ugr.es\/migra-cin-es\/wp-json\/wp\/v2\/types\/page"}],"author":[{"embeddable":true,"href":"https:\/\/blogs.ugr.es\/migra-cin-es\/wp-json\/wp\/v2\/users\/20"}],"replies":[{"embeddable":true,"href":"https:\/\/blogs.ugr.es\/migra-cin-es\/wp-json\/wp\/v2\/comments?post=370"}],"version-history":[{"count":3,"href":"https:\/\/blogs.ugr.es\/migra-cin-es\/wp-json\/wp\/v2\/pages\/370\/revisions"}],"predecessor-version":[{"id":948,"href":"https:\/\/blogs.ugr.es\/migra-cin-es\/wp-json\/wp\/v2\/pages\/370\/revisions\/948"}],"wp:attachment":[{"href":"https:\/\/blogs.ugr.es\/migra-cin-es\/wp-json\/wp\/v2\/media?parent=370"}],"wp:term":[{"taxonomy":"category","embeddable":true,"href":"https:\/\/blogs.ugr.es\/migra-cin-es\/wp-json\/wp\/v2\/categories?post=370"},{"taxonomy":"post_tag","embeddable":true,"href":"https:\/\/blogs.ugr.es\/migra-cin-es\/wp-json\/wp\/v2\/tags?post=370"}],"curies":[{"name":"wp","href":"https:\/\/api.w.org\/{rel}","templated":true}]}}