{"id":522,"date":"2022-10-29T22:39:30","date_gmt":"2022-10-29T20:39:30","guid":{"rendered":"https:\/\/blogs.ugr.es\/migra-cin-es\/?page_id=522"},"modified":"2022-10-30T00:02:42","modified_gmt":"2022-10-29T22:02:42","slug":"introduction","status":"publish","type":"page","link":"https:\/\/blogs.ugr.es\/migra-cin-es\/en\/introduction\/","title":{"rendered":"INTRODUCTION"},"content":{"rendered":"<p style=\"text-align: right\"><span style=\"font-weight: 400\">\u201c[\u2026] immigration has been in the spotlight of cinema almost since its beginnings. <\/span><\/p>\n<p style=\"text-align: right\"><span style=\"font-weight: 400\">For this reason, the possibilities offered by the history of cinema <\/span><\/p>\n<p style=\"text-align: right\"><span style=\"font-weight: 400\">to reflect on human movements and migratory <\/span><\/p>\n<p style=\"text-align: right\"><span style=\"font-weight: 400\">flows are vast.\u201d (Javier de Lucas, 2004)<\/span><\/p>\n<p>&nbsp;<\/p>\n<p><span style=\"font-weight: 400\">Clearly, cinema has always been interested in migration as a phenomenon to be represented. But it is perhaps more recent that migration studies are interested in how this phenomenon is represented through cinematographic fiction. Suffice it to say now that the prestigious <a href=\"https:\/\/onlinelibrary.wiley.com\/doi\/book\/10.1002\/9781444351071\">The Encyclopedia of Global Human Migration<\/a> (Ness, 2013) devoted up to fourteen entries to this confluence of the study of migration through film. It is with this relevance that the International Organization for Migration (IOM) counts on to promote since 2017 (in its first edition) an <a href=\"https:\/\/www.iom.int\/global-migration-film-festival\">International Migration Film Festival<\/a> (with screenings around the world). What the IOM intends with this is to promote a critical awareness of the phenomenon itself: \u00abOver the years, films have been used to inform, entertain, educate and generate debates\u00bb. It is in this spirit that the IOM launched this Festival, as can be read on the Festival&#8217;s website.<\/span><\/p>\n<p><span style=\"font-weight: 400\">Well, aware of this, we have been trying for some time to promote a line of research on film and migration at the <a href=\"https:\/\/migraciones.ugr.es\">Migration Institute<\/a> of the <a href=\"https:\/\/www.ugr.es\/en\">University of Granada<\/a>. After some approaches (Abuladze, Esteban Bretones, &amp; Garc\u00eda Casta\u00f1o, 2012; Esteban Bretones, Abuladze, &amp; Garc\u00eda Casta\u00f1o, 2012 and Garc\u00eda Casta\u00f1o, Esteban Bretones &amp; Abuladze, 2012), we tried to consolidate the initiative with an annual offer of a free configuration subject in the Faculty of Philosophy and Letters of the University of Granada entitled <\/span><i><span style=\"font-weight: 400\">Cinema and Migrations <\/span><\/i><span style=\"font-weight: 400\">-it was offered from the academic year 2010\/11 to 2015\/16-. Then we would promote several activities from the PhD Program in Migration Studies at the University of Granada:<\/span><\/p>\n<ul>\n<li style=\"font-weight: 400\"><span style=\"font-weight: 400\">Guido Ring (Anglia Ruskin University, Cambridge) in 2013 developed a seminar on <\/span><i><span style=\"font-weight: 400\">My Family<\/span><\/i><span style=\"font-weight: 400\"> (Nava, 1995) and in 2014 another seminar on <\/span><i><span style=\"font-weight: 400\">I Want to be like Beckham<\/span><\/i><span style=\"font-weight: 400\"> (Chadha, 2002). in 2015 he was invited to present the paper <\/span><i><span style=\"font-weight: 400\">Imagining a New Society? Cultural Boundaries and their Limits in Gregory Nava&#8217;s Cinema<\/span><\/i><span style=\"font-weight: 400\"> at the VIII Congress on International Migration in Spain held in Granada.<\/span><\/li>\n<li style=\"font-weight: 400\"><span style=\"font-weight: 400\">\u00c1ngel Luis Lara Rodr\u00edguez (State University of New York) developed in 2016 the seminar <\/span><i><span style=\"font-weight: 400\">Creative Uses of Television Fiction in Social Research: Narrating Research, Investigating Narratives<\/span><\/i><span style=\"font-weight: 400\">.<\/span><\/li>\n<\/ul>\n<p><span style=\"font-weight: 400\">Finally, we were able to organize a seminar on cinema and migrations with a large participation of specialists and a great commitment of the research staff of the Doctoral Program itself. As a result of this last seminar, a book entitled <\/span><i><span style=\"font-weight: 400\">Cine y Migraciones<\/span><\/i><span style=\"font-weight: 400\"> (<\/span><i><span style=\"font-weight: 400\">Cinema and Migrations<\/span><\/i><span style=\"font-weight: 400\">) will be published in the coming months in the <\/span><a href=\"https:\/\/www.bellaterra.coop\/es\/colecciones\/migraciones\"><i><span style=\"font-weight: 400\">Migration Studies Collection<\/span><\/i><\/a><span style=\"font-weight: 400\"><a href=\"https:\/\/www.bellaterra.coop\/es\/colecciones\/migraciones\"> of the Bellaterra publishing house<\/a>. The delay in its publication, when almost everything was already concluded, was motivated by the appearance of a world pandemic caused by the COVID-19 and some other illness of some of the editors.<\/span><\/p>\n<p><span style=\"font-weight: 400\">This line of research is beginning to consolidate with the recent participation of several members of the Migration Institute in the <a href=\"https:\/\/sites.google.com\/go.ugr.es\/gendermedialab\/inicio\">Filming Lab22 Workshops<\/a> directed by Professor Mar\u00eda \u00c1ngeles del Moral Garrido (Department of Social Anthropology of the University of Granada). The program of the workshop dedicated to cinema and migrations can be consulted in the following <a href=\"https:\/\/migraciones.ugr.es\/instituto\/noticias\/filming-lab-22\">link<\/a>.<\/span><\/p>\n<p><span style=\"font-weight: 400\">Finally, this set of actions has been completed with a with a research stay of Prof. F. Javier Garc\u00eda Casta\u00f1o (fj&#103;&#97;&#114;&#x63;&#x69;&#x61;&#x40;&#x75;gr&#46;&#101;&#115;) at the <a href=\"https:\/\/cervantesobservatorio.fas.harvard.edu\/en\">Observatory of the Spanish Language and Hispanic Cultures<\/a> in the United States of the <a href=\"https:\/\/www.fas.harvard.edu\">University of Harvard<\/a>. This stay has been devoted to studies on Spanish migration cinema in the USA and has been funded by the Mobility Grants Senior Stays (Salvador Madariaga 2021) of the Ministry of Education and Professional Training of the Spanish Government. Thanks to this stay it has been possible to build this website.<\/span><\/p>\n","protected":false},"excerpt":{"rendered":"<p>\u201c[\u2026] immigration has been in the spotlight of cinema almost since its beginnings. For this reason, the possibilities offered by the history of cinema to reflect on human movements and migratory flows are vast.\u201d (Javier de Lucas, 2004) &nbsp; Clearly, cinema has always been interested in migration as a phenomenon to be represented. But it&hellip; <a href=\"https:\/\/blogs.ugr.es\/migra-cin-es\/en\/introduction\/\" class=\"more-link\">Leer m\u00e1s <span class=\"screen-reader-text\">acerca de INTRODUCTION<\/span><\/a><\/p>\n","protected":false},"author":20,"featured_media":0,"parent":0,"menu_order":0,"comment_status":"closed","ping_status":"closed","template":"","meta":{"_genesis_hide_title":false,"_genesis_hide_breadcrumbs":false,"_genesis_hide_singular_image":false,"_genesis_hide_footer_widgets":false,"_genesis_custom_body_class":"","_genesis_custom_post_class":"","_genesis_layout":"","footnotes":""},"categories":[],"tags":[],"class_list":{"0":"post-522","1":"page","2":"type-page","3":"status-publish","5":"entry"},"_links":{"self":[{"href":"https:\/\/blogs.ugr.es\/migra-cin-es\/wp-json\/wp\/v2\/pages\/522","targetHints":{"allow":["GET"]}}],"collection":[{"href":"https:\/\/blogs.ugr.es\/migra-cin-es\/wp-json\/wp\/v2\/pages"}],"about":[{"href":"https:\/\/blogs.ugr.es\/migra-cin-es\/wp-json\/wp\/v2\/types\/page"}],"author":[{"embeddable":true,"href":"https:\/\/blogs.ugr.es\/migra-cin-es\/wp-json\/wp\/v2\/users\/20"}],"replies":[{"embeddable":true,"href":"https:\/\/blogs.ugr.es\/migra-cin-es\/wp-json\/wp\/v2\/comments?post=522"}],"version-history":[{"count":3,"href":"https:\/\/blogs.ugr.es\/migra-cin-es\/wp-json\/wp\/v2\/pages\/522\/revisions"}],"predecessor-version":[{"id":534,"href":"https:\/\/blogs.ugr.es\/migra-cin-es\/wp-json\/wp\/v2\/pages\/522\/revisions\/534"}],"wp:attachment":[{"href":"https:\/\/blogs.ugr.es\/migra-cin-es\/wp-json\/wp\/v2\/media?parent=522"}],"wp:term":[{"taxonomy":"category","embeddable":true,"href":"https:\/\/blogs.ugr.es\/migra-cin-es\/wp-json\/wp\/v2\/categories?post=522"},{"taxonomy":"post_tag","embeddable":true,"href":"https:\/\/blogs.ugr.es\/migra-cin-es\/wp-json\/wp\/v2\/tags?post=522"}],"curies":[{"name":"wp","href":"https:\/\/api.w.org\/{rel}","templated":true}]}}