{"id":527,"date":"2022-10-29T23:25:55","date_gmt":"2022-10-29T21:25:55","guid":{"rendered":"https:\/\/blogs.ugr.es\/migra-cin-es\/equipo-francais\/"},"modified":"2022-10-30T19:01:40","modified_gmt":"2022-10-30T18:01:40","slug":"equipo-francais","status":"publish","type":"page","link":"https:\/\/blogs.ugr.es\/migra-cin-es\/fr\/equipo-francais\/","title":{"rendered":"Chercheurs"},"content":{"rendered":"<h3 style=\"text-align: left\"><\/h3>\n<p>&nbsp;<\/p>\n<p><img loading=\"lazy\" decoding=\"async\" class=\"wp-image-403 alignleft\" src=\"https:\/\/blogs.ugr.es\/migra-cin-es\/wp-content\/uploads\/sites\/128\/2022\/10\/AndresBlancoGalan-262x300.png\" alt=\"\" width=\"321\" height=\"368\" srcset=\"https:\/\/blogs.ugr.es\/migra-cin-es\/wp-content\/uploads\/sites\/128\/2022\/10\/AndresBlancoGalan-262x300.png 262w, https:\/\/blogs.ugr.es\/migra-cin-es\/wp-content\/uploads\/sites\/128\/2022\/10\/AndresBlancoGalan-612x700.png 612w, https:\/\/blogs.ugr.es\/migra-cin-es\/wp-content\/uploads\/sites\/128\/2022\/10\/AndresBlancoGalan.png 699w\" sizes=\"auto, (max-width: 321px) 100vw, 321px\" \/><b>Andr\u00e9s Blanco Gal\u00e1n<\/b><span style=\"font-weight: 400\">. Journaliste dipl\u00f4m\u00e9 de l&#8217;Universit\u00e9 de S\u00e9ville, il est titulaire d&#8217;un Master en Culture du Paix, Conflits, \u00c9ducation et Droits de l&#8217;Homme organis\u00e9 par la Chaire UNESCO sur la R\u00e9solution de Conflits de l&#8217;Universit\u00e9 de Cordoue. Il a effectu\u00e9 des s\u00e9jours acad\u00e9miques \u00e0 l&#8217;Universit\u00e9 Paris V Descartes et \u00e0 l&#8217;Universit\u00e9 du Pays Basque, ainsi que des formations sur le ph\u00e9nom\u00e8ne migratoire, coop\u00e9ration internationale, d\u00e9veloppement durable, \u00e9galit\u00e9 des genres et communication \u00e0 l&#8217;Universit\u00e9 Humboldt de Berlin, la Croix-Rouge, l&#8217;Institut d&#8217;\u00c9tudes sur les Conflits et l&#8217;Action Humanitaire, l&#8217;\u00c9cole de Journalisme de El Pa\u00eds, le Centre d&#8217;Initiatives de Coop\u00e9ration au D\u00e9veloppement Durable de l&#8217;Universit\u00e9 de Grenade et le Vice-R\u00e9ctorat pour l&#8217;\u00c9galit\u00e9, l&#8217;Inclusion et le D\u00e9veloppement Durable de cette derni\u00e8re institution. Il a travaill\u00e9 et collabor\u00e9 \u00e0 plusieurs projets culturels, de coop\u00e9ration internationale et d&#8217;action humanitaire en France, Isra\u00ebl, Bosnie-Herz\u00e9govine et Espagne, ainsi que dans diff\u00e9rents m\u00e9dias. Actuellement, lui travaille sur sa th\u00e8se de doctorat \u00e0 l&#8217;Institut d\u2019\u00c9tudes Migratoires de l&#8217;Universit\u00e9 de Grenade. Sa recherche porte sur la repr\u00e9sentation du ph\u00e9nom\u00e8ne du refuge dans le cin\u00e9ma europ\u00e9en des migrations.<\/span><\/p>\n<p>&nbsp;<\/p>\n<ul>\n<li>Courriel: <a href=\"mailto:ablan&#99;&#111;&#103;&#97;&#108;&#97;&#110;&#64;&#99;&#111;&#114;&#114;&#101;&#111;&#46;&#x75;&#x67;&#x72;&#x2e;&#x65;&#x73;\">&#x61;&#98;l&#x61;&#x6e;&#99;o&#x67;&#97;l&#x61;&#x6e;&#64;c&#x6f;&#114;r&#x65;&#x6f;&#46;u&#x67;&#x72;&#46;&#x65;&#x73;<\/a><\/li>\n<li>ORCID: https:\/\/orcid.org\/0000-0001-9229-3979<\/li>\n<\/ul>\n<p>&nbsp;<\/p>\n<p><img loading=\"lazy\" decoding=\"async\" class=\" wp-image-465 alignright\" src=\"https:\/\/blogs.ugr.es\/migra-cin-es\/wp-content\/uploads\/sites\/128\/2022\/10\/SalvatoreDenaro-300x297.png\" alt=\"\" width=\"334\" height=\"331\" srcset=\"https:\/\/blogs.ugr.es\/migra-cin-es\/wp-content\/uploads\/sites\/128\/2022\/10\/SalvatoreDenaro-300x297.png 300w, https:\/\/blogs.ugr.es\/migra-cin-es\/wp-content\/uploads\/sites\/128\/2022\/10\/SalvatoreDenaro-150x150.png 150w, https:\/\/blogs.ugr.es\/migra-cin-es\/wp-content\/uploads\/sites\/128\/2022\/10\/SalvatoreDenaro.png 586w\" sizes=\"auto, (max-width: 334px) 100vw, 334px\" \/><\/p>\n<p>&nbsp;<\/p>\n<p><b>Salvatore Denaro<\/b><span style=\"font-weight: 400\">. Dipl\u00f4m\u00e9 en Lettres Modernes de l&#8217;Universit\u00e9 de Catane (Sicile, Italie) avec une th\u00e8se sur le cin\u00e9ma d&#8217;Ingmar Bergman, sa recherche doctorale porte sur le film Winter Lights (1961) o\u00f9 il explore des \u00e9l\u00e9ments tels que le \u00absilence de Dieu\u00bb, l&#8217;ath\u00e9isme religieux contemporain, la philosophie de Kierkegaard pour, enfin, \u00e9tablir une comparaison avec le \u00abJournal d&#8217;un cur\u00e9 de campagne\u00bb de Robert Bresson (1952). Apr\u00e8s s&#8217;\u00eatre sp\u00e9cialis\u00e9e dans l&#8217;enseignement aux personnes handicap\u00e9es \u00e0 l&#8217;Universit\u00e9 de Sienne (Italie), il travaille comme enseignant dans un lyc\u00e9e italien. Salvatore a r\u00e9cemment commenc\u00e9 sa recherche doctorale sur la repr\u00e9sentation de l&#8217;immigration dans le cin\u00e9ma italien au sein du Programme de Doctorat Interuniversitaire en \u00c9tudes Migratoires de l&#8217;Universit\u00e9 de Grenade, l&#8217;Universit\u00e9 de Jaen et l&#8217;Universit\u00e9 Pablo de Olavide.<\/span>.<\/p>\n<ul>\n<li>Courriel: <a href=\"m&#97;&#105;&#x6c;&#x74;o&#58;&#100;&#x65;&#x6e;&#x61;r&#111;&#115;&#x61;&#x6c;va&#116;&#x6f;&#x72;&#x65;1&#48;&#64;&#x67;&#x6d;ai&#108;&#x2e;&#x63;&#x6f;m\">&#x64;&#101;&#x6e;&#x61;r&#x6f;&#115;a&#x6c;&#118;a&#x74;&#111;&#x72;&#x65;1&#x30;&#64;g&#x6d;&#97;i&#x6c;&#46;&#x63;&#x6f;&#109;<\/a><\/li>\n<\/ul>\n<p>&nbsp;<\/p>\n<p>&nbsp;<\/p>\n<p><strong><img loading=\"lazy\" decoding=\"async\" class=\"wp-image-404 alignleft\" src=\"https:\/\/blogs.ugr.es\/migra-cin-es\/wp-content\/uploads\/sites\/128\/2022\/10\/FJavierGarciaCastano-259x300.png\" alt=\"\" width=\"336\" height=\"389\" srcset=\"https:\/\/blogs.ugr.es\/migra-cin-es\/wp-content\/uploads\/sites\/128\/2022\/10\/FJavierGarciaCastano-259x300.png 259w, https:\/\/blogs.ugr.es\/migra-cin-es\/wp-content\/uploads\/sites\/128\/2022\/10\/FJavierGarciaCastano-605x700.png 605w, https:\/\/blogs.ugr.es\/migra-cin-es\/wp-content\/uploads\/sites\/128\/2022\/10\/FJavierGarciaCastano.png 691w\" sizes=\"auto, (max-width: 336px) 100vw, 336px\" \/><b>F. Javier Garc\u00eda Casta\u00f1o.<\/b><span style=\"font-weight: 400\"> Professeur d&#8217;Anthropologie Sociale au D\u00e9partement d&#8217;Anthropologie Sociale de la Universit\u00e9 de Grenade et directeur de l&#8217;Institut d\u00b4\u00c9tudes Migratoires de cette m\u00eame institution, ses recherches ont port\u00e9 principalement sur les processus de construction de la diff\u00e9rence comme formes de gestion de la diversit\u00e9 (notamment dans les contextes migratoires). Ces derniers temps, il a \u00e9largi cette ligne d&#8217;\u00e9tude au cin\u00e9ma des migrations gr\u00e2ce \u00e0 un projet de recherche accord\u00e9 par le Minist\u00e8re de l&#8217;\u00c9ducation du Gouvernement espagnol que lui a permis de r\u00e9aliser un s\u00e9jour de recherche \u00e0 l&#8217;Universit\u00e9 de Harvard entre juillet et septembre 2022. Cet axe de recherche fait \u00e9galement partie du projet Agences Politiques, Interculturalisme et (Anti)Racisme en Andalousie (APIARA), dont sa r\u00e9f\u00e9rence est B-SEJ-440-UGR20, et qui a \u00e9t\u00e9 financ\u00e9 dans le cadre de l&#8217;appel \u00e0 projets R&amp;D du Programme Op\u00e9rationnel FEDER, soutenu par le Gouvernement R\u00e9gional de l\u2019Andalousie. Il a aussi publi\u00e9 le livre \u00ab\u00a0Cin\u00e9ma et Migrations\u00a0\u00bb (Bellaterra, 2022) avec la collaboration de Antonia Olmos, Raquel Mart\u00ednez et Mar\u00eda Rubio. <\/span><\/strong><\/p>\n<ul>\n<li>Courriel: <a href=\"mailto:fjgarcia&#64;ugr&#46;es\">&#x66;j&#x67;&#97;r&#x63;&#105;&#x61;&#64;u&#x67;&#114;&#x2e;&#101;s<\/a><\/li>\n<li>ORCI: https:\/\/orcid.org\/0000-0001-6833-9527<\/li>\n<\/ul>\n<p><img loading=\"lazy\" decoding=\"async\" class=\"wp-image-405 alignright\" src=\"https:\/\/blogs.ugr.es\/migra-cin-es\/wp-content\/uploads\/sites\/128\/2022\/10\/LuciaLermaParra-279x300.png\" alt=\"\" width=\"345\" height=\"370\" srcset=\"https:\/\/blogs.ugr.es\/migra-cin-es\/wp-content\/uploads\/sites\/128\/2022\/10\/LuciaLermaParra-279x300.png 279w, https:\/\/blogs.ugr.es\/migra-cin-es\/wp-content\/uploads\/sites\/128\/2022\/10\/LuciaLermaParra-651x700.png 651w, https:\/\/blogs.ugr.es\/migra-cin-es\/wp-content\/uploads\/sites\/128\/2022\/10\/LuciaLermaParra.png 744w\" sizes=\"auto, (max-width: 345px) 100vw, 345px\" \/><\/p>\n<p>&nbsp;<\/p>\n<p>&nbsp;<\/p>\n<p>&nbsp;<\/p>\n<p><strong>Lu<b>c\u00eda Lerma Parra<\/b><span style=\"font-weight: 400\">. Sociologue dipl\u00f4m\u00e9 de l\u2019Universit\u00e9 de Grenade, elle est une chercheuse attach\u00e9e \u00e0 l&#8217;Institut d\u2019\u00c9tudes Migratoires de cette institution. Son projet final de dipl\u00f4me a port\u00e9 sur la litt\u00e9rature acad\u00e9mique existante sur le cin\u00e9ma et la migration dans le contexte espagnol. Actuellement, elle fait un Master en Cin\u00e9matographie \u00e0 l&#8217;Universit\u00e9 de Cordoue.<\/span><\/strong><\/p>\n<ul>\n<li>Courriel: <a href=\"mailto:lucialerma&#64;correo&#46;&#117;&#103;&#114;&#46;&#101;&#115;\">&#x6c;&#x75;&#99;&#105;a&#x6c;&#x65;&#x72;&#109;a&#64;&#x63;&#x6f;&#114;&#114;e&#x6f;&#x2e;&#x75;&#103;r&#46;&#x65;&#x73;<\/a><\/li>\n<\/ul>\n<p>&nbsp;<\/p>\n<p>&nbsp;<\/p>\n<p>&nbsp;<\/p>\n<p><img loading=\"lazy\" decoding=\"async\" class=\"wp-image-406 alignleft\" src=\"https:\/\/blogs.ugr.es\/migra-cin-es\/wp-content\/uploads\/sites\/128\/2022\/10\/PilarMontanerPastor-282x300.png\" alt=\"\" width=\"319\" height=\"339\" srcset=\"https:\/\/blogs.ugr.es\/migra-cin-es\/wp-content\/uploads\/sites\/128\/2022\/10\/PilarMontanerPastor-282x300.png 282w, https:\/\/blogs.ugr.es\/migra-cin-es\/wp-content\/uploads\/sites\/128\/2022\/10\/PilarMontanerPastor-657x700.png 657w, https:\/\/blogs.ugr.es\/migra-cin-es\/wp-content\/uploads\/sites\/128\/2022\/10\/PilarMontanerPastor.png 751w\" sizes=\"auto, (max-width: 319px) 100vw, 319px\" \/><\/p>\n<p>&nbsp;<\/p>\n<p>&nbsp;<\/p>\n<p><strong>Pilar Montaner Pastor.<\/strong> \u00c9tudiante en Sciences Politiques et de l&#8217;Administration Publique \u00e0 l&#8217;Universit\u00e9 de Valence et en Philosophie et Droit \u00e0 l&#8217;UNED, elle a termin\u00e9 sa troisi\u00e8me ann\u00e9e universitaire \u00e0 Rome gr\u00e2ce au programme Erasmus et sa quatri\u00e8me ann\u00e9e \u00e0 Madrid avec la bourse mobilit\u00e9 \u00e9tudiant SICUE. Elle effectue actuellement son stage \u00e0 <strong><span style=\"font-weight: 400\">l&#8217;Institut d\u00b4\u00c9tudes Migratoires<\/span><\/strong> de l&#8217;Universit\u00e9 de Grenade.<\/p>\n<ul>\n<li>Courriel: <a href=\"&#x6d;a&#x69;l&#x74;&#111;&#x3a;&#112;i&#x6c;a&#x72;&#109;&#x6f;&#110;&#x74;&#97;n&#x65;r&#x70;&#97;&#x73;&#116;&#x6f;&#x72;7&#x40;g&#x6d;&#97;&#x69;&#108;&#46;&#x63;o&#x6d;\">p&#105;&#108;&#x61;&#x72;&#x6d;&#x6f;n&#116;&#97;&#110;&#x65;&#x72;&#x70;as&#116;&#111;&#x72;&#x37;&#x40;gm&#97;&#105;&#x6c;&#x2e;&#x63;om<\/a><\/li>\n<\/ul>\n<p>&nbsp;<\/p>\n<p>&nbsp;<\/p>\n<p><img loading=\"lazy\" decoding=\"async\" class=\"wp-image-407 alignright\" src=\"https:\/\/blogs.ugr.es\/migra-cin-es\/wp-content\/uploads\/sites\/128\/2022\/10\/RadiaDakhchoune-286x300.png\" alt=\"\" width=\"348\" height=\"365\" srcset=\"https:\/\/blogs.ugr.es\/migra-cin-es\/wp-content\/uploads\/sites\/128\/2022\/10\/RadiaDakhchoune-286x300.png 286w, https:\/\/blogs.ugr.es\/migra-cin-es\/wp-content\/uploads\/sites\/128\/2022\/10\/RadiaDakhchoune-668x700.png 668w, https:\/\/blogs.ugr.es\/migra-cin-es\/wp-content\/uploads\/sites\/128\/2022\/10\/RadiaDakhchoune.png 762w\" sizes=\"auto, (max-width: 348px) 100vw, 348px\" \/><\/p>\n<p>&nbsp;<\/p>\n<p>&nbsp;<\/p>\n<p><strong>Radia Dakhchoune Boumjimar. <span style=\"font-weight: 400\">Dipl\u00f4m\u00e9e en \u00c9tudes Arabes et Islamiques de l&#8217;Universit\u00e9 de Grenade et titulaire d&#8217;un Master en Culture Arabe et H\u00e9bra\u00efque, elle est actuellement en deuxi\u00e8me ann\u00e9e de Master en Sciences Religieuses : Histoire et Soci\u00e9t\u00e9s \u00e0 l&#8217;Universit\u00e9 Pablo de Olavide. Chercheuse \u00e0 l&#8217;Institut d\u2019\u00c9tudes Migratoires de Grenade, elle fait aussi sa deuxi\u00e8me ann\u00e9e au Programme de Doctorat en \u00c9tudes Migratoires de l&#8217;Universit\u00e9 de Grenade o\u00f9 m\u00e8ne des recherches pour sa th\u00e8se sur la repr\u00e9sentation des musulmans dans le cin\u00e9ma espagnol de migration. En plus, elle a suivi des formations en M\u00e9diation et Sciences Politiques \u00e0 l&#8217;International Career Institute des \u00c9tats-Unis et travaille depuis sept ans comme enseignante et traductrice d&#8217;arabe et d&#8217;espagnol. Elle vit en Belgique depuis trois ans, pays o\u00f9 termine son programme Erasmus.\u00a0 <\/span><\/strong><\/p>\n<ul>\n<li><span style=\"font-weight: 400\">Courriel: <a href=\"&#x6d;&#97;&#x69;&#x6c;&#116;&#x6f;&#58;e&#x2e;&#114;a&#x64;&#105;a&#x73;&#97;m&#x61;&#64;&#x63;&#x6f;&#114;&#x72;&#x65;&#111;&#x2e;&#117;g&#x72;&#46;e&#x73;\">&#101;&#x2e;&#x72;&#97;&#x64;&#x69;&#97;&#x73;&#x61;&#109;&#x61;&#x40;&#99;&#x6f;&#x72;&#114;&#x65;&#x6f;&#46;&#x75;&#x67;&#114;&#x2e;&#x65;&#115;<\/a><\/span><\/li>\n<li>ORCID: https:\/\/orcid.org\/0000-0001-9199-2997<\/li>\n<\/ul>\n<p>&nbsp;<\/p>\n<p><img loading=\"lazy\" decoding=\"async\" class=\"wp-image-408 alignleft\" src=\"https:\/\/blogs.ugr.es\/migra-cin-es\/wp-content\/uploads\/sites\/128\/2022\/10\/YuchenJiang-279x300.png\" alt=\"\" width=\"346\" height=\"372\" srcset=\"https:\/\/blogs.ugr.es\/migra-cin-es\/wp-content\/uploads\/sites\/128\/2022\/10\/YuchenJiang-279x300.png 279w, https:\/\/blogs.ugr.es\/migra-cin-es\/wp-content\/uploads\/sites\/128\/2022\/10\/YuchenJiang-651x700.png 651w, https:\/\/blogs.ugr.es\/migra-cin-es\/wp-content\/uploads\/sites\/128\/2022\/10\/YuchenJiang.png 685w\" sizes=\"auto, (max-width: 346px) 100vw, 346px\" \/><\/p>\n<p>&nbsp;<\/p>\n<p><strong>Yuchen Jiang<\/strong>. <span style=\"font-weight: 400\">Dipl\u00f4m\u00e9e en Philologie Hispanique de l&#8217;Universit\u00e9 des Langues \u00c9trang\u00e8res de Dalian en Chine et titulaire d\u2019un Master en Recherche Appliqu\u00e9e \u00e0 la Communication par l&#8217;Universit\u00e9 Rey Juan Carlos, elle poursuit actuellement sa recherche doctorale sur la pr\u00e9sence de caract\u00e8res chinoises dans le cin\u00e9ma espagnol de migration \u00e0 l&#8217;Institut d\u2019\u00c9tudes Migratoires de l&#8217;Universit\u00e9 de Grenade (Programme de Doctorat Interuniversitaire en \u00c9tudes Migratoires de l&#8217;Universit\u00e9 de Grenade, l&#8217;Universit\u00e9 de Jaen et l&#8217;Universit\u00e9 Pablo de Olavide). Yuchen a aussi termin\u00e9 des \u00e9tudes sur l&#8217;Interculturalit\u00e9 Hispano-Chinoise, la Population Chinoise en Espagne et l&#8217;Influence dans l&#8217;\u00c8re du Big Data. En plus, elle a travaill\u00e9 comme traductrice, professeure d&#8217;espagnol et d&#8217;anglais en Chine et a d\u2019exp\u00e9rience professionnelle dans les institutions gouvernementales chinoises.<\/span><\/p>\n<ul>\n<li>Courriel: <a href=\"m&#97;&#x69;&#x6c;&#x74;o&#58;&#x6a;&#x69;&#x61;n&#103;&#x79;&#x75;&#x63;h&#101;&#x6e;&#x40;&#x63;o&#114;&#x72;&#x65;&#x6f;&#46;&#117;&#x67;&#x72;&#x2e;e&#115;\">j&#105;&#x61;&#x6e;g&#121;&#117;&#x63;&#x68;e&#110;&#64;&#x63;&#x6f;r&#114;&#x65;&#x6f;&#x2e;u&#103;&#x72;&#x2e;e&#115;<\/a><\/li>\n<\/ul>\n","protected":false},"excerpt":{"rendered":"<p>&nbsp; Andr\u00e9s Blanco Gal\u00e1n. Journaliste dipl\u00f4m\u00e9 de l&#8217;Universit\u00e9 de S\u00e9ville, il est titulaire d&#8217;un Master en Culture du Paix, Conflits, \u00c9ducation et Droits de l&#8217;Homme organis\u00e9 par la Chaire UNESCO sur la R\u00e9solution de Conflits de l&#8217;Universit\u00e9 de Cordoue. Il a effectu\u00e9 des s\u00e9jours acad\u00e9miques \u00e0 l&#8217;Universit\u00e9 Paris V Descartes et \u00e0 l&#8217;Universit\u00e9 du Pays&hellip; <a href=\"https:\/\/blogs.ugr.es\/migra-cin-es\/fr\/equipo-francais\/\" class=\"more-link\">Leer m\u00e1s <span class=\"screen-reader-text\">acerca de Chercheurs<\/span><\/a><\/p>\n","protected":false},"author":20,"featured_media":0,"parent":0,"menu_order":0,"comment_status":"closed","ping_status":"closed","template":"","meta":{"_genesis_hide_title":false,"_genesis_hide_breadcrumbs":false,"_genesis_hide_singular_image":false,"_genesis_hide_footer_widgets":false,"_genesis_custom_body_class":"","_genesis_custom_post_class":"","_genesis_layout":"","footnotes":""},"categories":[],"tags":[],"class_list":{"0":"post-527","1":"page","2":"type-page","3":"status-publish","5":"entry"},"_links":{"self":[{"href":"https:\/\/blogs.ugr.es\/migra-cin-es\/wp-json\/wp\/v2\/pages\/527","targetHints":{"allow":["GET"]}}],"collection":[{"href":"https:\/\/blogs.ugr.es\/migra-cin-es\/wp-json\/wp\/v2\/pages"}],"about":[{"href":"https:\/\/blogs.ugr.es\/migra-cin-es\/wp-json\/wp\/v2\/types\/page"}],"author":[{"embeddable":true,"href":"https:\/\/blogs.ugr.es\/migra-cin-es\/wp-json\/wp\/v2\/users\/20"}],"replies":[{"embeddable":true,"href":"https:\/\/blogs.ugr.es\/migra-cin-es\/wp-json\/wp\/v2\/comments?post=527"}],"version-history":[{"count":2,"href":"https:\/\/blogs.ugr.es\/migra-cin-es\/wp-json\/wp\/v2\/pages\/527\/revisions"}],"predecessor-version":[{"id":541,"href":"https:\/\/blogs.ugr.es\/migra-cin-es\/wp-json\/wp\/v2\/pages\/527\/revisions\/541"}],"wp:attachment":[{"href":"https:\/\/blogs.ugr.es\/migra-cin-es\/wp-json\/wp\/v2\/media?parent=527"}],"wp:term":[{"taxonomy":"category","embeddable":true,"href":"https:\/\/blogs.ugr.es\/migra-cin-es\/wp-json\/wp\/v2\/categories?post=527"},{"taxonomy":"post_tag","embeddable":true,"href":"https:\/\/blogs.ugr.es\/migra-cin-es\/wp-json\/wp\/v2\/tags?post=527"}],"curies":[{"name":"wp","href":"https:\/\/api.w.org\/{rel}","templated":true}]}}