{"id":548,"date":"2022-10-30T19:17:22","date_gmt":"2022-10-30T18:17:22","guid":{"rendered":"https:\/\/blogs.ugr.es\/migra-cin-es\/?page_id=548"},"modified":"2022-10-30T19:27:28","modified_gmt":"2022-10-30T18:27:28","slug":"presentazione","status":"publish","type":"page","link":"https:\/\/blogs.ugr.es\/migra-cin-es\/it\/presentazione\/","title":{"rendered":"Presentazione"},"content":{"rendered":"<p style=\"text-align: right\"><span style=\"font-weight: 400\">\u00ab[&#8230;] l&#8217;immigrazione \u00e8 stata sotto i riflettori del cinema quasi <\/span><span style=\"font-weight: 400\">fin dalle sue origini. <\/span><\/p>\n<p style=\"text-align: right\"><span style=\"font-weight: 400\">Per questo motivo, le possibilit\u00e0 offerte dalla storia del cinema <\/span><\/p>\n<p style=\"text-align: right\"><span style=\"font-weight: 400\">per riflettere sui movimenti umani, sui flussi <\/span><span style=\"font-weight: 400\">migratori, <\/span><\/p>\n<p style=\"text-align: right\"><span style=\"font-weight: 400\">sono vaste\u00bb (Javier de Lucas, 2004).<\/span><\/p>\n<p>&nbsp;<\/p>\n<p><span style=\"font-weight: 400\">\u00c8 chiaro che il cinema si \u00e8 sempre interessato alla migrazione come fenomeno da rappresentare. Ma \u00e8 forse pi\u00f9 recente l&#8217;interesse degli studi sulla migrazione per la rappresentazione di questo fenomeno attraverso la finzione cinematografica. Basti pensare che la prestigiosa <a href=\"https:\/\/onlinelibrary.wiley.com\/doi\/book\/10.1002\/9781444351071\">The Encyclopedia of Global Human Migration<\/a> (Ness, 2013) ha dedicato fino a quattordici voci a questa confluenza di studi sulle migrazioni attraverso il cinema. \u00c8 con questa rilevanza che l&#8217;Organizzazione Internazionale per le Migrazioni (OIM) conta di promuovere dal 2017 (alla sua prima edizione) un <a href=\"https:\/\/www.iom.int\/global-migration-film-festival\">Festival Internazionale del Cinema sulla Migrazione<\/a> (con proiezioni in tutto il mondo). L&#8217;obiettivo dell&#8217;OIM \u00e8 promuovere la consapevolezza critica del fenomeno stesso: \u00abNel corso degli anni, i film sono stati utilizzati per informare, intrattenere, educare e generare dibattiti\u00bb. \u00c8 con questo spirito che l&#8217;OIM ha lanciato questo Festival, come si pu\u00f2 leggere sul sito web del Festival.<\/span><\/p>\n<p><span style=\"font-weight: 400\">Ebbene, consapevoli di ci\u00f2, da qualche tempo stiamo cercando di promuovere una linea di ricerca su cinema e migrazione presso l&#8217;<a href=\"https:\/\/migraciones.ugr.es\/\">Istituto delle Migrazioni<\/a> dell&#8217;<a href=\"https:\/\/www.ugr.es\/en\">Universit\u00e0 di Granada<\/a>. Dopo alcuni approcci (Abuladze, Esteban Bretones, &amp; Garc\u00eda Casta\u00f1o, 2012; Esteban Bretones, Abuladze, &amp; Garc\u00eda Casta\u00f1o, 2012 e Garc\u00eda Casta\u00f1o, Esteban Bretones &amp; Abuladze, 2012), abbiamo cercato di consolidare l&#8217;iniziativa con l&#8217;offerta annuale di una materia a configurazione libera nella Facolt\u00e0 di Filosofia e Arti dell&#8217;Universit\u00e0 di Granada dal titolo \u00abCinema e Migrazioni\u00bb &#8211; offerta dall&#8217;anno accademico 2010\/11 al 2015\/16 -. Promuoveremo quindi diverse attivit\u00e0 del programma di dottorato in Studi sulle migrazioni dell&#8217;Universit\u00e0 di Granada:<\/span><\/p>\n<ul>\n<li style=\"font-weight: 400\"><span style=\"font-weight: 400\">Guido Ring (Anglia Ruskin University, Cambridge) nel 2013 ha sviluppato un seminario su Mi familia (Nava, 1995) e nel 2014 un altro seminario su Quiero ser como Beckham (Chadha, 2002). nel 2015 \u00e8 stato invitato a presentare la relazione Imagining a New Society? I confini culturali e i loro limiti nel cinema di Gregory Nava all&#8217;VIII Congreso sobre Migraciones Internacionales en Espa\u00f1a tenutosi a Granada.<\/span><\/li>\n<li style=\"font-weight: 400\"><span style=\"font-weight: 400\">\u00c1ngel Luis Lara Rodr\u00edguez (State University of New York) ha sviluppato nel 2016 il seminario Creative uses of television fiction in social research: narrating research, investigating narratives.<\/span><\/li>\n<\/ul>\n<p><span style=\"font-weight: 400\">Infine, siamo riusciti a organizzare un seminario su cinema e migrazione con una grande partecipazione di specialisti e un grande impegno da parte del personale di ricerca del programma di dottorato stesso. Come risultato di questo seminario, nei prossimi mesi sar\u00e0 pubblicato un libro intitolato Cine y Migraciones (Cinema e migrazioni) nella <a href=\"https:\/\/www.bellaterra.coop\/es\/colecciones\/migraciones\">collana Studi sulle migrazioni della casa editrice Bellaterra<\/a>. Il ritardo nella pubblicazione, quando quasi tutto era gi\u00e0 finito, \u00e8 stato dovuto alla comparsa di una pandemia mondiale causata dal COVID-19 e ad altre malattie di alcuni dei redattori.<\/span><\/p>\n<p><span style=\"font-weight: 400\">Questa linea di ricerca sta iniziando a consolidarsi con la recente partecipazione di alcuni membri dell&#8217;Istituto delle Migrazioni ai workshop del <a href=\"https:\/\/sites.google.com\/go.ugr.es\/gendermedialab\/inicio\">Filming Lab22<\/a> diretto dalla professoressa Mar\u00eda \u00c1ngeles del Moral Garrido (Dipartimento di Antropologia Sociale dell&#8217;Universit\u00e0 di Granada). Il programma del workshop su cinema e migrazione \u00e8 consultabile al seguente link.<\/span><\/p>\n<p><span style=\"font-weight: 400\">Infine, questo insieme di azioni \u00e8 stato completato da un soggiorno di ricerca del Prof. F. Javier Garc\u00eda Casta\u00f1o (&#x66;j&#x67;&#97;&#x72;&#99;i&#x61;&#64;&#x75;&#103;&#x72;&#46;e&#x73;) presso l&#8217;<a href=\"https:\/\/cervantesobservatorio.fas.harvard.edu\/en\">Osservatorio della Lingua Spagnola e delle Culture Ispaniche<\/a> negli Stati Uniti dell&#8217;<a href=\"https:\/\/www.fas.harvard.edu\/\">Universit\u00e0 di Harvard<\/a>. Questo soggiorno \u00e8 stato dedicato a studi sul cinema migratorio spagnolo negli Stati Uniti ed \u00e8 stato finanziato dalla Mobility Grants Senior Stays (Salvador Madariaga 2021) del Ministero dell&#8217;Istruzione e della Formazione Professionale del Governo spagnolo. Grazie a questo soggiorno \u00e8 stato possibile costruire questo sito web.<\/span><\/p>\n","protected":false},"excerpt":{"rendered":"<p>\u00ab[&#8230;] l&#8217;immigrazione \u00e8 stata sotto i riflettori del cinema quasi fin dalle sue origini. Per questo motivo, le possibilit\u00e0 offerte dalla storia del cinema per riflettere sui movimenti umani, sui flussi migratori, sono vaste\u00bb (Javier de Lucas, 2004). &nbsp; \u00c8 chiaro che il cinema si \u00e8 sempre interessato alla migrazione come fenomeno da rappresentare. Ma&hellip; <a href=\"https:\/\/blogs.ugr.es\/migra-cin-es\/it\/presentazione\/\" class=\"more-link\">Leer m\u00e1s <span class=\"screen-reader-text\">acerca de Presentazione<\/span><\/a><\/p>\n","protected":false},"author":20,"featured_media":0,"parent":0,"menu_order":0,"comment_status":"closed","ping_status":"closed","template":"","meta":{"_genesis_hide_title":false,"_genesis_hide_breadcrumbs":false,"_genesis_hide_singular_image":false,"_genesis_hide_footer_widgets":false,"_genesis_custom_body_class":"","_genesis_custom_post_class":"","_genesis_layout":"","footnotes":""},"categories":[],"tags":[],"class_list":{"0":"post-548","1":"page","2":"type-page","3":"status-publish","5":"entry"},"_links":{"self":[{"href":"https:\/\/blogs.ugr.es\/migra-cin-es\/wp-json\/wp\/v2\/pages\/548","targetHints":{"allow":["GET"]}}],"collection":[{"href":"https:\/\/blogs.ugr.es\/migra-cin-es\/wp-json\/wp\/v2\/pages"}],"about":[{"href":"https:\/\/blogs.ugr.es\/migra-cin-es\/wp-json\/wp\/v2\/types\/page"}],"author":[{"embeddable":true,"href":"https:\/\/blogs.ugr.es\/migra-cin-es\/wp-json\/wp\/v2\/users\/20"}],"replies":[{"embeddable":true,"href":"https:\/\/blogs.ugr.es\/migra-cin-es\/wp-json\/wp\/v2\/comments?post=548"}],"version-history":[{"count":2,"href":"https:\/\/blogs.ugr.es\/migra-cin-es\/wp-json\/wp\/v2\/pages\/548\/revisions"}],"predecessor-version":[{"id":552,"href":"https:\/\/blogs.ugr.es\/migra-cin-es\/wp-json\/wp\/v2\/pages\/548\/revisions\/552"}],"wp:attachment":[{"href":"https:\/\/blogs.ugr.es\/migra-cin-es\/wp-json\/wp\/v2\/media?parent=548"}],"wp:term":[{"taxonomy":"category","embeddable":true,"href":"https:\/\/blogs.ugr.es\/migra-cin-es\/wp-json\/wp\/v2\/categories?post=548"},{"taxonomy":"post_tag","embeddable":true,"href":"https:\/\/blogs.ugr.es\/migra-cin-es\/wp-json\/wp\/v2\/tags?post=548"}],"curies":[{"name":"wp","href":"https:\/\/api.w.org\/{rel}","templated":true}]}}