{"id":550,"date":"2022-10-30T19:24:35","date_gmt":"2022-10-30T18:24:35","guid":{"rendered":"https:\/\/blogs.ugr.es\/migra-cin-es\/?page_id=550"},"modified":"2022-10-30T19:24:35","modified_gmt":"2022-10-30T18:24:35","slug":"presentation","status":"publish","type":"page","link":"https:\/\/blogs.ugr.es\/migra-cin-es\/fr\/presentation\/","title":{"rendered":"Pr\u00e9sentation"},"content":{"rendered":"<p style=\"text-align: right\"><span style=\"font-weight: 400\">\u00ab [\u2026] d\u00e8s sa cr\u00e9ation, le cin\u00e9ma a toujours eu l\u2019immigration dans son viseur, <\/span><\/p>\n<p style=\"text-align: right\"><span style=\"font-weight: 400\">c\u2019est pourquoi les possibilit\u00e9s de r\u00e9flexion que l\u2019histoire du cin\u00e9ma <\/span><\/p>\n<p style=\"text-align: right\"><span style=\"font-weight: 400\">offre sur les mouvements humains et sur les flux <\/span><span style=\"font-weight: 400\">migratoires <\/span><\/p>\n<p style=\"text-align: right\"><span style=\"font-weight: 400\">sont aussi riches\u00a0\u00bb (Javier de Lucas, 2004)<\/span><\/p>\n<p style=\"text-align: right\">\n<p><span style=\"font-weight: 400\">Il est \u00e9vident que le cin\u00e9ma a toujours \u00e9t\u00e9 int\u00e9ress\u00e9 par les migrations comme ph\u00e9nom\u00e8ne louable d\u2019\u00eatre repr\u00e9sent\u00e9e. N\u00e9anmoins, cet int\u00e9r\u00eat n\u2019est pas si ancien lorsqu\u2019on parle des \u00e9tudes acad\u00e9miques concern\u00e9s par la fa\u00e7on dont les migrations sont repr\u00e9sent\u00e9es \u00e0 travers la fiction cin\u00e9matographique. Il semble que les choses sont en train de changer. La prestigieuse encyclop\u00e9die <\/span><a href=\"https:\/\/onlinelibrary.wiley.com\/doi\/book\/10.1002\/9781444351071\"><i><span style=\"font-weight: 400\">The Encyclopedie of Global Migration<\/span><\/i><\/a><span style=\"font-weight: 400\"> (Ness, 2013) a d\u00e9di\u00e9 jusqu\u2019\u00e0 quatorze r\u00e9f\u00e9rences \u00e0 la confluence entre cin\u00e9ma et migration. Suite \u00e0 cette importance, l\u2019Organisation Internationale pour les Migrations (OIM) a mise en \u0153uvre depuis 2017 un <a href=\"https:\/\/www.iom.int\/global-migration-film-festival\">Festival International du Film sur la Migration<\/a> ouvert \u00e0 tout le monde. La finalit\u00e9 de ce projet n&#8217;est autre que de promouvoir une pens\u00e9e critique sur le ph\u00e9nom\u00e8ne en question\u00a0: \u00ab\u00a0a travers les ann\u00e9es, les films ont eu une mission informative, ludique, \u00e9ducative et r\u00e9flexive qui a suscit\u00e9 le d\u00e9bat sur le propre ph\u00e9nom\u00e8ne\u00a0\u00bb.\u00a0<\/span><\/p>\n<p><span style=\"font-weight: 400\">Conscients de l\u2019importance d\u2019\u00e9tudier la repr\u00e9sentation du ph\u00e9nom\u00e8ne migratoire dans le cadre de la production cin\u00e9matographique, l\u2019<a href=\"https:\/\/migraciones.ugr.es\/\">Institut d\u2019\u00c9tudes Migratoires<\/a> de l\u2019<a href=\"https:\/\/www.ugr.es\/en\">Universit\u00e9 de Granada<\/a> a ouvert il y a quelques ann\u00e9es un axe de recherche sur ce sujet. Apr\u00e8s avoir r\u00e9alis\u00e9 plusieurs approches (Abuladze, Esteban Bretones, &amp; Garc\u00eda Casta\u00f1o, 2012; Esteban Bretones, Abuladze, &amp; Garc\u00eda Casta\u00f1o, 2012 y Garc\u00eda Casta\u00f1o, Esteban Bretones &amp; Abuladze, 2012), les membres de l\u2019institut ont essay\u00e9 de promouvoir et partager les r\u00e9sultats de sa recherche ainsi que la m\u00e9thode utilis\u00e9e en cr\u00e9ant un cours th\u00e9matique dans la Facult\u00e9 de Philosophie et Lettres de l\u2019Universit\u00e9 de Granada intitul\u00e9 \u00ab\u00a0Cin\u00e9ma et Migrations\u00a0\u00bb qui fut mis en place entre 2010\/11 et 2015\/16. D\u00e8s lors, dans le cadre du Programme en \u00c9tudes Migratoires, la direction de cette institution acad\u00e9mique a d\u00e9cid\u00e9 de renfoncer cette ligne de recherche en organisant plusieurs s\u00e9minaires, conf\u00e9rences et r\u00e9unions scientifiques\u00a0:<\/span><\/p>\n<ul>\n<li style=\"font-weight: 400\"><span style=\"font-weight: 400\">2013 \u2013S\u00e9minaire sur l\u2019analyse du film \u00ab\u00a0Mi familia\u00a0\u00bb (Nava, 1995) &#8211; Guido Ring (Anglia Ruskin University, Cambridge)\u00a0<\/span><\/li>\n<li style=\"font-weight: 400\"><span style=\"font-weight: 400\">2014 \u2013 S\u00e9minaire sur l\u2019analyse du film \u00ab\u00a0Quiero ser como Beckham\u00a0\u00bb (Chadha, 2022) &#8211; Guido Ring (Anglia Ruskin University, Cambridge)\u00a0<\/span><\/li>\n<li><span style=\"font-weight: 400\">2015 \u2013 VIII Congr\u00e8s sur les Migrations Internationales en l\u2019Espagne, o\u00f9 Guido Ring (Anglia Ruskin University, Cambridge) a fait une expos\u00e9e intitul\u00e9 <\/span><i><span style=\"font-weight: 400\">Imaging a New Society\u00a0? Cultural Boundaries and their Limits in Gregory Nava\u2019s Cinema<\/span><\/i><span style=\"font-weight: 400\">.\u00a0<\/span><\/li>\n<li><span style=\"font-weight: 400\">2016 \u2013 S\u00e9minaire sur les Utilisations cr\u00e9atives de la fiction t\u00e9l\u00e9vis\u00e9e dans la recherche sociale : le r\u00e9cit des recherches et la recherche des r\u00e9cits &#8211; \u00c1ngel Luis Lara Rodr\u00edguez (State University of New York)<\/span><\/li>\n<\/ul>\n<p><span style=\"font-weight: 400\">L\u2019Institut d\u2019\u00c9tudes Migratoires de l\u2019Universit\u00e9 de Granada r\u00e9ussit \u00e0 organiser un s\u00e9minaire sur la th\u00e9matique \u00ab\u00a0cin\u00e9ma et migrations\u00a0\u00bb avec la participation de nombreux sp\u00e9cialistes en la mati\u00e8re et l\u2019engagement des chercheurs appartenant \u00e0 son programme doctoral. Le fruit de cette derni\u00e8re activit\u00e9 acad\u00e9mique fut la cr\u00e9ation d\u2019un ouvrage intitul\u00e9 \u00ab\u00a0Cine y Migraciones\u00a0\u00bb qui va \u00eatre publi\u00e9 par la <a href=\"https:\/\/www.bellaterra.coop\/es\/colecciones\/migraciones\">maison d\u2019\u00e9dition Bellaterra<\/a> au cours des prochains mois. Il faut souligner que la parution tardive de l\u2019\u0153uvre est d\u00fb aux effets collat\u00e9raux de la pand\u00e9mie Covid-19 et \u00e0 une autre maladie subie par certains \u00e9diteurs.\u00a0\u00a0\u00a0\u00a0\u00a0<\/span><\/p>\n<p><span style=\"font-weight: 400\">L\u2019axe de recherche qui porte sur le cin\u00e9ma et la migration a commenc\u00e9 \u00e0 s\u2019affirmer cette ann\u00e9e avec la participation de plusieurs chercheurs, membres de l\u2019Institut d\u2019\u00c9tudes Migratoires, dans le s\u00e9minaire <a href=\"https:\/\/sites.google.com\/go.ugr.es\/gendermedialab\/inicio\">Filming Lab22<\/a>, dirig\u00e9e par la professeure Mar\u00eda \u00c1ngeles del Moral Garrido, membre du D\u00e9partement d\u2019Anthropologie Sociale de l\u2019Universit\u00e9 de Granada. Le programme du s\u00e9minaire peut \u00eatre consult\u00e9 en cliquant sur ce <a href=\"https:\/\/migraciones.ugr.es\/instituto\/noticias\/filming-lab-22\">link<\/a>.<\/span><\/p>\n<p><span style=\"font-weight: 400\">Finalement, toutes ces activit\u00e9s acad\u00e9miques ont \u00e9t\u00e9 renforc\u00e9s par un s\u00e9jour de recherche suivi par le professeur F. Javier Garc\u00eda Casta\u00f1o (fjgarcia&#64;ugr&#46;&#101;&#115;) aux \u00c9tats-Unis, et plus concr\u00e8tement \u00e0 l\u2019<a href=\"https:\/\/cervantesobservatorio.fas.harvard.edu\/en\">Observatoire de la Langue Espagnole et Cultures Hispaniques<\/a> de l\u2019<a href=\"https:\/\/www.fas.harvard.edu\/\">Universit\u00e9 de Harvard<\/a>. Ce s\u00e9jour acad\u00e9mique a \u00e9t\u00e9 d\u00e9di\u00e9e \u00e0 l\u2019\u00e9tude des recherches effectu\u00e9es aux \u00c9tats-Unis sur le cin\u00e9ma espagnol de migration et a \u00e9t\u00e9 financ\u00e9 par la bourse de mobilit\u00e9 internationale senior Salvador Madariaga 2021, cr\u00e9e par le Minist\u00e8re de l&#8217;\u00c9ducation d\u2019Espagne. Gr\u00e2ce \u00e0 ce s\u00e9jour, il a \u00e9t\u00e9 possible de construire ce site internet.<\/span><\/p>\n","protected":false},"excerpt":{"rendered":"<p>\u00ab [\u2026] d\u00e8s sa cr\u00e9ation, le cin\u00e9ma a toujours eu l\u2019immigration dans son viseur, c\u2019est pourquoi les possibilit\u00e9s de r\u00e9flexion que l\u2019histoire du cin\u00e9ma offre sur les mouvements humains et sur les flux migratoires sont aussi riches\u00a0\u00bb (Javier de Lucas, 2004) Il est \u00e9vident que le cin\u00e9ma a toujours \u00e9t\u00e9 int\u00e9ress\u00e9 par les migrations comme&hellip; <a href=\"https:\/\/blogs.ugr.es\/migra-cin-es\/fr\/presentation\/\" class=\"more-link\">Leer m\u00e1s <span class=\"screen-reader-text\">acerca de Pr\u00e9sentation<\/span><\/a><\/p>\n","protected":false},"author":20,"featured_media":0,"parent":0,"menu_order":0,"comment_status":"closed","ping_status":"closed","template":"","meta":{"_genesis_hide_title":false,"_genesis_hide_breadcrumbs":false,"_genesis_hide_singular_image":false,"_genesis_hide_footer_widgets":false,"_genesis_custom_body_class":"","_genesis_custom_post_class":"","_genesis_layout":"","footnotes":""},"categories":[],"tags":[],"class_list":{"0":"post-550","1":"page","2":"type-page","3":"status-publish","5":"entry"},"_links":{"self":[{"href":"https:\/\/blogs.ugr.es\/migra-cin-es\/wp-json\/wp\/v2\/pages\/550","targetHints":{"allow":["GET"]}}],"collection":[{"href":"https:\/\/blogs.ugr.es\/migra-cin-es\/wp-json\/wp\/v2\/pages"}],"about":[{"href":"https:\/\/blogs.ugr.es\/migra-cin-es\/wp-json\/wp\/v2\/types\/page"}],"author":[{"embeddable":true,"href":"https:\/\/blogs.ugr.es\/migra-cin-es\/wp-json\/wp\/v2\/users\/20"}],"replies":[{"embeddable":true,"href":"https:\/\/blogs.ugr.es\/migra-cin-es\/wp-json\/wp\/v2\/comments?post=550"}],"version-history":[{"count":1,"href":"https:\/\/blogs.ugr.es\/migra-cin-es\/wp-json\/wp\/v2\/pages\/550\/revisions"}],"predecessor-version":[{"id":551,"href":"https:\/\/blogs.ugr.es\/migra-cin-es\/wp-json\/wp\/v2\/pages\/550\/revisions\/551"}],"wp:attachment":[{"href":"https:\/\/blogs.ugr.es\/migra-cin-es\/wp-json\/wp\/v2\/media?parent=550"}],"wp:term":[{"taxonomy":"category","embeddable":true,"href":"https:\/\/blogs.ugr.es\/migra-cin-es\/wp-json\/wp\/v2\/categories?post=550"},{"taxonomy":"post_tag","embeddable":true,"href":"https:\/\/blogs.ugr.es\/migra-cin-es\/wp-json\/wp\/v2\/tags?post=550"}],"curies":[{"name":"wp","href":"https:\/\/api.w.org\/{rel}","templated":true}]}}