{"id":577,"date":"2022-10-30T19:53:09","date_gmt":"2022-10-30T18:53:09","guid":{"rendered":"https:\/\/blogs.ugr.es\/migra-cin-es\/?page_id=577"},"modified":"2022-10-30T19:53:09","modified_gmt":"2022-10-30T18:53:09","slug":"theses","status":"publish","type":"page","link":"https:\/\/blogs.ugr.es\/migra-cin-es\/en\/library\/theses\/","title":{"rendered":"Theses"},"content":{"rendered":"<p>&nbsp;<\/p>\n<div>\n<h3 style=\"text-align: center\">\u00abDoctoral these\u00bb publications -referencing style APA 7- on Spanish cinema of migrations listed in alphabetical order<\/h3>\n<p>&nbsp;<\/p>\n<div>\n<p>Al-Shamayleh, M. (2021). <i>Im\u00e1genes detr\u00e1s de las im\u00e1genes: una imagolog\u00eda de la migraci\u00f3n magreb\u00ed en los cines espa\u00f1ol y norteafricano<\/i>. Universidad de Santiago de Compostela.<\/p>\n<\/div>\n<div>\n<p><span lang=\"EN-US\">Arribas, A. (2008). <i>Representations of Latin-American Immigration to Spain in the Late Twentieth and Early Twenty-First Century Narrative and Cinema<\/i>. <\/span>Western Michigan University.<\/p>\n<\/div>\n<div>\n<p>Bartolom\u00e9, A. (2022). <i>Negacionismo migratorio: el contradiscurso en la producci\u00f3n cultural de la emigraci\u00f3n espa\u00f1ola, 1960-2020<\/i>. Universidad de Nebraska-Lincoln.<\/p>\n<\/div>\n<div>\n<p>Black, K. K. (2012). <i>Negociaciones transnacionales en cine del (in) migrante: acercamientos dial\u00f3gicos al Otro (in) migrante dentro de Espa\u00f1a y Argentina<\/i>. Arizona State University.<\/p>\n<\/div>\n<div>\n<p>Bonilla, O. M. (2021). <i>Representaci\u00f3n, testimonio y performance de inmigrantes latinoamericanos en Espa\u00f1a y Estados Unidos<\/i>. Stony Brook University.<\/p>\n<\/div>\n<div>\n<p>Boris Tarre, M. (2012). <i>Espejo de identidades: g\u00e9nero, inmigraci\u00f3n y violencia en cine dirigido por mujeres espa\u00f1olas y latinoamericanas<\/i>. <span lang=\"EN-US\">University of Alabama.<\/span><\/p>\n<\/div>\n<div>\n<p><span lang=\"EN-US\">Coleman, L. (2013). <i>Intimate Otherness: Immigration in Recent Spanish Narrative<\/i> [University of Miami]. <\/span><\/p>\n<\/div>\n<div>\n<p>Collado, A. A. (2018). <i>Caricaturas del otro: contra-representaciones sat\u00edricas de la inmigraci\u00f3n en la literatura y la cultura visual espa\u00f1ola contempor\u00e1nea (1993-2017)<\/i>. <span lang=\"EN-US\">University of California, Los \u00c1ngeles.<\/span><\/p>\n<\/div>\n<div>\n<p><span lang=\"EN-US\">Connolly, K. H. (2013). <i>Skin Deep: Race, Desire, and Contemporary African Immigration in Spain<\/i>. University of Wisconsin-Madison.<\/span><\/p>\n<\/div>\n<div>\n<p><span lang=\"EN-US\">Giraldez-Betron, R. (2008). <i>Migration, Subjectivity and Global Mobility in Contemporary U.S., Spanish and Moroccan Literature, Film and Dance<\/i>. <\/span>University of California, San Diego.<\/p>\n<\/div>\n<div>\n<p>Herskowitz, A. (2012). <i>Mujeres observadas: las inmigrantes y las prostitutas en el cine espa\u00f1ol contempor\u00e1neo<\/i>. <span lang=\"EN-US\">Browsing Haverford College. <\/span><\/p>\n<\/div>\n<div>\n<p><span lang=\"EN-US\">Icleanu, C. C. (2017). <i>Unknowledge a Case for Empathy: Immigration in Spanish Contemporary Media, Music, Film, and Novels<\/i>. <\/span>University of Kentucky.<\/p>\n<\/div>\n<div>\n<p>Jesurun, E. (2011). <i>Representaci\u00f3n del inmigrante subsahariano en el cine espa\u00f1ol contempor\u00e1neo: Aproximaciones a la condici\u00f3n poscolonial<\/i>. <span lang=\"EN-US\">Universidad Carlos III de Madrid.<\/span><\/p>\n<\/div>\n<div>\n<p><span lang=\"EN-US\">Karahalios, H. (2012). <i>Differentiating National Identities: Cultures of Immigration in Europe\u2019s Peripheries<\/i>. University of Notre Dame.<\/span><\/p>\n<\/div>\n<div>\n<p>Lee, S. (2009). <i>La representaci\u00f3n de las fronteras y su imaginario en documentales femeninos<\/i>. University of Arizona.<\/p>\n<\/div>\n<div>\n<p>Le\u00f3n, N. D. (2015). <i>Conjunciones y disyunciones entre raza y g\u00e9nero: representaciones f\u00edlmicas y literarias de inmigrantes latinoamericanos y africanos subsaharianos en la Espa\u00f1a contempor\u00e1nea<\/i>. University of Missouri.<\/p>\n<\/div>\n<div>\n<p>L\u00f3pez Juan, A. E. (2006). <i>Estudio de las fuentes cinematogr\u00e1ficas para la investigaci\u00f3n y docencia de los procesos urbanos: los barrios marginales de las ciudades espa\u00f1oles<\/i>. Universidad de Alicante.<\/p>\n<\/div>\n<div>\n<p>L\u00f3pez-Campos Bodineau, M. C. (2015). <i>El inmigrante y las pol\u00edticas de inmigraci\u00f3n en el cine<\/i>. <span lang=\"EN-US\">Universidad Pablo de Olavide.<\/span><\/p>\n<\/div>\n<div>\n<p><span lang=\"EN-US\">Marc\u00e9 Garc\u00eda, A. (2022). <i>Prostituting the Global City: The Case of Twenty-First Century Barcelona<\/i>. <\/span>University of California, Davis.<\/p>\n<\/div>\n<div>\n<p>Mar\u00edn Escudero, P. (2012). <i>El documental espa\u00f1ol sobre inmigraci\u00f3n (2000-2010): una lectura sociocr\u00edtica<\/i>. Universidad de Granada.<\/p>\n<\/div>\n<div>\n<p>Mart\u00edn P\u00e9rez, S. (2012). <i>La representaci\u00f3n social de la emigraci\u00f3n espa\u00f1ola a Europa (1956-1975): el papel de la televisi\u00f3n y otros medios de comunicaci\u00f3n<\/i>. <span lang=\"EN-US\">Universidad Complutense de Madrid.<\/span><\/p>\n<\/div>\n<div>\n<p><span lang=\"EN-US\">Oliver, A. D. (2012). <i>Changing Perspectives at the Goya Awards: Migrant and Ethnic Identity Construction in Contemporary Spanish Cinema (2004-2011)<\/i>. <\/span>Universidad de Granada.<\/p>\n<\/div>\n<div>\n<p>Peralta Garc\u00eda, L. (2013). <i>La representaci\u00f3n de la inmigraci\u00f3n subsahariana a trav\u00e9s del documental de producci\u00f3n espa\u00f1ola (2001-2011)<\/i>. Universidad de M\u00e1laga.<\/p>\n<\/div>\n<div>\n<p>Pi\u00f1ol Lloret, M. (2018). <i>Cine y movimientos migratorios: La representaci\u00f3n del exilio y la emigraci\u00f3n econ\u00f3mica espa\u00f1ola hacia Europa (1939-2016)<\/i>. Universitat de Barcelona.<\/p>\n<\/div>\n<div>\n<p>Rakaseder, J. (2011). <i>Las mujeres, protagonistas de la \u00abinmigraci\u00f3n hispanoamericana\u00bb en el cine y la literatura de Espa\u00f1a<\/i>. <span lang=\"EN-US\">Universit\u00e4t Wien.<\/span><\/p>\n<\/div>\n<div>\n<p><span lang=\"EN-US\">Rivera Perez, M. (2009). <i>North African Immigration in Contemporary Spain: Representations of the Struggle for Integration and Power<\/i>. University of California, Riverside.<\/span><\/p>\n<\/div>\n<div>\n<p><span lang=\"EN-US\">Sanjuan-Pastor, M. del C. (2009). <i>Renegotiating National Identity in Democratic Spain. Visions of a Multi-Ethnic Society in Contemporary Narrative and Film<\/i>. Stanford University.<\/span><\/p>\n<\/div>\n<div>\n<p><span lang=\"EN-US\">Shepherd, N. M. (2010). <i>Crossing Borders, Crossing Margins: Immigrant Women and Transnational Narrative in Contemporary Spain<\/i>. <\/span>Stony Brook University.<\/p>\n<\/div>\n<div>\n<p>Sinisterra Renter\u00eda, F. (2016). <i>Representaci\u00f3n de la inmigraci\u00f3n latinoamericana en el cine espa\u00f1ol durante el inicio de la crisis econ\u00f3mica: 2007 a 2009<\/i>. Universidad Aut\u00f3noma de Barcelona.<\/p>\n<\/div>\n<div>\n<p><span lang=\"EN-US\">Urtiaga Echevarr\u00eda, M. R. (2016). <i>Border Women: a Cosmopolitan Approach to Contemporary Cinema<\/i>. Universidad de Zaragoza. <\/span><\/p>\n<\/div>\n<div>\n<p><span lang=\"EN-US\">Vega-Duran, R. (2009). <i>The Migrant\u2019s Journey: Border-Crossing, Otherness, and the Politics of Place in Contemporary Spanish Culture, 1986-2008.<\/i> <\/span>University of Michigan.<\/p>\n<\/div>\n<div>\n<p>Yokoigawa, M. (2012). <i>Biograf\u00eda y autobiograf\u00eda de la mujer en tr\u00e1nsito en la expresi\u00f3n audiovisual contempor\u00e1nea<\/i>. Univesritat Polit\u00e8cnica de Val\u00e8ncia.<\/p>\n<\/div>\n<div>\n<p>&nbsp;<\/p>\n<div>\n<h3 style=\"text-align: center\">\u00a0\u00abMaster&#8217;s thesis\u00bb publications -referencing style APA 7- on Spanish cinema of migrations\u00a0listed in alphabetical order<\/h3>\n<p>&nbsp;<\/p>\n<\/div>\n<\/div>\n<div>\n<p>Abuladze, T. (2011). <i>Cine y migraciones: una aproximaci\u00f3n a la representaci\u00f3n en los espectadores<\/i>. <span lang=\"EN-US\">Universidad de Granada.<\/span><\/p>\n<\/div>\n<div>\n<p><span lang=\"EN-US\">Arzac, S. (2011). <i>Spanish Migration in Contemporary Spanish Literature and Film<\/i>. <\/span>University of North Texas.<\/p>\n<\/div>\n<div>\n<p>Beard Colquhoun, C. E. (2016). <i>Generaci\u00f3n salida: arquetipos narrativos de la fuga de j\u00f3venes cerebros espa\u00f1oles<\/i>. The University of Alabama.<\/p>\n<\/div>\n<div>\n<p>Cavielles-Llamas, I. (2009). <i>De otros a nosotros: el cine espa\u00f1ol sobre inmigraci\u00f3n y su camino hacia una visi\u00f3n pluricultural de Espa\u00f1a (1990-2007)<\/i>. <span lang=\"EN-US\">University of Massachusetts.<\/span><\/p>\n<\/div>\n<div>\n<p><span lang=\"EN-US\">Falkner, S. K. (2009). <i>Migration in the Contemporary Era of Globalization in Film: The Effect of Mobile and Variable Spaces on Migrants in the European Union<\/i>. <\/span>University of California, San Diego.<\/p>\n<\/div>\n<div>\n<p>L\u00f3pez-Aguilera, A. M. (2010). <i>Cine e inmigraci\u00f3n: espacios de inclusi\u00f3n y exclusi\u00f3n<\/i>. University of Nebraska.<\/p>\n<\/div>\n<div>\n<p>Lynch, L. A. (2010). <i>Amnesia y nostalgia, una odisea africana y espa\u00f1ola: la inmigraci\u00f3n africana en la Espa\u00f1a contempor\u00e1nea como vista en tres representaciones f\u00edlmicas espa\u00f1olas<\/i>. Georgia State University.<\/p>\n<\/div>\n<div>\n<p>Mauleon P\u00e9rez, E. (2015). <i>Mujeres de cuyo nombre no todos quieren acordarse. An\u00e1lisis cualitativo sobre mujeres marginales en el cine espa\u00f1ol (2000-2015)<\/i>. Universitat Aut\u00f2noma de Barcelona.<\/p>\n<\/div>\n<div>\n<p><span lang=\"EN-US\">Pelz, D. E. (2018). <i>Representations of Spanish emigration in films from 2005-2015: the use of a shared history to open conversations about contemporary immigration<\/i>. <\/span>University of Washington.<\/p>\n<\/div>\n<div>\n<p>Teixid\u00f3 Farr\u00e9, G. (2010). <i>Representaciones de la mujer inmigrante en el cine espa\u00f1ol contempor\u00e1neo (1990-2009)<\/i>. Universitat Pompeu Fabra.<\/p>\n<\/div>\n<div>\n<p>&nbsp;<\/p>\n<div>\n<h3 style=\"text-align: center\">\u00abBachelor thesis\u00bb publications &#8211; referencing style APA 7- on Spanish cinema of migrations\u00a0listed in alphabetical order<\/h3>\n<p>&nbsp;<\/p>\n<\/div>\n<\/div>\n<div>\n<p>Curran, K. V. (2017). <i>Pesadillsen el mar: Retorno a Hansala y la inmigraci\u00f3n marroqu\u00ed en Espa\u00f1a<\/i>. Union College.<\/p>\n<\/div>\n<div>\n<p>Dwelle, M. E. (2019). <i>Haciendo espacio: la posici\u00f3n del inmigrante norteafricano en el cine espa\u00f1ol contempor\u00e1neo (1990-2008)<\/i>. Brown University.<\/p>\n<\/div>\n<div>\n<p>Erlandson, A. J. (2011). <i>Representaciones del Otro en el cine espa\u00f1ol y el resurgimiento de la ideologia franquista<\/i>. Butler University.<\/p>\n<\/div>\n<div>\n<p>Garriod Garc\u00eda, M. (2019). <i>Cine y extranjer\u00eda: el tratamiento de la inmigraci\u00f3n en el cine espa\u00f1ol<\/i>. Universidad de Valladolid.<\/p>\n<\/div>\n<div>\n<p>G\u00f3mez Fern\u00e1ndez, L. (2016). <i>Estudio comparativo de las relaciones prox\u00e9micas en el marco de las culturas germana e hispana. Un ejemplo con la pel\u00edcula \u00abUn franco, 14 pesetas\u00bb<\/i> [Universidad de Valladolid].<\/p>\n<\/div>\n<div>\n<p>Hazebroek, L. (2017). <i>El proceso de adaptaci\u00f3n en una nueva cultura con el fen\u00f3meno choque cultural. Un an\u00e1lisis a trav\u00e9s del personaje Mart\u00edn en la pel\u00edcula Un franco, 14 pesetas (2006) de Carlos Iglesias<\/i>. Universiteit Utrecht Faculteit.<\/p>\n<\/div>\n<div>\n<p>Herrero Romero, M. J. (2019). <i>Cine y extranjer\u00eda<\/i>. Universidad de Valladolid.<\/p>\n<\/div>\n<div>\n<p>Langhans, J. (2013). <i>Inmigraci\u00f3n y g\u00e9nero: la representaci\u00f3n de la mujer inmigrante en el cine espa\u00f1ol contempor\u00e1neo<\/i>. Union College.<\/p>\n<\/div>\n<div>\n<p>Laso Atienza, M. del P. (2014). <i>Cine y derechos sociales: La inmigraci\u00f3n en el cine espa\u00f1ol<\/i>. Campus de Palencia.<\/p>\n<\/div>\n<div>\n<p>Lerma Parra, L. (2022). <i>El cine y las migraciones en Espa\u00f1a desde la literatura acad\u00e9mica. Una revisi\u00f3n sistem\u00e1tica desde la sociolog\u00eda<\/i>. Universidad de Granada.<\/p>\n<\/div>\n<div>\n<p>Martin, S. S. (2010). <i><span lang=\"EN-US\">Moroccan Women and Immigration in Spanish Narrative and Film (1995-2008)<\/span><\/i><span lang=\"EN-US\">. <\/span>University of Kentacky.<\/p>\n<\/div>\n<div>\n<p>Miguel Garc\u00eda, J. (2008). <i>Cine e inmigraci\u00f3n en Espa\u00f1a<\/i>. Universidad de Valladolid.<\/p>\n<\/div>\n<div>\n<p>Molina Alonso, A. M. (2014). <i>El cine de inmigraci\u00f3n en Espa\u00f1a como recurso did\u00e1ctico<\/i>. Universidad de Valladolid.<\/p>\n<\/div>\n<div>\n<p>Piccolotto, G. (2017). <i>Mujer migrante y comida: su reflejo en el cine espa\u00f1ol de inmigraci\u00f3n<\/i>. Universit\u00e0 Ca\u2019Foscari Venezia.<\/p>\n<\/div>\n<div>\n<p>Rodr\u00edguez Ru\u00edz, E. T. (2015). <i>Vistas m\u00e1s all\u00e1 de la frontera: Blanco, negro&#8230; \u00bfgris? Perspectivas de la inmigraci\u00f3n en el cine espa\u00f1ol entre los a\u00f1os 60 y 90<\/i>. Universidad de La Laguna.<\/p>\n<\/div>\n<div>\n<p>Ruesga Cabeza, M. (2016). <i>El cine de inmigraci\u00f3n en Espa\u00f1a como herramienta educativa<\/i>. Universidad de Valladolid.<\/p>\n<\/div>\n<div>\n<p>S\u00e1nchez Alcolea, A. (2020). <i>Representaci\u00f3n de la migraci\u00f3n y el migrante en el cine de no ficci\u00f3n en Espa\u00f1a<\/i>. Universitat de Lleida.<\/p>\n<\/div>\n<\/div>\n","protected":false},"excerpt":{"rendered":"<p>&nbsp; \u00abDoctoral these\u00bb publications -referencing style APA 7- on Spanish cinema of migrations listed in alphabetical order &nbsp; Al-Shamayleh, M. (2021). Im\u00e1genes detr\u00e1s de las im\u00e1genes: una imagolog\u00eda de la migraci\u00f3n magreb\u00ed en los cines espa\u00f1ol y norteafricano. Universidad de Santiago de Compostela. Arribas, A. (2008). Representations of Latin-American Immigration to Spain in the Late&hellip; <a href=\"https:\/\/blogs.ugr.es\/migra-cin-es\/en\/library\/theses\/\" class=\"more-link\">Leer m\u00e1s <span class=\"screen-reader-text\">acerca de Theses<\/span><\/a><\/p>\n","protected":false},"author":20,"featured_media":0,"parent":568,"menu_order":0,"comment_status":"closed","ping_status":"closed","template":"","meta":{"_genesis_hide_title":false,"_genesis_hide_breadcrumbs":false,"_genesis_hide_singular_image":false,"_genesis_hide_footer_widgets":false,"_genesis_custom_body_class":"","_genesis_custom_post_class":"","_genesis_layout":"","footnotes":""},"categories":[],"tags":[],"class_list":{"0":"post-577","1":"page","2":"type-page","3":"status-publish","5":"entry"},"_links":{"self":[{"href":"https:\/\/blogs.ugr.es\/migra-cin-es\/wp-json\/wp\/v2\/pages\/577","targetHints":{"allow":["GET"]}}],"collection":[{"href":"https:\/\/blogs.ugr.es\/migra-cin-es\/wp-json\/wp\/v2\/pages"}],"about":[{"href":"https:\/\/blogs.ugr.es\/migra-cin-es\/wp-json\/wp\/v2\/types\/page"}],"author":[{"embeddable":true,"href":"https:\/\/blogs.ugr.es\/migra-cin-es\/wp-json\/wp\/v2\/users\/20"}],"replies":[{"embeddable":true,"href":"https:\/\/blogs.ugr.es\/migra-cin-es\/wp-json\/wp\/v2\/comments?post=577"}],"version-history":[{"count":1,"href":"https:\/\/blogs.ugr.es\/migra-cin-es\/wp-json\/wp\/v2\/pages\/577\/revisions"}],"predecessor-version":[{"id":578,"href":"https:\/\/blogs.ugr.es\/migra-cin-es\/wp-json\/wp\/v2\/pages\/577\/revisions\/578"}],"up":[{"embeddable":true,"href":"https:\/\/blogs.ugr.es\/migra-cin-es\/wp-json\/wp\/v2\/pages\/568"}],"wp:attachment":[{"href":"https:\/\/blogs.ugr.es\/migra-cin-es\/wp-json\/wp\/v2\/media?parent=577"}],"wp:term":[{"taxonomy":"category","embeddable":true,"href":"https:\/\/blogs.ugr.es\/migra-cin-es\/wp-json\/wp\/v2\/categories?post=577"},{"taxonomy":"post_tag","embeddable":true,"href":"https:\/\/blogs.ugr.es\/migra-cin-es\/wp-json\/wp\/v2\/tags?post=577"}],"curies":[{"name":"wp","href":"https:\/\/api.w.org\/{rel}","templated":true}]}}