{"id":587,"date":"2022-10-30T20:04:44","date_gmt":"2022-10-30T19:04:44","guid":{"rendered":"https:\/\/blogs.ugr.es\/migra-cin-es\/?page_id=587"},"modified":"2022-10-30T20:04:44","modified_gmt":"2022-10-30T19:04:44","slug":"chapitres","status":"publish","type":"page","link":"https:\/\/blogs.ugr.es\/migra-cin-es\/fr\/chapitres\/","title":{"rendered":"Chapitres"},"content":{"rendered":"<p>&nbsp;<\/p>\n<h3 style=\"text-align: center\">Chapitres de livres publi\u00e9s par des membres de l&#8217;\u00e9quipe de recherche sur le th\u00e8me du cin\u00e9ma et la migration<\/h3>\n<p>&nbsp;<\/p>\n<ul>\n<li>Garc\u00eda Casta\u00f1o, F.J., A. Olmos Alcaraz. R. Mart\u00ednez Chic\u00f3n y M. Rubio G\u00f3mez (2022). A modo de presentaci\u00f3n: la representaci\u00f3n de las migraciones en el cine en Espa\u00f1a. En A.\u00a0Olmos Alcaraz. R. Mart\u00ednez Chic\u00f3n, M. Rubio G\u00f3mez y F.J. Garc\u00eda Casta\u00f1o (Eds.) <em>Cine y migraciones<\/em> (5-24)<em>.<\/em> Bellaterra<\/li>\n<\/ul>\n","protected":false},"excerpt":{"rendered":"<p>&nbsp; Chapitres de livres publi\u00e9s par des membres de l&#8217;\u00e9quipe de recherche sur le th\u00e8me du cin\u00e9ma et la migration &nbsp; Garc\u00eda Casta\u00f1o, F.J., A. Olmos Alcaraz. R. Mart\u00ednez Chic\u00f3n y M. Rubio G\u00f3mez (2022). A modo de presentaci\u00f3n: la representaci\u00f3n de las migraciones en el cine en Espa\u00f1a. En A.\u00a0Olmos Alcaraz. R. Mart\u00ednez Chic\u00f3n,&hellip; <a href=\"https:\/\/blogs.ugr.es\/migra-cin-es\/fr\/chapitres\/\" class=\"more-link\">Leer m\u00e1s <span class=\"screen-reader-text\">acerca de Chapitres<\/span><\/a><\/p>\n","protected":false},"author":20,"featured_media":0,"parent":0,"menu_order":0,"comment_status":"closed","ping_status":"closed","template":"","meta":{"_genesis_hide_title":false,"_genesis_hide_breadcrumbs":false,"_genesis_hide_singular_image":false,"_genesis_hide_footer_widgets":false,"_genesis_custom_body_class":"","_genesis_custom_post_class":"","_genesis_layout":"","footnotes":""},"categories":[],"tags":[],"class_list":{"0":"post-587","1":"page","2":"type-page","3":"status-publish","5":"entry"},"_links":{"self":[{"href":"https:\/\/blogs.ugr.es\/migra-cin-es\/wp-json\/wp\/v2\/pages\/587","targetHints":{"allow":["GET"]}}],"collection":[{"href":"https:\/\/blogs.ugr.es\/migra-cin-es\/wp-json\/wp\/v2\/pages"}],"about":[{"href":"https:\/\/blogs.ugr.es\/migra-cin-es\/wp-json\/wp\/v2\/types\/page"}],"author":[{"embeddable":true,"href":"https:\/\/blogs.ugr.es\/migra-cin-es\/wp-json\/wp\/v2\/users\/20"}],"replies":[{"embeddable":true,"href":"https:\/\/blogs.ugr.es\/migra-cin-es\/wp-json\/wp\/v2\/comments?post=587"}],"version-history":[{"count":1,"href":"https:\/\/blogs.ugr.es\/migra-cin-es\/wp-json\/wp\/v2\/pages\/587\/revisions"}],"predecessor-version":[{"id":588,"href":"https:\/\/blogs.ugr.es\/migra-cin-es\/wp-json\/wp\/v2\/pages\/587\/revisions\/588"}],"wp:attachment":[{"href":"https:\/\/blogs.ugr.es\/migra-cin-es\/wp-json\/wp\/v2\/media?parent=587"}],"wp:term":[{"taxonomy":"category","embeddable":true,"href":"https:\/\/blogs.ugr.es\/migra-cin-es\/wp-json\/wp\/v2\/categories?post=587"},{"taxonomy":"post_tag","embeddable":true,"href":"https:\/\/blogs.ugr.es\/migra-cin-es\/wp-json\/wp\/v2\/tags?post=587"}],"curies":[{"name":"wp","href":"https:\/\/api.w.org\/{rel}","templated":true}]}}