{"id":589,"date":"2022-10-30T20:05:38","date_gmt":"2022-10-30T19:05:38","guid":{"rendered":"https:\/\/blogs.ugr.es\/migra-cin-es\/?page_id=589"},"modified":"2022-10-30T20:16:18","modified_gmt":"2022-10-30T19:16:18","slug":"book-chapters","status":"publish","type":"page","link":"https:\/\/blogs.ugr.es\/migra-cin-es\/en\/book-chapters\/","title":{"rendered":"Chapters"},"content":{"rendered":"<p>&nbsp;<\/p>\n<h3 style=\"text-align: center\">Book chapters published by members of the research team on the subject of cinema and migration<\/h3>\n<p>&nbsp;<\/p>\n<ul>\n<li>Garc\u00eda Casta\u00f1o, F.J., A. Olmos Alcaraz. R. Mart\u00ednez Chic\u00f3n y M. Rubio G\u00f3mez (2022). A modo de presentaci\u00f3n: la representaci\u00f3n de las migraciones en el cine en Espa\u00f1a. En A.\u00a0Olmos Alcaraz. R. Mart\u00ednez Chic\u00f3n, M. Rubio G\u00f3mez y F.J. Garc\u00eda Casta\u00f1o (Eds.) <em>Cine y migraciones<\/em> (5-24)<em>.<\/em> Bellaterra<\/li>\n<\/ul>\n","protected":false},"excerpt":{"rendered":"<p>&nbsp; Book chapters published by members of the research team on the subject of cinema and migration &nbsp; Garc\u00eda Casta\u00f1o, F.J., A. Olmos Alcaraz. R. Mart\u00ednez Chic\u00f3n y M. Rubio G\u00f3mez (2022). A modo de presentaci\u00f3n: la representaci\u00f3n de las migraciones en el cine en Espa\u00f1a. En A.\u00a0Olmos Alcaraz. R. Mart\u00ednez Chic\u00f3n, M. Rubio G\u00f3mez&hellip; <a href=\"https:\/\/blogs.ugr.es\/migra-cin-es\/en\/book-chapters\/\" class=\"more-link\">Leer m\u00e1s <span class=\"screen-reader-text\">acerca de Chapters<\/span><\/a><\/p>\n","protected":false},"author":20,"featured_media":0,"parent":0,"menu_order":0,"comment_status":"closed","ping_status":"closed","template":"","meta":{"_genesis_hide_title":false,"_genesis_hide_breadcrumbs":false,"_genesis_hide_singular_image":false,"_genesis_hide_footer_widgets":false,"_genesis_custom_body_class":"","_genesis_custom_post_class":"","_genesis_layout":"","footnotes":""},"categories":[],"tags":[],"class_list":{"0":"post-589","1":"page","2":"type-page","3":"status-publish","5":"entry"},"_links":{"self":[{"href":"https:\/\/blogs.ugr.es\/migra-cin-es\/wp-json\/wp\/v2\/pages\/589","targetHints":{"allow":["GET"]}}],"collection":[{"href":"https:\/\/blogs.ugr.es\/migra-cin-es\/wp-json\/wp\/v2\/pages"}],"about":[{"href":"https:\/\/blogs.ugr.es\/migra-cin-es\/wp-json\/wp\/v2\/types\/page"}],"author":[{"embeddable":true,"href":"https:\/\/blogs.ugr.es\/migra-cin-es\/wp-json\/wp\/v2\/users\/20"}],"replies":[{"embeddable":true,"href":"https:\/\/blogs.ugr.es\/migra-cin-es\/wp-json\/wp\/v2\/comments?post=589"}],"version-history":[{"count":2,"href":"https:\/\/blogs.ugr.es\/migra-cin-es\/wp-json\/wp\/v2\/pages\/589\/revisions"}],"predecessor-version":[{"id":599,"href":"https:\/\/blogs.ugr.es\/migra-cin-es\/wp-json\/wp\/v2\/pages\/589\/revisions\/599"}],"wp:attachment":[{"href":"https:\/\/blogs.ugr.es\/migra-cin-es\/wp-json\/wp\/v2\/media?parent=589"}],"wp:term":[{"taxonomy":"category","embeddable":true,"href":"https:\/\/blogs.ugr.es\/migra-cin-es\/wp-json\/wp\/v2\/categories?post=589"},{"taxonomy":"post_tag","embeddable":true,"href":"https:\/\/blogs.ugr.es\/migra-cin-es\/wp-json\/wp\/v2\/tags?post=589"}],"curies":[{"name":"wp","href":"https:\/\/api.w.org\/{rel}","templated":true}]}}