{"id":664,"date":"2022-11-02T13:42:17","date_gmt":"2022-11-02T12:42:17","guid":{"rendered":"https:\/\/blogs.ugr.es\/migra-cin-es\/?page_id=664"},"modified":"2022-11-02T13:43:07","modified_gmt":"2022-11-02T12:43:07","slug":"documentairo","status":"publish","type":"page","link":"https:\/\/blogs.ugr.es\/migra-cin-es\/it\/documentairo\/","title":{"rendered":"Documentairo"},"content":{"rendered":"<p>&nbsp;<\/p>\n<p>&nbsp;<\/p>\n<h3 style=\"text-align: center\">Documentari \u00abspagnoli\u00bb registrati nel database <a href=\"https:\/\/www.filmaffinity.com\/uk\/main.html\">Filmaffinity<\/a> (e altri database) che si occupano del fenomeno migratorio (1990-2022). L&#8217;ordinamento \u00e8 stato effettuato per anno di creazione<\/h3>\n<p>&nbsp;<\/p>\n<table style=\"height: 1577px\" border=\"0\" width=\"1654\" cellspacing=\"0\" cellpadding=\"0\">\n<colgroup>\n<col width=\"349\" \/>\n<col width=\"57\" \/>\n<col width=\"509\" \/>\n<col width=\"632\" \/><\/colgroup>\n<tbody>\n<tr>\n<td class=\"xl65\" width=\"349\" height=\"23\">\n<h4>Titolo<\/h4>\n<\/td>\n<td class=\"xl65\" width=\"57\">\n<h4>Anno<\/h4>\n<\/td>\n<td class=\"xl65\" width=\"509\">\n<h4>Regia<\/h4>\n<\/td>\n<td class=\"xl65\" width=\"632\">\n<h4>Produttore<\/h4>\n<\/td>\n<\/tr>\n<tr>\n<td class=\"xl65\" width=\"349\" height=\"23\">El viaje de Ibrahima<\/td>\n<td class=\"xl65\" width=\"57\">2000<\/td>\n<td class=\"xl65\" width=\"509\">Carles Caparr\u00f3s, Daniel Hern\u00e1ndez<\/td>\n<td class=\"xl65\" width=\"632\">Alea Docs &amp; Films<\/td>\n<\/tr>\n<tr>\n<td class=\"xl65\" width=\"349\" height=\"23\">Balseros<\/td>\n<td class=\"xl65\" width=\"57\">2002<\/td>\n<td class=\"xl65\" width=\"509\">Carles Bosch, Josep Maria Dom\u00e9nech<\/td>\n<td class=\"xl65\" width=\"632\">Bausan Films, Buenavida producciones, Televisi\u00f3n de Galicia (TVG)<\/td>\n<\/tr>\n<tr>\n<td class=\"xl65\" width=\"349\" height=\"45\">Cuatro puntos cardinales<\/td>\n<td class=\"xl65\" width=\"57\">2002<\/td>\n<td class=\"xl65\" width=\"509\">Manuel Mart\u00edn Cuenca, Jos\u00e9 Manuel Campos, Pilar Garc\u00eda Elegido, Natalia D\u00edaz<\/td>\n<td class=\"xl65\" width=\"632\">Morena Films<\/td>\n<\/tr>\n<tr>\n<td class=\"xl65\" width=\"349\" height=\"23\">El tren de la memoria<\/td>\n<td class=\"xl65\" width=\"57\">2005<\/td>\n<td class=\"xl65\" width=\"509\">Marta Arribas, Ana P\u00e9rez<\/td>\n<td class=\"xl65\" width=\"632\">Producciones La Iguana S.L, Oasis P.C<\/td>\n<\/tr>\n<tr>\n<td class=\"xl65\" width=\"349\" height=\"23\">Inshallah Europa (La \u00daltima Frontera)<\/td>\n<td class=\"xl65\" width=\"57\">2005<\/td>\n<td class=\"xl65\" width=\"509\">David Fontseca<\/td>\n<td class=\"xl65\" width=\"632\">Produccions RODA VISUAL<\/td>\n<\/tr>\n<tr>\n<td class=\"xl65\" width=\"349\" height=\"23\">Ojos negros<\/td>\n<td class=\"xl65\" width=\"57\">2005<\/td>\n<td class=\"xl65\" width=\"509\">Massimiliano Vana<\/td>\n<td class=\"xl65\" width=\"632\">Coproducci\u00f3n Espa\u00f1a-Bulgaria; Ladafilm<\/td>\n<\/tr>\n<tr>\n<td class=\"xl65\" width=\"349\" height=\"23\">Bienvenido mister Kaita (Bienvenido Mr. Kaita)<\/td>\n<td class=\"xl65\" width=\"57\">2006<\/td>\n<td class=\"xl65\" width=\"509\">Albert Albacete<\/td>\n<td class=\"xl65\" width=\"632\">ALEA TV, RTVE<\/td>\n<\/tr>\n<tr>\n<td class=\"xl65\" width=\"349\" height=\"23\">Catalunya negra<\/td>\n<td class=\"xl65\" width=\"57\">2006<\/td>\n<td class=\"xl65\" width=\"509\">Gilbert-Ndunga Nsangata<\/td>\n<td class=\"xl65\" width=\"632\">Alea Docs &amp; Films<\/td>\n<\/tr>\n<tr>\n<td class=\"xl65\" width=\"349\" height=\"23\">El norte (entre el infinito y la nada)<\/td>\n<td class=\"xl65\" width=\"57\">2006<\/td>\n<td class=\"xl65\" width=\"509\">Lino Varela<\/td>\n<td class=\"xl65\" width=\"632\"><\/td>\n<\/tr>\n<tr>\n<td class=\"xl65\" width=\"349\" height=\"23\">Nuevos espa\u00f1oles<\/td>\n<td class=\"xl65\" width=\"57\">2007<\/td>\n<td class=\"xl65\" width=\"509\">Fernando Ampuero<\/td>\n<td class=\"xl65\" width=\"632\">Co.Eficiente.\u00a0 Distribuidora: RTVE<\/td>\n<\/tr>\n<tr>\n<td class=\"xl65\" width=\"349\" height=\"23\">Into the Shadows<\/td>\n<td class=\"xl65\" width=\"57\">2013<\/td>\n<td class=\"xl65\" width=\"509\">Pep Bonet<\/td>\n<td class=\"xl65\" width=\"632\"><\/td>\n<\/tr>\n<tr>\n<td class=\"xl65\" width=\"349\" height=\"23\">Los caminos de Aissa<\/td>\n<td class=\"xl65\" width=\"57\">2013<\/td>\n<td class=\"xl65\" width=\"509\">Rolando D\u00edaz<\/td>\n<td class=\"xl65\" width=\"632\">Luna Llena Producciones SL, Ventura Films<\/td>\n<\/tr>\n<tr>\n<td class=\"xl65\" width=\"349\" height=\"23\">Manzanas, pollos y quimeras<\/td>\n<td class=\"xl65\" width=\"57\">2013<\/td>\n<td class=\"xl65\" width=\"509\">In\u00e9s Par\u00eds<\/td>\n<td class=\"xl65\" width=\"632\">Fundaci\u00f3n Mujeres por \u00c1frica<\/td>\n<\/tr>\n<tr>\n<td class=\"xl65\" width=\"349\" height=\"23\">Pettring<\/td>\n<td class=\"xl65\" width=\"57\">2013<\/td>\n<td class=\"xl65\" width=\"509\">Eloy Dom\u00ednguez Ser\u00e9n<\/td>\n<td class=\"xl65\" width=\"632\"><\/td>\n<\/tr>\n<tr>\n<td class=\"xl65\" width=\"349\" height=\"23\">A Legacy of Smoke<\/td>\n<td class=\"xl65\" width=\"57\">2014<\/td>\n<td class=\"xl65\" width=\"509\">Luis Argeo, James D. Fern\u00e1ndez<\/td>\n<td class=\"xl65\" width=\"632\">White Stone Ridge Productions<\/td>\n<\/tr>\n<tr>\n<td class=\"xl65\" width=\"349\" height=\"23\">El llanto de la gacela<\/td>\n<td class=\"xl65\" width=\"57\">2014<\/td>\n<td class=\"xl65\" width=\"509\">Maritza Garc\u00eda, Marius Wehrli<\/td>\n<td class=\"xl65\" width=\"632\">TV3<\/td>\n<\/tr>\n<tr>\n<td class=\"xl65\" width=\"349\" height=\"23\">En tierra extra\u00f1a<\/td>\n<td class=\"xl65\" width=\"57\">2014<\/td>\n<td class=\"xl65\" width=\"509\">Ic\u00edar Bolla\u00edn<\/td>\n<td class=\"xl65\" width=\"632\">Tormenta Films<\/td>\n<\/tr>\n<tr>\n<td class=\"xl65\" width=\"349\" height=\"23\">La puerta azul<\/td>\n<td class=\"xl65\" width=\"57\">2015<\/td>\n<td class=\"xl65\" width=\"509\">Alicia Medina<\/td>\n<td class=\"xl65\" width=\"632\">Diodo Media<\/td>\n<\/tr>\n<tr>\n<td class=\"xl65\" width=\"349\" height=\"23\">Las l\u00e1grimas de \u00c1frica<\/td>\n<td class=\"xl65\" width=\"57\">2015<\/td>\n<td class=\"xl65\" width=\"509\">Amparo Climent<\/td>\n<td class=\"xl65\" width=\"632\"><\/td>\n<\/tr>\n<tr>\n<td class=\"xl65\" width=\"349\" height=\"23\">Muros<\/td>\n<td class=\"xl65\" width=\"57\">2015<\/td>\n<td class=\"xl65\" width=\"509\">Pablo Iraburu, Migueltxo Molina<\/td>\n<td class=\"xl65\" width=\"632\">Arena Comunicaci\u00f3n, Txalap.Art<\/td>\n<\/tr>\n<tr>\n<td class=\"xl65\" width=\"349\" height=\"23\">Sole\u00e1, els n\u00e9ts dels altres catalans<\/td>\n<td class=\"xl65\" width=\"57\">2015<\/td>\n<td class=\"xl65\" width=\"509\">Marc Hern\u00e1ndez, Maria Llin\u00e1s, Natalia Morales, Marta Vivet<\/td>\n<td class=\"xl65\" width=\"632\"><\/td>\n<\/tr>\n<tr>\n<td class=\"xl65\" width=\"349\" height=\"23\">Astral<\/td>\n<td class=\"xl65\" width=\"57\">2016<\/td>\n<td class=\"xl65\" width=\"509\">Jordi \u00c9vole, Ram\u00f3n Lara<\/td>\n<td class=\"xl65\" width=\"632\">Atresmedia Televisi\u00f3n, Salvados, Producciones del Barrio<\/td>\n<\/tr>\n<tr>\n<td class=\"xl65\" width=\"349\" height=\"23\">Contramarea<\/td>\n<td class=\"xl65\" width=\"57\">2016<\/td>\n<td class=\"xl65\" width=\"509\">Carlos Esca\u00f1o<\/td>\n<td class=\"xl65\" width=\"632\"><\/td>\n<\/tr>\n<tr>\n<td class=\"xl65\" width=\"349\" height=\"23\">Dresden refuge<\/td>\n<td class=\"xl65\" width=\"57\">2016<\/td>\n<td class=\"xl65\" width=\"509\">Xuban Intxausti<\/td>\n<td class=\"xl65\" width=\"632\">Coproducci\u00f3n Espa\u00f1a-Alemania; Mediapro Studios<\/td>\n<\/tr>\n<tr>\n<td class=\"xl65\" width=\"349\" height=\"23\">Messages at the Border<\/td>\n<td class=\"xl65\" width=\"57\">2016<\/td>\n<td class=\"xl65\" width=\"509\">Xuban Intxausti<\/td>\n<td class=\"xl65\" width=\"632\">Mediapro Studios<\/td>\n<\/tr>\n<tr>\n<td class=\"xl65\" width=\"349\" height=\"23\">Tarajal: Desmontando la impunidad en la frontera sur<\/td>\n<td class=\"xl65\" width=\"57\">2016<\/td>\n<td class=\"xl65\" width=\"509\">Xavier Artigas, Xapo Ortega<\/td>\n<td class=\"xl65\" width=\"632\">Metromuster, Observatori DESC<\/td>\n<\/tr>\n<tr>\n<td class=\"xl65\" width=\"349\" height=\"23\">To Kyma. Rescat al mar Egeu<\/td>\n<td class=\"xl65\" width=\"57\">2016<\/td>\n<td class=\"xl65\" width=\"509\">Arantza Diez, David Fontseca<\/td>\n<td class=\"xl65\" width=\"632\">La Kaseta, Televisi\u00f3n de Galicia (TVG)<\/td>\n<\/tr>\n<tr>\n<td class=\"xl65\" width=\"349\" height=\"23\">Argentina<\/td>\n<td class=\"xl65\" width=\"57\">2017<\/td>\n<td class=\"xl65\" width=\"509\">Joaqu\u00edn Hermo<\/td>\n<td class=\"xl65\" width=\"632\">ECAM<\/td>\n<\/tr>\n<tr>\n<td class=\"xl65\" width=\"349\" height=\"23\">Atenas. Meeting point<\/td>\n<td class=\"xl65\" width=\"57\">2017<\/td>\n<td class=\"xl65\" width=\"509\">Carmen PG Granxeiro<\/td>\n<td class=\"xl65\" width=\"632\"><\/td>\n<\/tr>\n<tr>\n<td class=\"xl65\" width=\"349\" height=\"23\">Espa\u00f1oles en el exilio<\/td>\n<td class=\"xl65\" width=\"57\">2017<\/td>\n<td class=\"xl65\" width=\"509\">Rub\u00e9n Hornillo<\/td>\n<td class=\"xl65\" width=\"632\">Yo Creo Content<\/td>\n<\/tr>\n<tr>\n<td class=\"xl65\" width=\"349\" height=\"23\">Invierno en Europa<\/td>\n<td class=\"xl65\" width=\"57\">2017<\/td>\n<td class=\"xl65\" width=\"509\">Polo Men\u00e1rguez<\/td>\n<td class=\"xl65\" width=\"632\">Mordisco Films<\/td>\n<\/tr>\n<tr>\n<td class=\"xl65\" width=\"349\" height=\"45\">La plomada (The Weight of Remembering)<\/td>\n<td class=\"xl65\" width=\"57\">2017<\/td>\n<td class=\"xl65\" width=\"509\">Luis Argeo, James D. Fern\u00e1ndez<\/td>\n<td class=\"xl65\" width=\"632\">Coproducci\u00f3n Espa\u00f1a-Estados Unidos; White Stone Ridge Productions, Centro Espa\u00f1ol de Tampa<\/td>\n<\/tr>\n<tr>\n<td class=\"xl65\" width=\"349\" height=\"23\">No puedo volver a casa<\/td>\n<td class=\"xl65\" width=\"57\">2017<\/td>\n<td class=\"xl65\" width=\"509\">Jordi Vilar<\/td>\n<td class=\"xl65\" width=\"632\"><\/td>\n<\/tr>\n<tr>\n<td class=\"xl65\" width=\"349\" height=\"23\">Samba, un nombre borrado<\/td>\n<td class=\"xl65\" width=\"57\">2017<\/td>\n<td class=\"xl65\" width=\"509\">Mariano Agudo<\/td>\n<td class=\"xl65\" width=\"632\">Coproducci\u00f3n Espa\u00f1a-Marruecos-Senegal; Intermedia Producciones<\/td>\n<\/tr>\n<tr>\n<td class=\"xl65\" width=\"349\" height=\"23\">Ahir\/Dem\u00e1<\/td>\n<td class=\"xl65\" width=\"57\">2018<\/td>\n<td class=\"xl65\" width=\"509\">Ra\u00fal Riebenbauer<\/td>\n<td class=\"xl65\" width=\"632\">Waterdrop Films<\/td>\n<\/tr>\n<tr>\n<td class=\"xl65\" width=\"349\" height=\"23\">Hu\u00e9rfanos del olvido<\/td>\n<td class=\"xl65\" width=\"57\">2018<\/td>\n<td class=\"xl65\" width=\"509\">Lino Varela<\/td>\n<td class=\"xl65\" width=\"632\"><\/td>\n<\/tr>\n<tr>\n<td class=\"xl65\" width=\"349\" height=\"23\">Idrissa, cr\u00f3nica de una muerte cualquiera<\/td>\n<td class=\"xl65\" width=\"57\">2018<\/td>\n<td class=\"xl65\" width=\"509\">Xavier Artigas, Xapo Ortega<\/td>\n<td class=\"xl65\" width=\"632\">Metromuster, Polar Star Films<\/td>\n<\/tr>\n<tr>\n<td class=\"xl65\" width=\"349\" height=\"23\">Nuestra vida como ni\u00f1os refugiados en Europa<\/td>\n<td class=\"xl65\" width=\"57\">2018<\/td>\n<td class=\"xl65\" width=\"509\">Silvia Venegas Venegas<\/td>\n<td class=\"xl65\" width=\"632\">Making DOC Producciones<\/td>\n<\/tr>\n<tr>\n<td class=\"xl65\" width=\"349\" height=\"23\">Barzakh<\/td>\n<td class=\"xl65\" width=\"57\">2019<\/td>\n<td class=\"xl65\" width=\"509\">Alejandro G. Salgado<\/td>\n<td class=\"xl65\" width=\"632\">La Maleta Creacion Cultural<\/td>\n<\/tr>\n<tr>\n<td class=\"xl65\" width=\"349\" height=\"23\">El sue\u00f1o europeo: Serbia<\/td>\n<td class=\"xl65\" width=\"57\">2019<\/td>\n<td class=\"xl65\" width=\"509\">Jaime Alekos<\/td>\n<td class=\"xl65\" width=\"632\"><\/td>\n<\/tr>\n<tr>\n<td class=\"xl65\" width=\"349\" height=\"23\">Entre dos tierras<\/td>\n<td class=\"xl65\" width=\"57\">2019<\/td>\n<td class=\"xl65\" width=\"509\">Javier Moreno Caballero<\/td>\n<td class=\"xl65\" width=\"632\"><\/td>\n<\/tr>\n<tr>\n<td class=\"xl65\" width=\"349\" height=\"23\">No nacimos refugiados<\/td>\n<td class=\"xl65\" width=\"57\">2019<\/td>\n<td class=\"xl65\" width=\"509\">Claudio Zulian<\/td>\n<td class=\"xl65\" width=\"632\">Acteon SCCL, TV3<\/td>\n<\/tr>\n<tr>\n<td class=\"xl65\" width=\"349\" height=\"23\">Paseko txoriak<\/td>\n<td class=\"xl65\" width=\"57\">2019<\/td>\n<td class=\"xl65\" width=\"509\">Juanmi Guti\u00e9rrez<\/td>\n<td class=\"xl65\" width=\"632\">Zazpi T&#8217;erdi<\/td>\n<\/tr>\n<tr>\n<td class=\"xl65\" width=\"349\" height=\"23\">Varados<\/td>\n<td class=\"xl65\" width=\"57\">2019<\/td>\n<td class=\"xl65\" width=\"509\">Helena Taberna<\/td>\n<td class=\"xl65\" width=\"632\">Lamia Producciones<\/td>\n<\/tr>\n<tr>\n<td class=\"xl65\" width=\"349\" height=\"23\">#boza<\/td>\n<td class=\"xl65\" width=\"57\">2020<\/td>\n<td class=\"xl65\" width=\"509\">Anna Surinyach, S\u00e9verine Sajous<\/td>\n<td class=\"xl65\" width=\"632\">Colectivo 5w<\/td>\n<\/tr>\n<tr>\n<td class=\"xl65\" width=\"349\" height=\"23\">Cartas mojadas<\/td>\n<td class=\"xl65\" width=\"57\">2020<\/td>\n<td class=\"xl65\" width=\"509\">Paula Palacios<\/td>\n<td class=\"xl65\" width=\"632\">Morada Films. Productor: Isabel Coixet<\/td>\n<\/tr>\n<tr>\n<td class=\"xl65\" width=\"349\" height=\"23\">El Camino<\/td>\n<td class=\"xl65\" width=\"57\">2020<\/td>\n<td class=\"xl65\" width=\"509\">Jos\u00e9 Manuel Col\u00f3n<\/td>\n<td class=\"xl65\" width=\"632\">Alquimistas Producciones<\/td>\n<\/tr>\n<tr>\n<td class=\"xl65\" width=\"349\" height=\"23\">Fent les Am\u00e8riques<\/td>\n<td class=\"xl65\" width=\"57\">2020<\/td>\n<td class=\"xl65\" width=\"509\">Pedro Salom Cald\u00e9s<\/td>\n<td class=\"xl65\" width=\"632\"><\/td>\n<\/tr>\n<tr>\n<td class=\"xl65\" width=\"349\" height=\"23\">Para\u00edso<\/td>\n<td class=\"xl65\" width=\"57\">2020<\/td>\n<td class=\"xl65\" width=\"509\">Mateo Cabeza<\/td>\n<td class=\"xl65\" width=\"632\"><\/td>\n<\/tr>\n<tr>\n<td class=\"xl65\" width=\"349\" height=\"23\">Vidas menores<\/td>\n<td class=\"xl65\" width=\"57\">2020<\/td>\n<td class=\"xl65\" width=\"509\">Alfredo Torrescalles<\/td>\n<td class=\"xl65\" width=\"632\">Fascina Producciones<\/td>\n<\/tr>\n<tr>\n<td class=\"xl65\" width=\"349\" height=\"23\">Aita Mari<\/td>\n<td class=\"xl65\" width=\"57\">2021<\/td>\n<td class=\"xl65\" width=\"509\">Javi Julio<\/td>\n<td class=\"xl65\" width=\"632\">Nervio Film &amp; Foto<\/td>\n<\/tr>\n<tr>\n<td class=\"xl65\" width=\"349\" height=\"23\">Bienvenidos a Espa\u00f1a<\/td>\n<td class=\"xl65\" width=\"57\">2021<\/td>\n<td class=\"xl65\" width=\"509\">Juan Antonio Moreno Amador<\/td>\n<td class=\"xl65\" width=\"632\">Making DOC Producciones<\/td>\n<\/tr>\n<tr>\n<td class=\"xl65\" width=\"349\" height=\"23\">Burned Souls<\/td>\n<td class=\"xl65\" width=\"57\">2021<\/td>\n<td class=\"xl65\" width=\"509\">Adri Salido, Gian Marco Benedetto<\/td>\n<td class=\"xl65\" width=\"632\"><\/td>\n<\/tr>\n<tr>\n<td class=\"xl65\" width=\"349\" height=\"23\">LA QueenCia\u00f1era<\/td>\n<td class=\"xl65\" width=\"57\">2021<\/td>\n<td class=\"xl65\" width=\"509\">Pedro Peira<\/td>\n<td class=\"xl65\" width=\"632\"><\/td>\n<\/tr>\n<tr>\n<td class=\"xl65\" width=\"349\" height=\"23\">Las nadie<\/td>\n<td class=\"xl65\" width=\"57\">2021<\/td>\n<td class=\"xl65\" width=\"509\">Elisa Mart\u00edn Gomez<\/td>\n<td class=\"xl65\" width=\"632\"><\/td>\n<\/tr>\n<\/tbody>\n<\/table>\n","protected":false},"excerpt":{"rendered":"<p>&nbsp; &nbsp; Documentari \u00abspagnoli\u00bb registrati nel database Filmaffinity (e altri database) che si occupano del fenomeno migratorio (1990-2022). L&#8217;ordinamento \u00e8 stato effettuato per anno di creazione &nbsp; Titolo Anno Regia Produttore El viaje de Ibrahima 2000 Carles Caparr\u00f3s, Daniel Hern\u00e1ndez Alea Docs &amp; Films Balseros 2002 Carles Bosch, Josep Maria Dom\u00e9nech Bausan Films, Buenavida producciones,&hellip; <a href=\"https:\/\/blogs.ugr.es\/migra-cin-es\/it\/documentairo\/\" class=\"more-link\">Leer m\u00e1s <span class=\"screen-reader-text\">acerca de Documentairo<\/span><\/a><\/p>\n","protected":false},"author":20,"featured_media":0,"parent":0,"menu_order":0,"comment_status":"closed","ping_status":"closed","template":"","meta":{"_genesis_hide_title":false,"_genesis_hide_breadcrumbs":false,"_genesis_hide_singular_image":false,"_genesis_hide_footer_widgets":false,"_genesis_custom_body_class":"","_genesis_custom_post_class":"","_genesis_layout":"","footnotes":""},"categories":[],"tags":[],"class_list":{"0":"post-664","1":"page","2":"type-page","3":"status-publish","5":"entry"},"_links":{"self":[{"href":"https:\/\/blogs.ugr.es\/migra-cin-es\/wp-json\/wp\/v2\/pages\/664","targetHints":{"allow":["GET"]}}],"collection":[{"href":"https:\/\/blogs.ugr.es\/migra-cin-es\/wp-json\/wp\/v2\/pages"}],"about":[{"href":"https:\/\/blogs.ugr.es\/migra-cin-es\/wp-json\/wp\/v2\/types\/page"}],"author":[{"embeddable":true,"href":"https:\/\/blogs.ugr.es\/migra-cin-es\/wp-json\/wp\/v2\/users\/20"}],"replies":[{"embeddable":true,"href":"https:\/\/blogs.ugr.es\/migra-cin-es\/wp-json\/wp\/v2\/comments?post=664"}],"version-history":[{"count":2,"href":"https:\/\/blogs.ugr.es\/migra-cin-es\/wp-json\/wp\/v2\/pages\/664\/revisions"}],"predecessor-version":[{"id":666,"href":"https:\/\/blogs.ugr.es\/migra-cin-es\/wp-json\/wp\/v2\/pages\/664\/revisions\/666"}],"wp:attachment":[{"href":"https:\/\/blogs.ugr.es\/migra-cin-es\/wp-json\/wp\/v2\/media?parent=664"}],"wp:term":[{"taxonomy":"category","embeddable":true,"href":"https:\/\/blogs.ugr.es\/migra-cin-es\/wp-json\/wp\/v2\/categories?post=664"},{"taxonomy":"post_tag","embeddable":true,"href":"https:\/\/blogs.ugr.es\/migra-cin-es\/wp-json\/wp\/v2\/tags?post=664"}],"curies":[{"name":"wp","href":"https:\/\/api.w.org\/{rel}","templated":true}]}}