{"id":679,"date":"2022-11-02T13:55:07","date_gmt":"2022-11-02T12:55:07","guid":{"rendered":"https:\/\/blogs.ugr.es\/migra-cin-es\/?page_id=679"},"modified":"2022-11-03T19:20:03","modified_gmt":"2022-11-03T18:20:03","slug":"fiction-2","status":"publish","type":"page","link":"https:\/\/blogs.ugr.es\/migra-cin-es\/en\/fiction-2\/","title":{"rendered":"Fiction"},"content":{"rendered":"<table border=\"0\" width=\"1160\" cellspacing=\"0\" cellpadding=\"0\">\n<colgroup>\n<col width=\"195\" \/>\n<col width=\"57\" \/>\n<col width=\"340\" \/>\n<col width=\"568\" \/><\/colgroup>\n<tbody>\n<tr>\n<td class=\"xl68\" width=\"195\" height=\"23\">\n<h4>Title<\/h4>\n<\/td>\n<td class=\"xl65\" width=\"57\">\n<h4>Year<\/h4>\n<\/td>\n<td class=\"xl65\" width=\"340\">\n<h4>Direction<\/h4>\n<\/td>\n<td class=\"xl65\" width=\"568\">\n<h4>Producer<\/h4>\n<\/td>\n<\/tr>\n<tr>\n<td class=\"xl66\" width=\"195\" height=\"23\">Las cartas de Alou<\/td>\n<td class=\"xl65\" width=\"57\">1990<\/td>\n<td class=\"xl65\" width=\"340\">Montxo Armend\u00e1riz<\/td>\n<td class=\"xl65\" width=\"568\">El\u00edas Querejeta<\/td>\n<\/tr>\n<tr>\n<td class=\"xl66\" width=\"195\" height=\"45\">El techo del mundo<\/td>\n<td class=\"xl65\" width=\"57\">1994<\/td>\n<td class=\"xl65\" width=\"340\">Felipe Vega<\/td>\n<td class=\"xl65\" width=\"568\">Coproducci\u00f3n Espa\u00f1a-Suiza-Francia; Marea Films, Samsa Film, Cocodrile Productions, Roehrich y Asociados<\/td>\n<\/tr>\n<tr>\n<td class=\"xl66\" width=\"195\" height=\"23\">Bwana<\/td>\n<td class=\"xl65\" width=\"57\">1996<\/td>\n<td class=\"xl65\" width=\"340\">Imanol Uribe<\/td>\n<td class=\"xl65\" width=\"568\">Aurum, Cartel, Origen PC<\/td>\n<\/tr>\n<tr>\n<td class=\"xl66\" width=\"195\" height=\"23\">Lucrecia<\/td>\n<td class=\"xl65\" width=\"57\">1996<\/td>\n<td class=\"xl65\" width=\"340\">Mariano Barroso<\/td>\n<td class=\"xl65\" width=\"568\">Aurum; Central de Producciones Audiovisuales S.L.; Max TV<\/td>\n<\/tr>\n<tr>\n<td class=\"xl66\" width=\"195\" height=\"23\">Menos que cero<\/td>\n<td class=\"xl65\" width=\"57\">1996<\/td>\n<td class=\"xl65\" width=\"340\">Ernesto Teller\u00eda<\/td>\n<td class=\"xl65\" width=\"568\">Cartel S.L, Ikusmen<\/td>\n<\/tr>\n<tr>\n<td class=\"xl66\" width=\"195\" height=\"23\">Taxi<\/td>\n<td class=\"xl65\" width=\"57\">1996<\/td>\n<td class=\"xl65\" width=\"340\">Carlos Saura<\/td>\n<td class=\"xl65\" width=\"568\">Filmart, RTVE, TF1 Films Production, Canal+ Espa\u00f1a<\/td>\n<\/tr>\n<tr>\n<td class=\"xl66\" width=\"195\" height=\"23\">Cosas que dej\u00e9 en La Habana<\/td>\n<td class=\"xl65\" width=\"57\">1997<\/td>\n<td class=\"xl65\" width=\"340\">Manuel Guti\u00e9rrez Arag\u00f3n<\/td>\n<td class=\"xl65\" width=\"568\">Sogetel, Tornasol Films<\/td>\n<\/tr>\n<tr>\n<td class=\"xl66\" width=\"195\" height=\"23\">En la puta calle<\/td>\n<td class=\"xl65\" width=\"57\">1997<\/td>\n<td class=\"xl65\" width=\"340\">Enrique Gabriel<\/td>\n<td class=\"xl65\" width=\"568\">A.T.P.I.P. Producciones, Trastorno Films<\/td>\n<\/tr>\n<tr>\n<td class=\"xl66\" width=\"195\" height=\"23\">El sudor de los ruise\u00f1ores<\/td>\n<td class=\"xl65\" width=\"57\">1998<\/td>\n<td class=\"xl65\" width=\"340\">Juan Manuel Cotelo<\/td>\n<td class=\"xl65\" width=\"568\">I.T.P<\/td>\n<\/tr>\n<tr>\n<td class=\"xl66\" width=\"195\" height=\"23\">Frontera Sur<\/td>\n<td class=\"xl65\" width=\"57\">1998<\/td>\n<td class=\"xl65\" width=\"340\">Gerardo Herrero<\/td>\n<td class=\"xl65\" width=\"568\">Coproducci\u00f3n Espa\u00f1a-Argentina-Francia-Alemania; Tornasol Films, Aleph Cine S.A<\/td>\n<\/tr>\n<tr>\n<td class=\"xl66\" width=\"195\" height=\"23\">Flores de otro mundo<\/td>\n<td class=\"xl65\" width=\"57\">1999<\/td>\n<td class=\"xl65\" width=\"340\">Ic\u00edar Bolla\u00edn<\/td>\n<td class=\"xl65\" width=\"568\">Alta Films<\/td>\n<\/tr>\n<tr>\n<td class=\"xl66\" width=\"195\" height=\"23\">Sa\u00efd<\/td>\n<td class=\"xl65\" width=\"57\">1999<\/td>\n<td class=\"xl65\" width=\"340\"><\/td>\n<td class=\"xl65\" width=\"568\"><\/td>\n<\/tr>\n<tr>\n<td class=\"xl66\" width=\"195\" height=\"23\">Tom\u00e1ndote<\/td>\n<td class=\"xl65\" width=\"57\">2000<\/td>\n<td class=\"xl65\" width=\"340\">Isabel Gardela<\/td>\n<td class=\"xl65\" width=\"568\">Producciones Kilimanjaro<\/td>\n<\/tr>\n<tr>\n<td class=\"xl66\" width=\"195\" height=\"23\">Salvajes<\/td>\n<td class=\"xl65\" width=\"57\">2001<\/td>\n<td class=\"xl65\" width=\"340\">Carlos Molinero<\/td>\n<td class=\"xl65\" width=\"568\">Brothers &amp; Sisters, Passion Walls, L\u00ednea Sur P.C<\/td>\n<\/tr>\n<tr>\n<td class=\"xl66\" width=\"195\" height=\"23\">El traje<\/td>\n<td class=\"xl65\" width=\"57\">2002<\/td>\n<td class=\"xl65\" width=\"340\">Alberto Rodr\u00edguez<\/td>\n<td class=\"xl65\" width=\"568\">Tesela P.C<\/td>\n<\/tr>\n<tr>\n<td class=\"xl66\" width=\"195\" height=\"23\">La novia de L\u00e1zaro<\/td>\n<td class=\"xl65\" width=\"57\">2002<\/td>\n<td class=\"xl65\" width=\"340\">Fernando Merinero<\/td>\n<td class=\"xl65\" width=\"568\">Vendaval Producciones, Amanda Films<\/td>\n<\/tr>\n<tr>\n<td class=\"xl66\" width=\"195\" height=\"23\">Poniente<\/td>\n<td class=\"xl65\" width=\"57\">2002<\/td>\n<td class=\"xl65\" width=\"340\">Chus Guti\u00e9rrez<\/td>\n<td class=\"xl65\" width=\"568\">Araba Films, Olmo Films S.L, Amboto Audiovisual<\/td>\n<\/tr>\n<tr>\n<td class=\"xl66\" width=\"195\" height=\"23\">Sin retorno<\/td>\n<td class=\"xl65\" width=\"57\">2002<\/td>\n<td class=\"xl65\" width=\"340\">Jes\u00fas Nebot, Julia Montejo<\/td>\n<td class=\"xl65\" width=\"568\">Coproducci\u00f3n Espa\u00f1a-Estados Unidos; Cartel, Zokalo Entertainment<\/td>\n<\/tr>\n<tr>\n<td class=\"xl66\" width=\"195\" height=\"23\">Ilegal<\/td>\n<td class=\"xl65\" width=\"57\">2003<\/td>\n<td class=\"xl65\" width=\"340\">Ignacio Vilar<\/td>\n<td class=\"xl65\" width=\"568\">Productora Faro Lerez S.L, Via L\u00e1ctea Filmes<\/td>\n<\/tr>\n<tr>\n<td class=\"xl66\" width=\"195\" height=\"23\">The Other Shoe<\/td>\n<td class=\"xl65\" width=\"57\">2003<\/td>\n<td class=\"xl65\" width=\"340\">Guillermo Escalona, Joan Cuevas Pareras<\/td>\n<td class=\"xl65\" width=\"568\">The Family Productions, Createle Producciones, Ficciones del Sur<\/td>\n<\/tr>\n<tr>\n<td class=\"xl66\" width=\"195\" height=\"23\">Las hijas de Mohamed<\/td>\n<td class=\"xl65\" width=\"57\">2004<\/td>\n<td class=\"xl65\" width=\"340\">S\u00edlvia Munt<\/td>\n<td class=\"xl65\" width=\"568\">Canal Sur, In Vitro Films<\/td>\n<\/tr>\n<tr>\n<td class=\"xl66\" width=\"195\" height=\"23\">90 millas<\/td>\n<td class=\"xl65\" width=\"57\">2005<\/td>\n<td class=\"xl65\" width=\"340\">Francisco Rodr\u00edguez Fern\u00e1ndez<\/td>\n<td class=\"xl65\" width=\"568\">Sateco, Cubaname<\/td>\n<\/tr>\n<tr>\n<td class=\"xl66\" width=\"195\" height=\"23\">Agua con sal<\/td>\n<td class=\"xl65\" width=\"57\">2005<\/td>\n<td class=\"xl65\" width=\"340\">Pedro P\u00e9rez Rosado<\/td>\n<td class=\"xl65\" width=\"568\">Coproducci\u00f3n Espa\u00f1a-Puerto Rico;<\/td>\n<\/tr>\n<tr>\n<td class=\"xl66\" width=\"195\" height=\"23\">Malas temporadas<\/td>\n<td class=\"xl65\" width=\"57\">2005<\/td>\n<td class=\"xl65\" width=\"340\">Manuel Mart\u00edn Cuenca<\/td>\n<td class=\"xl65\" width=\"568\">Iberrota Films, Golem Distribuci\u00f3n<\/td>\n<\/tr>\n<tr>\n<td class=\"xl66\" width=\"195\" height=\"23\">Omar Mart\u00ednez<\/td>\n<td class=\"xl65\" width=\"57\">2005<\/td>\n<td class=\"xl65\" width=\"340\">Pau Mart\u00ednez<\/td>\n<td class=\"xl65\" width=\"568\">Just Films, TV3, Adivina Producciones, Nadie es perfecto, Canal 9 Televisi\u00f3 Valenciana<\/td>\n<\/tr>\n<tr>\n<td class=\"xl66\" width=\"195\" height=\"23\">Princesas<\/td>\n<td class=\"xl65\" width=\"57\">2005<\/td>\n<td class=\"xl65\" width=\"340\">Fernando Le\u00f3n de Aranoa<\/td>\n<td class=\"xl65\" width=\"568\">Reposado Producciones, Mediapro, Antena 3 Televisi\u00f3n, Canal+ Espa\u00f1a<\/td>\n<\/tr>\n<tr>\n<td class=\"xl66\" width=\"195\" height=\"23\">Una rosa de Francia<\/td>\n<td class=\"xl65\" width=\"57\">2005<\/td>\n<td class=\"xl65\" width=\"340\">Manuel Guti\u00e9rrez Arag\u00f3n<\/td>\n<td class=\"xl65\" width=\"568\">Coproducci\u00f3n Espa\u00f1a-Cuba; Tornasol Films, ICAIC<\/td>\n<\/tr>\n<tr>\n<td class=\"xl66\" width=\"195\" height=\"23\">El pr\u00f3ximo Oriente<\/td>\n<td class=\"xl65\" width=\"57\">2006<\/td>\n<td class=\"xl65\" width=\"340\">Fernando Colomo<\/td>\n<td class=\"xl65\" width=\"568\">Sogecine, Fernando Colomo P.C<\/td>\n<\/tr>\n<tr>\n<td class=\"xl66\" width=\"195\" height=\"23\">Un franco, 14 pesetas<\/td>\n<td class=\"xl65\" width=\"57\">2006<\/td>\n<td class=\"xl65\" width=\"340\">Carlos Iglesias<\/td>\n<td class=\"xl65\" width=\"568\">Adivina Producciones<\/td>\n<\/tr>\n<tr>\n<td class=\"xl66\" width=\"195\" height=\"23\">14 kil\u00f3metros<\/td>\n<td class=\"xl65\" width=\"57\">2007<\/td>\n<td class=\"xl65\" width=\"340\">Gerardo Olivares<\/td>\n<td class=\"xl65\" width=\"568\">Wanda Visi\u00f3n, Explora Films<\/td>\n<\/tr>\n<tr>\n<td class=\"xl66\" width=\"195\" height=\"23\">Masala (Mezcla)<\/td>\n<td class=\"xl65\" width=\"57\">2007<\/td>\n<td class=\"xl65\" width=\"340\">Salvador Calvo<\/td>\n<td class=\"xl65\" width=\"568\">Telecinco Cinema, Estudios Picasso, Flamenco Films<\/td>\n<\/tr>\n<tr>\n<td class=\"xl66\" width=\"195\" height=\"23\">Querida Bamako<\/td>\n<td class=\"xl65\" width=\"57\">2007<\/td>\n<td class=\"xl65\" width=\"340\">Omer Oke, Txarly Llorente<\/td>\n<td class=\"xl65\" width=\"568\">Abra Producciones<\/td>\n<\/tr>\n<tr>\n<td class=\"xl66\" width=\"195\" height=\"23\">Bajo el mismo cielo (TV)<\/td>\n<td class=\"xl65\" width=\"57\">2008<\/td>\n<td class=\"xl65\" width=\"340\">S\u00edlvia Munt<\/td>\n<td class=\"xl65\" width=\"568\">Array\u00e1s Producciones, In Vitro Films, Canal Sur Televisi\u00f3n, Televisi\u00f3n de Galicia (TVG)<\/td>\n<\/tr>\n<tr>\n<td class=\"xl66\" width=\"195\" height=\"23\">Retorno a Hansala<\/td>\n<td class=\"xl65\" width=\"57\">2008<\/td>\n<td class=\"xl65\" width=\"340\">Chus Guti\u00e9rrez<\/td>\n<td class=\"xl65\" width=\"568\">Maestranza Films, Muac Films<\/td>\n<\/tr>\n<tr>\n<td class=\"xl66\" width=\"195\" height=\"23\">Catalunya \u00fcber alles!<\/td>\n<td class=\"xl65\" width=\"57\">2010<\/td>\n<td class=\"xl65\" width=\"340\">Ramon T\u00e9rmens<\/td>\n<td class=\"xl65\" width=\"568\">Segarra Films<\/td>\n<\/tr>\n<tr>\n<td class=\"xl66\" width=\"195\" height=\"23\">El d\u00e9u de fusta<\/td>\n<td class=\"xl65\" width=\"57\">2010<\/td>\n<td class=\"xl65\" width=\"340\">Vicente Molina Foix<\/td>\n<td class=\"xl65\" width=\"568\">Sagrera Audiovisual, Metrojavier, DC Media<\/td>\n<\/tr>\n<tr>\n<td class=\"xl66\" width=\"195\" height=\"23\">Implosion (TV)<\/td>\n<td class=\"xl65\" width=\"57\">2010<\/td>\n<td class=\"xl65\" width=\"340\">S\u00f6ren Voigt<\/td>\n<td class=\"xl65\" width=\"568\">Coproducci\u00f3n Espa\u00f1a-Alemania;<\/td>\n<\/tr>\n<tr>\n<td class=\"xl66\" width=\"195\" height=\"23\">Naufragio<\/td>\n<td class=\"xl65\" width=\"57\">2010<\/td>\n<td class=\"xl65\" width=\"340\">Pedro Aguilera<\/td>\n<td class=\"xl65\" width=\"568\">Alokatu S.L<\/td>\n<\/tr>\n<tr>\n<td class=\"xl66\" width=\"195\" height=\"23\">Evelyn<\/td>\n<td class=\"xl65\" width=\"57\">2011<\/td>\n<td class=\"xl65\" width=\"340\">Isabel de Ocampo<\/td>\n<td class=\"xl65\" width=\"568\">La voz que yo amo<\/td>\n<\/tr>\n<tr>\n<td class=\"xl66\" width=\"195\" height=\"23\">Five Colors<\/td>\n<td class=\"xl65\" width=\"57\">2011<\/td>\n<td class=\"xl65\" width=\"340\">Alex Quiroga<\/td>\n<td class=\"xl65\" width=\"568\"><\/td>\n<\/tr>\n<tr>\n<td class=\"xl66\" width=\"195\" height=\"23\">La venta del para\u00edso<\/td>\n<td class=\"xl65\" width=\"57\">2012<\/td>\n<td class=\"xl65\" width=\"340\">Emilio J. Ruiz<\/td>\n<td class=\"xl65\" width=\"568\">Ircania Producciones<\/td>\n<\/tr>\n<tr>\n<td class=\"xl66\" width=\"195\" height=\"23\">El Rayo<\/td>\n<td class=\"xl65\" width=\"57\">2013<\/td>\n<td class=\"xl65\" width=\"340\">Fran Ara\u00fajo, Ernesto de Nova<\/td>\n<td class=\"xl65\" width=\"568\">Coproducci\u00f3n Espa\u00f1a-Portugal-Marruecos;<\/td>\n<\/tr>\n<tr>\n<td class=\"xl66\" width=\"195\" height=\"23\">Ismael<\/td>\n<td class=\"xl65\" width=\"57\">2013<\/td>\n<td class=\"xl65\" width=\"340\">Marcelo Pi\u00f1eyro<\/td>\n<td class=\"xl65\" width=\"568\">Antena 3 Films, Zeta Cinema<\/td>\n<\/tr>\n<tr>\n<td class=\"xl66\" width=\"195\" height=\"23\">Marat\u00f3n<\/td>\n<td class=\"xl65\" width=\"57\">2013<\/td>\n<td class=\"xl65\" width=\"340\">Breog\u00e1n Riveiro<\/td>\n<td class=\"xl65\" width=\"568\">Formato Producciones S.L<\/td>\n<\/tr>\n<tr>\n<td class=\"xl66\" width=\"195\" height=\"23\">Slimane<\/td>\n<td class=\"xl65\" width=\"57\">2013<\/td>\n<td class=\"xl65\" width=\"340\">Jos\u00e9 \u00c1ngel Alay\u00f3n<\/td>\n<td class=\"xl65\" width=\"568\"><\/td>\n<\/tr>\n<tr>\n<td class=\"xl66\" width=\"195\" height=\"23\">2 francos, 40 pesetas<\/td>\n<td class=\"xl65\" width=\"57\">2014<\/td>\n<td class=\"xl65\" width=\"340\">Carlos Iglesias<\/td>\n<td class=\"xl65\" width=\"568\">Gonafilm<\/td>\n<\/tr>\n<tr>\n<td class=\"xl66\" width=\"195\" height=\"23\">A escondidas<\/td>\n<td class=\"xl65\" width=\"57\">2014<\/td>\n<td class=\"xl65\" width=\"340\">Mikel Rueda<\/td>\n<td class=\"xl65\" width=\"568\">Baleuko, ETB<\/td>\n<\/tr>\n<tr>\n<td class=\"xl66\" width=\"195\" height=\"23\">Abayomi (S)<\/td>\n<td class=\"xl65\" width=\"57\">2015<\/td>\n<td class=\"xl65\" width=\"340\">Guillermo L\u00f3pez L\u00f3pez<\/td>\n<td class=\"xl65\" width=\"568\"><\/td>\n<\/tr>\n<tr>\n<td class=\"xl66\" width=\"195\" height=\"23\">Perdiendo el norte<\/td>\n<td class=\"xl65\" width=\"57\">2015<\/td>\n<td class=\"xl65\" width=\"340\">Nacho G. Velilla<\/td>\n<td class=\"xl65\" width=\"568\">Producciones Aparte, Atresmedia Cine, Telef\u00f3nica Studios<\/td>\n<\/tr>\n<tr>\n<td class=\"xl66\" width=\"195\" height=\"23\">Barcelone Bar Barsakh (S)<\/td>\n<td class=\"xl65\" width=\"57\">2016<\/td>\n<td class=\"xl65\" width=\"340\">Nacho Gil Cid De Diego, Cristina Vergara Sequeiro<\/td>\n<td class=\"xl65\" width=\"568\"><\/td>\n<\/tr>\n<tr>\n<td class=\"xl66\" width=\"195\" height=\"23\">Los objetos amorosos<\/td>\n<td class=\"xl65\" width=\"57\">2016<\/td>\n<td class=\"xl65\" width=\"340\">Adri\u00e1n Silvestre<\/td>\n<td class=\"xl65\" width=\"568\"><\/td>\n<\/tr>\n<tr>\n<td class=\"xl66\" width=\"195\" height=\"23\">Sol y luna<\/td>\n<td class=\"xl65\" width=\"57\">2016<\/td>\n<td class=\"xl65\" width=\"340\">Jos\u00e9 Enrique Pintor<\/td>\n<td class=\"xl65\" width=\"568\">\u00c9zaro Films<\/td>\n<\/tr>\n<tr>\n<td class=\"xl66\" width=\"195\" height=\"23\">Lo nunca visto<\/td>\n<td class=\"xl65\" width=\"57\">2019<\/td>\n<td class=\"xl65\" width=\"340\">Marina Seresesky<\/td>\n<td class=\"xl65\" width=\"568\">Tandem Films, Solomon Solon AIE, TVE<\/td>\n<\/tr>\n<tr>\n<td class=\"xl66\" width=\"195\" height=\"23\">Pullman<\/td>\n<td class=\"xl65\" width=\"57\">2019<\/td>\n<td class=\"xl65\" width=\"340\">Toni Bestard<\/td>\n<td class=\"xl65\" width=\"568\">Singular Audiovisual, Toni Bestard P.C.<\/td>\n<\/tr>\n<tr>\n<td class=\"xl66\" width=\"195\" height=\"23\">A este lado del mundo<\/td>\n<td class=\"xl65\" width=\"57\">2020<\/td>\n<td class=\"xl65\" width=\"340\">David Trueba<\/td>\n<td class=\"xl65\" width=\"568\">Buenavida producciones<\/td>\n<\/tr>\n<tr>\n<td class=\"xl66\" width=\"195\" height=\"45\">Ad\u00fa<\/td>\n<td class=\"xl65\" width=\"57\">2020<\/td>\n<td class=\"xl65\" width=\"340\">Salvador Calvo<\/td>\n<td class=\"xl65\" width=\"568\">Ikiru Films, La Terraza Films, Telecinco Cinema, ICAA, Mediaset Espa\u00f1a, Mogambo, Netflix<\/td>\n<\/tr>\n<tr>\n<td class=\"xl66\" width=\"195\" height=\"23\">La dona il\u00b7legal<\/td>\n<td class=\"xl65\" width=\"57\">2020<\/td>\n<td class=\"xl65\" width=\"340\">Ramon T\u00e9rmens<\/td>\n<td class=\"xl65\" width=\"568\">Mimesis Film, Segarra Films<\/td>\n<\/tr>\n<tr>\n<td class=\"xl66\" width=\"195\" height=\"45\">Mediterr\u00e1neo<\/td>\n<td class=\"xl65\" width=\"57\">2021<\/td>\n<td class=\"xl65\" width=\"340\">Marcel Barrena<\/td>\n<td class=\"xl65\" width=\"568\">Coproducci\u00f3n Espa\u00f1a-Grecia; Lastor Media, Fasten Films, Arcadia Motion Pictures, Cados Producciones, Heretic, TVE, Movistar+, TV3<\/td>\n<\/tr>\n<tr>\n<td class=\"xl66\" width=\"195\" height=\"23\">El salto<\/td>\n<td class=\"xl65\" width=\"57\">2022<\/td>\n<td class=\"xl65\" width=\"340\">Llu\u00eds Qu\u00edlez<\/td>\n<td class=\"xl65\" width=\"568\">Cine365 Films<\/td>\n<\/tr>\n<tr>\n<td class=\"xl66\" width=\"195\" height=\"23\">Vasil<\/td>\n<td class=\"xl65\" width=\"57\">2022<\/td>\n<td class=\"xl65\" width=\"340\">Avelina Prat<\/td>\n<td class=\"xl65\" width=\"568\">Coproducci\u00f3n Espa\u00f1a-Bulgaria; Distinto Films, Activist38, TVE, TV3<\/td>\n<\/tr>\n<\/tbody>\n<\/table>\n","protected":false},"excerpt":{"rendered":"<p>Title Year Direction Producer Las cartas de Alou 1990 Montxo Armend\u00e1riz El\u00edas Querejeta El techo del mundo 1994 Felipe Vega Coproducci\u00f3n Espa\u00f1a-Suiza-Francia; Marea Films, Samsa Film, Cocodrile Productions, Roehrich y Asociados Bwana 1996 Imanol Uribe Aurum, Cartel, Origen PC Lucrecia 1996 Mariano Barroso Aurum; Central de Producciones Audiovisuales S.L.; Max TV Menos que cero 1996&hellip; <a href=\"https:\/\/blogs.ugr.es\/migra-cin-es\/en\/fiction-2\/\" class=\"more-link\">Leer m\u00e1s <span class=\"screen-reader-text\">acerca de Fiction<\/span><\/a><\/p>\n","protected":false},"author":20,"featured_media":0,"parent":0,"menu_order":0,"comment_status":"closed","ping_status":"closed","template":"","meta":{"_genesis_hide_title":false,"_genesis_hide_breadcrumbs":false,"_genesis_hide_singular_image":false,"_genesis_hide_footer_widgets":false,"_genesis_custom_body_class":"","_genesis_custom_post_class":"","_genesis_layout":"","footnotes":""},"categories":[],"tags":[],"class_list":{"0":"post-679","1":"page","2":"type-page","3":"status-publish","5":"entry"},"_links":{"self":[{"href":"https:\/\/blogs.ugr.es\/migra-cin-es\/wp-json\/wp\/v2\/pages\/679","targetHints":{"allow":["GET"]}}],"collection":[{"href":"https:\/\/blogs.ugr.es\/migra-cin-es\/wp-json\/wp\/v2\/pages"}],"about":[{"href":"https:\/\/blogs.ugr.es\/migra-cin-es\/wp-json\/wp\/v2\/types\/page"}],"author":[{"embeddable":true,"href":"https:\/\/blogs.ugr.es\/migra-cin-es\/wp-json\/wp\/v2\/users\/20"}],"replies":[{"embeddable":true,"href":"https:\/\/blogs.ugr.es\/migra-cin-es\/wp-json\/wp\/v2\/comments?post=679"}],"version-history":[{"count":1,"href":"https:\/\/blogs.ugr.es\/migra-cin-es\/wp-json\/wp\/v2\/pages\/679\/revisions"}],"predecessor-version":[{"id":680,"href":"https:\/\/blogs.ugr.es\/migra-cin-es\/wp-json\/wp\/v2\/pages\/679\/revisions\/680"}],"wp:attachment":[{"href":"https:\/\/blogs.ugr.es\/migra-cin-es\/wp-json\/wp\/v2\/media?parent=679"}],"wp:term":[{"taxonomy":"category","embeddable":true,"href":"https:\/\/blogs.ugr.es\/migra-cin-es\/wp-json\/wp\/v2\/categories?post=679"},{"taxonomy":"post_tag","embeddable":true,"href":"https:\/\/blogs.ugr.es\/migra-cin-es\/wp-json\/wp\/v2\/tags?post=679"}],"curies":[{"name":"wp","href":"https:\/\/api.w.org\/{rel}","templated":true}]}}