{"id":703,"date":"2022-11-02T14:26:31","date_gmt":"2022-11-02T13:26:31","guid":{"rendered":"https:\/\/blogs.ugr.es\/migra-cin-es\/?page_id=703"},"modified":"2022-11-02T14:26:31","modified_gmt":"2022-11-02T13:26:31","slug":"libri","status":"publish","type":"page","link":"https:\/\/blogs.ugr.es\/migra-cin-es\/it\/libri\/","title":{"rendered":"Libri"},"content":{"rendered":"<h3 style=\"text-align: center\">Libri pubblicati dai membri del gruppo di ricerca sul tema del cinema e delle migrazioni<\/h3>\n<p>&nbsp;<\/p>\n<ul>\n<li>\n<div>\n<p class=\"02Autores\">Olmos Alcaraz, A; R. Mart\u00ednez Chic\u00f3n; M. Rubio G\u00f3mez y F.J. Garc\u00eda Casta\u00f1o (Eds.) (2022). <em>Cine y migraciones.<\/em> Bellaterra<\/p>\n<\/div>\n<\/li>\n<\/ul>\n","protected":false},"excerpt":{"rendered":"<p>Libri pubblicati dai membri del gruppo di ricerca sul tema del cinema e delle migrazioni &nbsp; Olmos Alcaraz, A; R. Mart\u00ednez Chic\u00f3n; M. Rubio G\u00f3mez y F.J. Garc\u00eda Casta\u00f1o (Eds.) (2022). Cine y migraciones. Bellaterra<\/p>\n","protected":false},"author":20,"featured_media":0,"parent":0,"menu_order":0,"comment_status":"closed","ping_status":"closed","template":"","meta":{"_genesis_hide_title":false,"_genesis_hide_breadcrumbs":false,"_genesis_hide_singular_image":false,"_genesis_hide_footer_widgets":false,"_genesis_custom_body_class":"","_genesis_custom_post_class":"","_genesis_layout":"","footnotes":""},"categories":[],"tags":[],"class_list":{"0":"post-703","1":"page","2":"type-page","3":"status-publish","5":"entry"},"_links":{"self":[{"href":"https:\/\/blogs.ugr.es\/migra-cin-es\/wp-json\/wp\/v2\/pages\/703","targetHints":{"allow":["GET"]}}],"collection":[{"href":"https:\/\/blogs.ugr.es\/migra-cin-es\/wp-json\/wp\/v2\/pages"}],"about":[{"href":"https:\/\/blogs.ugr.es\/migra-cin-es\/wp-json\/wp\/v2\/types\/page"}],"author":[{"embeddable":true,"href":"https:\/\/blogs.ugr.es\/migra-cin-es\/wp-json\/wp\/v2\/users\/20"}],"replies":[{"embeddable":true,"href":"https:\/\/blogs.ugr.es\/migra-cin-es\/wp-json\/wp\/v2\/comments?post=703"}],"version-history":[{"count":1,"href":"https:\/\/blogs.ugr.es\/migra-cin-es\/wp-json\/wp\/v2\/pages\/703\/revisions"}],"predecessor-version":[{"id":704,"href":"https:\/\/blogs.ugr.es\/migra-cin-es\/wp-json\/wp\/v2\/pages\/703\/revisions\/704"}],"wp:attachment":[{"href":"https:\/\/blogs.ugr.es\/migra-cin-es\/wp-json\/wp\/v2\/media?parent=703"}],"wp:term":[{"taxonomy":"category","embeddable":true,"href":"https:\/\/blogs.ugr.es\/migra-cin-es\/wp-json\/wp\/v2\/categories?post=703"},{"taxonomy":"post_tag","embeddable":true,"href":"https:\/\/blogs.ugr.es\/migra-cin-es\/wp-json\/wp\/v2\/tags?post=703"}],"curies":[{"name":"wp","href":"https:\/\/api.w.org\/{rel}","templated":true}]}}