{"id":715,"date":"2022-11-03T18:10:45","date_gmt":"2022-11-03T17:10:45","guid":{"rendered":"https:\/\/blogs.ugr.es\/migra-cin-es\/?page_id=715"},"modified":"2022-11-03T18:10:45","modified_gmt":"2022-11-03T17:10:45","slug":"mediometraggio","status":"publish","type":"page","link":"https:\/\/blogs.ugr.es\/migra-cin-es\/it\/mediometraggio\/","title":{"rendered":"Mediometraggio"},"content":{"rendered":"<h3><\/h3>\n<h3 style=\"text-align: center\">Mediometraggio \u00abspagnoli\u00bb registrati nel database <a href=\"https:\/\/www.filmaffinity.com\/uk\/main.html\">FilmAffinity<\/a> (e altri database) che trattano il fenomeno delle migrazioni (1990-2022). L&#8217;ordinamento \u00e8 per anno di creazione<\/h3>\n<p>&nbsp;<\/p>\n<table border=\"0\" width=\"1190\" cellspacing=\"0\" cellpadding=\"0\">\n<colgroup>\n<col width=\"280\" \/>\n<col width=\"57\" \/>\n<col width=\"477\" \/>\n<col width=\"376\" \/><\/colgroup>\n<tbody>\n<tr>\n<td class=\"xl63\" width=\"280\" height=\"23\">\n<h4>Titolo<\/h4>\n<\/td>\n<td class=\"xl63\" width=\"57\">\n<h4>Anno<\/h4>\n<\/td>\n<td class=\"xl63\" width=\"477\">\n<h4>Regia<\/h4>\n<\/td>\n<td class=\"xl63\" width=\"376\">\n<h4>Produttore<\/h4>\n<\/td>\n<\/tr>\n<tr>\n<td class=\"xl63\" width=\"280\" height=\"23\">El viaje de Ibrahima<\/td>\n<td class=\"xl63\" width=\"57\">2000<\/td>\n<td class=\"xl63\" width=\"477\">Carles Caparr\u00f3s, Daniel Hern\u00e1ndez<\/td>\n<td class=\"xl63\" width=\"376\">Alea Docs &amp; Films<\/td>\n<\/tr>\n<tr>\n<td class=\"xl63\" width=\"280\" height=\"45\">London Street<\/td>\n<td class=\"xl63\" width=\"57\">2003<\/td>\n<td class=\"xl63\" width=\"477\">Fernando Eiras (Creador), Javier Olivares (Creador), Pablo Olivares (Creador), Rafael de la Cueva, Jos\u00e9 Miguel Ganga<\/td>\n<td class=\"xl63\" width=\"376\">Emitida por: Antena 3 Televisi\u00f3n, Cartel<\/td>\n<\/tr>\n<tr>\n<td class=\"xl63\" width=\"280\" height=\"23\">Inshallah Europa (La \u00daltima Frontera)<\/td>\n<td class=\"xl63\" width=\"57\">2005<\/td>\n<td class=\"xl63\" width=\"477\">David Fontseca<\/td>\n<td class=\"xl63\" width=\"376\">Produccions RODA VISUAL<\/td>\n<\/tr>\n<tr>\n<td class=\"xl63\" width=\"280\" height=\"23\">Ojos negros<\/td>\n<td class=\"xl63\" width=\"57\">2005<\/td>\n<td class=\"xl63\" width=\"477\">Massimiliano Vana<\/td>\n<td class=\"xl63\" width=\"376\">Coproducci\u00f3n Espa\u00f1a-Bulgaria; Ladafilm<\/td>\n<\/tr>\n<tr>\n<td class=\"xl63\" width=\"280\" height=\"23\">Catalunya negra<\/td>\n<td class=\"xl63\" width=\"57\">2006<\/td>\n<td class=\"xl63\" width=\"477\">Gilbert-Ndunga Nsangata<\/td>\n<td class=\"xl63\" width=\"376\">Alea Docs &amp; Films<\/td>\n<\/tr>\n<tr>\n<td class=\"xl63\" width=\"280\" height=\"23\">Nuevos espa\u00f1oles<\/td>\n<td class=\"xl63\" width=\"57\">2007<\/td>\n<td class=\"xl63\" width=\"477\">Fernando Ampuero<\/td>\n<td class=\"xl63\" width=\"376\">Co.Eficiente.\u00a0 Distribuidora: RTVE<\/td>\n<\/tr>\n<tr>\n<td class=\"xl63\" width=\"280\" height=\"23\">A Legacy of Smoke<\/td>\n<td class=\"xl63\" width=\"57\">2014<\/td>\n<td class=\"xl63\" width=\"477\">Luis Argeo, James D. Fern\u00e1ndez<\/td>\n<td class=\"xl63\" width=\"376\">White Stone Ridge Productions<\/td>\n<\/tr>\n<tr>\n<td class=\"xl63\" width=\"280\" height=\"23\">El llanto de la gacela<\/td>\n<td class=\"xl63\" width=\"57\">2014<\/td>\n<td class=\"xl63\" width=\"477\">Maritza Garc\u00eda, Marius Wehrli<\/td>\n<td class=\"xl63\" width=\"376\">TV3<\/td>\n<\/tr>\n<tr>\n<td class=\"xl63\" width=\"280\" height=\"45\">The Refugees (Refugiados) (TV Series)<\/td>\n<td class=\"xl63\" width=\"57\">2015<\/td>\n<td class=\"xl63\" width=\"477\">Ram\u00f3n Campos <span class=\"font6\">(Creador)<\/span><span class=\"font5\">, Gema R. Neira <\/span><span class=\"font6\">(Creador)<\/span><span class=\"font5\">, Crist\u00f3bal Garrido <\/span><span class=\"font6\">(Creador)<\/span><span class=\"font5\">, Adolfo Valor <\/span><span class=\"font6\">(Creador)<\/span><span class=\"font5\">, David Pinillos, Le\u00f3n Siminiani<\/span><\/td>\n<td class=\"xl63\" width=\"376\">Coproducci\u00f3n Espa\u00f1a-Reino Unido;<\/td>\n<\/tr>\n<tr>\n<td class=\"xl63\" width=\"280\" height=\"23\">La puerta azul<\/td>\n<td class=\"xl63\" width=\"57\">2015<\/td>\n<td class=\"xl63\" width=\"477\">Alicia Medina<\/td>\n<td class=\"xl63\" width=\"376\">Diodo Media<\/td>\n<\/tr>\n<tr>\n<td class=\"xl63\" width=\"280\" height=\"23\">Contramarea<\/td>\n<td class=\"xl63\" width=\"57\">2016<\/td>\n<td class=\"xl63\" width=\"477\">Carlos Esca\u00f1o<\/td>\n<td class=\"xl63\" width=\"376\"><\/td>\n<\/tr>\n<tr>\n<td class=\"xl63\" width=\"280\" height=\"23\">Dresden refuge<\/td>\n<td class=\"xl63\" width=\"57\">2016<\/td>\n<td class=\"xl63\" width=\"477\">Xuban Intxausti<\/td>\n<td class=\"xl63\" width=\"376\">Coproducci\u00f3n Espa\u00f1a-Alemania; Mediapro Studios<\/td>\n<\/tr>\n<tr>\n<td class=\"xl63\" width=\"280\" height=\"23\">To Kyma. Rescat al mar Egeu<\/td>\n<td class=\"xl63\" width=\"57\">2016<\/td>\n<td class=\"xl63\" width=\"477\">Arantza Diez, David Fontseca<\/td>\n<td class=\"xl63\" width=\"376\">La Kaseta, Televisi\u00f3n de Galicia (TVG)<\/td>\n<\/tr>\n<tr>\n<td class=\"xl63\" width=\"280\" height=\"23\">No puedo volver a casa<\/td>\n<td class=\"xl63\" width=\"57\">2017<\/td>\n<td class=\"xl63\" width=\"477\">Jordi Vilar<\/td>\n<td class=\"xl63\" width=\"376\"><\/td>\n<\/tr>\n<tr>\n<td class=\"xl63\" width=\"280\" height=\"45\">La plomada (The Weight of Remembering)<\/td>\n<td class=\"xl63\" width=\"57\">2017<\/td>\n<td class=\"xl63\" width=\"477\">Luis Argeo, James D. Fern\u00e1ndez<\/td>\n<td class=\"xl63\" width=\"376\">Coproducci\u00f3n Espa\u00f1a-Estados Unidos; White Stone Ridge Productions, Centro Espa\u00f1ol de Tampa<\/td>\n<\/tr>\n<tr>\n<td class=\"xl63\" width=\"280\" height=\"23\">Ahir\/Dem\u00e1<\/td>\n<td class=\"xl63\" width=\"57\">2018<\/td>\n<td class=\"xl63\" width=\"477\">Ra\u00fal Riebenbauer<\/td>\n<td class=\"xl63\" width=\"376\">Waterdrop Films<\/td>\n<\/tr>\n<tr>\n<td class=\"xl63\" width=\"280\" height=\"23\">Vidas menores<\/td>\n<td class=\"xl63\" width=\"57\">2020<\/td>\n<td class=\"xl63\" width=\"477\">Alfredo Torrescalles<\/td>\n<td class=\"xl63\" width=\"376\">Fascina Producciones<\/td>\n<\/tr>\n<tr>\n<td class=\"xl63\" width=\"280\" height=\"23\">Fent les Am\u00e8riques<\/td>\n<td class=\"xl63\" width=\"57\">2020<\/td>\n<td class=\"xl63\" width=\"477\">Pedro Salom Cald\u00e9s<\/td>\n<td class=\"xl63\" width=\"376\"><\/td>\n<\/tr>\n<\/tbody>\n<\/table>\n","protected":false},"excerpt":{"rendered":"<p>Mediometraggio \u00abspagnoli\u00bb registrati nel database FilmAffinity (e altri database) che trattano il fenomeno delle migrazioni (1990-2022). L&#8217;ordinamento \u00e8 per anno di creazione &nbsp; Titolo Anno Regia Produttore El viaje de Ibrahima 2000 Carles Caparr\u00f3s, Daniel Hern\u00e1ndez Alea Docs &amp; Films London Street 2003 Fernando Eiras (Creador), Javier Olivares (Creador), Pablo Olivares (Creador), Rafael de la&hellip; <a href=\"https:\/\/blogs.ugr.es\/migra-cin-es\/it\/mediometraggio\/\" class=\"more-link\">Leer m\u00e1s <span class=\"screen-reader-text\">acerca de Mediometraggio<\/span><\/a><\/p>\n","protected":false},"author":20,"featured_media":0,"parent":0,"menu_order":0,"comment_status":"closed","ping_status":"closed","template":"","meta":{"_genesis_hide_title":false,"_genesis_hide_breadcrumbs":false,"_genesis_hide_singular_image":false,"_genesis_hide_footer_widgets":false,"_genesis_custom_body_class":"","_genesis_custom_post_class":"","_genesis_layout":"","footnotes":""},"categories":[],"tags":[],"class_list":{"0":"post-715","1":"page","2":"type-page","3":"status-publish","5":"entry"},"_links":{"self":[{"href":"https:\/\/blogs.ugr.es\/migra-cin-es\/wp-json\/wp\/v2\/pages\/715","targetHints":{"allow":["GET"]}}],"collection":[{"href":"https:\/\/blogs.ugr.es\/migra-cin-es\/wp-json\/wp\/v2\/pages"}],"about":[{"href":"https:\/\/blogs.ugr.es\/migra-cin-es\/wp-json\/wp\/v2\/types\/page"}],"author":[{"embeddable":true,"href":"https:\/\/blogs.ugr.es\/migra-cin-es\/wp-json\/wp\/v2\/users\/20"}],"replies":[{"embeddable":true,"href":"https:\/\/blogs.ugr.es\/migra-cin-es\/wp-json\/wp\/v2\/comments?post=715"}],"version-history":[{"count":1,"href":"https:\/\/blogs.ugr.es\/migra-cin-es\/wp-json\/wp\/v2\/pages\/715\/revisions"}],"predecessor-version":[{"id":716,"href":"https:\/\/blogs.ugr.es\/migra-cin-es\/wp-json\/wp\/v2\/pages\/715\/revisions\/716"}],"wp:attachment":[{"href":"https:\/\/blogs.ugr.es\/migra-cin-es\/wp-json\/wp\/v2\/media?parent=715"}],"wp:term":[{"taxonomy":"category","embeddable":true,"href":"https:\/\/blogs.ugr.es\/migra-cin-es\/wp-json\/wp\/v2\/categories?post=715"},{"taxonomy":"post_tag","embeddable":true,"href":"https:\/\/blogs.ugr.es\/migra-cin-es\/wp-json\/wp\/v2\/tags?post=715"}],"curies":[{"name":"wp","href":"https:\/\/api.w.org\/{rel}","templated":true}]}}