{"id":758,"date":"2022-11-03T19:13:27","date_gmt":"2022-11-03T18:13:27","guid":{"rendered":"https:\/\/blogs.ugr.es\/migra-cin-es\/?page_id=758"},"modified":"2022-11-03T19:13:27","modified_gmt":"2022-11-03T18:13:27","slug":"serie-tv","status":"publish","type":"page","link":"https:\/\/blogs.ugr.es\/migra-cin-es\/fr\/serie-tv\/","title":{"rendered":"S\u00e9rie TV"},"content":{"rendered":"<p>&nbsp;<\/p>\n<h3 style=\"text-align: center\">S\u00e9ries TV \u00ab Espagnoles \u00bb enregistr\u00e9es dans la base de donn\u00e9es <a href=\"https:\/\/www.filmaffinity.com\/uk\/main.html\">FilmAffinity<\/a> (et d&#8217;autres bases de donn\u00e9es) qui abordent le ph\u00e9nom\u00e8ne de la migration (1990-2022). Le classement se fait par ann\u00e9e de cr\u00e9ation<\/h3>\n<p>&nbsp;<\/p>\n<table border=\"0\" width=\"1136\" cellspacing=\"0\" cellpadding=\"0\">\n<colgroup>\n<col width=\"195\" \/>\n<col width=\"57\" \/>\n<col width=\"523\" \/>\n<col width=\"361\" \/><\/colgroup>\n<tbody>\n<tr>\n<td class=\"xl65\" width=\"195\" height=\"23\">\n<h4>Titre<\/h4>\n<\/td>\n<td class=\"xl65\" width=\"57\">\n<h4>Ann\u00e9e<\/h4>\n<\/td>\n<td class=\"xl65\" width=\"523\">\n<h4>R\u00e9alistation<\/h4>\n<\/td>\n<td class=\"xl65\" width=\"361\">\n<h4>Producteur<\/h4>\n<\/td>\n<\/tr>\n<tr>\n<td class=\"xl65\" width=\"195\" height=\"23\">La Mari<\/td>\n<td class=\"xl65\" width=\"57\">2002<\/td>\n<td class=\"xl65\" width=\"523\">Jes\u00fas Garay<\/td>\n<td class=\"xl65\" width=\"361\">Canal Sur, In Vitro Films, Televisi\u00f3n de Galicia (TVG)<\/td>\n<\/tr>\n<tr>\n<td class=\"xl65\" width=\"195\" height=\"45\">London Street<\/td>\n<td class=\"xl65\" width=\"57\">2003<\/td>\n<td class=\"xl65\" width=\"523\">Fernando Eiras (Creador), Javier Olivares (Creador), Pablo Olivares (Creador), Rafael de la Cueva, Jos\u00e9 Miguel Ganga<\/td>\n<td class=\"xl65\" width=\"361\">Emitida por: Antena 3 Televisi\u00f3n, Cartel<\/td>\n<\/tr>\n<tr>\n<td class=\"xl65\" width=\"195\" height=\"23\">Mar de pl\u00e1stico (TV Series)<\/td>\n<td class=\"xl65\" width=\"57\">2015<\/td>\n<td class=\"xl65\" width=\"523\">Norberto L\u00f3pez Amado, Alejandro Bazzano<\/td>\n<td class=\"xl65\" width=\"361\">Boomerang TV. <span class=\"font6\">Emitida por:<\/span><span class=\"font5\"> Antena 3 Televisi\u00f3n<\/span><\/td>\n<\/tr>\n<tr>\n<td class=\"xl65\" width=\"195\" height=\"45\">The Refugees (Refugiados)<\/td>\n<td class=\"xl65\" width=\"57\">2015<\/td>\n<td class=\"xl65\" width=\"523\">Ram\u00f3n Campos <span class=\"font6\">(Creador)<\/span><span class=\"font5\">, Gema R. Neira <\/span><span class=\"font6\">(Creador)<\/span><span class=\"font5\">, Crist\u00f3bal Garrido <\/span><span class=\"font6\">(Creador)<\/span><span class=\"font5\">, Adolfo Valor <\/span><span class=\"font6\">(Creador)<\/span><span class=\"font5\">, David Pinillos, Le\u00f3n Siminiani<\/span><\/td>\n<td class=\"xl65\" width=\"361\">Coproducci\u00f3n Espa\u00f1a-Reino Unido;<\/td>\n<\/tr>\n<tr>\n<td class=\"xl65\" width=\"195\" height=\"45\">Buscando el norte (TV Series)<\/td>\n<td class=\"xl65\" width=\"57\">2016<\/td>\n<td class=\"xl65\" width=\"523\">Nacho G. Velilla (Creador), Oriol Capel (Creador), Antonio S\u00e1nchez (Creador), David S. Olivas (Creador), Antonio S\u00e1nchez, Oriol Ferrer, Javi Luna<\/td>\n<td class=\"xl65\" width=\"361\">Producciones Aparte. Emitida por: Antena 3 Televisi\u00f3n<\/td>\n<\/tr>\n<\/tbody>\n<\/table>\n","protected":false},"excerpt":{"rendered":"<p>&nbsp; S\u00e9ries TV \u00ab Espagnoles \u00bb enregistr\u00e9es dans la base de donn\u00e9es FilmAffinity (et d&#8217;autres bases de donn\u00e9es) qui abordent le ph\u00e9nom\u00e8ne de la migration (1990-2022). Le classement se fait par ann\u00e9e de cr\u00e9ation &nbsp; Titre Ann\u00e9e R\u00e9alistation Producteur La Mari 2002 Jes\u00fas Garay Canal Sur, In Vitro Films, Televisi\u00f3n de Galicia (TVG) London Street&hellip; <a href=\"https:\/\/blogs.ugr.es\/migra-cin-es\/fr\/serie-tv\/\" class=\"more-link\">Leer m\u00e1s <span class=\"screen-reader-text\">acerca de S\u00e9rie TV<\/span><\/a><\/p>\n","protected":false},"author":20,"featured_media":0,"parent":0,"menu_order":0,"comment_status":"closed","ping_status":"closed","template":"","meta":{"_genesis_hide_title":false,"_genesis_hide_breadcrumbs":false,"_genesis_hide_singular_image":false,"_genesis_hide_footer_widgets":false,"_genesis_custom_body_class":"","_genesis_custom_post_class":"","_genesis_layout":"","footnotes":""},"categories":[],"tags":[],"class_list":{"0":"post-758","1":"page","2":"type-page","3":"status-publish","5":"entry"},"_links":{"self":[{"href":"https:\/\/blogs.ugr.es\/migra-cin-es\/wp-json\/wp\/v2\/pages\/758","targetHints":{"allow":["GET"]}}],"collection":[{"href":"https:\/\/blogs.ugr.es\/migra-cin-es\/wp-json\/wp\/v2\/pages"}],"about":[{"href":"https:\/\/blogs.ugr.es\/migra-cin-es\/wp-json\/wp\/v2\/types\/page"}],"author":[{"embeddable":true,"href":"https:\/\/blogs.ugr.es\/migra-cin-es\/wp-json\/wp\/v2\/users\/20"}],"replies":[{"embeddable":true,"href":"https:\/\/blogs.ugr.es\/migra-cin-es\/wp-json\/wp\/v2\/comments?post=758"}],"version-history":[{"count":1,"href":"https:\/\/blogs.ugr.es\/migra-cin-es\/wp-json\/wp\/v2\/pages\/758\/revisions"}],"predecessor-version":[{"id":759,"href":"https:\/\/blogs.ugr.es\/migra-cin-es\/wp-json\/wp\/v2\/pages\/758\/revisions\/759"}],"wp:attachment":[{"href":"https:\/\/blogs.ugr.es\/migra-cin-es\/wp-json\/wp\/v2\/media?parent=758"}],"wp:term":[{"taxonomy":"category","embeddable":true,"href":"https:\/\/blogs.ugr.es\/migra-cin-es\/wp-json\/wp\/v2\/categories?post=758"},{"taxonomy":"post_tag","embeddable":true,"href":"https:\/\/blogs.ugr.es\/migra-cin-es\/wp-json\/wp\/v2\/tags?post=758"}],"curies":[{"name":"wp","href":"https:\/\/api.w.org\/{rel}","templated":true}]}}