{"id":764,"date":"2022-11-03T19:18:32","date_gmt":"2022-11-03T18:18:32","guid":{"rendered":"https:\/\/blogs.ugr.es\/migra-cin-es\/?page_id=764"},"modified":"2022-11-03T19:18:32","modified_gmt":"2022-11-03T18:18:32","slug":"serie-tv-2","status":"publish","type":"page","link":"https:\/\/blogs.ugr.es\/migra-cin-es\/it\/serie-tv-2\/","title":{"rendered":"Serie TV"},"content":{"rendered":"<p>&nbsp;<\/p>\n<h3 style=\"text-align: center\">Serie televisive \u00abspagnole\u00bb registrate nel database <a href=\"https:\/\/www.filmaffinity.com\/uk\/main.html\">FilmAffinity<\/a> (e in altri database) che trattano il fenomeno della migrazione (1990-2022). L&#8217;ordinamento \u00e8 per anno di creazione<\/h3>\n<p>&nbsp;<\/p>\n<table border=\"0\" width=\"1136\" cellspacing=\"0\" cellpadding=\"0\">\n<colgroup>\n<col width=\"195\" \/>\n<col width=\"57\" \/>\n<col width=\"523\" \/>\n<col width=\"361\" \/><\/colgroup>\n<tbody>\n<tr>\n<td class=\"xl65\" width=\"195\" height=\"23\">\n<h4>Titolo originale<\/h4>\n<\/td>\n<td class=\"xl65\" width=\"57\">\n<h4>Anno<\/h4>\n<\/td>\n<td class=\"xl65\" width=\"523\">\n<h4>Regista<\/h4>\n<\/td>\n<td class=\"xl65\" width=\"361\">\n<h4>Produttore<\/h4>\n<\/td>\n<\/tr>\n<tr>\n<td class=\"xl65\" width=\"195\" height=\"23\">La Mari<\/td>\n<td class=\"xl65\" width=\"57\">2002<\/td>\n<td class=\"xl65\" width=\"523\">Jes\u00fas Garay<\/td>\n<td class=\"xl65\" width=\"361\">Canal Sur, In Vitro Films, Televisi\u00f3n de Galicia (TVG)<\/td>\n<\/tr>\n<tr>\n<td class=\"xl65\" width=\"195\" height=\"45\">London Street<\/td>\n<td class=\"xl65\" width=\"57\">2003<\/td>\n<td class=\"xl65\" width=\"523\">Fernando Eiras (Creador), Javier Olivares (Creador), Pablo Olivares (Creador), Rafael de la Cueva, Jos\u00e9 Miguel Ganga<\/td>\n<td class=\"xl65\" width=\"361\">Emitida por: Antena 3 Televisi\u00f3n, Cartel<\/td>\n<\/tr>\n<tr>\n<td class=\"xl65\" width=\"195\" height=\"23\">Mar de pl\u00e1stico (TV Series)<\/td>\n<td class=\"xl65\" width=\"57\">2015<\/td>\n<td class=\"xl65\" width=\"523\">Norberto L\u00f3pez Amado, Alejandro Bazzano<\/td>\n<td class=\"xl65\" width=\"361\">Boomerang TV. <span class=\"font6\">Emitida por:<\/span><span class=\"font5\"> Antena 3 Televisi\u00f3n<\/span><\/td>\n<\/tr>\n<tr>\n<td class=\"xl65\" width=\"195\" height=\"45\">The Refugees (Refugiados)<\/td>\n<td class=\"xl65\" width=\"57\">2015<\/td>\n<td class=\"xl65\" width=\"523\">Ram\u00f3n Campos <span class=\"font6\">(Creador)<\/span><span class=\"font5\">, Gema R. Neira <\/span><span class=\"font6\">(Creador)<\/span><span class=\"font5\">, Crist\u00f3bal Garrido <\/span><span class=\"font6\">(Creador)<\/span><span class=\"font5\">, Adolfo Valor <\/span><span class=\"font6\">(Creador)<\/span><span class=\"font5\">, David Pinillos, Le\u00f3n Siminiani<\/span><\/td>\n<td class=\"xl65\" width=\"361\">Coproducci\u00f3n Espa\u00f1a-Reino Unido;<\/td>\n<\/tr>\n<tr>\n<td class=\"xl65\" width=\"195\" height=\"45\">Buscando el norte (TV Series)<\/td>\n<td class=\"xl65\" width=\"57\">2016<\/td>\n<td class=\"xl65\" width=\"523\">Nacho G. Velilla (Creador), Oriol Capel (Creador), Antonio S\u00e1nchez (Creador), David S. Olivas (Creador), Antonio S\u00e1nchez, Oriol Ferrer, Javi Luna<\/td>\n<td class=\"xl65\" width=\"361\">Producciones Aparte. Emitida por: Antena 3 Televisi\u00f3n<\/td>\n<\/tr>\n<\/tbody>\n<\/table>\n","protected":false},"excerpt":{"rendered":"<p>&nbsp; Serie televisive \u00abspagnole\u00bb registrate nel database FilmAffinity (e in altri database) che trattano il fenomeno della migrazione (1990-2022). L&#8217;ordinamento \u00e8 per anno di creazione &nbsp; Titolo originale Anno Regista Produttore La Mari 2002 Jes\u00fas Garay Canal Sur, In Vitro Films, Televisi\u00f3n de Galicia (TVG) London Street 2003 Fernando Eiras (Creador), Javier Olivares (Creador), Pablo&hellip; <a href=\"https:\/\/blogs.ugr.es\/migra-cin-es\/it\/serie-tv-2\/\" class=\"more-link\">Leer m\u00e1s <span class=\"screen-reader-text\">acerca de Serie TV<\/span><\/a><\/p>\n","protected":false},"author":20,"featured_media":0,"parent":0,"menu_order":0,"comment_status":"closed","ping_status":"closed","template":"","meta":{"_genesis_hide_title":false,"_genesis_hide_breadcrumbs":false,"_genesis_hide_singular_image":false,"_genesis_hide_footer_widgets":false,"_genesis_custom_body_class":"","_genesis_custom_post_class":"","_genesis_layout":"","footnotes":""},"categories":[],"tags":[],"class_list":{"0":"post-764","1":"page","2":"type-page","3":"status-publish","5":"entry"},"_links":{"self":[{"href":"https:\/\/blogs.ugr.es\/migra-cin-es\/wp-json\/wp\/v2\/pages\/764","targetHints":{"allow":["GET"]}}],"collection":[{"href":"https:\/\/blogs.ugr.es\/migra-cin-es\/wp-json\/wp\/v2\/pages"}],"about":[{"href":"https:\/\/blogs.ugr.es\/migra-cin-es\/wp-json\/wp\/v2\/types\/page"}],"author":[{"embeddable":true,"href":"https:\/\/blogs.ugr.es\/migra-cin-es\/wp-json\/wp\/v2\/users\/20"}],"replies":[{"embeddable":true,"href":"https:\/\/blogs.ugr.es\/migra-cin-es\/wp-json\/wp\/v2\/comments?post=764"}],"version-history":[{"count":1,"href":"https:\/\/blogs.ugr.es\/migra-cin-es\/wp-json\/wp\/v2\/pages\/764\/revisions"}],"predecessor-version":[{"id":765,"href":"https:\/\/blogs.ugr.es\/migra-cin-es\/wp-json\/wp\/v2\/pages\/764\/revisions\/765"}],"wp:attachment":[{"href":"https:\/\/blogs.ugr.es\/migra-cin-es\/wp-json\/wp\/v2\/media?parent=764"}],"wp:term":[{"taxonomy":"category","embeddable":true,"href":"https:\/\/blogs.ugr.es\/migra-cin-es\/wp-json\/wp\/v2\/categories?post=764"},{"taxonomy":"post_tag","embeddable":true,"href":"https:\/\/blogs.ugr.es\/migra-cin-es\/wp-json\/wp\/v2\/tags?post=764"}],"curies":[{"name":"wp","href":"https:\/\/api.w.org\/{rel}","templated":true}]}}