{"id":213,"date":"2024-03-20T15:55:21","date_gmt":"2024-03-20T14:55:21","guid":{"rendered":"https:\/\/blogs.ugr.es\/migranee\/?page_id=213"},"modified":"2025-11-07T12:07:02","modified_gmt":"2025-11-07T11:07:02","slug":"el-proyecto","status":"publish","type":"page","link":"https:\/\/blogs.ugr.es\/migranee\/el-proyecto\/","title":{"rendered":""},"content":{"rendered":"<div class=\"wp-block-image is-style-rounded\">\n<figure class=\"aligncenter size-full is-resized\"><img loading=\"lazy\" decoding=\"async\" width=\"512\" height=\"512\" src=\"https:\/\/blogs.ugr.es\/migranee\/wp-content\/uploads\/sites\/147\/2024\/03\/cropped-LOGOmigraNEE_AZUL-1.jpg\" alt=\"\" class=\"wp-image-258\" style=\"width:150px;height:150px\" srcset=\"https:\/\/blogs.ugr.es\/migranee\/wp-content\/uploads\/sites\/147\/2024\/03\/cropped-LOGOmigraNEE_AZUL-1.jpg 512w, https:\/\/blogs.ugr.es\/migranee\/wp-content\/uploads\/sites\/147\/2024\/03\/cropped-LOGOmigraNEE_AZUL-1-300x300.jpg 300w, https:\/\/blogs.ugr.es\/migranee\/wp-content\/uploads\/sites\/147\/2024\/03\/cropped-LOGOmigraNEE_AZUL-1-150x150.jpg 150w, https:\/\/blogs.ugr.es\/migranee\/wp-content\/uploads\/sites\/147\/2024\/03\/cropped-LOGOmigraNEE_AZUL-1-100x100.jpg 100w, https:\/\/blogs.ugr.es\/migranee\/wp-content\/uploads\/sites\/147\/2024\/03\/cropped-LOGOmigraNEE_AZUL-1-270x270.jpg 270w, https:\/\/blogs.ugr.es\/migranee\/wp-content\/uploads\/sites\/147\/2024\/03\/cropped-LOGOmigraNEE_AZUL-1-192x192.jpg 192w, https:\/\/blogs.ugr.es\/migranee\/wp-content\/uploads\/sites\/147\/2024\/03\/cropped-LOGOmigraNEE_AZUL-1-180x180.jpg 180w, https:\/\/blogs.ugr.es\/migranee\/wp-content\/uploads\/sites\/147\/2024\/03\/cropped-LOGOmigraNEE_AZUL-1-32x32.jpg 32w\" sizes=\"auto, (max-width: 512px) 100vw, 512px\" \/><\/figure>\n<\/div>\n\n\n<h2 class=\"wp-block-heading has-text-align-center has-vivid-cyan-blue-color has-text-color has-link-color wp-elements-b5ad847430d6644ec8adcb2bda276429\" style=\"letter-spacing:1px\"><\/h2>\n\n\n\n<h3 class=\"wp-block-heading has-text-align-center\">\u00abNos proponemos indagar sobre el significado de los procesos de construcci\u00f3n de la diferencia en las formas de gesti\u00f3n de la diversidad cultural que se evidencian en la representaci\u00f3n desproporcionada en la Educaci\u00f3n Especial en relaci\u00f3n con la poblaci\u00f3n extranjera y\/o inmigrante en Espa\u00f1a\u00bb<\/h3>\n\n\n\n<p><\/p>\n\n\n\n<p class=\"has-medium-font-size\">Desde el Instituto de Migraciones (Universidad de Granada) un equipo de quince investigadoras e investigadores de distintas disciplinas, desarrollamos este proyecto de investigaci\u00f3n. En \u00e9l nos proponemos indagar sobre los procesos de construcci\u00f3n de la diferencia en torno a la poblaci\u00f3n de nacionalidad extranjera en contextos escolares y en relaci\u00f3n con la Educaci\u00f3n Especial (EE). <\/p>\n\n\n\n<p class=\"has-medium-font-size\"> La propuesta metodol\u00f3gica parte de una aproximaci\u00f3n etnogr\u00e1fica a espacios escolares, una indagaci\u00f3n a trav\u00e9s de entrevistas, observaci\u00f3n participante, grupos de discusi\u00f3n y consultas documentales de los procesos de diagn\u00f3stico, derivaci\u00f3n y atenci\u00f3n en los centros escolares donde exista EE que nos permita comprender el fen\u00f3meno desde la escuela, las familias y los contextos pensados de manera amplia.<\/p>\n\n\n\n<p style=\"font-size:13px\"><\/p>\n\n\n\n<p class=\"has-small-font-size\"><\/p>\n\n\n\n<div class=\"wp-block-group alignfull has-background\" style=\"background-color:#f2f0e9\"><div class=\"wp-block-group__inner-container is-layout-flow wp-block-group-is-layout-flow\">\n<div class=\"wp-block-columns alignwide are-vertically-aligned-center is-layout-flex wp-container-core-columns-is-layout-9d6595d7 wp-block-columns-is-layout-flex\">\n<div class=\"wp-block-column is-layout-flow wp-block-column-is-layout-flow\" style=\"flex-basis:50%\">\n<p><\/p>\n\n\n\n<p class=\"has-text-color\" style=\"color:#000000;font-size:30px;line-height:1.1\"><strong>Objetivo \/ Contexto \/ Territorio<\/strong> <\/p>\n<\/div>\n\n\n\n<div class=\"wp-block-column is-layout-flow wp-block-column-is-layout-flow\" style=\"flex-basis:50%\">\n<hr class=\"wp-block-separator has-text-color has-css-opacity has-background is-style-wide\" style=\"background-color:#000000;color:#000000\" \/>\n<\/div>\n<\/div>\n\n\n\n<div class=\"wp-block-columns alignwide is-layout-flex wp-container-core-columns-is-layout-9d6595d7 wp-block-columns-is-layout-flex\">\n<div class=\"wp-block-column is-layout-flow wp-block-column-is-layout-flow\">\n<p style=\"font-size:13px\">El objetivo general de esta investigaci\u00f3n es el de analizar los significados de los procesos de construcci\u00f3n de la diferencia en las formas de gesti\u00f3n de la diversidad cultural que se evidencia en la representaci\u00f3n desproporcionada en la EE en relaci\u00f3n con la poblaci\u00f3n extranjera y\/o inmigrante en Espa\u00f1a. Los objetivos espec\u00edficos han sido elaborados conforme a los ejes principales de la investigaci\u00f3n, los cuales giran en torno a la identificaci\u00f3n y diagn\u00f3stico de las Necesidades Educativas Espec\u00edficas (NEE), la instituci\u00f3n escolar y los contextos comunitarios interrelacionados (espacios de convivencia familiar, escolar y sociodemogr\u00e1fico, sobre todo).<\/p>\n<\/div>\n\n\n\n<div class=\"wp-block-column is-layout-flow wp-block-column-is-layout-flow\">\n<p class=\"has-text-color\" style=\"color:#000000;font-size:13px\">En este contexto, los criterios de selecci\u00f3n para el trabajo de campo etnogr\u00e1fico se han determinado en cinco provincias del estado espa\u00f1ol: Barcelona (Catalu\u00f1a), Madrid (Madrid), Alacant\/Alicante (Valencia), C\u00f3rdoba, Granada y Almer\u00eda (Andaluc\u00eda). <\/p>\n<\/div>\n\n\n\n<div class=\"wp-block-column is-layout-flow wp-block-column-is-layout-flow\" style=\"font-size:13px\">\n<p class=\"has-text-color has-extra-small-font-size\" style=\"color:#000000\">Teniendo en cuenta las diferencias que pueda haber en t\u00e9rminos legislativos de la EE en Espa\u00f1a, nos proponemos visibilizar los posibles sesgos (por procedencias nacionales, pertenencias culturales, dominios ling\u00fc\u00edsticos o religi\u00f3n), en los procesos de diagn\u00f3stico. De este modo, se pretende contribuir a dar claridad sobre las diferencias entre los territorios seleccionados y la aportaci\u00f3n de herramientas y comprensi\u00f3n de los procesos de diagn\u00f3stico a las comunidades participantes (y en general), que se sientan interpeladas por ello. Debido a la escasez de estudios en Espa\u00f1a en torno a esta problem\u00e1tica, este proyecto se propone incidir en la transferencia de los procesos y resultados de la investigaci\u00f3n a trav\u00e9s de este blog, por tal de visibilizarla.<\/p>\n<\/div>\n<\/div>\n<\/div><\/div>\n\n\n\n<p><\/p>\n\n\n\n<h5 class=\"wp-block-heading alignwide\" id=\"we-re-a-studio-in-berlin-with-an-international-practice-in-architecture-urban-planning-and-interior-design-we-believe-in-sharing-knowledge-and-promoting-dialogue-to-increase-the-creative-potential-of-collaboration\" style=\"font-size:30px;font-style:normal;font-weight:500;line-height:1.1\"><\/h5>\n\n\n\n<hr class=\"wp-block-separator has-alpha-channel-opacity\" \/>\n","protected":false},"excerpt":{"rendered":"<p>\u00abNos proponemos indagar sobre el significado de los procesos de construcci\u00f3n de la diferencia en las formas de gesti\u00f3n de la diversidad cultural que se evidencian en la representaci\u00f3n desproporcionada en la Educaci\u00f3n Especial en relaci\u00f3n con la poblaci\u00f3n extranjera y\/o inmigrante en Espa\u00f1a\u00bb Desde el Instituto de Migraciones (Universidad de Granada) un equipo de [&hellip;]<\/p>\n","protected":false},"author":661,"featured_media":0,"parent":0,"menu_order":0,"comment_status":"closed","ping_status":"closed","template":"","meta":{"_genesis_hide_title":false,"_genesis_hide_breadcrumbs":true,"_genesis_hide_singular_image":false,"_genesis_hide_footer_widgets":false,"_genesis_custom_body_class":"","_genesis_custom_post_class":"","_genesis_layout":"full-width-content","footnotes":""},"categories":[],"tags":[],"class_list":{"0":"post-213","1":"page","2":"type-page","3":"status-publish","5":"entry","6":"has-post-thumbnail"},"_links":{"self":[{"href":"https:\/\/blogs.ugr.es\/migranee\/wp-json\/wp\/v2\/pages\/213","targetHints":{"allow":["GET"]}}],"collection":[{"href":"https:\/\/blogs.ugr.es\/migranee\/wp-json\/wp\/v2\/pages"}],"about":[{"href":"https:\/\/blogs.ugr.es\/migranee\/wp-json\/wp\/v2\/types\/page"}],"author":[{"embeddable":true,"href":"https:\/\/blogs.ugr.es\/migranee\/wp-json\/wp\/v2\/users\/661"}],"replies":[{"embeddable":true,"href":"https:\/\/blogs.ugr.es\/migranee\/wp-json\/wp\/v2\/comments?post=213"}],"version-history":[{"count":3,"href":"https:\/\/blogs.ugr.es\/migranee\/wp-json\/wp\/v2\/pages\/213\/revisions"}],"predecessor-version":[{"id":1433,"href":"https:\/\/blogs.ugr.es\/migranee\/wp-json\/wp\/v2\/pages\/213\/revisions\/1433"}],"wp:attachment":[{"href":"https:\/\/blogs.ugr.es\/migranee\/wp-json\/wp\/v2\/media?parent=213"}],"wp:term":[{"taxonomy":"category","embeddable":true,"href":"https:\/\/blogs.ugr.es\/migranee\/wp-json\/wp\/v2\/categories?post=213"},{"taxonomy":"post_tag","embeddable":true,"href":"https:\/\/blogs.ugr.es\/migranee\/wp-json\/wp\/v2\/tags?post=213"}],"curies":[{"name":"wp","href":"https:\/\/api.w.org\/{rel}","templated":true}]}}