{"id":268,"date":"2024-04-10T13:14:52","date_gmt":"2024-04-10T11:14:52","guid":{"rendered":"https:\/\/blogs.ugr.es\/migranee\/?page_id=268"},"modified":"2025-11-19T12:37:36","modified_gmt":"2025-11-19T11:37:36","slug":"biblioteca","status":"publish","type":"page","link":"https:\/\/blogs.ugr.es\/migranee\/biblioteca\/","title":{"rendered":""},"content":{"rendered":"<div class=\"wp-block-image is-style-rounded\">\n<figure class=\"aligncenter size-full is-resized\"><img loading=\"lazy\" decoding=\"async\" width=\"800\" height=\"800\" src=\"https:\/\/blogs.ugr.es\/migranee\/wp-content\/uploads\/sites\/147\/2024\/05\/BIBLIOTECA.png\" alt=\"\" class=\"wp-image-959\" style=\"width:150px;height:150px\" srcset=\"https:\/\/blogs.ugr.es\/migranee\/wp-content\/uploads\/sites\/147\/2024\/05\/BIBLIOTECA.png 800w, https:\/\/blogs.ugr.es\/migranee\/wp-content\/uploads\/sites\/147\/2024\/05\/BIBLIOTECA-300x300.png 300w, https:\/\/blogs.ugr.es\/migranee\/wp-content\/uploads\/sites\/147\/2024\/05\/BIBLIOTECA-700x700.png 700w, https:\/\/blogs.ugr.es\/migranee\/wp-content\/uploads\/sites\/147\/2024\/05\/BIBLIOTECA-150x150.png 150w, https:\/\/blogs.ugr.es\/migranee\/wp-content\/uploads\/sites\/147\/2024\/05\/BIBLIOTECA-100x100.png 100w\" sizes=\"auto, (max-width: 800px) 100vw, 800px\" \/><\/figure>\n<\/div>\n\n\n<p><\/p>\n\n\n\n<h2 class=\"wp-block-heading has-text-align-center has-vivid-cyan-blue-color has-text-color has-link-color wp-elements-9e143253935c37b5587dcf71e08f07ae\" style=\"letter-spacing:1px\">BIBLIOTECA<\/h2>\n\n\n\n<p><\/p>\n\n\n\n<p style=\"font-size:16px\">A continuaci\u00f3n, presentamos el conjunto de documentos (art\u00edculos, libros, cap\u00edtulos de libros, tesis doctorales, etc.) con los que trabajamos en el Proyecto MigraNEE como base de datos para la investigaci\u00f3n.<\/p>\n\n\n\n<div class=\"wp-block-columns is-layout-flex wp-container-core-columns-is-layout-9d6595d7 wp-block-columns-is-layout-flex\">\n<div class=\"wp-block-column is-layout-flow wp-block-column-is-layout-flow\">\n<p><\/p>\n\n\n\n<p class=\"has-text-align-center\"><a href=\"https:\/\/blogs.ugr.es\/migranee\/biblioteca\/01-revisiones-de-literatura\/\" data-type=\"link\" data-id=\"https:\/\/blogs.ugr.es\/migranee\/biblioteca\/01-revisiones-de-literatura\/\"><strong>REVISIONES DE LITERATURA<\/strong><\/a><\/p>\n\n\n\n<p class=\"has-text-align-left has-small-font-size\">Las Revisiones Sistem\u00e1ticas de Literatura (RSL) en el Proyecto MigraNEE recogen un conjunto de documentos de los \u00faltimos a\u00f1os en torno al an\u00e1lisis de art\u00edculos, cap\u00edtulos u otras publicaciones respecto a la Construcci\u00f3n de la diferencia y la Representaci\u00f3n desproporcionada de poblaci\u00f3n de nacionalidad extranjera en Educaci\u00f3n Especial (EE).<\/p>\n\n\n\n<p class=\"has-text-align-center has-small-font-size\"><\/p>\n<\/div>\n<\/div>\n\n\n\n<p><\/p>\n","protected":false},"excerpt":{"rendered":"<p>BIBLIOTECA A continuaci\u00f3n, presentamos el conjunto de documentos (art\u00edculos, libros, cap\u00edtulos de libros, tesis doctorales, etc.) con los que trabajamos en el Proyecto MigraNEE como base de datos para la investigaci\u00f3n. REVISIONES DE LITERATURA Las Revisiones Sistem\u00e1ticas de Literatura (RSL) en el Proyecto MigraNEE recogen un conjunto de documentos de los \u00faltimos a\u00f1os en torno [&hellip;]<\/p>\n","protected":false},"author":661,"featured_media":0,"parent":0,"menu_order":0,"comment_status":"closed","ping_status":"closed","template":"","meta":{"_genesis_hide_title":false,"_genesis_hide_breadcrumbs":true,"_genesis_hide_singular_image":false,"_genesis_hide_footer_widgets":false,"_genesis_custom_body_class":"","_genesis_custom_post_class":"","_genesis_layout":"full-width-content","footnotes":""},"categories":[],"tags":[],"class_list":{"0":"post-268","1":"page","2":"type-page","3":"status-publish","5":"entry","6":"has-post-thumbnail"},"_links":{"self":[{"href":"https:\/\/blogs.ugr.es\/migranee\/wp-json\/wp\/v2\/pages\/268","targetHints":{"allow":["GET"]}}],"collection":[{"href":"https:\/\/blogs.ugr.es\/migranee\/wp-json\/wp\/v2\/pages"}],"about":[{"href":"https:\/\/blogs.ugr.es\/migranee\/wp-json\/wp\/v2\/types\/page"}],"author":[{"embeddable":true,"href":"https:\/\/blogs.ugr.es\/migranee\/wp-json\/wp\/v2\/users\/661"}],"replies":[{"embeddable":true,"href":"https:\/\/blogs.ugr.es\/migranee\/wp-json\/wp\/v2\/comments?post=268"}],"version-history":[{"count":3,"href":"https:\/\/blogs.ugr.es\/migranee\/wp-json\/wp\/v2\/pages\/268\/revisions"}],"predecessor-version":[{"id":1452,"href":"https:\/\/blogs.ugr.es\/migranee\/wp-json\/wp\/v2\/pages\/268\/revisions\/1452"}],"wp:attachment":[{"href":"https:\/\/blogs.ugr.es\/migranee\/wp-json\/wp\/v2\/media?parent=268"}],"wp:term":[{"taxonomy":"category","embeddable":true,"href":"https:\/\/blogs.ugr.es\/migranee\/wp-json\/wp\/v2\/categories?post=268"},{"taxonomy":"post_tag","embeddable":true,"href":"https:\/\/blogs.ugr.es\/migranee\/wp-json\/wp\/v2\/tags?post=268"}],"curies":[{"name":"wp","href":"https:\/\/api.w.org\/{rel}","templated":true}]}}