{"id":516,"date":"2024-05-07T10:32:07","date_gmt":"2024-05-07T08:32:07","guid":{"rendered":"https:\/\/blogs.ugr.es\/migranee\/?page_id=516"},"modified":"2024-05-07T10:35:35","modified_gmt":"2024-05-07T08:35:35","slug":"01-1-historia-educacion-especial-en-espana","status":"publish","type":"page","link":"https:\/\/blogs.ugr.es\/migranee\/biblioteca\/01-revisiones-de-literatura\/01-1-historia-educacion-especial-en-espana\/","title":{"rendered":"01.1 Historia Educaci\u00f3n Especial en Espa\u00f1a"},"content":{"rendered":"\n<p class=\"has-small-font-size\">Las revisiones de literatura de este apartado recogen un conjunto de documentos de revisiones sistem\u00e1ticas de la literatura de los \u00faltimos a\u00f1os en torno al an\u00e1lisis de documentos respecto a la Historia de la Educaci\u00f3n Especial en Espa\u00f1a. <\/p>\n\n\n\n<p class=\"has-small-font-size\">Todas las referencias corresponden a la <strong>versi\u00f3n 7\u00aa del formato APA<\/strong> (American Psychological Association, 2020).<\/p>\n\n\n\n<ul class=\"wp-block-list\">\n<li class=\"has-small-font-size\">Casta\u00f1o G\u00f3mez, A. M. (2009). La atenci\u00f3n a la diversidad en el marco de una escuela inclusiva. Evoluci\u00f3n hist\u00f3rica. In M. R. Berruezo Alb\u00e9niz &amp; S. Conejero L\u00f3pez (Eds.), El largo camino hacia una educaci\u00f3n inclusiva: la educaci\u00f3n especial y social del siglo XIX a nuestros d\u00edas: XV Coloquio de Historia de la Educaci\u00f3n (pp. 405\u2013415). Universidad P\u00fablica de Navarra.<\/li>\n<\/ul>\n\n\n\n<p class=\"has-black-color has-text-color has-link-color wp-elements-9d5c735db4483486d4faafb377e3c66c\" style=\"font-size:11px\">Se analiza el concepto de educaci\u00f3n inclusiva o escuela inclusiva relacion\u00e1ndolo con el hecho que todos los alumnos sean aceptados, reconocidos en su singularidad, valorados, y con posibilidad de participar en la escuela con arreglo a sus posibilidades. Se estudia en c\u00f3mo la Comunidad Aut\u00f3noma de Andaluc\u00eda ha abordado estos principios desde la Ley de Educaci\u00f3n de Andaluc\u00eda (LEA) y desde sus desarrollados normativos.<\/p>\n\n\n\n<ul class=\"wp-block-list\">\n<li class=\"has-small-font-size\">Enciso Le\u00f3n, C. M. (2017). La educaci\u00f3n especial a lo largo de la historia.<\/li>\n<\/ul>\n\n\n\n<p class=\"has-black-color has-text-color has-link-color wp-elements-e1109565d99277d576848de2987bcda9\" style=\"font-size:11px\">Este trabajo de fin de grado est\u00e1 centrado en la Educaci\u00f3n Especial, la cual ha sufrido mucho inconvenientes a lo largo de la historia de la educaci\u00f3n; sobre todo en la Edad Antigua y en los comienzos de la Edad Media. No obstante, tras a\u00f1os de lucha por una mejora de la calidad de la ense\u00f1anza, el sistema educativo espa\u00f1ol promulg\u00f3 diversas leyes que poco a poco han ido logrando los objetivos propuestos. La importancia de la incorporaci\u00f3n de dichas legislaciones ha conseguido que la inclusi\u00f3n del alumnado, con necesidades educativas especiales, haya sido mejorada a lo largo de la historia. Pero a\u00fan, actualmente, la educaci\u00f3n inclusiva continua siendo una asignatura pendiente del sistema educativo espa\u00f1ol.<\/p>\n\n\n\n<ul class=\"wp-block-list\">\n<li class=\"has-small-font-size\">Fern\u00e1ndez Batanero, J. M. (2008). Educaci\u00f3n Especial. Una aproximaci\u00f3n a la investigaci\u00f3n en el contexto espa\u00f1ol. <em>Revista Mexicana de Investigaci\u00f3n Educativa<\/em>, <em>13<\/em>(38), 945\u2013968.<\/li>\n<\/ul>\n\n\n\n<p class=\"has-black-color has-text-color has-link-color wp-elements-4e3574eaeef23987a667af76ba666dde\" style=\"font-size:11px\">En el presente art\u00edculo se presenta una revisi\u00f3n de las investigaciones y experiencias educativas de educaci\u00f3n especial realizadas en Espa\u00f1a en los \u00faltimos diez a\u00f1os. El prop\u00f3sito ha sido establecer una aproximaci\u00f3n a las l\u00edneas tem\u00e1ticas actuales y futuras en este \u00e1mbito de conocimiento. Partimos del establecimiento de algunas consideraciones sobre los grandes cuestionamientos paradigm\u00e1ticos y metodol\u00f3gicos empleados a lo largo del desarrollo de la educaci\u00f3n especial, as\u00ed como las cr\u00edticas vertidas sobre la investigaci\u00f3n. Continuamos realizando un recorrido sobre diferentes revisiones realizadas desde mediados de los ochenta hasta la actualidad, centr\u00e1ndonos en las \u00e1reas tem\u00e1ticas a las que mayor grado de definici\u00f3n o consistencia se les puede atribuir. Finalizamos con la inclusi\u00f3n de l\u00edneas de investigaci\u00f3n que destacan por su posici\u00f3n emergente en la actualidad y el establecimiento de propuestas.<\/p>\n\n\n\n<ul class=\"wp-block-list\">\n<li class=\"has-small-font-size\">Gonz\u00e1lez Garc\u00eda, E. (2009). Evoluci\u00f3n de la educaci\u00f3n especial: del modelo del d\u00e9ficit al modelo de la escuela inclusiva. In M. R. Berruezo Alb\u00e9niz &amp; S. Conejero L\u00f3pez (Eds.), <em>El largo camino hacia una educaci\u00f3n inclusiva: la educaci\u00f3n especial y social del siglo XIX a nuestros d\u00edas: XV Coloquio de Historia de la Educaci\u00f3n<\/em> (pp. 429\u2013439). Universidad P\u00fablica de Navarra.<\/li>\n<\/ul>\n\n\n\n<p class=\"has-black-color has-text-color has-link-color wp-elements-e7d742d099be7d002334654d6179dc4d\" style=\"font-size:11px\">Se presentan algunas de las claves, que permiten conocer al menos en el \u00e1mbito conceptual desde el modelo del d\u00e9ficit, m\u00e1s restrictivo, m\u00e1s innatista y m\u00e1s determinista hasta el modelo de atenci\u00f3n a la diversidad o al modelo de Escuela Inclusiva, con un car\u00e1cter mas abierto, mas interactivo y con mayores expectativas de desarrollo. Por otro lado se analizan como en esta evoluci\u00f3n han sido muchas las circunstancias sociales y pedag\u00f3gicas que han inclinado la balanza hacia el lado mas integrador, dejando atr\u00e1s de manera paulatina las posiciones segregadoras.<\/p>\n\n\n\n<ul class=\"wp-block-list\">\n<li class=\"has-small-font-size\">Juan Jato, A. (2021). La evoluci\u00f3n de la educaci\u00f3n especial desde 2004 hasta la actualidad: el caso concreto de Palencia.<\/li>\n<\/ul>\n\n\n\n<p class=\"has-black-color has-text-color has-link-color wp-elements-c36d31f2142a5d53d5da727b30ef512f\" style=\"font-size:11px\">La Educaci\u00f3n Especial nos ha acompa\u00f1ado a lo largo de la vida como un aspecto negativo y de car\u00e1cter discriminatorio. En este trabajo se aborda la educaci\u00f3n especial desde sus inicios hasta la actualidad, y se pone especial \u00e9nfasis en las leyes educativas que la han regido desde 2004 hasta nuestros d\u00edas. Se pretende hacer un llamamiento a la igualdad, con el fin de llegar entre todos a una escuela inclusiva, que elimine barreras y pretenda atender a todos los alumnos\/as para un desarrollo pleno. El caso de Palencia tomar\u00e1 protagonismo a lo largo del trabajo con el objetivo de conocer las necesidades de nuestra ciudad.<\/p>\n\n\n\n<ul class=\"wp-block-list\">\n<li class=\"has-small-font-size\">Jim\u00e9nez Lara, A., Huete Garc\u00eda, A., &amp; Arias Garc\u00eda, M. (2019). <em>Alumnado con discapacidad y educaci\u00f3n inclusiva en Espa\u00f1a<\/em>. <a href=\"http:\/\/www.observatoriodeladiscapacidad.info\">www.observatoriodeladiscapacidad.info<\/a><\/li>\n<\/ul>\n\n\n\n<p class=\"has-black-color has-text-color has-link-color wp-elements-5307a758aca4204c912625e0abbabb3f\" style=\"font-size:11px\">Mediante este estudio se pretende conocer la situaci\u00f3n y necesidades de los ni\u00f1os y ni\u00f1as con discapacidad y sus familias en el sistema de ense\u00f1anza actual, describiendo los factores de riesgo que explican la falta de resultados acad\u00e9micos y las dificultades que encuentran para una inclusi\u00f3n educativa real y efectiva, tal como encomienda la CDPD. El estudio, que se centra en las ense\u00f1anzas no universitarias, se ha realizado en dos fases, que se han abordado respectivamente en los a\u00f1os 2018 y 2019. La primera fase se ha centrado en el an\u00e1lisis del marco normativo y de las pol\u00edticas p\u00fablicas. Su objetivo ha sido analizar la normativa que regula el derecho a la educaci\u00f3n en un sistema inclusivo de las personas con discapacidad en Espa\u00f1a (tanto a nivel estatal como en cada una de las comunidades aut\u00f3nomas), las pol\u00edticas p\u00fablicas implementadas para garantizar ese derecho, y la forma en que se concretan en la pr\u00e1ctica esas regulaciones y pol\u00edticas. El objetivo de la segunda fase ha sido analizar las evidencias emp\u00edricas, cuantitativas y cualitativas, disponibles sobre la educaci\u00f3n de las personas con discapacidad en Espa\u00f1a, identificar buenas pr\u00e1cticas y retos de futuro, y proponer recomendaciones de mejora. La metodolog\u00eda seguida en la realizaci\u00f3n de la primera fase del estudio se ha basado en el an\u00e1lisis de fuentes secundarias. En la segunda fase se ha combinado el an\u00e1lisis de fuentes estad\u00edsticas y documentales con la realizaci\u00f3n de entrevistas a personas con discapacidad, familiares y profesionales de la ense\u00f1anza. Los resultados de la primera fase se recogen en los cap\u00edtulos 2 y 3 de este informe, y los de la segunda en los cap\u00edtulos 4, 5, 6 y 7. El informe se cierra con un cap\u00edtulo dedicado a los principales desaf\u00edos de futuro para conseguir una verdadera educaci\u00f3n inclusiva del alumnado con discapacidad.<\/p>\n\n\n\n<ul class=\"wp-block-list\">\n<li class=\"has-small-font-size\">Parrilla Latas, \u00c1. (2002). Acerca del origen y sentido de la educaci\u00f3n inclusiva. <em>Revista de Educaci\u00f3n<\/em>, <em>327<\/em>, 15\u201316. <a href=\"http:\/\/www.epitelio\/obssp.htm\">http:\/\/www.epitelio\/obssp.htm<\/a><\/li>\n<\/ul>\n\n\n\n<p class=\"has-black-color has-text-color has-link-color wp-elements-d6cd88f1d1cac11ec3db6026e55d3d44\" style=\"font-size:11px\">Este art\u00edculo pretende explorar las ra\u00edces educativas y las perspectivas te\u00f3ricas actuales del planteamiento inclusivo en la escuela. Para ello, se ha organizado en torno a dos partes. En la primera de ellas volvemos la vista atr\u00e1s para considerar los distintos tipos de respuesta que la escuela y los sistemas educativos han dado a la diversidad hasta plantearse la orientaci\u00f3n inclusiva. En la segunda parte identificamos y describimos algunos de los nuevos referentes ideol\u00f3gicos y te\u00f3ricos en torno a los que se construye la educaci\u00f3n inclusiva. En ella se analizan las bases conceptuales y los desarrollos que las disciplinas y perspectivas \u00e9tica, social, organizativa, comunitaria e investigadora est\u00e1n haciendo a la educaci\u00f3n inclusiva. Esperamos con ello contribuir a crear una plataforma que nos permita pensar de manera renovada y tambi\u00e9n inclusiva el tema de c\u00f3mo dise\u00f1ar y desarrollar una educaci\u00f3n para todos.<\/p>\n\n\n\n<ul class=\"wp-block-list\">\n<li class=\"has-small-font-size\">Polaino-Lorente, A. (1983). Las cuatro \u00faltimas d\u00e9cadas de educaci\u00f3n especial en Espa\u00f1a. <em>Revista Espa\u00f1ola de Pedagog\u00eda<\/em>, <em>XLI<\/em>(160), 215\u2013246. <a href=\"https:\/\/www.jstor.org\/stable\/23764057\">https:\/\/www.jstor.org\/stable\/23764057<\/a><\/li>\n<\/ul>\n\n\n\n<p class=\"has-black-color has-text-color has-link-color wp-elements-44470f01da984c5a1b6001fb99a3e772\" style=\"font-size:11px\">El autor pasa revista en esta colaboraci\u00f3n a la Educaci\u00f3n Especial durante los \u00faltimos cuarenta a\u00f1os. Como soporte bibliogr\u00e1fico de la misma se ha atenido a los art\u00edculos publicados sobre esta materia en Bord\u00f3n y en la Revista Espa\u00f1ola de Pedagog\u00eda. Se ha dedicado una especial atenci\u00f3n a los problemas que parec\u00edan m\u00e1s relevantes como concepto de Educaci\u00f3n Especial, relaciones entre \u00e9sta y la Psicopatolog\u00eda, el principio de integraci\u00f3n y la Educaci\u00f3n Especial de deficientes mentales, delincuentes, inadaptados y superdotados.<\/p>\n\n\n\n<ul class=\"wp-block-list\">\n<li class=\"has-small-font-size\">Rao, S., Cardona, C. M., &amp; Chiner, E. (2014). Special education today in Spain. In <em>Advances in Special Education<\/em> (Vol. 28, pp. 147\u2013180). Emerald Group Publishing Ltd. <a href=\"https:\/\/doi.org\/10.1108\/S0270-401320140000028012\">https:\/\/doi.org\/10.1108\/S0270-401320140000028012<\/a><\/li>\n<\/ul>\n\n\n\n<p class=\"has-black-color has-text-color has-link-color wp-elements-369dc3c5e3562d6bd813dd6265fd0b32\" style=\"font-size:11px\">El objetivo de la educaci\u00f3n especial en todo el mundo puede consistir en proporcionar una ense\u00f1anza especializada para satisfacer las necesidades espec\u00edficas de los ni\u00f1os y ayudarles a su pleno potencial. Sin embargo, cada pa\u00eds del mundo tambi\u00e9n puede tener sus propios problemas, obst\u00e1culos, marcos jur\u00eddicos, pol\u00edticas y pr\u00e1cticas, as\u00ed como una historia de su origen y evoluci\u00f3n de las pol\u00edticas y pr\u00e1cticas que rigen la educaci\u00f3n especial en ese pa\u00eds. Este cap\u00edtulo describe c\u00f3mo educaci\u00f3n especial en Espa\u00f1a se origin\u00f3 y evolucion\u00f3 hasta su estado actual. Incluye los siguientes apartados: or\u00edgenes de la educaci\u00f3n especial en Espa\u00f1a; actos legislativos; prevalencia e incidencia de diversas \u00e1reas de discapacidades reconocidas; una visi\u00f3n general del sistema educativo espa\u00f1ol, incluyendo la educaci\u00f3n especial; la actual evaluaci\u00f3n y atenci\u00f3n a las necesidades educativas especiales; y la evoluci\u00f3n de la educaci\u00f3n especial en Espa\u00f1a; pr\u00e1cticas actuales de evaluaci\u00f3n e intervenci\u00f3n; consideraciones sobre la participaci\u00f3n de la familia; y futuros retos de la educaci\u00f3n especial.<\/p>\n\n\n\n<ul class=\"wp-block-list\">\n<li class=\"has-small-font-size\">S\u00e1nchez Palomino, A., &amp; Carri\u00f3n Mart\u00ednez, J. J. (2002). Una aproximaci\u00f3n a la investigaci\u00f3n en educaci\u00f3n especial. <em>Revista de Educaci\u00f3n<\/em>, <em>327<\/em>, 225\u2013247.<\/li>\n<\/ul>\n\n\n\n<p class=\"has-black-color has-text-color has-link-color wp-elements-fbf9eb3da18b8fa11df0c490ce737a9e\" style=\"font-size:11px\">El estado actual de la investigaci\u00f3n en Educaci\u00f3n Especial nos lleva a la configuraci\u00f3n de su propia realidad interpretada desde las conceptualizaciones hol\u00edsticas de las personas y sus d\u00e9ficits, los profesores, la ense\u00f1anza y los procesos de aprendizaje, que demandan un nuevo modelo de investigaci\u00f3n coherente con las nuevas formas de pensar la realidad. Aunque los grandes cuestionamientos paradigm\u00e1ticos y metodol\u00f3gicos que afloran cuando nos enfrentamos a la realidad educativa como objeto de investigaci\u00f3n, no se diferencian de la investigaci\u00f3n educativa en general, no obstante resulta evidente, que seg\u00fan los casos unos planteamientos pueden resultar m\u00e1s adecuados a las peculiaridades de la Educaci\u00f3n Especial. Desde esta forma de entender la realidad ofrecemos una revisi\u00f3n de la investigaci\u00f3n en Educaci\u00f3n Especial referida a algunas de las \u00e1reas tem\u00e1ticas a las que un mayor grado de definici\u00f3n o consistencia se les pueden atribuir, tomando como marco referencial la concepci\u00f3n actual de la integraci\u00f3n educativa, de manera que se abordar\u00e1n cuestiones referidas al curr\u00edculum, estrategias instructivas y ambiente de aprendizaje, y sobre actitudes; teniendo siempre presente lo artificial y dificultoso que resulta hacer esta clasificaci\u00f3n.<\/p>\n\n\n\n<ul class=\"wp-block-list\">\n<li class=\"has-small-font-size\">Sandoval Mena, M., \u00c1lvarez-Rementer\u00eda \u00c1lvarez, M., &amp; Darretxe Urrutxi, L. (2022). La evoluci\u00f3n de la escolarizaci\u00f3n del alumnado en Educaci\u00f3n Especial en Espa\u00f1a: a 25 a\u00f1os de la Declaraci\u00f3n de Salamanca. <em>Aula Abierta<\/em>, <em>51<\/em>(4), 385-394. <a href=\"https:\/\/doi.org\/10.17811\/rifie.51.4.2022.385-394\">https:\/\/doi.org\/10.17811\/rifie.51.4.2022.385-394<\/a><\/li>\n<\/ul>\n\n\n\n<p class=\"has-black-color has-text-color has-link-color wp-elements-287f659c08653fed403ec6ae90233929\" style=\"font-size:11px\">La Declaraci\u00f3n de Salamanca (1994) puso de manifiesto que el aprendizaje y desarrollo integral de todo el alumnado se da en las aulas ordinarias sin excepci\u00f3n y, por tanto, incluyendo quienes presentan Necesidades Educativas Especiales (NEE). Reconociendo las tensiones sin resolver, por ejemplo, en relaci\u00f3n a la escolarizaci\u00f3n del alumnado con NEE, cabe destacar que todav\u00eda existe alumnado escolarizado en la modalidad de Educaci\u00f3n Especial. El objetivo principal de este art\u00edculo es caracterizar al alumnado escolarizado en r\u00e9gimen especial y analizar su evoluci\u00f3n desde la Declaraci\u00f3n de Salamanca (1994) hasta el a\u00f1o 2020. Para ello se ha empleado una metodolog\u00eda descriptiva longitudinal a trav\u00e9s de las estad\u00edsticas del Ministerio de Educaci\u00f3n de Espa\u00f1a mediante t\u00e9cnicas gr\u00e1ficas y anal\u00edticas. Los resultados muestran un aumento en el diagn\u00f3stico de NEE principalmente asumido por la escuela ordinaria y p\u00fablica, destacando notables diferencias entre Comunidades Aut\u00f3nomas. Las cifras de escolarizaci\u00f3n en centros de Educaci\u00f3n Especial, sin embargo, se mantienen estables. Las conclusiones apuntan al riesgo que supone convertir la Educaci\u00f3n Inclusiva en un asunto ret\u00f3rico, precisando de una perspectiva interseccional que permita avanzar en pol\u00edticas educativas que garanticen el acceso, la participaci\u00f3n y el \u00e9xito educativo de todo el alumnado.<\/p>\n\n\n\n<ul class=\"wp-block-list\">\n<li class=\"has-small-font-size\">Vergara Ciordia, J. (2002). Marco hist\u00f3rico de la educaci\u00f3n especial. <em>ESE: Estudios Sobre Educaci\u00f3n<\/em>, <em>2<\/em>, 129\u2013143.<\/li>\n<\/ul>\n\n\n\n<p class=\"has-black-color has-text-color has-link-color wp-elements-cb47bf649439f6b4fecb7adae8ee0d15\" style=\"font-size:11px\">Este art\u00edculo trata sobre la historia de la Educaci\u00f3n Especial. Su objetivo \u00faltimo es poner de manifiesto el derecho inalienable a la educaci\u00f3n con independencia de las caracter\u00edsticas f\u00edsicas o ps\u00edquicas de la persona. Sus apartados son un recorrido por la historia de la cultura y la educaci\u00f3n especial. Se comienza en la cultura mitol\u00f3gica antigua, se aborda la actitud de Grecia y Roma, a continuaci\u00f3n se estudia el problema en la Edad Media, en el Renacimiento, en la Ilustraci\u00f3n y en la cultura contempor\u00e1nea. El art\u00edculo termina con un an\u00e1lisis sobre las tendencias contempor\u00e1neas en el campo de la Educaci\u00f3n Especial. palabras clave: cultura m\u00edtica, Ponce de Le\u00f3n, Eduardo Segu\u00edn, normalizaci\u00f3n.&nbsp;<\/p>\n\n\n\n<ul class=\"wp-block-list\">\n<li class=\"has-small-font-size\">Villagrasa Quesada, P. (2019). Evoluci\u00f3n hist\u00f3rica de la educaci\u00f3n especial hasta la actualidad: estudio emp\u00edrico sobre las actitudes de los futuros maestros\/as hacia la inclusi\u00f3n educativa.<\/li>\n<\/ul>\n\n\n\n<p class=\"has-black-color has-text-color has-link-color wp-elements-63b378af461d83676fff319848604c83\" style=\"font-size:11px\">El presente estudio tiene como objetivo conocer las actitudes de los futuros maestros\/as hacia la inclusi\u00f3n educativa. Se divide en dos partes: en la primera se habla de la evoluci\u00f3n hist\u00f3rica de la Educaci\u00f3n Especial, pasando por diferentes \u00e9pocas hasta llegar al siglo XXI. Se realiza un recorrido legislativo de la educaci\u00f3n en Espa\u00f1a a trav\u00e9s de los diferentes modelos de la Atenci\u00f3n a la Diversidad y se habla de las actitudes del profesorado hacia los estudiantes con Necesidades Espec\u00edficas de Apoyo Educativo. La segunda parte, es un estudio descriptivo cuantitativo en el que se conocen las actitudes de los futuros maestros\/as de la Facultad de Ciencias Humanas y de la Educaci\u00f3n de Huesca.<\/p>\n","protected":false},"excerpt":{"rendered":"<p>Las revisiones de literatura de este apartado recogen un conjunto de documentos de revisiones sistem\u00e1ticas de la literatura de los \u00faltimos a\u00f1os en torno al an\u00e1lisis de documentos respecto a la Historia de la Educaci\u00f3n Especial en Espa\u00f1a. Todas las referencias corresponden a la versi\u00f3n 7\u00aa del formato APA (American Psychological Association, 2020). Se analiza [&hellip;]<\/p>\n","protected":false},"author":661,"featured_media":0,"parent":431,"menu_order":0,"comment_status":"closed","ping_status":"closed","template":"","meta":{"_genesis_hide_title":false,"_genesis_hide_breadcrumbs":false,"_genesis_hide_singular_image":false,"_genesis_hide_footer_widgets":false,"_genesis_custom_body_class":"","_genesis_custom_post_class":"","_genesis_layout":"","footnotes":""},"categories":[15],"tags":[],"class_list":{"0":"post-516","1":"page","2":"type-page","3":"status-publish","5":"category-bibblioteca","6":"entry"},"_links":{"self":[{"href":"https:\/\/blogs.ugr.es\/migranee\/wp-json\/wp\/v2\/pages\/516","targetHints":{"allow":["GET"]}}],"collection":[{"href":"https:\/\/blogs.ugr.es\/migranee\/wp-json\/wp\/v2\/pages"}],"about":[{"href":"https:\/\/blogs.ugr.es\/migranee\/wp-json\/wp\/v2\/types\/page"}],"author":[{"embeddable":true,"href":"https:\/\/blogs.ugr.es\/migranee\/wp-json\/wp\/v2\/users\/661"}],"replies":[{"embeddable":true,"href":"https:\/\/blogs.ugr.es\/migranee\/wp-json\/wp\/v2\/comments?post=516"}],"version-history":[{"count":2,"href":"https:\/\/blogs.ugr.es\/migranee\/wp-json\/wp\/v2\/pages\/516\/revisions"}],"predecessor-version":[{"id":519,"href":"https:\/\/blogs.ugr.es\/migranee\/wp-json\/wp\/v2\/pages\/516\/revisions\/519"}],"up":[{"embeddable":true,"href":"https:\/\/blogs.ugr.es\/migranee\/wp-json\/wp\/v2\/pages\/431"}],"wp:attachment":[{"href":"https:\/\/blogs.ugr.es\/migranee\/wp-json\/wp\/v2\/media?parent=516"}],"wp:term":[{"taxonomy":"category","embeddable":true,"href":"https:\/\/blogs.ugr.es\/migranee\/wp-json\/wp\/v2\/categories?post=516"},{"taxonomy":"post_tag","embeddable":true,"href":"https:\/\/blogs.ugr.es\/migranee\/wp-json\/wp\/v2\/tags?post=516"}],"curies":[{"name":"wp","href":"https:\/\/api.w.org\/{rel}","templated":true}]}}