{"id":852,"date":"2024-05-14T11:34:40","date_gmt":"2024-05-14T09:34:40","guid":{"rendered":"https:\/\/blogs.ugr.es\/migranee\/?page_id=852"},"modified":"2024-05-15T12:05:22","modified_gmt":"2024-05-15T10:05:22","slug":"01-espana","status":"publish","type":"page","link":"https:\/\/blogs.ugr.es\/migranee\/legislacion\/01-espana\/","title":{"rendered":"01 Espa\u00f1a"},"content":{"rendered":"\n<p style=\"font-size:15px\">Orden de documentos por orden alfab\u00e9tico:<\/p>\n\n\n\n<ul class=\"wp-block-list\" style=\"font-size:12px\">\n<li>Jefatura del Estado. (1970). Ley 14\/1970, de 4 de agosto, General de Educaci\u00f3n y Financiamiento de la Reforma Educativa. <em>Bolet\u00edn Oficial Del Estado<\/em>, <em>187<\/em>, 12525\u201312546.<\/li>\n<\/ul>\n\n\n\n<ul class=\"wp-block-list\" style=\"font-size:12px\">\n<li>Jefatura del Estado. (1985). Ley Org\u00e1nica 8\/1985, de 3 de julio, reguladora del Derecho a la Educaci\u00f3n. <em>Bolet\u00edn Oficial Del Estado<\/em>, <em>159<\/em>.<\/li>\n<\/ul>\n\n\n\n<ul class=\"wp-block-list\" style=\"font-size:12px\">\n<li>Jefatura del Estado. (1990a). Instrumento de Ratificaci\u00f3n de la Convenci\u00f3n sobre los Derechos del ni\u00f1o adoptada por la Asamblea General de las Naciones Unidas el 20 de noviembre de 1989. <em>Bolet\u00edn Oficial Del Estado<\/em>, <em>313<\/em>, 38897\u201338904.<\/li>\n<\/ul>\n\n\n\n<ul class=\"wp-block-list\" style=\"font-size:12px\">\n<li>Jefatura del Estado. (1990b). Ley Org\u00e1nica 1\/1990, de 3 de octubre, de Ordenaci\u00f3n General del Sistema Educativo. <em>Bolet\u00edn Oficial Del Estado<\/em>, <em>238<\/em>, 28927\u201328942.<\/li>\n<\/ul>\n\n\n\n<ul class=\"wp-block-list\" style=\"font-size:12px\">\n<li>Jefatura del Estado. (2002). Ley Org\u00e1nica 10\/2002, de 23 de diciembre, de Calidad de la Educaci\u00f3n. <em>Bolet\u00edn Oficial Del Estado<\/em>, <em>307<\/em>, 45188\u201345220.<\/li>\n<\/ul>\n\n\n\n<ul class=\"wp-block-list\" style=\"font-size:12px\">\n<li>Jefatura del Estado. (2006). Ley Org\u00e1nica 2\/2006, de 3 de mayo, de Educaci\u00f3n. <em>Bolet\u00edn Oficial Del Estado<\/em>, <em>106<\/em>.<\/li>\n<\/ul>\n\n\n\n<ul class=\"wp-block-list\" style=\"font-size:12px\">\n<li>Jefatura del Estado. (2013). Ley Org\u00e1nica 8\/2013, de 9 de diciembre, para la mejora de la calidad educativa. <em>Bolet\u00edn Oficial Del Estado<\/em>, <em>295<\/em>.<\/li>\n<\/ul>\n\n\n\n<ul class=\"wp-block-list\" style=\"font-size:12px\">\n<li>Jefatura del Estado. (2020). Ley Org\u00e1nica 3\/2020, de 29 de diciembre, por la que se modifica la Ley Org\u00e1nica 2\/2006, de 3 de mayo, de Educaci\u00f3n. <em>Bolet\u00edn Oficial Del Estado<\/em>, <em>340<\/em>, 1\u201383.<\/li>\n<\/ul>\n\n\n\n<ul class=\"wp-block-list\" style=\"font-size:12px\">\n<li>Ministerio de Educaci\u00f3n. (2010a). Orden EDU\/849\/2010, de 18 de marzo, por la que se regula la ordenaci\u00f3n de la educaci\u00f3n del alumnado con necesidad de apoyo educativo y se regulan los servicios de orientaci\u00f3n educativa en el \u00e1mbito de gesti\u00f3n del Ministerio de Educaci\u00f3n, en las ciudades de Ceuta y Melilla. <em>Bolet\u00edn Oficial Del Estado<\/em>, <em>83<\/em>, 31332\u201331380.<\/li>\n<\/ul>\n\n\n\n<ul class=\"wp-block-list\" style=\"font-size:12px\">\n<li>Ministerio de Educaci\u00f3n. (2010b). Orden EFP\/365\/2020, de 22 de abril, por la que se establecen el marco y las directrices de actuaci\u00f3n para el tercer trimestre del curso 2019-2020 y el inicio del curso 2020-2021, ante la situaci\u00f3n de crisis ocasionada por el COVID-19. <em>Bolet\u00edn Oficial Del Estado<\/em>, <em>83<\/em>.<\/li>\n<\/ul>\n\n\n\n<ul class=\"wp-block-list\" style=\"font-size:12px\">\n<li>Ministerio de Educaci\u00f3n y Ciencia. (1985). Real Decreto 334\/1985, de 6 de marzo, de ordenaci\u00f3n de la Educaci\u00f3n Especial. <em>Bolet\u00edn Oficial Del Estado<\/em>, <em>65<\/em>.<\/li>\n<\/ul>\n\n\n\n<ul class=\"wp-block-list\" style=\"font-size:12px\">\n<li>Ministerio de Educaci\u00f3n y Ciencia. (1995). Real Decreto 696\/1995, de 28 de abril, de ordenaci\u00f3n de la educaci\u00f3n de los alumnos con necesidades educativas especiales. <em>Bolet\u00edn Oficial Del Estado<\/em>, <em>131<\/em>.<\/li>\n<\/ul>\n\n\n\n<ul class=\"wp-block-list\" style=\"font-size:12px\">\n<li>Ministerio de Educaci\u00f3n y Ciencia. (1996). Resoluci\u00f3n de 25 de abril de 1996 de la Secretaria de Estado de Educaci\u00f3n por la que se regula la elaboraci\u00f3n, del proyecto curricular de la Ense\u00f1anza B\u00e1sica Obligatoria en los centros de educaci\u00f3n especial. <em>Bolet\u00edn Oficila Del Estado<\/em>, <em>120<\/em>, 16970\u201316975.<\/li>\n<\/ul>\n\n\n\n<ul class=\"wp-block-list\" style=\"font-size:12px\">\n<li>Ministerio de Educaci\u00f3n y Ciencia. (2007a). Orden ECI\/1845\/2007, de 19 de junio, por la que se establecen los elementos de los documentos b\u00e1sicos de evaluaci\u00f3n de la educaci\u00f3n b\u00e1sica regulada por la Ley Org\u00e1nica 2\/2006, de 3 de mayo, de Educaci\u00f3n, as\u00ed como los requisitos formales derivados del proceso de evaluaci\u00f3n que son precisos para garantizar la movilidad del alumnado. <em>Bolet\u00edn Oficial Del Estado<\/em>.<\/li>\n<\/ul>\n\n\n\n<ul class=\"wp-block-list\" style=\"font-size:12px\">\n<li>Ministerio de Educaci\u00f3n y Ciencia. (2007b). Real Decreto 1630\/2006, de 29 de diciembre, por el que se establecen las ense\u00f1anzas m\u00ednimas del segundo ciclo de Educaci\u00f3n infantil. <em>Bolet\u00edn Oficial Del Estado<\/em>, <em>4<\/em>.<\/li>\n<\/ul>\n\n\n\n<ul class=\"wp-block-list\" style=\"font-size:12px\">\n<li>Ministerio de Educaci\u00f3n y Cultura. (1999). Orden de 22de marzo de 1999 por la que se regulan los programas de formaci\u00f3n para la transici\u00f3n a la vida adulta destinados a los alumnos con necesidades educativas especiales escolarizados en Centros de Educaci\u00f3n Especial. <em>Bolet\u00edn Oficial Del Estado<\/em>, <em>86<\/em>, 13515\u201313517.<\/li>\n<\/ul>\n\n\n\n<ul class=\"wp-block-list\" style=\"font-size:12px\">\n<li>Ministerio de Educaci\u00f3n y Formaci\u00f3n Profesional. (2020). Orden EFP\/365\/2020, de 22 de abril, por la que se establecen el marco y las directrices de actuaci\u00f3n para el tercer trimestre del curso 2019-2020 y el inicio del curso 2020-2021, ante la situaci\u00f3n de crisis ocasionada por el COVID-19. <em>Bolet\u00edn Oficial Del Estado<\/em>, <em>114<\/em>.<\/li>\n<\/ul>\n\n\n\n<ul class=\"wp-block-list\" style=\"font-size:12px\">\n<li>Ministerio de Educaci\u00f3n y Formaci\u00f3n Profesional. (2022a). Real Decreto 157\/2022, de 1 de marzo, por el que se establecen la ordenaci\u00f3n y las ense\u00f1anzas m\u00ednimas de la Educaci\u00f3n Primaria. <em>Bolet\u00edn Oficial Del Estado<\/em>, <em>52<\/em>.<\/li>\n<\/ul>\n\n\n\n<ul class=\"wp-block-list\" style=\"font-size:12px\">\n<li>Ministerio de Educaci\u00f3n y Formaci\u00f3n Profesional. (2022b). Real Decreto 217\/2022, de 29 de marzo, por el que se establece la ordenaci\u00f3n y las ense\u00f1anzas m\u00ednimas de la Educaci\u00f3n Secundaria Obligatoria. <em>Bolet\u00edn Oficial Del Estrado<\/em>, <em>76<\/em>, 41571\u201341789. https:\/\/www.boe.es<\/li>\n<\/ul>\n\n\n\n<p><\/p>\n\n\n\n<p><\/p>\n\n\n\n<p class=\"has-text-align-center\" style=\"font-size:15px;letter-spacing:0.5px\">Todas las referencias corresponden a la versi\u00f3n\u00a0<strong>7\u00aa del formato APA<\/strong>\u00a0(American Psychological Association, 2020).<\/p>\n","protected":false},"excerpt":{"rendered":"<p>Orden de documentos por orden alfab\u00e9tico: Todas las referencias corresponden a la versi\u00f3n\u00a07\u00aa del formato APA\u00a0(American Psychological Association, 2020).<\/p>\n","protected":false},"author":661,"featured_media":0,"parent":270,"menu_order":0,"comment_status":"closed","ping_status":"closed","template":"","meta":{"_genesis_hide_title":false,"_genesis_hide_breadcrumbs":false,"_genesis_hide_singular_image":false,"_genesis_hide_footer_widgets":false,"_genesis_custom_body_class":"","_genesis_custom_post_class":"","_genesis_layout":"","footnotes":""},"categories":[],"tags":[],"class_list":{"0":"post-852","1":"page","2":"type-page","3":"status-publish","5":"entry"},"_links":{"self":[{"href":"https:\/\/blogs.ugr.es\/migranee\/wp-json\/wp\/v2\/pages\/852","targetHints":{"allow":["GET"]}}],"collection":[{"href":"https:\/\/blogs.ugr.es\/migranee\/wp-json\/wp\/v2\/pages"}],"about":[{"href":"https:\/\/blogs.ugr.es\/migranee\/wp-json\/wp\/v2\/types\/page"}],"author":[{"embeddable":true,"href":"https:\/\/blogs.ugr.es\/migranee\/wp-json\/wp\/v2\/users\/661"}],"replies":[{"embeddable":true,"href":"https:\/\/blogs.ugr.es\/migranee\/wp-json\/wp\/v2\/comments?post=852"}],"version-history":[{"count":3,"href":"https:\/\/blogs.ugr.es\/migranee\/wp-json\/wp\/v2\/pages\/852\/revisions"}],"predecessor-version":[{"id":932,"href":"https:\/\/blogs.ugr.es\/migranee\/wp-json\/wp\/v2\/pages\/852\/revisions\/932"}],"up":[{"embeddable":true,"href":"https:\/\/blogs.ugr.es\/migranee\/wp-json\/wp\/v2\/pages\/270"}],"wp:attachment":[{"href":"https:\/\/blogs.ugr.es\/migranee\/wp-json\/wp\/v2\/media?parent=852"}],"wp:term":[{"taxonomy":"category","embeddable":true,"href":"https:\/\/blogs.ugr.es\/migranee\/wp-json\/wp\/v2\/categories?post=852"},{"taxonomy":"post_tag","embeddable":true,"href":"https:\/\/blogs.ugr.es\/migranee\/wp-json\/wp\/v2\/tags?post=852"}],"curies":[{"name":"wp","href":"https:\/\/api.w.org\/{rel}","templated":true}]}}