{"id":874,"date":"2024-05-15T10:58:51","date_gmt":"2024-05-15T08:58:51","guid":{"rendered":"https:\/\/blogs.ugr.es\/migranee\/?page_id=874"},"modified":"2024-05-15T12:06:36","modified_gmt":"2024-05-15T10:06:36","slug":"03-aragon","status":"publish","type":"page","link":"https:\/\/blogs.ugr.es\/migranee\/legislacion\/03-aragon\/","title":{"rendered":"03 Arag\u00f3n"},"content":{"rendered":"\n<p style=\"font-size:15px\">Orden de documentos por orden alfab\u00e9tico:<\/p>\n\n\n\n<ul class=\"wp-block-list\" style=\"font-size:12px\">\n<li>Consejer\u00eda de Educaci\u00f3n Universidad Cultura y Deporte. (2017). Orden ECD\/445\/2017, de 11 de abril, por la que se modifica la Orden de 9 de octubre de 2013, de la Consejera de Educaci\u00f3n, Universidad, Cultura y Deporte, por la que se regulan los centros de atenci\u00f3n preferente a alumnos con trastorno del espectro autista. <em>Bolet\u00edn Oficial de Arag\u00f3n<\/em>, <em>71<\/em>.<\/li>\n<\/ul>\n\n\n\n<ul class=\"wp-block-list\" style=\"font-size:12px\">\n<li>Departamento de Educaci\u00f3n Cultura y Deporte. (2017). Decreto 188\/2017, de 28 de noviembre, del Gobierno de Arag\u00f3n, por el que se regula la respuesta educativa inclusiva y la convivencia en las comunidades educativas de la Comunidad Aut\u00f3noma de Arag\u00f3n. <em>Bolet\u00edn Oficial de Arag\u00f3n<\/em>, <em>240<\/em>.<\/li>\n<\/ul>\n\n\n\n<ul class=\"wp-block-list\" style=\"font-size:12px\">\n<li>Departamento de Educaci\u00f3n Cultura y Deporte. (2018a). Orden ECD\/1005\/2018, de 7 de junio, por la que se regulan las actuaciones de intervenci\u00f3n educativa inclusiva. <em>Bolet\u00edn Oficial de Arag\u00f3n<\/em>, <em>116<\/em>.<\/li>\n<\/ul>\n\n\n\n<ul class=\"wp-block-list\" style=\"font-size:12px\">\n<li>Departamento de Educaci\u00f3n Cultura y Deporte. (2018b). Orden ECD\/1167\/2018, de 18 de junio, por la que se crean siete Equipos de Orienta- ci\u00f3n Educativa de Atenci\u00f3n Temprana de titularidad de la Comunidad Aut\u00f3noma de Arag\u00f3n. <em>Bolet\u00edn Oficial de Arag\u00f3n<\/em>, <em>134<\/em>.<\/li>\n<\/ul>\n\n\n\n<ul class=\"wp-block-list\" style=\"font-size:12px\">\n<li>Departamento de Educaci\u00f3n Cultura y Deporte. (2022). Decreto 164\/2022, de 16 de noviembre, del Gobierno de Arag\u00f3n, por el que se modifica el Decreto 188\/2017, de 28 de noviembre, del Gobierno de Arag\u00f3n, por el que se regula la respuesta educativa inclusiva y la convivencia en las comunidades educativas de la Comunidad Aut\u00f3noma de Arag\u00f3n. <em>Bolet\u00edn Oficial de Arag\u00f3n<\/em>, <em>228<\/em>.<\/li>\n<\/ul>\n\n\n\n<ul class=\"wp-block-list\" style=\"font-size:12px\">\n<li>Departamento de Educaci\u00f3n Cultura y Deporte. (2023a). Orden ECD\/116\/2023, de 7 de febrero, por la que se convoca el procedimiento de escolarizaci\u00f3n del alumnado en centros docentes sostenidos con fondos p\u00fablicos de las ense\u00f1anzas de segundo ciclo de educaci\u00f3n infantil, educaci\u00f3n primaria, educaci\u00f3n especial, educaci\u00f3n secundaria obligatoria, bachillerato y en CEIP, CPI y CRA que imparten el tercer curso de las ense\u00f1anzas de primer ciclo de educaci\u00f3n infantil en la Comunidad Aut\u00f3noma de Arag\u00f3n para el curso escolar 2023\/2024. <em>Bolet\u00edn Oficial de Arag\u00f3n<\/em>, <em>30<\/em>.<\/li>\n<\/ul>\n\n\n\n<ul class=\"wp-block-list\" style=\"font-size:12px\">\n<li>Departamento de Educaci\u00f3n Cultura y Deporte. (2023b). Orden ECD\/913\/2023, de 11 de julio, por la que se modifica la Orden ECD\/1004\/2018, de 7 de junio, por la que se regula la Red Integrada de Orientaci\u00f3n Educativa en los centros docentes no universitarios sostenidos con fondos p\u00fablicos de la Comunidad Aut\u00f3noma de Arag\u00f3n, y la Orden ECD\/1005\/2018, de 7 de junio, por la que se regulan las actuaciones de intervenci\u00f3n educativa inclusiva. <em>Bolet\u00edn Oficial de Arag\u00f3n<\/em>, <em>136<\/em>.<\/li>\n<\/ul>\n\n\n\n<ul class=\"wp-block-list\" style=\"font-size:12px\">\n<li>Departamento de Educaci\u00f3n Cultura y Deporte. (2023c). Orden ECD\/959\/2023, de 18 de julio, por la que se aprueban las Instrucciones para los Centros P\u00fablicos Integrados de la Comunidad Aut\u00f3noma de Arag\u00f3n en relaci\u00f3n con el curso 2023\/2024. <em>Bolet\u00edn Oficial de Arag\u00f3n<\/em>, <em>143<\/em>.<\/li>\n<\/ul>\n\n\n\n<ul class=\"wp-block-list\" style=\"font-size:12px\">\n<li>Departamento de Educaci\u00f3n Universidad Cultura y Deporte. (2015). Orden de 9 de junio de 2015, de la Consejera de Educaci\u00f3n, Universidad, Cultura y Deporte, por la que se crean dos equipos especializados de orientaci\u00f3n educativa y se traslada de domicilio el \u201cEquipo especializado en discapacidad f\u00edsica: motora y org\u00e1ni- ca\u201d, de titularidad de la Comunidad Aut\u00f3noma de Arag\u00f3n. <em>Bolet\u00edn Oficial de Arag\u00f3n<\/em>, <em>124<\/em>.<\/li>\n<\/ul>\n\n\n\n<ul class=\"wp-block-list\" style=\"font-size:12px\">\n<li>Direcci\u00f3n General de Planificaci\u00f3n y Equidad. (2023). Resoluci\u00f3n de la Directora General de Planificaci\u00f3n y Equidad, por la que se unifican zonas de escolarizaci\u00f3n para centros y aulas de educaci\u00f3n especial, para la escolarizaci\u00f3n del alumnado en centros docentes sostenidos con fondos p\u00fablicos de las ense\u00f1anzas de segundo ciclo de educaci\u00f3n infantil, educaci\u00f3n primaria, educaci\u00f3n especial, y educaci\u00f3n secundaria obligatoria. In <em>Departamento de Educaci\u00f3n Cultura y Deporte<\/em>.<\/li>\n<\/ul>\n\n\n\n<ul class=\"wp-block-list\" style=\"font-size:12px\">\n<li>Gobierno de Arag\u00f3n. (2002). Ley 16\/2002, de 28 de junio, de Educaci\u00f3n Permanente de Arag\u00f3n. <em>Bolet\u00edn Oficial Del Estado<\/em>, <em>182<\/em>.<\/li>\n<\/ul>\n\n\n\n<ul class=\"wp-block-list\" style=\"font-size:12px\">\n<li>Gobierno de Arag\u00f3n, &amp; Departamento de Educaci\u00f3n Cultura y Deporte. (2019). Decreto 58\/2019, de 9 de abril, del Gobierno de Arag\u00f3n, de creaci\u00f3n del Centro Aragon\u00e9s para la comunicaci\u00f3n aumentativa y alternativa, Centro ARASAAC, de titularidad de la Comunidad Aut\u00f3noma de Arag\u00f3n. <em>Bolet\u00edn Oficial de Arag\u00f3n<\/em>, <em>75<\/em>. www.arasaac.org<\/li>\n<\/ul>\n\n\n\n<p><\/p>\n\n\n\n<p><\/p>\n\n\n\n<p class=\"has-text-align-center\" style=\"font-size:15px;letter-spacing:0.5px\">Todas las referencias corresponden a la versi\u00f3n <strong>7\u00aa del formato APA<\/strong> (American Psychological Association, 2020).<\/p>\n","protected":false},"excerpt":{"rendered":"<p>Orden de documentos por orden alfab\u00e9tico: Todas las referencias corresponden a la versi\u00f3n 7\u00aa del formato APA (American Psychological Association, 2020).<\/p>\n","protected":false},"author":661,"featured_media":0,"parent":270,"menu_order":0,"comment_status":"closed","ping_status":"closed","template":"","meta":{"_genesis_hide_title":false,"_genesis_hide_breadcrumbs":false,"_genesis_hide_singular_image":false,"_genesis_hide_footer_widgets":false,"_genesis_custom_body_class":"","_genesis_custom_post_class":"","_genesis_layout":"","footnotes":""},"categories":[],"tags":[],"class_list":{"0":"post-874","1":"page","2":"type-page","3":"status-publish","5":"entry"},"_links":{"self":[{"href":"https:\/\/blogs.ugr.es\/migranee\/wp-json\/wp\/v2\/pages\/874","targetHints":{"allow":["GET"]}}],"collection":[{"href":"https:\/\/blogs.ugr.es\/migranee\/wp-json\/wp\/v2\/pages"}],"about":[{"href":"https:\/\/blogs.ugr.es\/migranee\/wp-json\/wp\/v2\/types\/page"}],"author":[{"embeddable":true,"href":"https:\/\/blogs.ugr.es\/migranee\/wp-json\/wp\/v2\/users\/661"}],"replies":[{"embeddable":true,"href":"https:\/\/blogs.ugr.es\/migranee\/wp-json\/wp\/v2\/comments?post=874"}],"version-history":[{"count":2,"href":"https:\/\/blogs.ugr.es\/migranee\/wp-json\/wp\/v2\/pages\/874\/revisions"}],"predecessor-version":[{"id":933,"href":"https:\/\/blogs.ugr.es\/migranee\/wp-json\/wp\/v2\/pages\/874\/revisions\/933"}],"up":[{"embeddable":true,"href":"https:\/\/blogs.ugr.es\/migranee\/wp-json\/wp\/v2\/pages\/270"}],"wp:attachment":[{"href":"https:\/\/blogs.ugr.es\/migranee\/wp-json\/wp\/v2\/media?parent=874"}],"wp:term":[{"taxonomy":"category","embeddable":true,"href":"https:\/\/blogs.ugr.es\/migranee\/wp-json\/wp\/v2\/categories?post=874"},{"taxonomy":"post_tag","embeddable":true,"href":"https:\/\/blogs.ugr.es\/migranee\/wp-json\/wp\/v2\/tags?post=874"}],"curies":[{"name":"wp","href":"https:\/\/api.w.org\/{rel}","templated":true}]}}