{"id":881,"date":"2024-05-15T11:06:38","date_gmt":"2024-05-15T09:06:38","guid":{"rendered":"https:\/\/blogs.ugr.es\/migranee\/?page_id=881"},"modified":"2024-05-15T12:08:25","modified_gmt":"2024-05-15T10:08:25","slug":"05-baleares","status":"publish","type":"page","link":"https:\/\/blogs.ugr.es\/migranee\/legislacion\/05-baleares\/","title":{"rendered":"05 Baleares"},"content":{"rendered":"\n<p style=\"font-size:15px\">Orden de documentos por orden alfab\u00e9tico:<\/p>\n\n\n\n<ul class=\"wp-block-list\" style=\"font-size:12px\">\n<li>Consejer\u00eda de Educaci\u00f3n y Cultura. (2011). Decreto 39\/2011, de 29 de abril, por el cual se regula la atenci\u00f3n a la diversidad y la orientaci\u00f3n educativa en los centros educati- vos no universitarios sostenidos con fondos p\u00fablicos. <em>Butllet\u00ed Oficial de Les Illes Balears<\/em>, <em>67<\/em>, 97\u2013108.<\/li>\n<\/ul>\n\n\n\n<ul class=\"wp-block-list\" style=\"font-size:12px\">\n<li>Consejer\u00eda de Educaci\u00f3n y Formaci\u00f3n Profesional. (2023). Orden 4\/2023, del consejero de Educaci\u00f3n y Formaci\u00f3n Profesional de 1 de febrero de 2023, de organizaci\u00f3n y funcionamiento de los equipos de atenci\u00f3n temprana de las Illes Balears dependientes de la Consejer\u00eda de Educaci\u00f3n y Formaci\u00f3n Profesional. <em>Butllet\u00ed Oficial de Les Illes Balears<\/em>, <em>16<\/em>, 4671\u20134699. https:\/\/www.caib.es\/eboibfront\/pdf\/es\/2023\/16\/1129066<\/li>\n<\/ul>\n\n\n\n<ul class=\"wp-block-list\" style=\"font-size:12px\">\n<li>Consejer\u00eda de Educaci\u00f3n y Universidad. (2019). Orden del consejero de Educaci\u00f3n y Universidad de 22 de mayo de 2019 por la cual se regula el funcionamiento de los servicios de orientaci\u00f3n educativa, social y profesional de las Illes Balears. <em>Butllet\u00ed Oficial de Les Illes Balears<\/em>, <em>70<\/em>, 24454\u201324472. http:\/\/boib.caib.es<\/li>\n<\/ul>\n\n\n\n<ul class=\"wp-block-list\" style=\"font-size:12px\">\n<li>Consejo de Gobierno. (2019). Decreto 64\/2019 de 2 de agosto, por el que se establece el r\u00e9gimen de admisi\u00f3n de alumnos en los centros sostenidos totalmente o parcialmente con fondos p\u00fablicos de la Comunidad Aut\u00f3noma de las Illes Balears que sustituye el Decreto 37\/2008. <em>Butllet\u00ed Oficial de Les Illes Balears<\/em>, <em>107<\/em>, 33855\u201333872. http:\/\/www.caib.es\/eboibfront\/pdf\/es\/2019\/107\/1040378<\/li>\n<\/ul>\n\n\n\n<ul class=\"wp-block-list\" style=\"font-size:12px\">\n<li>Conselleria d\u2019Educaci\u00f3 i Cultura. (2001). Orden de 12 de diciembre de 2000, de la Consejer\u00eda de Educaci\u00f3n y Cultura, por la que se regulan los programas de formaci\u00f3n para transici\u00f3n a la vida adulta destinados a los alumnos con necesidades educativas especiales escolarizados en centros de educaci\u00f3n especial y se establecen los modelos de certificados para el alumnado que finalice uno de estos programas. <em>Butllet\u00ed Oficial de Les Illes Balears<\/em>, <em>8<\/em>, 709\u2013711.<\/li>\n<\/ul>\n\n\n\n<ul class=\"wp-block-list\" style=\"font-size:12px\">\n<li>Conselleria d\u2019Educaci\u00f3 i Universitat. (2015). Resoluci\u00f3n del consejero de Educaci\u00f3n y Universidad de 18 de diciembre de 2015, por la que se autoriza la apertura y el funcionamiento del Centro privado de Educaci\u00f3n Especial Cuatro por Cuatro en el municipio de Palma. <em>Butllet\u00ed Oficial de Les Illes Balears<\/em>, <em>190<\/em>, 49684\u201349686. http:\/\/www.caib.es\/eboibfront\/pdf\/ca\/2015\/190\/939340<\/li>\n<\/ul>\n\n\n\n<ul class=\"wp-block-list\" style=\"font-size:12px\">\n<li>Conselleria d\u2019Educaci\u00f3 i Universitat. (2017a). Resoluci\u00f3n del consejero de Educaci\u00f3n y Universidad de 15 de febrero de 2017 por la que se autoriza la apertura y el funcionamiento del centro privado de educaci\u00f3n especial Quatre per Quatre Eivissa. <em>Butllet\u00ed Oficial de Les Illes Balears<\/em>, <em>25<\/em>, 5818\u20135820. http:\/\/www.caib.es\/eboibfront\/pdf\/ca\/2017\/25\/972808<\/li>\n<\/ul>\n\n\n\n<ul class=\"wp-block-list\" style=\"font-size:12px\">\n<li>Conselleria d\u2019Educaci\u00f3 i Universitat. (2017b). Resoluci\u00f3n del consejero de Educaci\u00f3n y Universidad de 19 de octubre de 2017 por la que se establecen los tipo de unidades de cada una de las etapas de la educaci\u00f3n especial para los centros sostenidos totalmente o parcialmente con fondos p\u00fablicos al nivel de la educaci\u00f3n especial. <em>Butllet\u00ed Oficial de Les Illes Balears<\/em>, <em>133<\/em>, 35073\u201335075. http:\/\/www.caib.es\/eboibfront\/pdf\/ca\/2017\/133\/992571<\/li>\n<\/ul>\n\n\n\n<ul class=\"wp-block-list\" style=\"font-size:12px\">\n<li>Conselleria d\u2019Educaci\u00f3 i Universitat. (2018a). Resoluci\u00f3n del consejero de Educaci\u00f3n y Universidad de 2 de mayo de 2018 por la que se modifica la Resoluci\u00f3n de la consejera de Educaci\u00f3n, Cultura y Universidades, de d\u00eda 25 de marzo de 2015 en la que se regulan las ratios en los centros espec\u00edficos de educaci\u00f3n especial, y se establecen las ratios de los Programas de Formaci\u00f3n para la Transici\u00f3n de la Vida Adulta para los alumnos escolarizados en los centros espec\u00edficos de educaci\u00f3n especial y en las aulas ASCE. <em>Butllet\u00ed Oficial de Les Illes Balears<\/em>, <em>61<\/em>, 15980\u201315982. http:\/\/www.caib.es\/eboibfront\/pdf\/ca\/2018\/61\/1008343<\/li>\n<\/ul>\n\n\n\n<ul class=\"wp-block-list\" style=\"font-size:12px\">\n<li>Conselleria d\u2019Educaci\u00f3 i Universitat. (2018b). Resoluci\u00f3n del consejero de Educaci\u00f3n y Universidad de 5 de julio de 2018 por la que se modifica la Resoluci\u00f3n de la consejera de Educaci\u00f3n, Cultura y Universidades de d\u00eda 13 de mayo de 2015, por la que se establecen con car\u00e1cter provisional los requisitos m\u00ednimos de espacio en los centros espec\u00edficos de educaci\u00f3n especial (CEE) y en las aulas sustitutorias de centro espec\u00edfico (ASCE) ubicadas en centros ordinarios. <em>Butllet\u00ed Oficial de Les Illes Balears<\/em>, <em>95<\/em>, 26158\u201326161. http:\/\/boib.caib.es<\/li>\n<\/ul>\n\n\n\n<ul class=\"wp-block-list\" style=\"font-size:12px\">\n<li>Direcci\u00f3n general de Primera Infancia Innovaci\u00f3n y Comunidad Educativa, &amp; Direcci\u00f3n General de Planificaci\u00f3n Ordenaci\u00f3n y Centros. (2023). Instrucci\u00f3n 2\/2023 de 16 enero de 2023, de la directora general de Primera Infancia, Innovaci\u00f3n y Comunidad Educativa y el director General de Planificaci\u00f3n, Ordenaci\u00f3n y Centros en relaci\u00f3n al documento de acreditaci\u00f3n provisional de necesidades espec\u00edficas de apoyo educativo que se realiza para aquel alumnado que se escolariza por primera vez en centros sostenidos con fondos p\u00fablicos de las Islas Baleares durante el curso 2022-2023. In <em>Conselleria d\u2019Educaci\u00f3 i Universitats<\/em>.<\/li>\n<\/ul>\n\n\n\n<ul class=\"wp-block-list\" style=\"font-size:12px\">\n<li>Direcci\u00f3n General Innovaci\u00f3n y Comunidad Educativa. (2016). Orden del consejero de Educaci\u00f3n y Universidad de 7 de abril de 2016 que regula el proceso de adscripci\u00f3n, admisi\u00f3n y matriculaci\u00f3n de alumnos en los centros sostenidos total o parcialmente con fondos p\u00fablicos en los niveles de segundo ciclo de educaci\u00f3n infantil, educaci\u00f3n primaria, educaci\u00f3n secundaria obligatoria, bachillerato y educaci\u00f3n especial de las Islas Baleares. In <em>Conselleria d\u2019Educaci\u00f3 i Universitat<\/em>.<\/li>\n<\/ul>\n\n\n\n<ul class=\"wp-block-list\" style=\"font-size:12px\">\n<li>Direcci\u00f3n General Innovaci\u00f3n y Comunidad Educativa. (2019a). Instrucci\u00f3n 12\/2019, de 17 de julio de 2019, de la directora general de Primera Infancia, Innovaci\u00f3n y Comunidad Educativa para regular el procedimiento para realizar matriculaciones extraordinarias en la modalidad de unidad educativa espec\u00edfica en centro ordinario (UEECO) en los centros docentes sostenidos con fondos p\u00fablicos durante el curso 2019-20. In <em>Conselleria d\u2019Educaci\u00f3 i Universitat<\/em>.<\/li>\n<\/ul>\n\n\n\n<ul class=\"wp-block-list\" style=\"font-size:12px\">\n<li>Direcci\u00f3n General Innovaci\u00f3n y Comunidad Educativa. (2019b). Instrucciones 11\/2019 de 17 de julio de 2019, de la directora general de Primera Infancia, Innovaci\u00f3n y Comunidad Educativa para regular el procedimiento para realizar matriculaciones extraordinarias en la modalidad de centro de educaci\u00f3n especial\/ASCE durante el curso 2019-20. <em>Conselleria d\u2019Educaci\u00f3, Universitat i Recerca<\/em>.<\/li>\n<\/ul>\n\n\n\n<ul class=\"wp-block-list\" style=\"font-size:12px\">\n<li>Direcci\u00f3n General Innovaci\u00f3n y Comunidad Educativa. (2019c). Orientaciones para los centros que tienen alumnos en modalidad de escolarizaci\u00f3n compartida entre su centro ordinario y el CCEE Quatre per Quatre\/CCEE Quatre per Quatre Ibiza. In <em>Conselleria d\u2019Educaci\u00f3 i Universitat<\/em>.<\/li>\n<\/ul>\n\n\n\n<ul class=\"wp-block-list\" style=\"font-size:12px\">\n<li>Direcci\u00f3n General Primera Infancia y Atenci\u00f3n a la Diversidad. (2015). Circuito para solicitar la intervenci\u00f3n del CCEE Cuatro por Cuatro Alumnos provenientes del CRAE Cuatro por Cuatro (Centro Residencial de Acci\u00f3n Educativa Especial Cuatro por Cuatro) y otros programas formativos de Amadiba u otras entidades del circuito de protecci\u00f3n de menores. In <em>Conselleria d\u2019Educaci\u00f3 i Universitat<\/em>.<\/li>\n<\/ul>\n\n\n\n<ul class=\"wp-block-list\" style=\"font-size:12px\">\n<li>Direcci\u00f3n General Primera Infancia y Atenci\u00f3n a la Diversidad. (2018). Competencias b\u00e1sicas y descriptores de evaluaci\u00f3n. In <em>Conselleria d\u2019Educaci\u00f3 i Universitat<\/em>.<\/li>\n<\/ul>\n\n\n\n<ul class=\"wp-block-list\" style=\"font-size:12px\">\n<li>Direcci\u00f3n General Primera Infancia y Atenci\u00f3n a la Diversidad. (2023a). Instrucci\u00f3n 50\/2023, de 31 de agosto de 2023 de la directora general de Primera Infancia y Atenci\u00f3n a la Diversidad para la organizaci\u00f3n y el funcionamiento de los equipos de atenci\u00f3n temprana. In <em>Conselleria d\u2019Educaci\u00f3 i Universitats<\/em>.<\/li>\n<\/ul>\n\n\n\n<ul class=\"wp-block-list\" style=\"font-size:12px\">\n<li>Direcci\u00f3n General Primera Infancia y Atenci\u00f3n a la Diversidad. (2023b). Normativa de referencia para la organizaci\u00f3n y funcionamiento de los equipos de orientaci\u00f3n y apoyo al aprendizaje, EOEP&nbsp; y equipos especializados para el curso 2023-2024. In <em>Conselleria d\u2019Educaci\u00f3 i Universitats<\/em>.<\/li>\n<\/ul>\n\n\n\n<ul class=\"wp-block-list\" style=\"font-size:12px\">\n<li>Direcci\u00f3n General Primera Infancia y Atenci\u00f3n a la Diversidad. (2023c). Resoluci\u00f3n de la directora general de Primera Infancia y Atenci\u00f3n a la Diversidad, de d\u00eda 8 de septiembre de 2023 por la que se regulan las medidas y apoyos para atenci\u00f3n educativa inclusiva, as\u00ed como los documentos que se derivan, para el curso 2023-24. <em>Conselleria d\u2019Educaci\u00f3 i Universitats<\/em>.<\/li>\n<\/ul>\n\n\n\n<ul class=\"wp-block-list\" style=\"font-size:12px\">\n<li>Direcci\u00f3n General Primera Infancia y Atenci\u00f3n a la Diversidad. (2023d). Reuni\u00f3n Informativa Diciembre 2023. In <em>Conselleria d\u2019Educaci\u00f3 i Universitat<\/em>.<\/li>\n<\/ul>\n\n\n\n<ul class=\"wp-block-list\" style=\"font-size:12px\">\n<li>Direcci\u00f3n General Primera Infancia y Atenci\u00f3n a la Diversidad. (2023e). Reuniones informativas de los centros de educaci\u00f3n especial para los servicios de orientaci\u00f3n curso 2023\/24 y datos de contacto por env\u00edo de la hoja de anamnesis a CEE\/CCEE. In <em>Conselleria Educaci\u00f3 i Universitats<\/em>.<\/li>\n<\/ul>\n\n\n\n<ul class=\"wp-block-list\" style=\"font-size:12px\">\n<li>Direcci\u00f3n General Primera Infancia y Atenci\u00f3n a la Diversidad. (2024). Instrucci\u00f3n 55\/2023, de 28 de noviembre, de la directora general de Primera Infancia y Atenci\u00f3n a la Diversidad por la que se establece el procedimiento de admisi\u00f3n y matriculaci\u00f3n en los centros de educaci\u00f3n especial para el curso 2024-2025. In <em>Conselleria d\u2019Educaci\u00f3 i Universitats<\/em>.<\/li>\n<\/ul>\n\n\n\n<ul class=\"wp-block-list\" style=\"font-size:12px\">\n<li>Direcci\u00f3n General Primera Infancia y Comunidad Educativa. (2019). Instrucciones 14\/2019, de 29 de julio de 2019, de la directora general de Primera Infancia, Innovaci\u00f3n y Comunidad Educativa sobre la organizaci\u00f3n y funcionamiento de las aulas UEECO (unidades educativas espec\u00edficas en centros ordinarios). In <em>Conselleria d\u2019Educaci\u00f3 i Universitat<\/em>.<\/li>\n<\/ul>\n\n\n\n<ul class=\"wp-block-list\" style=\"font-size:12px\">\n<li>Presidencia de las Illes Balears. (2022). Ley 1\/2022, de 8 de marzo, de educaci\u00f3n de las Illes Balears. <em>Butllet\u00ed Oficial de Les Illes Balears<\/em>, <em>38<\/em>, 9602\u20139672. https:\/\/www.caib.es\/eboibfront\/pdf\/es\/2022\/38\/1107340<\/li>\n<\/ul>\n\n\n\n<p><\/p>\n\n\n\n<p><\/p>\n\n\n\n<p class=\"has-text-align-center\" style=\"font-size:15px;letter-spacing:0.5px\">Todas las referencias corresponden a la versi\u00f3n <strong>7\u00aa del formato APA<\/strong> (American Psychological Association, 2020).<\/p>\n","protected":false},"excerpt":{"rendered":"<p>Orden de documentos por orden alfab\u00e9tico: Todas las referencias corresponden a la versi\u00f3n 7\u00aa del formato APA (American Psychological Association, 2020).<\/p>\n","protected":false},"author":661,"featured_media":0,"parent":270,"menu_order":0,"comment_status":"closed","ping_status":"closed","template":"","meta":{"_genesis_hide_title":false,"_genesis_hide_breadcrumbs":false,"_genesis_hide_singular_image":false,"_genesis_hide_footer_widgets":false,"_genesis_custom_body_class":"","_genesis_custom_post_class":"","_genesis_layout":"","footnotes":""},"categories":[],"tags":[],"class_list":{"0":"post-881","1":"page","2":"type-page","3":"status-publish","5":"entry"},"_links":{"self":[{"href":"https:\/\/blogs.ugr.es\/migranee\/wp-json\/wp\/v2\/pages\/881","targetHints":{"allow":["GET"]}}],"collection":[{"href":"https:\/\/blogs.ugr.es\/migranee\/wp-json\/wp\/v2\/pages"}],"about":[{"href":"https:\/\/blogs.ugr.es\/migranee\/wp-json\/wp\/v2\/types\/page"}],"author":[{"embeddable":true,"href":"https:\/\/blogs.ugr.es\/migranee\/wp-json\/wp\/v2\/users\/661"}],"replies":[{"embeddable":true,"href":"https:\/\/blogs.ugr.es\/migranee\/wp-json\/wp\/v2\/comments?post=881"}],"version-history":[{"count":2,"href":"https:\/\/blogs.ugr.es\/migranee\/wp-json\/wp\/v2\/pages\/881\/revisions"}],"predecessor-version":[{"id":935,"href":"https:\/\/blogs.ugr.es\/migranee\/wp-json\/wp\/v2\/pages\/881\/revisions\/935"}],"up":[{"embeddable":true,"href":"https:\/\/blogs.ugr.es\/migranee\/wp-json\/wp\/v2\/pages\/270"}],"wp:attachment":[{"href":"https:\/\/blogs.ugr.es\/migranee\/wp-json\/wp\/v2\/media?parent=881"}],"wp:term":[{"taxonomy":"category","embeddable":true,"href":"https:\/\/blogs.ugr.es\/migranee\/wp-json\/wp\/v2\/categories?post=881"},{"taxonomy":"post_tag","embeddable":true,"href":"https:\/\/blogs.ugr.es\/migranee\/wp-json\/wp\/v2\/tags?post=881"}],"curies":[{"name":"wp","href":"https:\/\/api.w.org\/{rel}","templated":true}]}}