{"id":884,"date":"2024-05-15T11:09:18","date_gmt":"2024-05-15T09:09:18","guid":{"rendered":"https:\/\/blogs.ugr.es\/migranee\/?page_id=884"},"modified":"2024-05-15T12:09:30","modified_gmt":"2024-05-15T10:09:30","slug":"06-canarias","status":"publish","type":"page","link":"https:\/\/blogs.ugr.es\/migranee\/legislacion\/06-canarias\/","title":{"rendered":"06 Canarias"},"content":{"rendered":"\n<p style=\"font-size:15px\">Orden de documentos por orden alfab\u00e9tico:<\/p>\n\n\n\n<ul class=\"wp-block-list\" style=\"font-size:12px\">\n<li>Consejer\u00eda de Educaci\u00f3n Universidades, C. y D. (2010a). Decreto 81\/2010, de 8 de julio, por el que se aprueba el Reglamento Org\u00e1nico de los centros docentes p\u00fablicos no universitarios de la Comunidad Aut\u00f3noma de Canarias. <em>Bolet\u00edn Oficial de Canarias <\/em>, <em>143<\/em>, 19517\u201319541.<\/li>\n<\/ul>\n\n\n\n<ul class=\"wp-block-list\" style=\"font-size:12px\">\n<li>Consejer\u00eda de Educaci\u00f3n Universidades, C. y D. (2010b). Orden de 13 de diciembre de 2010, por la que se regula la atenci\u00f3n al alumnado con necesidades espec\u00edficas de apoyo educativo en la Comunidad Aut\u00f3noma de Canarias. <em>Bolet\u00edn Oficial de Canarias<\/em>, <em>250<\/em>, 32374\u201332398.<\/li>\n<\/ul>\n\n\n\n<ul class=\"wp-block-list\" style=\"font-size:12px\">\n<li>Consejer\u00eda de Educaci\u00f3n Universidades Cultura y Deportes. (2008). Orden de 17 de noviembre de 2008, por la que se actualiza la red de centros ordinarios de integraci\u00f3n preferente para alumnado con necesidades educativas especiales por d\u00e9ficit auditivo o motor y la red de centros ordinarios con aulas enclave para el curso 2008\/2009. <em>Bolet\u00edn Oficial de Canarias<\/em>, <em>245<\/em>, 24483\u201324493.<\/li>\n<\/ul>\n\n\n\n<ul class=\"wp-block-list\" style=\"font-size:12px\">\n<li>Consejer\u00eda de Educaci\u00f3n Universidades y Sostenibilidad. (2013). Orden de 9 de octubre de 2013, por la que se desarrolla el Decreto 81\/2010, de 8 de julio, por el que se aprueba el Reglamento Org\u00e1nico de los centros docentes p\u00fablicos no universitarios de la Comunidad Aut\u00f3noma de Canarias, en lo referente a su organizaci\u00f3n y funcionamiento. <em>Bolet\u00edn Oficial de Canarias<\/em>, <em>200<\/em>, 26114\u201326170. https:\/\/sede.gobcan.es\/cpji\/boc<\/li>\n<\/ul>\n\n\n\n<ul class=\"wp-block-list\" style=\"font-size:12px\">\n<li>Consejer\u00eda de Educaci\u00f3n y Universidades. (2016). Orden de 10 de febrero de 2016, por la que se establecen las concreciones curriculares adaptadas para el alumnado escolarizado en las aulas enclave y centros de educaci\u00f3n especial de la Comunidad Aut\u00f3noma de Canarias. <em>Bolet\u00edn Oficial de Canarias<\/em>, <em>33<\/em>, 4105\u20134233.<\/li>\n<\/ul>\n\n\n\n<ul class=\"wp-block-list\" style=\"font-size:12px\">\n<li>Consejer\u00eda de Educaci\u00f3n y Universidades. (2018). Decreto 25\/2018, de 26 de febrero, por el que se regula la atenci\u00f3n a la diversidad en el \u00e1mbito de las ense\u00f1anzas no universitarias de la Comunidad Aut\u00f3noma de Canarias. <em>Bolet\u00edn Oficial de Canarias<\/em>, <em>46<\/em>, 7805\u20137820.<\/li>\n<\/ul>\n\n\n\n<ul class=\"wp-block-list\" style=\"font-size:12px\">\n<li>Direcci\u00f3n General de Ordenaci\u00f3n de las Ense\u00f1anzas Inclusi\u00f3n e Innovaci\u00f3n. (2023). Instrucciones de la Direcci\u00f3n General de Ordenaci\u00f3n de las Ense\u00f1anzas, Inclusi\u00f3n e Innovaci\u00f3n, para la organizaci\u00f3n y el funcionamiento de los equipos de orientaci\u00f3n educativa y psicopedag\u00f3gicos de zona y espec\u00edficos, de la Comunidad Aut\u00f3noma de Canarias, para el curso escolar 2023\/2024. In <em>Consejeria de Educaci\u00f3n, Formaci\u00f3n Profesional, Actividad F\u00edsica y Deportes<\/em>.<\/li>\n<\/ul>\n\n\n\n<ul class=\"wp-block-list\" style=\"font-size:12px\">\n<li>Direcci\u00f3n General de Ordenaci\u00f3n Innovaci\u00f3n y Promoci\u00f3n Educativa. (2011). Resoluci\u00f3n de 9 de febrero de 2011, por la que se dictan instrucciones sobre los procedimientos y los plazos para la atenci\u00f3n educativa del alumnado con necesidades espec\u00edficas de apoyo educativo en los centros escolares de la Comunidad Aut\u00f3noma de Canarias. <em>Bolet\u00edn Oficial de Canarias<\/em>, <em>40<\/em>, 3901\u20133925.<\/li>\n<\/ul>\n\n\n\n<ul class=\"wp-block-list\" style=\"font-size:12px\">\n<li>Presidencia del Gobierno. (2014). Ley 6\/2014, de 25 de julio, Canaria de Educaci\u00f3n no Universitaria. <em>Bolet\u00edn Oficial de Canarias<\/em>, <em>152<\/em>, 21133\u201321200. https:\/\/sede.gobcan.es\/cpji\/boc<\/li>\n<\/ul>\n\n\n\n<ul class=\"wp-block-list\" style=\"font-size:12px\">\n<li>Secretar\u00eda General Presidencia del Gobierno. (2015). Resoluci\u00f3n de 28 de mayo de 2015, por la que se ordena la publicaci\u00f3n del Convenio de Colaboraci\u00f3n entre la Consejer\u00eda de Educaci\u00f3n, Universidades y Sostenibilidad y la Asociaci\u00f3n de Padres de Alumnos con Discapacidad en Aulas Enclave de la Provincia de Las Palmas (APAELP) para la atenci\u00f3n educativa del alumnado no universitario con necesidades espec\u00edficas de apoyo educativo escolarizados en aulas enclave. <em>Bolet\u00edn Oficial de Canarias<\/em>, <em>111<\/em>, 17156\u201317163.<\/li>\n<\/ul>\n\n\n\n<p><\/p>\n\n\n\n<p><\/p>\n\n\n\n<p class=\"has-text-align-center\" style=\"font-size:15px;letter-spacing:0.5px\">Todas las referencias corresponden a la versi\u00f3n <strong>7\u00aa del formato APA<\/strong> (American Psychological Association, 2020).<\/p>\n","protected":false},"excerpt":{"rendered":"<p>Orden de documentos por orden alfab\u00e9tico: Todas las referencias corresponden a la versi\u00f3n 7\u00aa del formato APA (American Psychological Association, 2020).<\/p>\n","protected":false},"author":661,"featured_media":0,"parent":270,"menu_order":0,"comment_status":"closed","ping_status":"closed","template":"","meta":{"_genesis_hide_title":false,"_genesis_hide_breadcrumbs":false,"_genesis_hide_singular_image":false,"_genesis_hide_footer_widgets":false,"_genesis_custom_body_class":"","_genesis_custom_post_class":"","_genesis_layout":"","footnotes":""},"categories":[],"tags":[],"class_list":{"0":"post-884","1":"page","2":"type-page","3":"status-publish","5":"entry"},"_links":{"self":[{"href":"https:\/\/blogs.ugr.es\/migranee\/wp-json\/wp\/v2\/pages\/884","targetHints":{"allow":["GET"]}}],"collection":[{"href":"https:\/\/blogs.ugr.es\/migranee\/wp-json\/wp\/v2\/pages"}],"about":[{"href":"https:\/\/blogs.ugr.es\/migranee\/wp-json\/wp\/v2\/types\/page"}],"author":[{"embeddable":true,"href":"https:\/\/blogs.ugr.es\/migranee\/wp-json\/wp\/v2\/users\/661"}],"replies":[{"embeddable":true,"href":"https:\/\/blogs.ugr.es\/migranee\/wp-json\/wp\/v2\/comments?post=884"}],"version-history":[{"count":2,"href":"https:\/\/blogs.ugr.es\/migranee\/wp-json\/wp\/v2\/pages\/884\/revisions"}],"predecessor-version":[{"id":936,"href":"https:\/\/blogs.ugr.es\/migranee\/wp-json\/wp\/v2\/pages\/884\/revisions\/936"}],"up":[{"embeddable":true,"href":"https:\/\/blogs.ugr.es\/migranee\/wp-json\/wp\/v2\/pages\/270"}],"wp:attachment":[{"href":"https:\/\/blogs.ugr.es\/migranee\/wp-json\/wp\/v2\/media?parent=884"}],"wp:term":[{"taxonomy":"category","embeddable":true,"href":"https:\/\/blogs.ugr.es\/migranee\/wp-json\/wp\/v2\/categories?post=884"},{"taxonomy":"post_tag","embeddable":true,"href":"https:\/\/blogs.ugr.es\/migranee\/wp-json\/wp\/v2\/tags?post=884"}],"curies":[{"name":"wp","href":"https:\/\/api.w.org\/{rel}","templated":true}]}}