{"id":910,"date":"2024-05-15T11:38:27","date_gmt":"2024-05-15T09:38:27","guid":{"rendered":"https:\/\/blogs.ugr.es\/migranee\/?page_id=910"},"modified":"2024-05-15T12:15:15","modified_gmt":"2024-05-15T10:15:15","slug":"014-galicia","status":"publish","type":"page","link":"https:\/\/blogs.ugr.es\/migranee\/legislacion\/014-galicia\/","title":{"rendered":"014 Galicia"},"content":{"rendered":"\n<p style=\"font-size:15px\">Orden de documentos por orden alfab\u00e9tico:<\/p>\n\n\n\n<ul class=\"wp-block-list\" style=\"font-size:12px\">\n<li>Comunidad Aut\u00f3noma de Galicia. (2011). Ley 4\/2011, de 30 de junio, de convivencia y participaci\u00f3n de la comunidad educativa. <em>Bolet\u00edn Oficial Del Estado<\/em>, <em>182<\/em>.<\/li>\n<\/ul>\n\n\n\n<ul class=\"wp-block-list\" style=\"font-size:12px\">\n<li>Conselleria de Cultura Educaci\u00f3n Formaci\u00f3n Profesional y Universidades. (2022). Orden de 14 de julio de 2022 por la que se aprueban las bases reguladoras de las ayudas a centros privados concertados de la Comunidad Aut\u00f3noma de Galicia para atender al alumnado con necesidades espec\u00edficas de apoyo educativo para el curso 2022\/23. <em>Diario Oficial de Galicia<\/em>, <em>166<\/em>, 46666\u201346684.<\/li>\n<\/ul>\n\n\n\n<ul class=\"wp-block-list\" style=\"font-size:12px\">\n<li>Conselleria de Cultura Educaci\u00f3n Formaci\u00f3n Profesional y Universidades. (2023a). Orden de 14 de agosto de 2023 por la que se aprueban las bases reguladoras de las ayudas a centros privados concertados de la Comunidad Aut\u00f3noma de Galicia para atender al alumnado con necesidades espec\u00edficas de apoyo educativo para el curso 2023\/24. <em>Diario Oficial de Galicia<\/em>, <em>166<\/em>, 51180\u201351198.<\/li>\n<\/ul>\n\n\n\n<ul class=\"wp-block-list\" style=\"font-size:12px\">\n<li>Conselleria de Cultura Educaci\u00f3n Formaci\u00f3n Profesional y Universidades. (2023b). Resoluci\u00f3n de 6 de junio de 2023, de la Direcci\u00f3n General de Ordenaci\u00f3n e Innovaci\u00f3n Educativa, por la que se dictan instrucciones para el desarrollo de las ense\u00f1anzas de educaci\u00f3n infantil, educaci\u00f3n primaria, educaci\u00f3n secundaria obligatoria y bachillerato en el curso acad\u00e9mico 2023\/24. <em>Diario Oficial de Galicia<\/em>, <em>115<\/em>, 38039\u201338059.<\/li>\n<\/ul>\n\n\n\n<ul class=\"wp-block-list\" style=\"font-size:12px\">\n<li>Conselleria de Cultura Educaci\u00f3n y Universidad. (2021a). Orden de 8 de septiembre de 2021 por la que se desarrolla el Decreto 229\/2011, de 7 de diciembre, por el que se regula la atenci\u00f3n a la diversidad del alumnado de los centros docentes de la Comunidad Aut\u00f3noma de Galicia en los que se imparten las ense\u00f1anzas establecidas en la Ley org\u00e1nica 2\/2006, de 3 de mayo, de educaci\u00f3n. <em>Diario Oficial de Galicia<\/em>, <em>206<\/em>, 52272\u201352377.<\/li>\n<\/ul>\n\n\n\n<ul class=\"wp-block-list\" style=\"font-size:12px\">\n<li>Conselleria de Cultura Educaci\u00f3n y Universidad. (2021b). Orden de 8 de septiembre de 2021 por la que se desarrolla el Decreto 229\/2011, de 7 de diciembre, por el que se regula la atenci\u00f3n a la diversidad del alumnado de los centros docentes de la Comunidad Aut\u00f3noma de Galicia en los que se imparten las ense\u00f1anzas establecidas en la Ley org\u00e1nica 2\/2006, de 3 de mayo, de educaci\u00f3n. <em>Diario Oficial de Galicia<\/em>, <em>206<\/em>, 52272\u201352379.<\/li>\n<\/ul>\n\n\n\n<ul class=\"wp-block-list\" style=\"font-size:12px\">\n<li>Conselleria de Educaci\u00f3n y Ordenaci\u00f3n Universitaria. (2005). Resoluci\u00f3n do 22 de decembro de 2004, da Direcci\u00f3n Xeral de Centros e Ordenaci\u00f3n Educativa, pola que se ditan instruci\u00f3ns para os departamentos de orientaci\u00f3n dos centros de educaci\u00f3n especial. <em>Diario Oficial de Galicia<\/em>, <em>2<\/em>, 55\u201356.<\/li>\n<\/ul>\n\n\n\n<ul class=\"wp-block-list\" style=\"font-size:12px\">\n<li>Conselleria de Educaci\u00f3n y Ordenaci\u00f3n Universitaria. (2011). Decreto 229\/2011, do 7 de decembro, polo que se regula a atenci\u00f3n \u00e1 diversidade do alumnado dos centros docentes da Comunidade Aut\u00f3noma de Galicia nos que se imparten as ensinanzas establecidas na Lei org\u00e1nica 2\/2006, do 3 de maio, de educaci\u00f3n. <em>Diario Oficial de Galicia<\/em>, <em>242<\/em>, 37487\u201337515.<\/li>\n<\/ul>\n\n\n\n<ul class=\"wp-block-list\" style=\"font-size:12px\">\n<li>Direcci\u00f3n General de Educaci\u00f3n Formaci\u00f3n Profesional e Innovaci\u00f3n Educativa. (2010). Circular 10\/2010 da Direcci\u00f3n Xeral de Educaci\u00f3n, Formaci\u00f3n Profesional e Innovaci\u00f3n Educativa pola que se ditan instruci\u00f3ns para coordinar as actuaci\u00f3ns e establecer as acci\u00f3ns prioritarias dos servizos de orientaci\u00f3n educativa e profesional na Comunidade Aut\u00f3noma de Galicia. In <em>Conseller\u00eda de Educaci\u00f3n y Ordenaci\u00f3n Universitaria Xunta de Galicia<\/em>.<\/li>\n<\/ul>\n\n\n\n<ul class=\"wp-block-list\" style=\"font-size:12px\">\n<li>Direccion General de Ordenaci\u00f3n e Innovaci\u00f3n Educativa y de Formaci\u00f3n Profesional y Ense\u00f1anzas Especiales. (2007). Circular 18\/2007 das Direcci\u00f3ns Xerais de Ordenaci\u00f3n e Innovaci\u00f3n Educativa e de Formaci\u00f3n Profesional e Ensinanzas Especiais pola que se ditan instruci\u00f3ns para unificar as actuaci\u00f3ns e establecer as acci\u00f3ns prioritarias dos servizos de orientaci\u00f3n educativa e profesional das ensinanzas escolares de Galicia. In <em>Conselleria de Educaci\u00f3n y Ordenaci\u00f3n Universitaria. Xunta de Galicia<\/em>.<\/li>\n<\/ul>\n\n\n\n<ul class=\"wp-block-list\" style=\"font-size:12px\">\n<li>Direcci\u00f3n Xeral de Educaci\u00f3n Formaci\u00f3n Profesional e Innovaci\u00f3n Educativa. (2009). Circular 8\/2009 da Direccion Xeral de Educaci\u00f3n, Formaci\u00f3n Profesional e Innovaci\u00f3n Educativa, pola que se regulan algunhas medidas de atenci\u00f3n \u00e1 diversidades para o alumnado de Educaci\u00f3n Secundaria Obrigatoria. In <em>Conselleria de Educaci\u00f3n e Ordenaci\u00f3n Universitaria Xunta de Galicia<\/em>.<\/li>\n<\/ul>\n\n\n\n<ul class=\"wp-block-list\" style=\"font-size:12px\">\n<li>Direcci\u00f3n Xeral de Ordenaci\u00f3n e Innovaci\u00f3n Educativa. (2023a). Resoluci\u00f3n do 12 de xu\u00f1o de 2023 da Direcci\u00f3n Xeral de Ordenaci\u00f3n e Innovaci\u00f3n Educativa, pola que se regulan os Contratos-Programa Incl\u00fae (CPIncl\u00fae) para fomentar a inclusi\u00f3n educativa nos centros docentes p\u00fablicos dependentes da Conseller\u00eda de Educaci\u00f3n, Formaci\u00f3n Profesional e Universidades para o curso 2023\/24. In <em>Conselleria de Cultura, Educaci\u00f3n Formaci\u00f3n Profesional y Universidades. Xunta de Galicia<\/em>. https:\/\/sede.xunta.gal\/cve<\/li>\n<\/ul>\n\n\n\n<ul class=\"wp-block-list\" style=\"font-size:12px\">\n<li>Direcci\u00f3n Xeral de Ordenaci\u00f3n e Innovaci\u00f3n Educativa. (2023b). Resoluci\u00f3n do 20 de xu\u00f1o de 2023, da Direcci\u00f3n Xeral de Ordenaci\u00f3n e Innovaci\u00f3n Educativa, pola que se establece a Rede de Acompa\u00f1amento e Orientaci\u00f3n persoal e familiar de Galicia (RAOGAL), creada con car\u00e1cter experimental ao abeiro da resoluci\u00f3n do 14 de xu\u00f1o de 2021 da Secretar\u00eda Xeral de Educaci\u00f3n e Formaci\u00f3n Profesional, para o curso 2023-2024. In <em>Conselleria e Cultura, Educaci\u00f3n, Formaci\u00f3n Profesional y Universidades<\/em>. https:\/\/sede.xunta.gal\/cve<\/li>\n<\/ul>\n\n\n\n<ul class=\"wp-block-list\" style=\"font-size:12px\">\n<li>Xunta de Galicia. (2015). Axenda da atenci\u00f3n temper\u00e1 en Galicia. In <em>Xunta de Galicia<\/em>.<\/li>\n<\/ul>\n\n\n\n<p><\/p>\n\n\n\n<p><\/p>\n\n\n\n<p class=\"has-text-align-center\" style=\"font-size:15px;letter-spacing:1px\">Todas las referencias corresponden a la versi\u00f3n <strong>7\u00aa del formato APA<\/strong> (American Psychological Association, 2020).<\/p>\n","protected":false},"excerpt":{"rendered":"<p>Orden de documentos por orden alfab\u00e9tico: Todas las referencias corresponden a la versi\u00f3n 7\u00aa del formato APA (American Psychological Association, 2020).<\/p>\n","protected":false},"author":661,"featured_media":0,"parent":270,"menu_order":0,"comment_status":"closed","ping_status":"closed","template":"","meta":{"_genesis_hide_title":false,"_genesis_hide_breadcrumbs":false,"_genesis_hide_singular_image":false,"_genesis_hide_footer_widgets":false,"_genesis_custom_body_class":"","_genesis_custom_post_class":"","_genesis_layout":"","footnotes":""},"categories":[],"tags":[],"class_list":{"0":"post-910","1":"page","2":"type-page","3":"status-publish","5":"entry"},"_links":{"self":[{"href":"https:\/\/blogs.ugr.es\/migranee\/wp-json\/wp\/v2\/pages\/910","targetHints":{"allow":["GET"]}}],"collection":[{"href":"https:\/\/blogs.ugr.es\/migranee\/wp-json\/wp\/v2\/pages"}],"about":[{"href":"https:\/\/blogs.ugr.es\/migranee\/wp-json\/wp\/v2\/types\/page"}],"author":[{"embeddable":true,"href":"https:\/\/blogs.ugr.es\/migranee\/wp-json\/wp\/v2\/users\/661"}],"replies":[{"embeddable":true,"href":"https:\/\/blogs.ugr.es\/migranee\/wp-json\/wp\/v2\/comments?post=910"}],"version-history":[{"count":2,"href":"https:\/\/blogs.ugr.es\/migranee\/wp-json\/wp\/v2\/pages\/910\/revisions"}],"predecessor-version":[{"id":944,"href":"https:\/\/blogs.ugr.es\/migranee\/wp-json\/wp\/v2\/pages\/910\/revisions\/944"}],"up":[{"embeddable":true,"href":"https:\/\/blogs.ugr.es\/migranee\/wp-json\/wp\/v2\/pages\/270"}],"wp:attachment":[{"href":"https:\/\/blogs.ugr.es\/migranee\/wp-json\/wp\/v2\/media?parent=910"}],"wp:term":[{"taxonomy":"category","embeddable":true,"href":"https:\/\/blogs.ugr.es\/migranee\/wp-json\/wp\/v2\/categories?post=910"},{"taxonomy":"post_tag","embeddable":true,"href":"https:\/\/blogs.ugr.es\/migranee\/wp-json\/wp\/v2\/tags?post=910"}],"curies":[{"name":"wp","href":"https:\/\/api.w.org\/{rel}","templated":true}]}}