{"id":920,"date":"2024-05-15T11:45:36","date_gmt":"2024-05-15T09:45:36","guid":{"rendered":"https:\/\/blogs.ugr.es\/migranee\/?page_id=920"},"modified":"2024-05-15T12:17:30","modified_gmt":"2024-05-15T10:17:30","slug":"017-murcia","status":"publish","type":"page","link":"https:\/\/blogs.ugr.es\/migranee\/legislacion\/017-murcia\/","title":{"rendered":"017 Murcia"},"content":{"rendered":"\n<p style=\"font-size:15px\">Orden de documentos por orden alfab\u00e9tico:<\/p>\n\n\n\n<ul class=\"wp-block-list\" style=\"font-size:12px\">\n<li>Consejer\u00eda de Educaci\u00f3n Formaci\u00f3n y Empleo de la Regi\u00f3n de Murcia. (2010). Orden de 24 de mayo de 2010, de la Consejer\u00eda de Educaci\u00f3n, Formaci\u00f3n y Empleo, por la que se regulan la autorizaci\u00f3n y el funcionamiento de las aulas abiertas especializadas en centros ordinarios p\u00fablicos y privados concertados de la Comunidad Aut\u00f3noma de la Regi\u00f3n de Murcia. <em>Bolet\u00edn Oficial de La Regi\u00f3n de Murcia<\/em>, <em>126<\/em>, 29333\u201329342.<\/li>\n<\/ul>\n\n\n\n<ul class=\"wp-block-list\" style=\"font-size:12px\">\n<li>Consejer\u00eda de Educaci\u00f3n Formaci\u00f3n y Empleo de la Regi\u00f3n de Murcia. (2011). Orden de 3 de mayo de 2011, de la Consejer\u00eda de Educaci\u00f3n, Formaci\u00f3n y Empleo, por la que se regulan la implantaci\u00f3n, desarrollo y evaluaci\u00f3n de las ense\u00f1anzas a impartir en los Centros P\u00fablicos y Privados concertados de Educaci\u00f3n Especial y Aulas Abiertas Especializadas en Centros Ordinarios de la Comunidad Aut\u00f3noma de la Regi\u00f3n de Murcia. <em>Bolet\u00edn Oficial de La Regi\u00f3n de Murcia<\/em>, <em>107<\/em>, 22009\u201322052.<\/li>\n<\/ul>\n\n\n\n<ul class=\"wp-block-list\" style=\"font-size:12px\">\n<li>Consejer\u00eda de Educaci\u00f3n Juventud y Deportes de la Regi\u00f3n de Murcia. (2018). Orden 31 de julio de 2018 por la que se regulan los programas formativos para el desarrollo de proyectos de vida inclusivos en la Comunidad Aut\u00f3noma de la Regi\u00f3n de Murcia. <em>Bolet\u00edn Oficial de La Regi\u00f3n de Murcia<\/em>, <em>186<\/em>, 21675\u201321731.<\/li>\n<\/ul>\n\n\n\n<ul class=\"wp-block-list\" style=\"font-size:12px\">\n<li>Consejer\u00eda de Educaci\u00f3n y Cultura de la Regi\u00f3n de Murcia. (2003). Orden de 25 de septiembre de 2003 de la Consejer\u00eda de Educaci\u00f3n y Cultura por la que se regula el funcionamiento de los centros de educaci\u00f3n especial como centros de recursos. <em>Bolet\u00edn Oficial de La Regi\u00f3n de Murcia<\/em>, <em>239<\/em>, 16605\u201316607.<\/li>\n<\/ul>\n\n\n\n<ul class=\"wp-block-list\" style=\"font-size:12px\">\n<li>Consejeria de Educaci\u00f3n y Cultura de la Regi\u00f3n de Murcia. (2019). Orden de la Consejer\u00eda de Educaci\u00f3n y Cultura por la que se modifica la Orden de 31 de julio de 2018 por la que se regulan los programas formativos para el desarrollo de proyectos de vida inclusivos en la Comunidad Aut\u00f3noma de la Regi\u00f3n de Murcia. <em>Bolet\u00edn Oficial de La Regi\u00f3n de Murcia<\/em>, <em>247<\/em>, 29977\u201329989.<\/li>\n<\/ul>\n\n\n\n<ul class=\"wp-block-list\" style=\"font-size:12px\">\n<li>Consejer\u00eda de Presidencia y Hacienda. (2020). Orden de 25 de febrero de 2020, de la Consejer\u00eda de Presidencia y Hacienda, por la que se declaran Centros de Especial Atenci\u00f3n de la Consejer\u00eda de Educaci\u00f3n y Cultura. <em>Bolet\u00edn Oficial de La Regi\u00f3n de Murcia<\/em>, <em>55<\/em>, 5500\u20135502. www.borm.es<\/li>\n<\/ul>\n\n\n\n<ul class=\"wp-block-list\" style=\"font-size:12px\">\n<li>Consejo de Gobierno de la Regi\u00f3n de Murcia. (2009). Decreto n.<sup>o<\/sup> 359\/2009, de 30 de octubre, por el que se establece y regula la respuesta educativa a la diversidad del alumnado en la Comunidad Aut\u00f3noma de la Regi\u00f3n de Murcia. <em>Bolet\u00edn Oficial de La Regi\u00f3n de Murcia<\/em>, <em>254<\/em>, 57608\u201357647.<\/li>\n<\/ul>\n\n\n\n<ul class=\"wp-block-list\" style=\"font-size:12px\">\n<li>Direcci\u00f3n General de Atenci\u00f3n a la Diversidad y Calidad Educativa. (2018). Resoluci\u00f3n de 13 de marzo de 2018 de la Direcci\u00f3n General de Atenci\u00f3n a la Diversidad y Calidad Educativa, por la que se dictan instrucciones sobre los modelos de informe psicopedag\u00f3gico y dictamen de escolarizaci\u00f3n que son de aplicaci\u00f3n por parte de los servicios de orientaci\u00f3n educativa. <em>Bolet\u00edn Oficial de La Regi\u00f3n de Murcia<\/em>, <em>64<\/em>, 7288\u20137318.<\/li>\n<\/ul>\n\n\n\n<ul class=\"wp-block-list\" style=\"font-size:12px\">\n<li>Direcci\u00f3n General de Ense\u00f1anzas de r\u00e9gimen especial Regi\u00f3n de Murcia. (2001). <em>Resoluci\u00f3n de 4 de junio de 2001 de la Direcci\u00f3n General de Ense\u00f1anzas de r\u00e9gimen especial y atenci\u00f3n a la diversidad para el desarrollo de programas a alumnos con necesidades educativas especiales asociados a discapacidad ps\u00edquica en IES<\/em>.<\/li>\n<\/ul>\n\n\n\n<ul class=\"wp-block-list\" style=\"font-size:12px\">\n<li>Direcci\u00f3n General de Formaci\u00f3n Profesional e Innovaci\u00f3n. (2022a). <em>Resoluci\u00f3n de la Direcci\u00f3n General de Formaci\u00f3n Profesional e Innovaci\u00f3n, por la que se dictan instrucciones en relaci\u00f3n a los criterios para la escolarizaci\u00f3n del alumnado con necesidades educativas especiales, en la modalidad aula abierta, para las etapas de educaci\u00f3n infantil, primaria y secundaria.<\/em> https:\/\/sede.carm.es\/verificardocumentos<\/li>\n<\/ul>\n\n\n\n<ul class=\"wp-block-list\" style=\"font-size:12px\">\n<li>Direcci\u00f3n General de Formaci\u00f3n Profesional e Innovaci\u00f3n. (2022b). <em>Resoluci\u00f3n de la Direcci\u00f3n General de Formaci\u00f3n Profesional e Innovaci\u00f3n, por la que se dictan instrucciones en relaci\u00f3n a los criterios para la escolarizaci\u00f3n del alumnado con necesidades educativas especiales, en la modalidad aula abierta, para las etapas de educaci\u00f3n infantil, primaria y secundaria<\/em>. https:\/\/sede.carm.es\/verificardocumentos<\/li>\n<\/ul>\n\n\n\n<ul class=\"wp-block-list\" style=\"font-size:12px\">\n<li>Direcci\u00f3n General de Formaci\u00f3n Profesional e Innovaci\u00f3n. (2022c). <em>Resoluci\u00f3n de la Direcci\u00f3n General de Formaci\u00f3n Profesional e Innovaci\u00f3n, por la que se dictan instrucciones para establecer el protocolo de actuaci\u00f3n para la detecci\u00f3n e intervenci\u00f3n temprana de las necesidades educativas del alumnado y el establecimiento de medidas para la inclusi\u00f3n educativa.<\/em> https:\/\/sede.carm.es\/verificardocumentos<\/li>\n<\/ul>\n\n\n\n<ul class=\"wp-block-list\" style=\"font-size:12px\">\n<li>Direcci\u00f3n General de Formaci\u00f3n Profesional e Innovaci\u00f3n. (2022d). <em>Resoluci\u00f3n de la Direcci\u00f3n General de Formaci\u00f3n Profesional e Innovaci\u00f3n, por la que se dictan instrucciones para la atenci\u00f3n a la diversidad y orientaci\u00f3n educativa en las diferentes etapas educativas para el curso 2022-2023.<\/em> https:\/\/sede.carm.es\/verificardocumentos<\/li>\n<\/ul>\n\n\n\n<ul class=\"wp-block-list\" style=\"font-size:12px\">\n<li>Direcci\u00f3n General de Innovaci\u00f3n Educativa y Atenci\u00f3n a la Diversidad. (2017). <em>Resoluci\u00f3n de 28 de abril de 2017, de la Direcci\u00f3n General de Innovaci\u00f3n Educativa y Atenci\u00f3n a la Diversidad, por la que se autoriza la constituci\u00f3n de los centros de educaci\u00f3n especial como centros de recursos y se establece su \u00e1mbito geogr\u00e1fico de actuaci\u00f3n.<\/em> https:\/\/sede.carm.es\/verificardocumentos<\/li>\n<\/ul>\n\n\n\n<ul class=\"wp-block-list\" style=\"font-size:12px\">\n<li>Direcci\u00f3n General de Planificaci\u00f3n y Ordenaci\u00f3n Educativa. (2012). <em>Resoluci\u00f3n de 6 de febrero de 2012, de la Direcci\u00f3n General de Planificaci\u00f3n y Ordenaci\u00f3n Educativa, por la que se dictan instrucciones sobre el alumnado con necesidades espec\u00edficas de apoyo educativo escolarizado en las etapas de educaci\u00f3n infantil, primaria y secundaria, objeto de dictamen de escolarizaci\u00f3n por parte de los servicios de orientaci\u00f3n<\/em>.<\/li>\n<\/ul>\n\n\n\n<p><\/p>\n\n\n\n<p><\/p>\n\n\n\n<p class=\"has-text-align-center\" style=\"font-size:15px;letter-spacing:1px\">Todas las referencias corresponden a la versi\u00f3n <strong>7\u00aa del formato APA<\/strong> (American Psychological Association, 2020).<\/p>\n","protected":false},"excerpt":{"rendered":"<p>Orden de documentos por orden alfab\u00e9tico: Todas las referencias corresponden a la versi\u00f3n 7\u00aa del formato APA (American Psychological Association, 2020).<\/p>\n","protected":false},"author":661,"featured_media":0,"parent":270,"menu_order":0,"comment_status":"closed","ping_status":"closed","template":"","meta":{"_genesis_hide_title":false,"_genesis_hide_breadcrumbs":false,"_genesis_hide_singular_image":false,"_genesis_hide_footer_widgets":false,"_genesis_custom_body_class":"","_genesis_custom_post_class":"","_genesis_layout":"","footnotes":""},"categories":[],"tags":[],"class_list":{"0":"post-920","1":"page","2":"type-page","3":"status-publish","5":"entry"},"_links":{"self":[{"href":"https:\/\/blogs.ugr.es\/migranee\/wp-json\/wp\/v2\/pages\/920","targetHints":{"allow":["GET"]}}],"collection":[{"href":"https:\/\/blogs.ugr.es\/migranee\/wp-json\/wp\/v2\/pages"}],"about":[{"href":"https:\/\/blogs.ugr.es\/migranee\/wp-json\/wp\/v2\/types\/page"}],"author":[{"embeddable":true,"href":"https:\/\/blogs.ugr.es\/migranee\/wp-json\/wp\/v2\/users\/661"}],"replies":[{"embeddable":true,"href":"https:\/\/blogs.ugr.es\/migranee\/wp-json\/wp\/v2\/comments?post=920"}],"version-history":[{"count":2,"href":"https:\/\/blogs.ugr.es\/migranee\/wp-json\/wp\/v2\/pages\/920\/revisions"}],"predecessor-version":[{"id":947,"href":"https:\/\/blogs.ugr.es\/migranee\/wp-json\/wp\/v2\/pages\/920\/revisions\/947"}],"up":[{"embeddable":true,"href":"https:\/\/blogs.ugr.es\/migranee\/wp-json\/wp\/v2\/pages\/270"}],"wp:attachment":[{"href":"https:\/\/blogs.ugr.es\/migranee\/wp-json\/wp\/v2\/media?parent=920"}],"wp:term":[{"taxonomy":"category","embeddable":true,"href":"https:\/\/blogs.ugr.es\/migranee\/wp-json\/wp\/v2\/categories?post=920"},{"taxonomy":"post_tag","embeddable":true,"href":"https:\/\/blogs.ugr.es\/migranee\/wp-json\/wp\/v2\/tags?post=920"}],"curies":[{"name":"wp","href":"https:\/\/api.w.org\/{rel}","templated":true}]}}