{"id":140,"date":"2018-01-24T09:17:17","date_gmt":"2018-01-24T08:17:17","guid":{"rendered":"https:\/\/blogs.ugr.es\/mruizg\/?page_id=140"},"modified":"2024-10-26T09:50:32","modified_gmt":"2024-10-26T07:50:32","slug":"docencia","status":"publish","type":"page","link":"https:\/\/blogs.ugr.es\/mruizg\/docencia\/","title":{"rendered":"Docencia"},"content":{"rendered":"<p>Mis grupos de grado y m\u00e1ster para este curso acad\u00e9mico pueden consultarse en el siguiente enlace, as\u00ed como mi horario de tutor\u00edas:<\/p>\n<ul>\n<li><a href=\"https:\/\/www.ugr.es\/personal\/manuel-ruiz-galan\" target=\"_blank\" rel=\"noopener noreferrer\">Directorio de la Universidad de Granada<\/a><\/li>\n<\/ul>\n<p>Los recursos docentes de cada asignatura se encuentran a disposici\u00f3n de los estudiantes y, en concreto, los correspondientes al actual curso acad\u00e9mico pueden encontrarse en este enlace:<\/p>\n<ul>\n<li><a href=\"https:\/\/blogs.ugr.es\/mruizg\/docencia\/material-docente\/\" target=\"_blank\" rel=\"noopener\">Material docente<\/a><\/li>\n<\/ul>\n<p>Adem\u00e1s, algunos de los aspectos m\u00e1s destacados sobre mi docencia pueden encontrarse en los siguientes enlaces:<\/p>\n<ul>\n<li><a href=\"https:\/\/blogs.ugr.es\/mruizg\/docencia\/experiencia-docente\/\">Experiencia docente<\/a><\/li>\n<li><a href=\"https:\/\/blogs.ugr.es\/mruizg\/docencia\/proyectos\/\">Proyectos<\/a><\/li>\n<\/ul>\n<p>&nbsp;<\/p>\n","protected":false},"excerpt":{"rendered":"<p>Mis grupos de grado y m\u00e1ster para este curso acad\u00e9mico pueden consultarse en el siguiente enlace, as\u00ed como mi horario de tutor\u00edas: Directorio de la Universidad de Granada Los recursos docentes de cada asignatura se encuentran a disposici\u00f3n de los estudiantes y, en concreto, los correspondientes al actual curso acad\u00e9mico pueden encontrarse en este enlace: [&hellip;]<\/p>\n","protected":false},"author":16,"featured_media":0,"parent":0,"menu_order":0,"comment_status":"closed","ping_status":"closed","template":"","meta":{"_genesis_hide_title":false,"_genesis_hide_breadcrumbs":false,"_genesis_hide_singular_image":false,"_genesis_hide_footer_widgets":false,"_genesis_custom_body_class":"","_genesis_custom_post_class":"","_genesis_layout":"","footnotes":""},"categories":[],"tags":[],"class_list":{"0":"post-140","1":"page","2":"type-page","3":"status-publish","5":"entry"},"_links":{"self":[{"href":"https:\/\/blogs.ugr.es\/mruizg\/wp-json\/wp\/v2\/pages\/140","targetHints":{"allow":["GET"]}}],"collection":[{"href":"https:\/\/blogs.ugr.es\/mruizg\/wp-json\/wp\/v2\/pages"}],"about":[{"href":"https:\/\/blogs.ugr.es\/mruizg\/wp-json\/wp\/v2\/types\/page"}],"author":[{"embeddable":true,"href":"https:\/\/blogs.ugr.es\/mruizg\/wp-json\/wp\/v2\/users\/16"}],"replies":[{"embeddable":true,"href":"https:\/\/blogs.ugr.es\/mruizg\/wp-json\/wp\/v2\/comments?post=140"}],"version-history":[{"count":3,"href":"https:\/\/blogs.ugr.es\/mruizg\/wp-json\/wp\/v2\/pages\/140\/revisions"}],"predecessor-version":[{"id":1314,"href":"https:\/\/blogs.ugr.es\/mruizg\/wp-json\/wp\/v2\/pages\/140\/revisions\/1314"}],"wp:attachment":[{"href":"https:\/\/blogs.ugr.es\/mruizg\/wp-json\/wp\/v2\/media?parent=140"}],"wp:term":[{"taxonomy":"category","embeddable":true,"href":"https:\/\/blogs.ugr.es\/mruizg\/wp-json\/wp\/v2\/categories?post=140"},{"taxonomy":"post_tag","embeddable":true,"href":"https:\/\/blogs.ugr.es\/mruizg\/wp-json\/wp\/v2\/tags?post=140"}],"curies":[{"name":"wp","href":"https:\/\/api.w.org\/{rel}","templated":true}]}}