{"id":144,"date":"2018-01-24T09:32:42","date_gmt":"2018-01-24T08:32:42","guid":{"rendered":"https:\/\/blogs.ugr.es\/mruizg\/?page_id=144"},"modified":"2024-11-15T19:40:07","modified_gmt":"2024-11-15T18:40:07","slug":"enlaces","status":"publish","type":"page","link":"https:\/\/blogs.ugr.es\/mruizg\/enlaces\/","title":{"rendered":"Enlaces"},"content":{"rendered":"<ul>\n<li><a href=\"https:\/\/blogs.ugr.es\/convex\/es\/home-espanol\/\" target=\"_blank\" rel=\"noopener\">An\u00e1lisis Convexo y Num\u00e9rico<\/a>, grupo de investigaci\u00f3n de la Junta de Andaluc\u00eda.<\/li>\n<li><a href=\"http:\/\/www.heldermann.de\/MTA\/mtacover.htm\" target=\"_blank\" rel=\"noopener noreferrer\">Minimax Theory and its Applications<\/a>, publicaci\u00f3n de Heldermann Verlag dedicada a las desigualdades minimax y sus aplicaciones.<\/li>\n<li><a href=\"https:\/\/www.uv.es\/functanalys\/index.html\" target=\"_blank\" rel=\"noopener noreferrer\">Red de An\u00e1lisis Funcional y sus Aplicaciones<\/a>, que coordina la investigaci\u00f3n del An\u00e1lisis Funcional en Espa\u00f1a.<\/li>\n<li><a href=\"https:\/\/www.seio.es\/grupos-de-trabajo\/\" target=\"_blank\" rel=\"noopener noreferrer\">Grupo de Optimizaci\u00f3n Continua de la Sociedad de Estad\u00edstica e Investigaci\u00f3n Operativa<\/a>.<\/li>\n<li><a href=\"http:\/\/masteres.ugr.es\/mara\/\" target=\"_blank\" rel=\"noopener noreferrer\">M\u00e1ster Universitario en Rehabilitaci\u00f3n Arquitect\u00f3nica de la Universidad de Granada<\/a>.<\/li>\n<li><a href=\"https:\/\/congresos.ugr.es\/minequmax\/\" target=\"_blank\" rel=\"noopener noreferrer\">I Conference on Minimax Inequalities and Equilibrium Problems<\/a>, organizado por el proyecto de investigaci\u00f3n del Plan Nacional MTM2016-80676-P\u00a0<em>Desigualdades Minimax: Fundamentos y Aplicaciones a Optimizaci\u00f3n y Problemas Inversos <\/em>y el grupo de investigaci\u00f3n auton\u00f3mico FQM359\u00a0<a href=\"https:\/\/blogs.ugr.es\/convex\/\" target=\"_blank\" rel=\"noopener noreferrer\">An\u00e1lisis Convexo y Num\u00e9rico<\/a>.<\/li>\n<\/ul>\n","protected":false},"excerpt":{"rendered":"<p>An\u00e1lisis Convexo y Num\u00e9rico, grupo de investigaci\u00f3n de la Junta de Andaluc\u00eda. Minimax Theory and its Applications, publicaci\u00f3n de Heldermann Verlag dedicada a las desigualdades minimax y sus aplicaciones. Red de An\u00e1lisis Funcional y sus Aplicaciones, que coordina la investigaci\u00f3n del An\u00e1lisis Funcional en Espa\u00f1a. Grupo de Optimizaci\u00f3n Continua de la Sociedad de Estad\u00edstica e [&hellip;]<\/p>\n","protected":false},"author":16,"featured_media":0,"parent":0,"menu_order":0,"comment_status":"closed","ping_status":"closed","template":"","meta":{"_genesis_hide_title":false,"_genesis_hide_breadcrumbs":false,"_genesis_hide_singular_image":false,"_genesis_hide_footer_widgets":false,"_genesis_custom_body_class":"","_genesis_custom_post_class":"","_genesis_layout":"","footnotes":""},"categories":[],"tags":[],"class_list":{"0":"post-144","1":"page","2":"type-page","3":"status-publish","5":"entry","6":"has-post-thumbnail"},"_links":{"self":[{"href":"https:\/\/blogs.ugr.es\/mruizg\/wp-json\/wp\/v2\/pages\/144","targetHints":{"allow":["GET"]}}],"collection":[{"href":"https:\/\/blogs.ugr.es\/mruizg\/wp-json\/wp\/v2\/pages"}],"about":[{"href":"https:\/\/blogs.ugr.es\/mruizg\/wp-json\/wp\/v2\/types\/page"}],"author":[{"embeddable":true,"href":"https:\/\/blogs.ugr.es\/mruizg\/wp-json\/wp\/v2\/users\/16"}],"replies":[{"embeddable":true,"href":"https:\/\/blogs.ugr.es\/mruizg\/wp-json\/wp\/v2\/comments?post=144"}],"version-history":[{"count":3,"href":"https:\/\/blogs.ugr.es\/mruizg\/wp-json\/wp\/v2\/pages\/144\/revisions"}],"predecessor-version":[{"id":1331,"href":"https:\/\/blogs.ugr.es\/mruizg\/wp-json\/wp\/v2\/pages\/144\/revisions\/1331"}],"wp:attachment":[{"href":"https:\/\/blogs.ugr.es\/mruizg\/wp-json\/wp\/v2\/media?parent=144"}],"wp:term":[{"taxonomy":"category","embeddable":true,"href":"https:\/\/blogs.ugr.es\/mruizg\/wp-json\/wp\/v2\/categories?post=144"},{"taxonomy":"post_tag","embeddable":true,"href":"https:\/\/blogs.ugr.es\/mruizg\/wp-json\/wp\/v2\/tags?post=144"}],"curies":[{"name":"wp","href":"https:\/\/api.w.org\/{rel}","templated":true}]}}