{"id":584,"date":"2019-04-18T14:10:50","date_gmt":"2019-04-18T12:10:50","guid":{"rendered":"https:\/\/blogs.ugr.es\/mruizg\/?page_id=584"},"modified":"2023-09-13T18:37:54","modified_gmt":"2023-09-13T16:37:54","slug":"proyectos","status":"publish","type":"page","link":"https:\/\/blogs.ugr.es\/mruizg\/investigacion\/proyectos\/","title":{"rendered":"Proyectos"},"content":{"rendered":"<p>He participado en proyectos obtenidos en convocatorias competitivas (Proyectos de los Planes Nacionales de I+D+i del Gobierno de Espa\u00f1a, Proyectos del Plan Andaluz de I+D+i y Acciones Complementarias de los Planes Nacionales de I+D+i del Gobierno de Espa\u00f1a, estas \u00faltimas siempre vinculadas a la <a href=\"https:\/\/www.uv.es\/functanalys\/index.html\" target=\"_blank\" rel=\"noopener noreferrer\">Red de An\u00e1lisis Funcional y Aplicaciones<\/a>, a la que pertenezco desde sus comienzos en 2004), habiendo ejercido adem\u00e1s como investigador principal de los proyectos:<\/p>\n<ul>\n<li><strong>Desigualdades minimax: fundamentos y apliaciones a optimizaci\u00f3n y problemas inversos<\/strong>, ref. MTM2016- 80676-P, Plan Nacional de I+D+i, desde el 30\/12\/2016 hasta el 29\/12\/2019.<\/li>\n<li><strong>Tratamiento num\u00e9rico de problemas de optimizaci\u00f3n convexa y de ecuaciones integrales y diferenciales<\/strong>, ref. MTM2006-12533, Plan Nacional de I+D+i, desde el 1\/10\/2006 hasta el 30\/9\/2010.<\/li>\n<li><strong>An\u00e1lisis Convexo y Num\u00e9rico<\/strong>, ref. FQM359, Plan Andaluz de I+D+i, desde el 22\/11\/2007, vigente.<\/li>\n<\/ul>\n<p>Los detalles de este \u00faltimo pueden consultarse en su web:<\/p>\n<ul>\n<li><a href=\"https:\/\/blogs.ugr.es\/convex\/\" target=\"_blank\" rel=\"noopener noreferrer\">Convex and Numerical Analysis Research Group<\/a><\/li>\n<\/ul>\n<p>Actualmente formo parte de la <strong>Unidad de Excelencia IMAG Mar\u00eda de Maeztu<\/strong>, ref. CEX2020-001105-M,\u00a0MCIN\/AEI\/10.13039\/501100011033\/, desde el 1\/1\/2022 hasta el 31\/12\/2025.<\/p>\n","protected":false},"excerpt":{"rendered":"<p>He participado en proyectos obtenidos en convocatorias competitivas (Proyectos de los Planes Nacionales de I+D+i del Gobierno de Espa\u00f1a, Proyectos del Plan Andaluz de I+D+i y Acciones Complementarias de los Planes Nacionales de I+D+i del Gobierno de Espa\u00f1a, estas \u00faltimas siempre vinculadas a la Red de An\u00e1lisis Funcional y Aplicaciones, a la que pertenezco desde [&hellip;]<\/p>\n","protected":false},"author":16,"featured_media":0,"parent":136,"menu_order":0,"comment_status":"closed","ping_status":"closed","template":"","meta":{"_genesis_hide_title":false,"_genesis_hide_breadcrumbs":false,"_genesis_hide_singular_image":false,"_genesis_hide_footer_widgets":false,"_genesis_custom_body_class":"","_genesis_custom_post_class":"","_genesis_layout":"","footnotes":""},"categories":[],"tags":[],"class_list":{"0":"post-584","1":"page","2":"type-page","3":"status-publish","5":"entry"},"_links":{"self":[{"href":"https:\/\/blogs.ugr.es\/mruizg\/wp-json\/wp\/v2\/pages\/584","targetHints":{"allow":["GET"]}}],"collection":[{"href":"https:\/\/blogs.ugr.es\/mruizg\/wp-json\/wp\/v2\/pages"}],"about":[{"href":"https:\/\/blogs.ugr.es\/mruizg\/wp-json\/wp\/v2\/types\/page"}],"author":[{"embeddable":true,"href":"https:\/\/blogs.ugr.es\/mruizg\/wp-json\/wp\/v2\/users\/16"}],"replies":[{"embeddable":true,"href":"https:\/\/blogs.ugr.es\/mruizg\/wp-json\/wp\/v2\/comments?post=584"}],"version-history":[{"count":4,"href":"https:\/\/blogs.ugr.es\/mruizg\/wp-json\/wp\/v2\/pages\/584\/revisions"}],"predecessor-version":[{"id":1175,"href":"https:\/\/blogs.ugr.es\/mruizg\/wp-json\/wp\/v2\/pages\/584\/revisions\/1175"}],"up":[{"embeddable":true,"href":"https:\/\/blogs.ugr.es\/mruizg\/wp-json\/wp\/v2\/pages\/136"}],"wp:attachment":[{"href":"https:\/\/blogs.ugr.es\/mruizg\/wp-json\/wp\/v2\/media?parent=584"}],"wp:term":[{"taxonomy":"category","embeddable":true,"href":"https:\/\/blogs.ugr.es\/mruizg\/wp-json\/wp\/v2\/categories?post=584"},{"taxonomy":"post_tag","embeddable":true,"href":"https:\/\/blogs.ugr.es\/mruizg\/wp-json\/wp\/v2\/tags?post=584"}],"curies":[{"name":"wp","href":"https:\/\/api.w.org\/{rel}","templated":true}]}}