{"id":592,"date":"2019-04-18T14:33:47","date_gmt":"2019-04-18T12:33:47","guid":{"rendered":"https:\/\/blogs.ugr.es\/mruizg\/?page_id=592"},"modified":"2024-02-02T17:00:21","modified_gmt":"2024-02-02T16:00:21","slug":"actividad-editorial","status":"publish","type":"page","link":"https:\/\/blogs.ugr.es\/mruizg\/investigacion\/actividad-editorial\/","title":{"rendered":"Actividad editorial"},"content":{"rendered":"<ul>\n<li>Formo parte del comit\u00e9 editorial de la revista <a href=\"http:\/\/www.heldermann.de\/MTA\/mtacover.htm\" target=\"_blank\" rel=\"noopener noreferrer\">Minimax Theory and its Applications<\/a>, desde su fundaci\u00f3n en 2016. Esta publicaci\u00f3n est\u00e1 recogida en el <em>Emerging Sources Citation Index<\/em> (Web of Science) y en la <em>Reference List Journals<\/em> (Mathematical Reviews, American Mathematical Society).<\/li>\n<li>He actuado como Editor Invitado (Guest Editor) de varios n\u00fameros especiales de revistas JCR:\n<ul>\n<li><a href=\"https:\/\/www.mdpi.com\/journal\/mathematics\/special_issues\/Numerical_Methods_for_Solving_Nonlinear_Equations\" target=\"_blank\" rel=\"noopener\">Numerical Methods for Solving Nonlinear Equations<\/a>, en <em>Mathematics, <\/em>2023<em>.<\/em><\/li>\n<li><a href=\"https:\/\/www.frontiersin.org\/research-topics\/17100\/on-the-human-in-human-artificial-intelligence-interaction#articles\" target=\"_blank\" rel=\"noopener\">On the \u201cHuman\u201d in Human-Artificial Intelligence Interaction<\/a>, en <em>Frontiers in Psychology<\/em>, 2021.<\/li>\n<li><a href=\"https:\/\/link.springer.com\/journal\/11081\/volumes-and-issues\/22-4\" target=\"_blank\" rel=\"noopener\">Optimization methods in inverse problems and applications to science and engineering<\/a>, en <em>Optimization and Engineering,<\/em> 2021.<\/li>\n<li><a href=\"https:\/\/www.hindawi.com\/journals\/mpe\/si\/623731\/\" target=\"_blank\" rel=\"noopener noreferrer\">Inverse Problems: Theory and Applications to Science and Engineering 2015<\/a>, en <em>Mathematical Problems in Engineering, <\/em>2015.<\/li>\n<li><a href=\"https:\/\/www.hindawi.com\/journals\/mpe\/si\/956971\/page\/1\/\" target=\"_blank\" rel=\"noopener noreferrer\">Inverse Problems: Theory and Applications to Science and Engineering<\/a>, en <em>Mathematical Problems in Engineering, <\/em>2014.<\/li>\n<li><a href=\"https:\/\/www.hindawi.com\/journals\/jfs\/si\/714613\/\" target=\"_blank\" rel=\"noopener noreferrer\">Some Recent Developments in Applied Functional Analysis<\/a>, en <em>Journal of Function Spaces,<\/em> 2013.<\/li>\n<\/ul>\n<\/li>\n<li>Soy <a href=\"https:\/\/mathscinet.ams.org\/mathscinet\/search\/publications.html?pg1=RVRI&amp;pg3=authreviews&amp;s1=637178&amp;sort=Newest&amp;vfpref=html&amp;r=1\" target=\"_blank\" rel=\"noopener noreferrer\">revisor cient\u00edfico de MathSciNet<\/a> (Mathematical Reviews) de American Mathematical Society, desde 2010.<\/li>\n<li>Dessarrollo una labor regular de evaluaci\u00f3n de art\u00edculos para revistas cient\u00edficas tales como Journal of Mathematical Analysis and Applications, Journal of Global Optimization, Journal of Convex Analysis, Numerical Algorithms, SIAM Journal on Optimization o Communications in Nonlinear Science and Numerical Simulation.<\/li>\n<\/ul>\n","protected":false},"excerpt":{"rendered":"<p>Formo parte del comit\u00e9 editorial de la revista Minimax Theory and its Applications, desde su fundaci\u00f3n en 2016. Esta publicaci\u00f3n est\u00e1 recogida en el Emerging Sources Citation Index (Web of Science) y en la Reference List Journals (Mathematical Reviews, American Mathematical Society). He actuado como Editor Invitado (Guest Editor) de varios n\u00fameros especiales de revistas [&hellip;]<\/p>\n","protected":false},"author":16,"featured_media":0,"parent":136,"menu_order":0,"comment_status":"closed","ping_status":"closed","template":"","meta":{"_genesis_hide_title":false,"_genesis_hide_breadcrumbs":false,"_genesis_hide_singular_image":false,"_genesis_hide_footer_widgets":false,"_genesis_custom_body_class":"","_genesis_custom_post_class":"","_genesis_layout":"","footnotes":""},"categories":[],"tags":[],"class_list":{"0":"post-592","1":"page","2":"type-page","3":"status-publish","5":"entry"},"_links":{"self":[{"href":"https:\/\/blogs.ugr.es\/mruizg\/wp-json\/wp\/v2\/pages\/592","targetHints":{"allow":["GET"]}}],"collection":[{"href":"https:\/\/blogs.ugr.es\/mruizg\/wp-json\/wp\/v2\/pages"}],"about":[{"href":"https:\/\/blogs.ugr.es\/mruizg\/wp-json\/wp\/v2\/types\/page"}],"author":[{"embeddable":true,"href":"https:\/\/blogs.ugr.es\/mruizg\/wp-json\/wp\/v2\/users\/16"}],"replies":[{"embeddable":true,"href":"https:\/\/blogs.ugr.es\/mruizg\/wp-json\/wp\/v2\/comments?post=592"}],"version-history":[{"count":4,"href":"https:\/\/blogs.ugr.es\/mruizg\/wp-json\/wp\/v2\/pages\/592\/revisions"}],"predecessor-version":[{"id":1264,"href":"https:\/\/blogs.ugr.es\/mruizg\/wp-json\/wp\/v2\/pages\/592\/revisions\/1264"}],"up":[{"embeddable":true,"href":"https:\/\/blogs.ugr.es\/mruizg\/wp-json\/wp\/v2\/pages\/136"}],"wp:attachment":[{"href":"https:\/\/blogs.ugr.es\/mruizg\/wp-json\/wp\/v2\/media?parent=592"}],"wp:term":[{"taxonomy":"category","embeddable":true,"href":"https:\/\/blogs.ugr.es\/mruizg\/wp-json\/wp\/v2\/categories?post=592"},{"taxonomy":"post_tag","embeddable":true,"href":"https:\/\/blogs.ugr.es\/mruizg\/wp-json\/wp\/v2\/tags?post=592"}],"curies":[{"name":"wp","href":"https:\/\/api.w.org\/{rel}","templated":true}]}}