{"id":605,"date":"2019-04-20T13:07:07","date_gmt":"2019-04-20T11:07:07","guid":{"rendered":"https:\/\/blogs.ugr.es\/mruizg\/?page_id=605"},"modified":"2019-05-27T09:01:32","modified_gmt":"2019-05-27T07:01:32","slug":"proyectos","status":"publish","type":"page","link":"https:\/\/blogs.ugr.es\/mruizg\/docencia\/proyectos\/","title":{"rendered":"Proyectos"},"content":{"rendered":"<p>He participado de forma continuada en proyectos de innovaci\u00f3n docente en los que se ha abordado la ense\u00f1anza de las matem\u00e1ticas en titulaciones distintas a la de la Licenciatura o Grado en Matem\u00e1ticas, la adaptaci\u00f3n al Espacio Europeo de Educaci\u00f3n Superior, la orientaci\u00f3n, ayuda y mentorizaci\u00f3n de estudiantes de primer curso y la internacionalizaci\u00f3n de la docencia.<\/p>\n","protected":false},"excerpt":{"rendered":"<p>He participado de forma continuada en proyectos de innovaci\u00f3n docente en los que se ha abordado la ense\u00f1anza de las matem\u00e1ticas en titulaciones distintas a la de la Licenciatura o Grado en Matem\u00e1ticas, la adaptaci\u00f3n al Espacio Europeo de Educaci\u00f3n Superior, la orientaci\u00f3n, ayuda y mentorizaci\u00f3n de estudiantes de primer curso y la internacionalizaci\u00f3n de [&hellip;]<\/p>\n","protected":false},"author":16,"featured_media":0,"parent":140,"menu_order":0,"comment_status":"closed","ping_status":"closed","template":"","meta":{"_genesis_hide_title":false,"_genesis_hide_breadcrumbs":false,"_genesis_hide_singular_image":false,"_genesis_hide_footer_widgets":false,"_genesis_custom_body_class":"","_genesis_custom_post_class":"","_genesis_layout":"","footnotes":""},"categories":[],"tags":[],"class_list":{"0":"post-605","1":"page","2":"type-page","3":"status-publish","5":"entry"},"_links":{"self":[{"href":"https:\/\/blogs.ugr.es\/mruizg\/wp-json\/wp\/v2\/pages\/605","targetHints":{"allow":["GET"]}}],"collection":[{"href":"https:\/\/blogs.ugr.es\/mruizg\/wp-json\/wp\/v2\/pages"}],"about":[{"href":"https:\/\/blogs.ugr.es\/mruizg\/wp-json\/wp\/v2\/types\/page"}],"author":[{"embeddable":true,"href":"https:\/\/blogs.ugr.es\/mruizg\/wp-json\/wp\/v2\/users\/16"}],"replies":[{"embeddable":true,"href":"https:\/\/blogs.ugr.es\/mruizg\/wp-json\/wp\/v2\/comments?post=605"}],"version-history":[{"count":3,"href":"https:\/\/blogs.ugr.es\/mruizg\/wp-json\/wp\/v2\/pages\/605\/revisions"}],"predecessor-version":[{"id":645,"href":"https:\/\/blogs.ugr.es\/mruizg\/wp-json\/wp\/v2\/pages\/605\/revisions\/645"}],"up":[{"embeddable":true,"href":"https:\/\/blogs.ugr.es\/mruizg\/wp-json\/wp\/v2\/pages\/140"}],"wp:attachment":[{"href":"https:\/\/blogs.ugr.es\/mruizg\/wp-json\/wp\/v2\/media?parent=605"}],"wp:term":[{"taxonomy":"category","embeddable":true,"href":"https:\/\/blogs.ugr.es\/mruizg\/wp-json\/wp\/v2\/categories?post=605"},{"taxonomy":"post_tag","embeddable":true,"href":"https:\/\/blogs.ugr.es\/mruizg\/wp-json\/wp\/v2\/tags?post=605"}],"curies":[{"name":"wp","href":"https:\/\/api.w.org\/{rel}","templated":true}]}}