{"id":758,"date":"2021-04-25T11:26:20","date_gmt":"2021-04-25T09:26:20","guid":{"rendered":"https:\/\/blogs.ugr.es\/mruizg\/?page_id=758"},"modified":"2023-08-20T22:06:05","modified_gmt":"2023-08-20T20:06:05","slug":"experiencia-docente","status":"publish","type":"page","link":"https:\/\/blogs.ugr.es\/mruizg\/docencia\/experiencia-docente\/","title":{"rendered":"Experiencia docente"},"content":{"rendered":"<p>Desarrollo mi labor docente en el Departamento de Matem\u00e1tica Aplicada de la Universidad de Granada. Mi bagaje docente cubre titulaciones de car\u00e1cter muy variado, como los grados en Arquitectura, Edificaci\u00f3n, Ingenier\u00eda Civil o Ingenier\u00eda Inform\u00e1tica y Matem\u00e1ticas o los m\u00e1steres en Ingenier\u00eda de Caminos, Canales y Puertos y en\u00a0 Rehabilitaci\u00f3n Arquitect\u00f3nica. Adem\u00e1s, formo parte como profesor del Programa de Doctorado en Matem\u00e1ticas de la Universidad de Granada y he dirigido las siguientes tesis doctorales:<\/p>\n<ul>\n<li>T\u00edtulo: Teoremas tipo Hahn-Banach y optimizaci\u00f3n no lineal.<br \/>\nDoctorando: P. Montiel L\u00f3pez.<br \/>\nDirector: M. Ruiz Gal\u00e1n.<br \/>\nPrograma de doctorado: Matem\u00e1ticas, Universidad de Granada.<br \/>\nFecha de defensa y calificaci\u00f3n: 2017, sobresaliente cum laude, menci\u00f3n de doctorado internacional.<\/li>\n<li>T\u00edtulo: Resoluci\u00f3n num\u00e9rica de ecuaciones integrales e integro-diferenciales de Fredholm.<br \/>\nDoctoranda: M.V. Fern\u00e1ndez Mu\u00f1oz.<br \/>\nDirectores: A.I. Garralda Guillem, M. Ruiz Gal\u00e1n.<br \/>\nPrograma de doctorado: Matem\u00e1ticas, Universidad de Granada.<br \/>\nFecha de defensa y calificaci\u00f3n: 2015, sobresaliente cum laude, menci\u00f3n de doctorado europeo.<\/li>\n<li>T\u00edtulo: Soluci\u00f3n num\u00e9rica de ecuaciones lineales mediante bases de Schauder.<br \/>\nDoctorando: A.F. Palomares Bautista.<br \/>\nDirectores: M. Pasadas Fern\u00e1ndez, V. Ram\u00edrez Gonz\u00e1lez, M. Ruiz Gal\u00e1n.<br \/>\nPrograma de doctorado: Matem\u00e1ticas, Universidad de Granada.<br \/>\nFecha de defensa y calificaci\u00f3n: 2003, sobresaliente cum laude.<\/li>\n<\/ul>\n","protected":false},"excerpt":{"rendered":"<p>Desarrollo mi labor docente en el Departamento de Matem\u00e1tica Aplicada de la Universidad de Granada. Mi bagaje docente cubre titulaciones de car\u00e1cter muy variado, como los grados en Arquitectura, Edificaci\u00f3n, Ingenier\u00eda Civil o Ingenier\u00eda Inform\u00e1tica y Matem\u00e1ticas o los m\u00e1steres en Ingenier\u00eda de Caminos, Canales y Puertos y en\u00a0 Rehabilitaci\u00f3n Arquitect\u00f3nica. Adem\u00e1s, formo parte como [&hellip;]<\/p>\n","protected":false},"author":16,"featured_media":0,"parent":140,"menu_order":0,"comment_status":"closed","ping_status":"closed","template":"","meta":{"_genesis_hide_title":false,"_genesis_hide_breadcrumbs":false,"_genesis_hide_singular_image":false,"_genesis_hide_footer_widgets":false,"_genesis_custom_body_class":"","_genesis_custom_post_class":"","_genesis_layout":"","footnotes":""},"categories":[],"tags":[],"class_list":{"0":"post-758","1":"page","2":"type-page","3":"status-publish","5":"entry"},"_links":{"self":[{"href":"https:\/\/blogs.ugr.es\/mruizg\/wp-json\/wp\/v2\/pages\/758","targetHints":{"allow":["GET"]}}],"collection":[{"href":"https:\/\/blogs.ugr.es\/mruizg\/wp-json\/wp\/v2\/pages"}],"about":[{"href":"https:\/\/blogs.ugr.es\/mruizg\/wp-json\/wp\/v2\/types\/page"}],"author":[{"embeddable":true,"href":"https:\/\/blogs.ugr.es\/mruizg\/wp-json\/wp\/v2\/users\/16"}],"replies":[{"embeddable":true,"href":"https:\/\/blogs.ugr.es\/mruizg\/wp-json\/wp\/v2\/comments?post=758"}],"version-history":[{"count":4,"href":"https:\/\/blogs.ugr.es\/mruizg\/wp-json\/wp\/v2\/pages\/758\/revisions"}],"predecessor-version":[{"id":1116,"href":"https:\/\/blogs.ugr.es\/mruizg\/wp-json\/wp\/v2\/pages\/758\/revisions\/1116"}],"up":[{"embeddable":true,"href":"https:\/\/blogs.ugr.es\/mruizg\/wp-json\/wp\/v2\/pages\/140"}],"wp:attachment":[{"href":"https:\/\/blogs.ugr.es\/mruizg\/wp-json\/wp\/v2\/media?parent=758"}],"wp:term":[{"taxonomy":"category","embeddable":true,"href":"https:\/\/blogs.ugr.es\/mruizg\/wp-json\/wp\/v2\/categories?post=758"},{"taxonomy":"post_tag","embeddable":true,"href":"https:\/\/blogs.ugr.es\/mruizg\/wp-json\/wp\/v2\/tags?post=758"}],"curies":[{"name":"wp","href":"https:\/\/api.w.org\/{rel}","templated":true}]}}