{"id":798,"date":"2021-06-18T10:58:54","date_gmt":"2021-06-18T08:58:54","guid":{"rendered":"https:\/\/blogs.ugr.es\/mruizg\/inicio-english\/"},"modified":"2023-07-02T09:12:54","modified_gmt":"2023-07-02T07:12:54","slug":"en","status":"publish","type":"page","link":"https:\/\/blogs.ugr.es\/mruizg\/en\/","title":{"rendered":"Home"},"content":{"rendered":"<p><span class=\"Y2IQFc\" lang=\"en\">I welcome you to this website, where you will find information about my teaching and research work.<\/span><\/p>\n<p>&nbsp;<\/p>\n<p style=\"text-align: left;padding-left: 80px\"><img loading=\"lazy\" decoding=\"async\" class=\"alignright wp-image-434 size-thumbnail\" src=\"https:\/\/blogs.ugr.es\/mruizg\/wp-content\/uploads\/sites\/13\/2018\/12\/foto-manolo-150x150.jpg\" alt=\"Fotograf\u00eda de Manuel Ruiz Gal\u00e1n\" width=\"150\" height=\"150\" srcset=\"https:\/\/blogs.ugr.es\/mruizg\/wp-content\/uploads\/sites\/13\/2018\/12\/foto-manolo-150x150.jpg 150w, https:\/\/blogs.ugr.es\/mruizg\/wp-content\/uploads\/sites\/13\/2018\/12\/foto-manolo-100x100.jpg 100w\" sizes=\"auto, (max-width: 150px) 100vw, 150px\" \/> Manuel Ruiz Gal\u00e1n<\/p>\n<p style=\"padding-left: 80px\">Department of Applied Mathematics<\/p>\n<p style=\"padding-left: 80px\">E.T.S. de Ingenier\u00eda de Edificaci\u00f3n, office No. 27<\/p>\n<p style=\"padding-left: 80px\">University of Granada<\/p>\n<p style=\"padding-left: 80px\">E-mail: <a href=\"mai&#108;&#116;&#111;&#x3a;&#x6d;&#x72;&#x75;&#x69;&#x7a;g&#64;u&#103;&#114;&#46;&#101;&#x73;\">&#x6d;&#x72;&#x75;&#x69;&#x7a;&#x67;&#64;&#117;&#103;&#114;&#46;es<\/a><\/p>\n","protected":false},"excerpt":{"rendered":"<p>I welcome you to this website, where you will find information about my teaching and research work. &nbsp; Manuel Ruiz Gal\u00e1n Department of Applied Mathematics E.T.S. de Ingenier\u00eda de Edificaci\u00f3n, office No. 27 University of Granada E-mail: &#x6d;r&#x75;&#105;&#x7a;&#103;&#64;&#x75;&#103;&#x72;&#46;e&#x73;<\/p>\n","protected":false},"author":16,"featured_media":0,"parent":0,"menu_order":0,"comment_status":"closed","ping_status":"closed","template":"","meta":{"_genesis_hide_title":false,"_genesis_hide_breadcrumbs":false,"_genesis_hide_singular_image":false,"_genesis_hide_footer_widgets":false,"_genesis_custom_body_class":"","_genesis_custom_post_class":"","_genesis_layout":"","footnotes":""},"categories":[],"tags":[],"class_list":{"0":"post-798","1":"page","2":"type-page","3":"status-publish","5":"entry"},"_links":{"self":[{"href":"https:\/\/blogs.ugr.es\/mruizg\/wp-json\/wp\/v2\/pages\/798","targetHints":{"allow":["GET"]}}],"collection":[{"href":"https:\/\/blogs.ugr.es\/mruizg\/wp-json\/wp\/v2\/pages"}],"about":[{"href":"https:\/\/blogs.ugr.es\/mruizg\/wp-json\/wp\/v2\/types\/page"}],"author":[{"embeddable":true,"href":"https:\/\/blogs.ugr.es\/mruizg\/wp-json\/wp\/v2\/users\/16"}],"replies":[{"embeddable":true,"href":"https:\/\/blogs.ugr.es\/mruizg\/wp-json\/wp\/v2\/comments?post=798"}],"version-history":[{"count":4,"href":"https:\/\/blogs.ugr.es\/mruizg\/wp-json\/wp\/v2\/pages\/798\/revisions"}],"predecessor-version":[{"id":1009,"href":"https:\/\/blogs.ugr.es\/mruizg\/wp-json\/wp\/v2\/pages\/798\/revisions\/1009"}],"wp:attachment":[{"href":"https:\/\/blogs.ugr.es\/mruizg\/wp-json\/wp\/v2\/media?parent=798"}],"wp:term":[{"taxonomy":"category","embeddable":true,"href":"https:\/\/blogs.ugr.es\/mruizg\/wp-json\/wp\/v2\/categories?post=798"},{"taxonomy":"post_tag","embeddable":true,"href":"https:\/\/blogs.ugr.es\/mruizg\/wp-json\/wp\/v2\/tags?post=798"}],"curies":[{"name":"wp","href":"https:\/\/api.w.org\/{rel}","templated":true}]}}